{"id":9916,"date":"2018-06-18T21:19:27","date_gmt":"2018-06-18T19:19:27","guid":{"rendered":"http:\/\/culturesconnection.com\/?page_id=9916"},"modified":"2022-06-14T22:50:06","modified_gmt":"2022-06-14T20:50:06","slug":"servicos-de-traducao-em-chines","status":"publish","type":"page","link":"https:\/\/culturesconnection.com\/pt-br\/servicos-de-traducao-em-chines\/","title":{"rendered":"Nossos Servi\u00e7os de Tradu\u00e7\u00e3o em Chin\u00eas"},"content":{"rendered":"\n<h2 class=\"wp-block-heading\">Nossos servi\u00e7os de tradu\u00e7\u00e3o profissional em chin\u00eas<\/h2>\n\n\n\n<p>Com o segundo maior PIB do mundo e uma movimenta\u00e7\u00e3o de em m\u00e9dia 20 bilh\u00f5es de euros por ano, o mercado chin\u00eas \u00e9 sem d\u00favida uma \u00e1rea comercial atraente que oferece possibilidades de grande investimento para seus neg\u00f3cios. Mas antes de sair para conquistar a China, \u00e9 importante conhecer sua cultura empresarial e traduzir seus documentos em chin\u00eas.<\/p>\n\n\n\n<p>Somente um tradutor de chin\u00eas qualificado pode precisamente processar as sutilezas desta l\u00edngua famosa por sua complexidade. Cultures Connection gerencia muitos projetos de tradu\u00e7\u00e3o em chin\u00eas (mandarim ou canton\u00eas) em setores t\u00e3o variados como a aeron\u00e1utica, agroind\u00fastria, agricultura, qu\u00edmica, produtos farmac\u00eauticos, cosm\u00e9ticos entre outros.<\/p>\n\n\n\n<h2 class=\"wp-block-heading\">Est\u00e1 procurando um tradutor de chin\u00eas?<\/h2>\n\n\n\n<p>Voc\u00ea precisa de um tradutor de chin\u00eas-portugu\u00eas ou portugu\u00eas-chin\u00eas? <a href=\"https:\/\/culturesconnection.com\/pt-br\/\">Cultures Connection<\/a> oferece <a href=\"https:\/\/culturesconnection.com\/pt-br\/servicos-de-traducao\/\">servi\u00e7os de tradu\u00e7\u00e3o<\/a> feito por especialistas competentes, confi\u00e1veis, e apaixonados por seu of\u00edcio. Nossos tradutores profissionais integram nossa equipe ap\u00f3s rigorosa sele\u00e7\u00e3o em tradu\u00e7\u00e3o e conhecimentos lingu\u00edsticos.<\/p>\n\n\n\n<p>Nossa ag\u00eancia disp\u00f5e de tradutores cuja especialidade est\u00e1 em conex\u00e3o com a natureza do seu projeto. Por exemplo, se voc\u00ea precisar de uma tradu\u00e7\u00e3o t\u00e9cnica em chin\u00eas, Cultures Connection a confiar\u00e1 a um profissional com um hist\u00f3rico comprovado nesta \u00e1rea. Todos nossos tradutores de l\u00edngua chinesa s\u00e3o graduados e contam com ao menos cinco anos de experi\u00eancia profissional comprovada na \u00e1rea. Em conformidade com as normas europeias em vigor, eles trabalham apenas em sua <a href=\"https:\/\/culturesconnection.com\/pt-br\/tradutor-profissional\/\">l\u00edngua&nbsp;nativa<\/a>.<\/p>\n\n\n\n<h2 class=\"wp-block-heading\">Todos nossos servi\u00e7os de tradu\u00e7\u00e3o em chin\u00eas<\/h2>\n\n\n\n<ul class=\"wp-block-list\"><li><a href=\"https:\/\/culturesconnection.com\/pt-br\/servicos-de-traducao-financeira-chinesa\/\">Servi\u00e7os de tradu\u00e7\u00e3o financeira em chin\u00eas<\/a><\/li><li><a href=\"https:\/\/culturesconnection.com\/pt-br\/servicos-de-traducao-negocios-em-chines\/\">Servi\u00e7os de tradu\u00e7\u00e3o de neg\u00f3cios em chin\u00eas<\/a><\/li><li><a href=\"https:\/\/culturesconnection.com\/pt-br\/servicos-de-traducao-cientifica-chinesa\/\">Servi\u00e7os de tradu\u00e7\u00e3o cient\u00edfica em chin\u00eas<\/a><\/li><li><a href=\"https:\/\/culturesconnection.com\/pt-br\/servicos-de-traducao-de-medicina-em-chines\/\">Servi\u00e7os de tradu\u00e7\u00e3o de m\u00e9dica em chin\u00eas<\/a><\/li><li><a href=\"https:\/\/culturesconnection.com\/pt-br\/servicos-de-traducao-tecnica-em-chines\/\">Servi\u00e7os de tradu\u00e7\u00e3o t\u00e9cnica em chin\u00eas<\/a><\/li><li><a href=\"https:\/\/culturesconnection.com\/pt-br\/servicos-de-traducao-juridica-em-chines\/\">Servi\u00e7os de tradu\u00e7\u00e3o jur\u00eddica em chin\u00eas<\/a><\/li><li><a href=\"https:\/\/culturesconnection.com\/pt-br\/servicos-de-traducao-de-marketing-em-chines\/\">Servi\u00e7os de tradu\u00e7\u00e3o de marketing em chin\u00eas<\/a><\/li><li><a href=\"https:\/\/culturesconnection.com\/pt-br\/servicos-de-traducao-de-site-chines\/\">Servi\u00e7os de tradu\u00e7\u00e3o de site em chin\u00eas<\/a><\/li><li><a href=\"https:\/\/culturesconnection.com\/pt-br\/servicos-de-legendagem-em-chines\/\">Servi\u00e7os de legendagem em chin\u00eas<\/a><\/li><li><a href=\"https:\/\/culturesconnection.com\/pt-br\/servicos-de-traducao-de-video-game-em-chines\/\">Servi\u00e7os de tradu\u00e7\u00e3o de v\u00eddeo games em chin\u00eas<\/a><\/li><\/ul>\n","protected":false},"excerpt":{"rendered":"<p>Nossos servi\u00e7os de tradu\u00e7\u00e3o profissional em chin\u00eas Com o segundo maior PIB do mundo e uma movimenta\u00e7\u00e3o de em m\u00e9dia 20 bilh\u00f5es de euros por [&#8230;]<\/p>\n<p><a class=\"btn btn-secondary understrap-read-more-link\" href=\"https:\/\/culturesconnection.com\/pt-br\/servicos-de-traducao-em-chines\/\">Leia mais&#8230;<span class=\"screen-reader-text\"> from Nossos Servi\u00e7os de Tradu\u00e7\u00e3o em Chin\u00eas<\/span><\/a><\/p>\n","protected":false},"author":22,"featured_media":23257,"parent":0,"menu_order":0,"comment_status":"closed","ping_status":"closed","template":"","meta":{"_acf_changed":false,"_editorskit_title_hidden":false,"_editorskit_reading_time":0,"_editorskit_is_block_options_detached":false,"_editorskit_block_options_position":"{}","footnotes":""},"class_list":["post-9916","page","type-page","status-publish","has-post-thumbnail","hentry"],"acf":[],"yoast_head":"<!-- This site is optimized with the Yoast SEO Premium plugin v23.4 (Yoast SEO v27.3) - https:\/\/yoast.com\/product\/yoast-seo-premium-wordpress\/ -->\n<title>Servi\u00e7os de tradu\u00e7\u00e3o em chin\u00eas<\/title>\n<meta name=\"description\" content=\"Servi\u00e7os de tradu\u00e7\u00e3o de documentos e websites de e para o chin\u00eas. Tradu\u00e7\u00e3o chin\u00eas-portugu\u00eas e portugu\u00eas-chin\u00eas. Or\u00e7amento gratuito.\" \/>\n<meta name=\"robots\" content=\"index, follow, max-snippet:-1, max-image-preview:large, max-video-preview:-1\" \/>\n<link rel=\"canonical\" href=\"https:\/\/culturesconnection.com\/pt-br\/servicos-de-traducao-em-chines\/\" \/>\n<meta property=\"og:locale\" content=\"pt_BR\" \/>\n<meta property=\"og:type\" content=\"article\" \/>\n<meta property=\"og:title\" content=\"Nossos Servi\u00e7os de Tradu\u00e7\u00e3o em Chin\u00eas\" \/>\n<meta property=\"og:description\" content=\"Servi\u00e7os de tradu\u00e7\u00e3o de documentos e websites de e para o chin\u00eas. Tradu\u00e7\u00e3o chin\u00eas-portugu\u00eas e portugu\u00eas-chin\u00eas. Or\u00e7amento gratuito.\" \/>\n<meta property=\"og:url\" content=\"https:\/\/culturesconnection.com\/pt-br\/servicos-de-traducao-em-chines\/\" \/>\n<meta property=\"og:site_name\" content=\"Cultures Connection\" \/>\n<meta property=\"article:publisher\" content=\"https:\/\/www.facebook.com\/CulturesConnection\" \/>\n<meta property=\"article:modified_time\" content=\"2022-06-14T20:50:06+00:00\" \/>\n<meta property=\"og:image\" content=\"https:\/\/culturesconnection.com\/wp-content\/uploads\/2020\/09\/P\u00e4gina_Servicios_de_traducci\u00f3n_por_idioma.png\" \/>\n\t<meta property=\"og:image:width\" content=\"1417\" \/>\n\t<meta property=\"og:image:height\" content=\"561\" \/>\n\t<meta property=\"og:image:type\" content=\"image\/png\" \/>\n<meta name=\"twitter:card\" content=\"summary_large_image\" \/>\n<meta name=\"twitter:site\" content=\"@CulturesCo_\" \/>\n<meta name=\"twitter:label1\" content=\"Est. tempo de leitura\" \/>\n\t<meta name=\"twitter:data1\" content=\"2 minutos\" \/>\n<script type=\"application\/ld+json\" class=\"yoast-schema-graph\">{\"@context\":\"https:\\\/\\\/schema.org\",\"@graph\":[{\"@type\":\"WebPage\",\"@id\":\"https:\\\/\\\/culturesconnection.com\\\/pt-br\\\/servicos-de-traducao-em-chines\\\/\",\"url\":\"https:\\\/\\\/culturesconnection.com\\\/pt-br\\\/servicos-de-traducao-em-chines\\\/\",\"name\":\"Servi\u00e7os de tradu\u00e7\u00e3o em chin\u00eas\",\"isPartOf\":{\"@id\":\"https:\\\/\\\/culturesconnection.com\\\/fr\\\/#website\"},\"primaryImageOfPage\":{\"@id\":\"https:\\\/\\\/culturesconnection.com\\\/pt-br\\\/servicos-de-traducao-em-chines\\\/#primaryimage\"},\"image\":{\"@id\":\"https:\\\/\\\/culturesconnection.com\\\/pt-br\\\/servicos-de-traducao-em-chines\\\/#primaryimage\"},\"thumbnailUrl\":\"https:\\\/\\\/culturesconnection.com\\\/wp-content\\\/uploads\\\/2020\\\/09\\\/P\u00e4gina_Servicios_de_traducci\u00f3n_por_idioma.png\",\"datePublished\":\"2018-06-18T19:19:27+00:00\",\"dateModified\":\"2022-06-14T20:50:06+00:00\",\"description\":\"Servi\u00e7os de tradu\u00e7\u00e3o de documentos e websites de e para o chin\u00eas. Tradu\u00e7\u00e3o chin\u00eas-portugu\u00eas e portugu\u00eas-chin\u00eas. Or\u00e7amento gratuito.\",\"breadcrumb\":{\"@id\":\"https:\\\/\\\/culturesconnection.com\\\/pt-br\\\/servicos-de-traducao-em-chines\\\/#breadcrumb\"},\"inLanguage\":\"pt-BR\",\"potentialAction\":[{\"@type\":\"ReadAction\",\"target\":[\"https:\\\/\\\/culturesconnection.com\\\/pt-br\\\/servicos-de-traducao-em-chines\\\/\"]}]},{\"@type\":\"ImageObject\",\"inLanguage\":\"pt-BR\",\"@id\":\"https:\\\/\\\/culturesconnection.com\\\/pt-br\\\/servicos-de-traducao-em-chines\\\/#primaryimage\",\"url\":\"https:\\\/\\\/culturesconnection.com\\\/wp-content\\\/uploads\\\/2020\\\/09\\\/P\u00e4gina_Servicios_de_traducci\u00f3n_por_idioma.png\",\"contentUrl\":\"https:\\\/\\\/culturesconnection.com\\\/wp-content\\\/uploads\\\/2020\\\/09\\\/P\u00e4gina_Servicios_de_traducci\u00f3n_por_idioma.png\",\"width\":1417,\"height\":561},{\"@type\":\"BreadcrumbList\",\"@id\":\"https:\\\/\\\/culturesconnection.com\\\/pt-br\\\/servicos-de-traducao-em-chines\\\/#breadcrumb\",\"itemListElement\":[{\"@type\":\"ListItem\",\"position\":1,\"name\":\"Home\",\"item\":\"https:\\\/\\\/culturesconnection.com\\\/pt-br\\\/\"},{\"@type\":\"ListItem\",\"position\":2,\"name\":\"Nossos Servi\u00e7os de Tradu\u00e7\u00e3o em Chin\u00eas\"}]},{\"@type\":\"WebSite\",\"@id\":\"https:\\\/\\\/culturesconnection.com\\\/fr\\\/#website\",\"url\":\"https:\\\/\\\/culturesconnection.com\\\/fr\\\/\",\"name\":\"Cultures Connection\",\"description\":\"Cultures Connection is a translation agency dedicated to the success of its international clients.\",\"publisher\":{\"@id\":\"https:\\\/\\\/culturesconnection.com\\\/fr\\\/#organization\"},\"potentialAction\":[{\"@type\":\"SearchAction\",\"target\":{\"@type\":\"EntryPoint\",\"urlTemplate\":\"https:\\\/\\\/culturesconnection.com\\\/fr\\\/?s={search_term_string}\"},\"query-input\":{\"@type\":\"PropertyValueSpecification\",\"valueRequired\":true,\"valueName\":\"search_term_string\"}}],\"inLanguage\":\"pt-BR\"},{\"@type\":\"Organization\",\"@id\":\"https:\\\/\\\/culturesconnection.com\\\/fr\\\/#organization\",\"name\":\"Cultures Connection\",\"url\":\"https:\\\/\\\/culturesconnection.com\\\/fr\\\/\",\"logo\":{\"@type\":\"ImageObject\",\"inLanguage\":\"pt-BR\",\"@id\":\"https:\\\/\\\/culturesconnection.com\\\/fr\\\/#\\\/schema\\\/logo\\\/image\\\/\",\"url\":\"https:\\\/\\\/culturesconnection.com\\\/wp-content\\\/uploads\\\/2022\\\/06\\\/cropped-favicon512x512.png\",\"contentUrl\":\"https:\\\/\\\/culturesconnection.com\\\/wp-content\\\/uploads\\\/2022\\\/06\\\/cropped-favicon512x512.png\",\"width\":512,\"height\":512,\"caption\":\"Cultures Connection\"},\"image\":{\"@id\":\"https:\\\/\\\/culturesconnection.com\\\/fr\\\/#\\\/schema\\\/logo\\\/image\\\/\"},\"sameAs\":[\"https:\\\/\\\/www.facebook.com\\\/CulturesConnection\",\"https:\\\/\\\/x.com\\\/CulturesCo_\"]}]}<\/script>\n<!-- \/ Yoast SEO Premium plugin. -->","yoast_head_json":{"title":"Servi\u00e7os de tradu\u00e7\u00e3o em chin\u00eas","description":"Servi\u00e7os de tradu\u00e7\u00e3o de documentos e websites de e para o chin\u00eas. Tradu\u00e7\u00e3o chin\u00eas-portugu\u00eas e portugu\u00eas-chin\u00eas. Or\u00e7amento gratuito.","robots":{"index":"index","follow":"follow","max-snippet":"max-snippet:-1","max-image-preview":"max-image-preview:large","max-video-preview":"max-video-preview:-1"},"canonical":"https:\/\/culturesconnection.com\/pt-br\/servicos-de-traducao-em-chines\/","og_locale":"pt_BR","og_type":"article","og_title":"Nossos Servi\u00e7os de Tradu\u00e7\u00e3o em Chin\u00eas","og_description":"Servi\u00e7os de tradu\u00e7\u00e3o de documentos e websites de e para o chin\u00eas. Tradu\u00e7\u00e3o chin\u00eas-portugu\u00eas e portugu\u00eas-chin\u00eas. Or\u00e7amento gratuito.","og_url":"https:\/\/culturesconnection.com\/pt-br\/servicos-de-traducao-em-chines\/","og_site_name":"Cultures Connection","article_publisher":"https:\/\/www.facebook.com\/CulturesConnection","article_modified_time":"2022-06-14T20:50:06+00:00","og_image":[{"width":1417,"height":561,"url":"https:\/\/culturesconnection.com\/wp-content\/uploads\/2020\/09\/P\u00e4gina_Servicios_de_traducci\u00f3n_por_idioma.png","type":"image\/png"}],"twitter_card":"summary_large_image","twitter_site":"@CulturesCo_","twitter_misc":{"Est. tempo de leitura":"2 minutos"},"schema":{"@context":"https:\/\/schema.org","@graph":[{"@type":"WebPage","@id":"https:\/\/culturesconnection.com\/pt-br\/servicos-de-traducao-em-chines\/","url":"https:\/\/culturesconnection.com\/pt-br\/servicos-de-traducao-em-chines\/","name":"Servi\u00e7os de tradu\u00e7\u00e3o em chin\u00eas","isPartOf":{"@id":"https:\/\/culturesconnection.com\/fr\/#website"},"primaryImageOfPage":{"@id":"https:\/\/culturesconnection.com\/pt-br\/servicos-de-traducao-em-chines\/#primaryimage"},"image":{"@id":"https:\/\/culturesconnection.com\/pt-br\/servicos-de-traducao-em-chines\/#primaryimage"},"thumbnailUrl":"https:\/\/culturesconnection.com\/wp-content\/uploads\/2020\/09\/P\u00e4gina_Servicios_de_traducci\u00f3n_por_idioma.png","datePublished":"2018-06-18T19:19:27+00:00","dateModified":"2022-06-14T20:50:06+00:00","description":"Servi\u00e7os de tradu\u00e7\u00e3o de documentos e websites de e para o chin\u00eas. Tradu\u00e7\u00e3o chin\u00eas-portugu\u00eas e portugu\u00eas-chin\u00eas. Or\u00e7amento gratuito.","breadcrumb":{"@id":"https:\/\/culturesconnection.com\/pt-br\/servicos-de-traducao-em-chines\/#breadcrumb"},"inLanguage":"pt-BR","potentialAction":[{"@type":"ReadAction","target":["https:\/\/culturesconnection.com\/pt-br\/servicos-de-traducao-em-chines\/"]}]},{"@type":"ImageObject","inLanguage":"pt-BR","@id":"https:\/\/culturesconnection.com\/pt-br\/servicos-de-traducao-em-chines\/#primaryimage","url":"https:\/\/culturesconnection.com\/wp-content\/uploads\/2020\/09\/P\u00e4gina_Servicios_de_traducci\u00f3n_por_idioma.png","contentUrl":"https:\/\/culturesconnection.com\/wp-content\/uploads\/2020\/09\/P\u00e4gina_Servicios_de_traducci\u00f3n_por_idioma.png","width":1417,"height":561},{"@type":"BreadcrumbList","@id":"https:\/\/culturesconnection.com\/pt-br\/servicos-de-traducao-em-chines\/#breadcrumb","itemListElement":[{"@type":"ListItem","position":1,"name":"Home","item":"https:\/\/culturesconnection.com\/pt-br\/"},{"@type":"ListItem","position":2,"name":"Nossos Servi\u00e7os de Tradu\u00e7\u00e3o em Chin\u00eas"}]},{"@type":"WebSite","@id":"https:\/\/culturesconnection.com\/fr\/#website","url":"https:\/\/culturesconnection.com\/fr\/","name":"Cultures Connection","description":"Cultures Connection is a translation agency dedicated to the success of its international clients.","publisher":{"@id":"https:\/\/culturesconnection.com\/fr\/#organization"},"potentialAction":[{"@type":"SearchAction","target":{"@type":"EntryPoint","urlTemplate":"https:\/\/culturesconnection.com\/fr\/?s={search_term_string}"},"query-input":{"@type":"PropertyValueSpecification","valueRequired":true,"valueName":"search_term_string"}}],"inLanguage":"pt-BR"},{"@type":"Organization","@id":"https:\/\/culturesconnection.com\/fr\/#organization","name":"Cultures Connection","url":"https:\/\/culturesconnection.com\/fr\/","logo":{"@type":"ImageObject","inLanguage":"pt-BR","@id":"https:\/\/culturesconnection.com\/fr\/#\/schema\/logo\/image\/","url":"https:\/\/culturesconnection.com\/wp-content\/uploads\/2022\/06\/cropped-favicon512x512.png","contentUrl":"https:\/\/culturesconnection.com\/wp-content\/uploads\/2022\/06\/cropped-favicon512x512.png","width":512,"height":512,"caption":"Cultures Connection"},"image":{"@id":"https:\/\/culturesconnection.com\/fr\/#\/schema\/logo\/image\/"},"sameAs":["https:\/\/www.facebook.com\/CulturesConnection","https:\/\/x.com\/CulturesCo_"]}]}},"_links":{"self":[{"href":"https:\/\/culturesconnection.com\/pt-br\/wp-json\/wp\/v2\/pages\/9916","targetHints":{"allow":["GET"]}}],"collection":[{"href":"https:\/\/culturesconnection.com\/pt-br\/wp-json\/wp\/v2\/pages"}],"about":[{"href":"https:\/\/culturesconnection.com\/pt-br\/wp-json\/wp\/v2\/types\/page"}],"author":[{"embeddable":true,"href":"https:\/\/culturesconnection.com\/pt-br\/wp-json\/wp\/v2\/users\/22"}],"replies":[{"embeddable":true,"href":"https:\/\/culturesconnection.com\/pt-br\/wp-json\/wp\/v2\/comments?post=9916"}],"version-history":[{"count":0,"href":"https:\/\/culturesconnection.com\/pt-br\/wp-json\/wp\/v2\/pages\/9916\/revisions"}],"wp:featuredmedia":[{"embeddable":true,"href":"https:\/\/culturesconnection.com\/pt-br\/wp-json\/wp\/v2\/media\/23257"}],"wp:attachment":[{"href":"https:\/\/culturesconnection.com\/pt-br\/wp-json\/wp\/v2\/media?parent=9916"}],"curies":[{"name":"wp","href":"https:\/\/api.w.org\/{rel}","templated":true}]}}