{"id":9915,"date":"2018-06-18T21:19:29","date_gmt":"2018-06-18T19:19:29","guid":{"rendered":"http:\/\/culturesconnection.com\/?page_id=9915"},"modified":"2022-06-18T20:36:37","modified_gmt":"2022-06-18T18:36:37","slug":"servicos-de-traducao-tecnica-em-chines","status":"publish","type":"page","link":"https:\/\/culturesconnection.com\/pt-br\/servicos-de-traducao-em-chines\/servicos-de-traducao-tecnica-em-chines\/","title":{"rendered":"Nossos Servi\u00e7os de Tradu\u00e7\u00e3o T\u00e9cnica em Chin\u00eas"},"content":{"rendered":"\n<h2 class=\"wp-block-heading\">Tradu\u00e7\u00e3o t\u00e9cnica portugu\u00eas-chin\u00eas: a import\u00e2ncia da terminologia<\/h2>\n\n\n\n<p>A China defitivamente \u00e9 um pa\u00eds onde vale a pena investir: segunda maior economia do planeta e segunda l\u00edngua mais falada do mundo. Se voc\u00ea deseja expandir sua empresa neste pa\u00eds de dimens\u00f5es continentais, a tradu\u00e7\u00e3o de seus documentos de e para o chin\u00eas \u00e9 definitivamente um servi\u00e7o essencial. No entanto, voc\u00ea deve encontrar um especialista multi-qualificado e isso n\u00e3o \u00e9 tarefa f\u00e1cil. \u00c9 necess\u00e1rio encontrar profissionais especializados na \u00e1rea t\u00e9cnica referenciada nos documentos em quest\u00e3o e que sejam tamb\u00e9m proficientes em suas l\u00ednguas de trabalho, portugu\u00eas e chin\u00eas.<\/p>\n\n\n\n<h2 class=\"wp-block-heading\">Voc\u00ea est\u00e1 procurando uma ag\u00eancia de tradu\u00e7\u00e3o t\u00e9cnica?<\/h2>\n\n\n\n<p>Na <a href=\"https:\/\/culturesconnection.com\/pt-br\/\">Cultures Connection<\/a>, qualidade e credibilidade s\u00e3o as palavras-chave. Ao longo dos anos, n\u00f3s estabelecemos uma ampla rede de tradutores de mais de 750 profissionais, muitos deles especializados em <a href=\"https:\/\/culturesconnection.com\/pt-br\/servicos-de-traducao-tecnica\/\">tradu\u00e7\u00e3o t\u00e9cnica<\/a> em chin\u00eas. N\u00f3s podemos propor seus&nbsp;<a href=\"https:\/\/culturesconnection.com\/pt-br\/servicos-de-traducao\/\">servi\u00e7os de tradu\u00e7\u00e3o<\/a> em diversas \u00e1reas: engenharia mec\u00e2nica, setor aeroespacial, eletr\u00f4nica, tecnologia da informa\u00e7\u00e3o, energias renov\u00e1veis entre outras. Eles possuem vasta experi\u00eancia em suas respectivas \u00e1reas de especializa\u00e7\u00e3o assim como profici\u00eancia em suas l\u00ednguas de trabalho. Al\u00e9m disso, de forma a garantir a qualidade de suas tradu\u00e7\u00f5es, nossos profissionais traduzem apenas em suas l\u00ednguas nativas.<\/p>\n\n\n\n<h2 class=\"wp-block-heading\">Tradu\u00e7\u00e3o de documentos t\u00e9cnicos em chin\u00eas<\/h2>\n\n\n\n<p>Abaixo, voc\u00ea encontrar\u00e1 alguns exemplos de documentos t\u00e9cnicos que nosso escrit\u00f3rio de tradu\u00e7\u00e3o regularmente traduz de e para o chin\u00eas:<\/p>\n\n\n\n<ul class=\"wp-block-list\"><li>Cita\u00e7\u00e3o<\/li><li>Textos de engenharia<\/li><li>Manuais para maquinaria (ou outros tipos de m\u00e1quinas)<\/li><li>Descri\u00e7\u00f5es e fichas de dados t\u00e9cnicas<\/li><li>Normas<\/li><li>Especifica\u00e7\u00f5es<\/li><li>Patentes t\u00e9cnicas<\/li><li>Manuais t\u00e9cnicos<\/li><li>Manuais de instru\u00e7\u00f5es<\/li><li>Guias do usu\u00e1rio<\/li><\/ul>\n\n\n\n<h2 class=\"wp-block-heading\">Tradu\u00e7\u00e3o t\u00e9cnica em todos os idiomas<\/h2>\n\n\n\n<ul class=\"wp-block-list\"><li><a href=\"https:\/\/culturesconnection.com\/pt-br\/servicos-de-traducao-tecnica-em-frances\/\">Tradu\u00e7\u00e3o t\u00e9cnica em franc\u00eas<\/a><\/li><li><a href=\"https:\/\/culturesconnection.com\/pt-br\/servicos-de-traducao-tecnica-em-espanhol\/\">Tradu\u00e7\u00e3o t\u00e9cnica em espanhol<\/a><\/li><li><a href=\"https:\/\/culturesconnection.com\/pt-br\/servicos-de-traducao-tecnica-alema\/\">Tradu\u00e7\u00e3o t\u00e9cnica em alem\u00e3o<\/a><\/li><li><a href=\"https:\/\/culturesconnection.com\/pt-br\/servicos-de-traducao-tecnica-arabe\/\">Tradu\u00e7\u00e3o t\u00e9cnica em \u00e1rabe<\/a><\/li><li><a href=\"https:\/\/culturesconnection.com\/pt-br\/servicos-de-traducao-tecnica-em-italiano\/\">Tradu\u00e7\u00e3o t\u00e9cnica em italiano<\/a><\/li><li><a href=\"https:\/\/culturesconnection.com\/pt-br\/servicos-de-traducao-tecnica-em-holandes\/\">Tradu\u00e7\u00e3o t\u00e9cnica em holand\u00eas<\/a><\/li><li><a href=\"https:\/\/culturesconnection.com\/pt-br\/servicos-de-traducao-tecnica-em-turco\/\">Tradu\u00e7\u00e3o t\u00e9cnica em turco<\/a><\/li><li><a href=\"https:\/\/culturesconnection.com\/pt-br\/servicos-de-traducao-tecnica-em-japones\/\">Tradu\u00e7\u00e3o t\u00e9cnica em japon\u00eas<\/a><\/li><li><a href=\"https:\/\/culturesconnection.com\/pt-br\/servicos-de-traducao-tecnica-em-russo\/\">Tradu\u00e7\u00e3o t\u00e9cnica em russo<\/a><\/li><\/ul>\n","protected":false},"excerpt":{"rendered":"<p>Tradu\u00e7\u00e3o t\u00e9cnica portugu\u00eas-chin\u00eas: a import\u00e2ncia da terminologia A China defitivamente \u00e9 um pa\u00eds onde vale a pena investir: segunda maior economia do planeta e segunda [&#8230;]<\/p>\n<p><a class=\"btn btn-secondary understrap-read-more-link\" href=\"https:\/\/culturesconnection.com\/pt-br\/servicos-de-traducao-em-chines\/servicos-de-traducao-tecnica-em-chines\/\">Leia mais&#8230;<span class=\"screen-reader-text\"> from Nossos Servi\u00e7os de Tradu\u00e7\u00e3o T\u00e9cnica em Chin\u00eas<\/span><\/a><\/p>\n","protected":false},"author":22,"featured_media":24335,"parent":9916,"menu_order":0,"comment_status":"closed","ping_status":"closed","template":"","meta":{"_acf_changed":false,"_editorskit_title_hidden":false,"_editorskit_reading_time":0,"_editorskit_is_block_options_detached":false,"_editorskit_block_options_position":"{}","footnotes":""},"class_list":["post-9915","page","type-page","status-publish","has-post-thumbnail","hentry"],"acf":[],"_links":{"self":[{"href":"https:\/\/culturesconnection.com\/pt-br\/wp-json\/wp\/v2\/pages\/9915","targetHints":{"allow":["GET"]}}],"collection":[{"href":"https:\/\/culturesconnection.com\/pt-br\/wp-json\/wp\/v2\/pages"}],"about":[{"href":"https:\/\/culturesconnection.com\/pt-br\/wp-json\/wp\/v2\/types\/page"}],"author":[{"embeddable":true,"href":"https:\/\/culturesconnection.com\/pt-br\/wp-json\/wp\/v2\/users\/22"}],"replies":[{"embeddable":true,"href":"https:\/\/culturesconnection.com\/pt-br\/wp-json\/wp\/v2\/comments?post=9915"}],"version-history":[{"count":0,"href":"https:\/\/culturesconnection.com\/pt-br\/wp-json\/wp\/v2\/pages\/9915\/revisions"}],"up":[{"embeddable":true,"href":"https:\/\/culturesconnection.com\/pt-br\/wp-json\/wp\/v2\/pages\/9916"}],"wp:featuredmedia":[{"embeddable":true,"href":"https:\/\/culturesconnection.com\/pt-br\/wp-json\/wp\/v2\/media\/24335"}],"wp:attachment":[{"href":"https:\/\/culturesconnection.com\/pt-br\/wp-json\/wp\/v2\/media?parent=9915"}],"curies":[{"name":"wp","href":"https:\/\/api.w.org\/{rel}","templated":true}]}}