{"id":9914,"date":"2018-06-18T21:17:16","date_gmt":"2018-06-18T19:17:16","guid":{"rendered":"http:\/\/culturesconnection.com\/?page_id=9914"},"modified":"2022-06-21T19:03:03","modified_gmt":"2022-06-21T17:03:03","slug":"servicos-de-legendagem-em-chines","status":"publish","type":"page","link":"https:\/\/culturesconnection.com\/pt-br\/servicos-de-traducao-em-chines\/servicos-de-legendagem-em-chines\/","title":{"rendered":"Nossos servi\u00e7os de legendagem em chin\u00eas"},"content":{"rendered":"\n<h2 class=\"wp-block-heading\">Servi\u00e7os de legendagem portugu\u00eas-chin\u00eas: sua m\u00eddia na China<\/h2>\n\n\n\n<p>Hoje em dia, o audiovisual \u00e9 um tipo de m\u00eddia intensamente presente na nossa sociedade. Passamos muito tempo na frente de telas: cinema, computador, telas de televis\u00e3o&#8230; como \u00e9 o caso com todos os outros meios de comunica\u00e7\u00e3o destinados \u00e0 leitores e ouvintes de l\u00ednguas e culturas diferentes, nossos amigos tradutores entram em cena para nos manter interconectados. Sua empresa precisa distribuir um conte\u00fado de m\u00eddia na China? Confie seu projeto a nossa <a href=\"https:\/\/culturesconnection.com\/pt-br\/\">ag\u00eancia de tradu\u00e7\u00e3o<\/a> e n\u00f3s tornaremos acess\u00edvel e compreens\u00edvel para o p\u00fablico chin\u00eas.<\/p>\n\n\n\n<h2 class=\"wp-block-heading\">Procurando uma empresa de legendagem?<\/h2>\n\n\n\n<p>Tradu\u00e7\u00e3o de linguagem audiovisual n\u00e3o \u00e9 uma tarefa f\u00e1cil. Por esta raz\u00e3o, nosso <a href=\"https:\/\/culturesconnection.com\/pt-br\/servicos-de-traducao\/\">servi\u00e7os de tradu\u00e7\u00e3o<\/a> inclui os mais qualificados profissionais chineses em legendagem. Eles t\u00eam perfeito comando do portugu\u00eas e chin\u00eas e trabalham junto a t\u00e9cnicos audiovisuais a fim de lhe proporcionar os melhores resultados. Que tipo de <a href=\"https:\/\/culturesconnection.com\/pt-br\/servicos-de-legendagem\/\">servi\u00e7os audiovisuais<\/a> voc\u00ea est\u00e1 procurando? Transcri\u00e7\u00e3o, legendagem, narra\u00e7\u00e3o? N\u00f3s nos certificamos em fornecer resultados de excel\u00eancia.<\/p>\n\n\n\n<h2 class=\"wp-block-heading\">Seus materiais audiovisuais em chin\u00eas<\/h2>\n\n\n\n<p>Que tipo de materiais voc\u00ea gostaria de traduzir? Nossos clientes nos confiam muitos tipos diferentes de conte\u00fado. Aqui est\u00e3o alguns exemplos:<\/p>\n\n\n\n<ul class=\"wp-block-list\"><li>V\u00eddeos de publicidade e comercial<\/li><li>Filmes corporativos<\/li><li>V\u00eddeos institucionais<\/li><li>Textos de \u00e1udio<\/li><li>Document\u00e1rios<\/li><li>V\u00eddeo games<\/li><\/ul>\n\n\n\n<h3 class=\"wp-block-heading\"><img decoding=\"async\" src=\"https:\/\/upload.wikimedia.org\/wikipedia\/commons\/thumb\/8\/8d\/U%2B2192.svg\/25px-U%2B2192.svg.png\" alt=\"U + 2192.svg\"> Servi\u00e7os de legendagem em todos os idiomas<\/h3>\n\n\n\n<ul class=\"wp-block-list\"><li><a href=\"https:\/\/culturesconnection.com\/pt-br\/servicos-de-legendagem-em-frances\/\">Servi\u00e7os de legendagem em franc\u00eas<\/a><\/li><li><a href=\"https:\/\/culturesconnection.com\/pt-br\/servicos-de-legendagem-em-espanhol\/\">Servi\u00e7os de legendagem em espanhol<\/a><\/li><li><a href=\"https:\/\/culturesconnection.com\/pt-br\/servicos-de-legendagem-em-alemao\/\">Servi\u00e7os de legendagem em alem\u00e3o<\/a><\/li><li><a href=\"https:\/\/culturesconnection.com\/pt-br\/servicos-de-legendagem-em-arabe\/\">Servi\u00e7os de legendagem em \u00e1rabe<\/a><\/li><li><a href=\"https:\/\/culturesconnection.com\/pt-br\/servicos-de-legendagem-em-italiano\/\">Servi\u00e7os de legendagem em italiano<\/a><\/li><li><a href=\"https:\/\/culturesconnection.com\/pt-br\/servicos-de-legendagem-em-holandes\/\">Servi\u00e7os de legendagem em holand\u00eas<\/a><\/li><li><a href=\"https:\/\/culturesconnection.com\/pt-br\/servicos-de-legendagem-em-turco\/\">Servi\u00e7os de legendagem em turco<\/a><\/li><li><a href=\"https:\/\/culturesconnection.com\/pt-br\/servicos-de-legendagem-em-japones\/\">Servi\u00e7os de legendagem em japon\u00eas<\/a><\/li><li><a href=\"https:\/\/culturesconnection.com\/pt-br\/servicos-de-legendagem-em-russo\/\">Servi\u00e7os de legendagem em russo<\/a><\/li><\/ul>\n","protected":false},"excerpt":{"rendered":"<p>Servi\u00e7os de legendagem portugu\u00eas-chin\u00eas: sua m\u00eddia na China Hoje em dia, o audiovisual \u00e9 um tipo de m\u00eddia intensamente presente na nossa sociedade. Passamos muito [&#8230;]<\/p>\n<p><a class=\"btn btn-secondary understrap-read-more-link\" href=\"https:\/\/culturesconnection.com\/pt-br\/servicos-de-traducao-em-chines\/servicos-de-legendagem-em-chines\/\">Leia mais&#8230;<span class=\"screen-reader-text\"> from Nossos servi\u00e7os de legendagem em chin\u00eas<\/span><\/a><\/p>\n","protected":false},"author":22,"featured_media":24335,"parent":9916,"menu_order":0,"comment_status":"closed","ping_status":"closed","template":"","meta":{"_acf_changed":false,"_editorskit_title_hidden":false,"_editorskit_reading_time":0,"_editorskit_is_block_options_detached":false,"_editorskit_block_options_position":"{}","footnotes":""},"class_list":["post-9914","page","type-page","status-publish","has-post-thumbnail","hentry"],"acf":[],"_links":{"self":[{"href":"https:\/\/culturesconnection.com\/pt-br\/wp-json\/wp\/v2\/pages\/9914","targetHints":{"allow":["GET"]}}],"collection":[{"href":"https:\/\/culturesconnection.com\/pt-br\/wp-json\/wp\/v2\/pages"}],"about":[{"href":"https:\/\/culturesconnection.com\/pt-br\/wp-json\/wp\/v2\/types\/page"}],"author":[{"embeddable":true,"href":"https:\/\/culturesconnection.com\/pt-br\/wp-json\/wp\/v2\/users\/22"}],"replies":[{"embeddable":true,"href":"https:\/\/culturesconnection.com\/pt-br\/wp-json\/wp\/v2\/comments?post=9914"}],"version-history":[{"count":0,"href":"https:\/\/culturesconnection.com\/pt-br\/wp-json\/wp\/v2\/pages\/9914\/revisions"}],"up":[{"embeddable":true,"href":"https:\/\/culturesconnection.com\/pt-br\/wp-json\/wp\/v2\/pages\/9916"}],"wp:featuredmedia":[{"embeddable":true,"href":"https:\/\/culturesconnection.com\/pt-br\/wp-json\/wp\/v2\/media\/24335"}],"wp:attachment":[{"href":"https:\/\/culturesconnection.com\/pt-br\/wp-json\/wp\/v2\/media?parent=9914"}],"curies":[{"name":"wp","href":"https:\/\/api.w.org\/{rel}","templated":true}]}}