{"id":9912,"date":"2018-06-18T21:19:32","date_gmt":"2018-06-18T19:19:32","guid":{"rendered":"http:\/\/culturesconnection.com\/?page_id=9912"},"modified":"2022-06-18T23:41:56","modified_gmt":"2022-06-18T21:41:56","slug":"servicos-de-traducao-de-medicina-em-chines","status":"publish","type":"page","link":"https:\/\/culturesconnection.com\/pt-br\/servicos-de-traducao-em-chines\/servicos-de-traducao-de-medicina-em-chines\/","title":{"rendered":"Nossos servi\u00e7os de tradu\u00e7\u00e3o m\u00e9dica em chin\u00eas"},"content":{"rendered":"\n<h2 class=\"wp-block-heading\">Tradu\u00e7\u00e3o m\u00e9dica portugu\u00eas-chin\u00eas: precis\u00e3o acima de tudo<\/h2>\n\n\n\n<p>Para a tradu\u00e7\u00e3o de textos m\u00e9dicos em portugu\u00eas-chin\u00eas e vice-versa a escolha de um profissional especializado \u00e9 fundamental. Somente um tradutor fluente em ambos os idiomas e que tenha pleno dom\u00ednio da terminologia em quest\u00e3o poder\u00e1 cumprir tal tarefa. Tradu\u00e7\u00f5es m\u00e9dicas de m\u00e1 qualidade podem ter consequ\u00eancias graves, em termos financeiros e de sa\u00fade p\u00fablica, e at\u00e9 mesmo colocar vidas em risco. \u00c9 essencial portanto escolher uma <a href=\"https:\/\/culturesconnection.com\/pt-br\/\">ag\u00eancia de tradu\u00e7\u00e3o<\/a> que oferece aos seus clientes <a href=\"https:\/\/culturesconnection.com\/pt-br\/servicos-de-traducao\/\">servi\u00e7os de confian\u00e7a<\/a>.<\/p>\n\n\n\n<h2 class=\"wp-block-heading\">Voc\u00ea precisa de uma ag\u00eancia de tradu\u00e7\u00e3o em medicina?<\/h2>\n\n\n\n<p>Cultures Connection confiar\u00e1 seus documentos ao especialista mais adequado ao seu projeto. Se voc\u00ea precisa de um tradutor m\u00e9dico de portugu\u00eas-chin\u00eas ou chin\u00eas-portugu\u00eas, temos uma extensa rede de tradutores especializados altamente experientes em suas \u00e1reas e em suas l\u00ednguas de trabalho. Temos especialistas em todos os campos m\u00e9dicos que trabalham com alto n\u00edvel de precis\u00e3o respeitando rigorosas normas de qualidade.<\/p>\n\n\n\n<h2 class=\"wp-block-heading\">Tradu\u00e7\u00e3o de documentos m\u00e9dicos em chin\u00eas<\/h2>\n\n\n\n<p>Voc\u00ea encontrar\u00e1 abaixo <a href=\"https:\/\/culturesconnection.com\/pt-br\/servicos-de-traducao-medica\/\">alguns exemplos de documentos e materiais<\/a> que traduzimos regularmente. Esta lista n\u00e3o \u00e9 exaustiva, mas lhe dar\u00e1 uma ideia dos tipos de projetos que voc\u00ea pode nos confiar:<\/p>\n\n\n\n<ul class=\"wp-block-list\"><li>Revistas<\/li><li>Relat\u00f3rios de confer\u00eancia<\/li><li>Publica\u00e7\u00f5es<\/li><li>Relat\u00f3rios de projeto e pesquisa<\/li><li>Resultados de estudos e relat\u00f3rios de nova pesquisa<\/li><li>Obras de interesse geral<\/li><li>Relat\u00f3rios de auditoria<\/li><li>Question\u00e1rios<\/li><li>Folhetos<\/li><li>Dosagens para novos produtos<\/li><li>Resultados de ensaios cl\u00ednicos<\/li><li>Regulamenta\u00e7\u00e3o farmac\u00eautica<\/li><li>Relat\u00f3rios m\u00e9dicos<\/li><\/ul>\n\n\n\n<h3 class=\"wp-block-heading\"><img decoding=\"async\" src=\"https:\/\/upload.wikimedia.org\/wikipedia\/commons\/thumb\/8\/8d\/U%2B2192.svg\/25px-U%2B2192.svg.png\" alt=\"U + 2192.svg\"> Tradu\u00e7\u00e3o m\u00e9dica em todos os idiomas<\/h3>\n\n\n\n<ul class=\"wp-block-list\"><li><a href=\"https:\/\/culturesconnection.com\/pt-br\/servicos-de-traducao-medica-em-frances\/\">Tradu\u00e7\u00e3o m\u00e9dica em franc\u00eas<\/a><\/li><li><a href=\"https:\/\/culturesconnection.com\/pt-br\/servicos-de-traducao-medica-em-espanhol\/\">Tradu\u00e7\u00e3o m\u00e9dica em espanhol<\/a><\/li><li><a href=\"https:\/\/culturesconnection.com\/pt-br\/servicos-de-traducao-medica-em-alemao\/\">Tradu\u00e7\u00e3o m\u00e9dica em alem\u00e3o<\/a><\/li><li><a href=\"https:\/\/culturesconnection.com\/pt-br\/servicos-de-traducao-medica-em-arabe\/\">Tradu\u00e7\u00e3o m\u00e9dica em \u00e1rabe<\/a><\/li><li><a href=\"https:\/\/culturesconnection.com\/pt-br\/servicos-de-traducao-medica-em-italiano\/\">Tradu\u00e7\u00e3o m\u00e9dica em italiano<\/a><\/li><li><a href=\"https:\/\/culturesconnection.com\/pt-br\/servicos-de-traducao-medica-em-holandes\/\">Tradu\u00e7\u00e3o m\u00e9dica em holand\u00eas<\/a><\/li><li><a href=\"https:\/\/culturesconnection.com\/pt-br\/servicos-de-traducao-medica-em-turco\/\">Tradu\u00e7\u00e3o m\u00e9dica em turco<\/a><\/li><li><a href=\"https:\/\/culturesconnection.com\/pt-br\/servicos-de-traducao-medica-em-japones\/\">Tradu\u00e7\u00e3o m\u00e9dica em japon\u00eas<\/a><\/li><li><a href=\"https:\/\/culturesconnection.com\/pt-br\/servicos-de-traducao-medica-em-russo\/\">Tradu\u00e7\u00e3o m\u00e9dica em russo<\/a><\/li><\/ul>\n","protected":false},"excerpt":{"rendered":"<p>Tradu\u00e7\u00e3o m\u00e9dica portugu\u00eas-chin\u00eas: precis\u00e3o acima de tudo Para a tradu\u00e7\u00e3o de textos m\u00e9dicos em portugu\u00eas-chin\u00eas e vice-versa a escolha de um profissional especializado \u00e9 fundamental. [&#8230;]<\/p>\n<p><a class=\"btn btn-secondary understrap-read-more-link\" href=\"https:\/\/culturesconnection.com\/pt-br\/servicos-de-traducao-em-chines\/servicos-de-traducao-de-medicina-em-chines\/\">Leia mais&#8230;<span class=\"screen-reader-text\"> from Nossos servi\u00e7os de tradu\u00e7\u00e3o m\u00e9dica em chin\u00eas<\/span><\/a><\/p>\n","protected":false},"author":22,"featured_media":24335,"parent":9916,"menu_order":0,"comment_status":"closed","ping_status":"closed","template":"","meta":{"_acf_changed":false,"_editorskit_title_hidden":false,"_editorskit_reading_time":0,"_editorskit_is_block_options_detached":false,"_editorskit_block_options_position":"{}","footnotes":""},"class_list":["post-9912","page","type-page","status-publish","has-post-thumbnail","hentry"],"acf":[],"yoast_head":"<!-- This site is optimized with the Yoast SEO Premium plugin v23.4 (Yoast SEO v27.3) - https:\/\/yoast.com\/product\/yoast-seo-premium-wordpress\/ -->\n<title>Servi\u00e7os de tradu\u00e7\u00e3o m\u00e9dica em chin\u00eas<\/title>\n<meta name=\"description\" content=\"Precisa de uma tradu\u00e7\u00e3o m\u00e9dica portugu\u00eas-chin\u00eas? Cultures Connection oferece os servi\u00e7os dos seus especialistas. Or\u00e7amento gratuito aqui.\" \/>\n<meta name=\"robots\" content=\"index, follow, max-snippet:-1, max-image-preview:large, max-video-preview:-1\" \/>\n<link rel=\"canonical\" href=\"https:\/\/culturesconnection.com\/pt-br\/servicos-de-traducao-em-chines\/servicos-de-traducao-de-medicina-em-chines\/\" \/>\n<meta property=\"og:locale\" content=\"pt_BR\" \/>\n<meta property=\"og:type\" content=\"article\" \/>\n<meta property=\"og:title\" content=\"Nossos servi\u00e7os de tradu\u00e7\u00e3o m\u00e9dica em chin\u00eas\" \/>\n<meta property=\"og:description\" content=\"Precisa de uma tradu\u00e7\u00e3o m\u00e9dica portugu\u00eas-chin\u00eas? Cultures Connection oferece os servi\u00e7os dos seus especialistas. Or\u00e7amento gratuito aqui.\" \/>\n<meta property=\"og:url\" content=\"https:\/\/culturesconnection.com\/pt-br\/servicos-de-traducao-em-chines\/servicos-de-traducao-de-medicina-em-chines\/\" \/>\n<meta property=\"og:site_name\" content=\"Cultures Connection\" \/>\n<meta property=\"article:publisher\" content=\"https:\/\/www.facebook.com\/CulturesConnection\" \/>\n<meta property=\"article:modified_time\" content=\"2022-06-18T21:41:56+00:00\" \/>\n<meta property=\"og:image\" content=\"https:\/\/culturesconnection.com\/wp-content\/uploads\/2020\/09\/P\u00e1gina_Subservicios_de_traducci\u00f3n_por_idioma.png\" \/>\n\t<meta property=\"og:image:width\" content=\"1417\" \/>\n\t<meta property=\"og:image:height\" content=\"561\" \/>\n\t<meta property=\"og:image:type\" content=\"image\/png\" \/>\n<meta name=\"twitter:card\" content=\"summary_large_image\" \/>\n<meta name=\"twitter:site\" content=\"@CulturesCo_\" \/>\n<meta name=\"twitter:label1\" content=\"Est. tempo de leitura\" \/>\n\t<meta name=\"twitter:data1\" content=\"2 minutos\" \/>\n<script type=\"application\/ld+json\" class=\"yoast-schema-graph\">{\"@context\":\"https:\\\/\\\/schema.org\",\"@graph\":[{\"@type\":\"WebPage\",\"@id\":\"https:\\\/\\\/culturesconnection.com\\\/pt-br\\\/servicos-de-traducao-em-chines\\\/servicos-de-traducao-de-medicina-em-chines\\\/\",\"url\":\"https:\\\/\\\/culturesconnection.com\\\/pt-br\\\/servicos-de-traducao-em-chines\\\/servicos-de-traducao-de-medicina-em-chines\\\/\",\"name\":\"Servi\u00e7os de tradu\u00e7\u00e3o m\u00e9dica em chin\u00eas\",\"isPartOf\":{\"@id\":\"https:\\\/\\\/culturesconnection.com\\\/fr\\\/#website\"},\"primaryImageOfPage\":{\"@id\":\"https:\\\/\\\/culturesconnection.com\\\/pt-br\\\/servicos-de-traducao-em-chines\\\/servicos-de-traducao-de-medicina-em-chines\\\/#primaryimage\"},\"image\":{\"@id\":\"https:\\\/\\\/culturesconnection.com\\\/pt-br\\\/servicos-de-traducao-em-chines\\\/servicos-de-traducao-de-medicina-em-chines\\\/#primaryimage\"},\"thumbnailUrl\":\"https:\\\/\\\/culturesconnection.com\\\/wp-content\\\/uploads\\\/2020\\\/09\\\/P\u00e1gina_Subservicios_de_traducci\u00f3n_por_idioma.png\",\"datePublished\":\"2018-06-18T19:19:32+00:00\",\"dateModified\":\"2022-06-18T21:41:56+00:00\",\"description\":\"Precisa de uma tradu\u00e7\u00e3o m\u00e9dica portugu\u00eas-chin\u00eas? Cultures Connection oferece os servi\u00e7os dos seus especialistas. Or\u00e7amento gratuito aqui.\",\"breadcrumb\":{\"@id\":\"https:\\\/\\\/culturesconnection.com\\\/pt-br\\\/servicos-de-traducao-em-chines\\\/servicos-de-traducao-de-medicina-em-chines\\\/#breadcrumb\"},\"inLanguage\":\"pt-BR\",\"potentialAction\":[{\"@type\":\"ReadAction\",\"target\":[\"https:\\\/\\\/culturesconnection.com\\\/pt-br\\\/servicos-de-traducao-em-chines\\\/servicos-de-traducao-de-medicina-em-chines\\\/\"]}]},{\"@type\":\"ImageObject\",\"inLanguage\":\"pt-BR\",\"@id\":\"https:\\\/\\\/culturesconnection.com\\\/pt-br\\\/servicos-de-traducao-em-chines\\\/servicos-de-traducao-de-medicina-em-chines\\\/#primaryimage\",\"url\":\"https:\\\/\\\/culturesconnection.com\\\/wp-content\\\/uploads\\\/2020\\\/09\\\/P\u00e1gina_Subservicios_de_traducci\u00f3n_por_idioma.png\",\"contentUrl\":\"https:\\\/\\\/culturesconnection.com\\\/wp-content\\\/uploads\\\/2020\\\/09\\\/P\u00e1gina_Subservicios_de_traducci\u00f3n_por_idioma.png\",\"width\":1417,\"height\":561},{\"@type\":\"BreadcrumbList\",\"@id\":\"https:\\\/\\\/culturesconnection.com\\\/pt-br\\\/servicos-de-traducao-em-chines\\\/servicos-de-traducao-de-medicina-em-chines\\\/#breadcrumb\",\"itemListElement\":[{\"@type\":\"ListItem\",\"position\":1,\"name\":\"Home\",\"item\":\"https:\\\/\\\/culturesconnection.com\\\/pt-br\\\/\"},{\"@type\":\"ListItem\",\"position\":2,\"name\":\"Nossos Servi\u00e7os de Tradu\u00e7\u00e3o em Chin\u00eas\",\"item\":\"https:\\\/\\\/culturesconnection.com\\\/pt-br\\\/servicos-de-traducao-em-chines\\\/\"},{\"@type\":\"ListItem\",\"position\":3,\"name\":\"Nossos servi\u00e7os de tradu\u00e7\u00e3o m\u00e9dica em chin\u00eas\"}]},{\"@type\":\"WebSite\",\"@id\":\"https:\\\/\\\/culturesconnection.com\\\/fr\\\/#website\",\"url\":\"https:\\\/\\\/culturesconnection.com\\\/fr\\\/\",\"name\":\"Cultures Connection\",\"description\":\"Cultures Connection is a translation agency dedicated to the success of its international clients.\",\"publisher\":{\"@id\":\"https:\\\/\\\/culturesconnection.com\\\/fr\\\/#organization\"},\"potentialAction\":[{\"@type\":\"SearchAction\",\"target\":{\"@type\":\"EntryPoint\",\"urlTemplate\":\"https:\\\/\\\/culturesconnection.com\\\/fr\\\/?s={search_term_string}\"},\"query-input\":{\"@type\":\"PropertyValueSpecification\",\"valueRequired\":true,\"valueName\":\"search_term_string\"}}],\"inLanguage\":\"pt-BR\"},{\"@type\":\"Organization\",\"@id\":\"https:\\\/\\\/culturesconnection.com\\\/fr\\\/#organization\",\"name\":\"Cultures Connection\",\"url\":\"https:\\\/\\\/culturesconnection.com\\\/fr\\\/\",\"logo\":{\"@type\":\"ImageObject\",\"inLanguage\":\"pt-BR\",\"@id\":\"https:\\\/\\\/culturesconnection.com\\\/fr\\\/#\\\/schema\\\/logo\\\/image\\\/\",\"url\":\"https:\\\/\\\/culturesconnection.com\\\/wp-content\\\/uploads\\\/2022\\\/06\\\/cropped-favicon512x512.png\",\"contentUrl\":\"https:\\\/\\\/culturesconnection.com\\\/wp-content\\\/uploads\\\/2022\\\/06\\\/cropped-favicon512x512.png\",\"width\":512,\"height\":512,\"caption\":\"Cultures Connection\"},\"image\":{\"@id\":\"https:\\\/\\\/culturesconnection.com\\\/fr\\\/#\\\/schema\\\/logo\\\/image\\\/\"},\"sameAs\":[\"https:\\\/\\\/www.facebook.com\\\/CulturesConnection\",\"https:\\\/\\\/x.com\\\/CulturesCo_\"]}]}<\/script>\n<!-- \/ Yoast SEO Premium plugin. -->","yoast_head_json":{"title":"Servi\u00e7os de tradu\u00e7\u00e3o m\u00e9dica em chin\u00eas","description":"Precisa de uma tradu\u00e7\u00e3o m\u00e9dica portugu\u00eas-chin\u00eas? Cultures Connection oferece os servi\u00e7os dos seus especialistas. Or\u00e7amento gratuito aqui.","robots":{"index":"index","follow":"follow","max-snippet":"max-snippet:-1","max-image-preview":"max-image-preview:large","max-video-preview":"max-video-preview:-1"},"canonical":"https:\/\/culturesconnection.com\/pt-br\/servicos-de-traducao-em-chines\/servicos-de-traducao-de-medicina-em-chines\/","og_locale":"pt_BR","og_type":"article","og_title":"Nossos servi\u00e7os de tradu\u00e7\u00e3o m\u00e9dica em chin\u00eas","og_description":"Precisa de uma tradu\u00e7\u00e3o m\u00e9dica portugu\u00eas-chin\u00eas? Cultures Connection oferece os servi\u00e7os dos seus especialistas. Or\u00e7amento gratuito aqui.","og_url":"https:\/\/culturesconnection.com\/pt-br\/servicos-de-traducao-em-chines\/servicos-de-traducao-de-medicina-em-chines\/","og_site_name":"Cultures Connection","article_publisher":"https:\/\/www.facebook.com\/CulturesConnection","article_modified_time":"2022-06-18T21:41:56+00:00","og_image":[{"width":1417,"height":561,"url":"https:\/\/culturesconnection.com\/wp-content\/uploads\/2020\/09\/P\u00e1gina_Subservicios_de_traducci\u00f3n_por_idioma.png","type":"image\/png"}],"twitter_card":"summary_large_image","twitter_site":"@CulturesCo_","twitter_misc":{"Est. tempo de leitura":"2 minutos"},"schema":{"@context":"https:\/\/schema.org","@graph":[{"@type":"WebPage","@id":"https:\/\/culturesconnection.com\/pt-br\/servicos-de-traducao-em-chines\/servicos-de-traducao-de-medicina-em-chines\/","url":"https:\/\/culturesconnection.com\/pt-br\/servicos-de-traducao-em-chines\/servicos-de-traducao-de-medicina-em-chines\/","name":"Servi\u00e7os de tradu\u00e7\u00e3o m\u00e9dica em chin\u00eas","isPartOf":{"@id":"https:\/\/culturesconnection.com\/fr\/#website"},"primaryImageOfPage":{"@id":"https:\/\/culturesconnection.com\/pt-br\/servicos-de-traducao-em-chines\/servicos-de-traducao-de-medicina-em-chines\/#primaryimage"},"image":{"@id":"https:\/\/culturesconnection.com\/pt-br\/servicos-de-traducao-em-chines\/servicos-de-traducao-de-medicina-em-chines\/#primaryimage"},"thumbnailUrl":"https:\/\/culturesconnection.com\/wp-content\/uploads\/2020\/09\/P\u00e1gina_Subservicios_de_traducci\u00f3n_por_idioma.png","datePublished":"2018-06-18T19:19:32+00:00","dateModified":"2022-06-18T21:41:56+00:00","description":"Precisa de uma tradu\u00e7\u00e3o m\u00e9dica portugu\u00eas-chin\u00eas? Cultures Connection oferece os servi\u00e7os dos seus especialistas. Or\u00e7amento gratuito aqui.","breadcrumb":{"@id":"https:\/\/culturesconnection.com\/pt-br\/servicos-de-traducao-em-chines\/servicos-de-traducao-de-medicina-em-chines\/#breadcrumb"},"inLanguage":"pt-BR","potentialAction":[{"@type":"ReadAction","target":["https:\/\/culturesconnection.com\/pt-br\/servicos-de-traducao-em-chines\/servicos-de-traducao-de-medicina-em-chines\/"]}]},{"@type":"ImageObject","inLanguage":"pt-BR","@id":"https:\/\/culturesconnection.com\/pt-br\/servicos-de-traducao-em-chines\/servicos-de-traducao-de-medicina-em-chines\/#primaryimage","url":"https:\/\/culturesconnection.com\/wp-content\/uploads\/2020\/09\/P\u00e1gina_Subservicios_de_traducci\u00f3n_por_idioma.png","contentUrl":"https:\/\/culturesconnection.com\/wp-content\/uploads\/2020\/09\/P\u00e1gina_Subservicios_de_traducci\u00f3n_por_idioma.png","width":1417,"height":561},{"@type":"BreadcrumbList","@id":"https:\/\/culturesconnection.com\/pt-br\/servicos-de-traducao-em-chines\/servicos-de-traducao-de-medicina-em-chines\/#breadcrumb","itemListElement":[{"@type":"ListItem","position":1,"name":"Home","item":"https:\/\/culturesconnection.com\/pt-br\/"},{"@type":"ListItem","position":2,"name":"Nossos Servi\u00e7os de Tradu\u00e7\u00e3o em Chin\u00eas","item":"https:\/\/culturesconnection.com\/pt-br\/servicos-de-traducao-em-chines\/"},{"@type":"ListItem","position":3,"name":"Nossos servi\u00e7os de tradu\u00e7\u00e3o m\u00e9dica em chin\u00eas"}]},{"@type":"WebSite","@id":"https:\/\/culturesconnection.com\/fr\/#website","url":"https:\/\/culturesconnection.com\/fr\/","name":"Cultures Connection","description":"Cultures Connection is a translation agency dedicated to the success of its international clients.","publisher":{"@id":"https:\/\/culturesconnection.com\/fr\/#organization"},"potentialAction":[{"@type":"SearchAction","target":{"@type":"EntryPoint","urlTemplate":"https:\/\/culturesconnection.com\/fr\/?s={search_term_string}"},"query-input":{"@type":"PropertyValueSpecification","valueRequired":true,"valueName":"search_term_string"}}],"inLanguage":"pt-BR"},{"@type":"Organization","@id":"https:\/\/culturesconnection.com\/fr\/#organization","name":"Cultures Connection","url":"https:\/\/culturesconnection.com\/fr\/","logo":{"@type":"ImageObject","inLanguage":"pt-BR","@id":"https:\/\/culturesconnection.com\/fr\/#\/schema\/logo\/image\/","url":"https:\/\/culturesconnection.com\/wp-content\/uploads\/2022\/06\/cropped-favicon512x512.png","contentUrl":"https:\/\/culturesconnection.com\/wp-content\/uploads\/2022\/06\/cropped-favicon512x512.png","width":512,"height":512,"caption":"Cultures Connection"},"image":{"@id":"https:\/\/culturesconnection.com\/fr\/#\/schema\/logo\/image\/"},"sameAs":["https:\/\/www.facebook.com\/CulturesConnection","https:\/\/x.com\/CulturesCo_"]}]}},"_links":{"self":[{"href":"https:\/\/culturesconnection.com\/pt-br\/wp-json\/wp\/v2\/pages\/9912","targetHints":{"allow":["GET"]}}],"collection":[{"href":"https:\/\/culturesconnection.com\/pt-br\/wp-json\/wp\/v2\/pages"}],"about":[{"href":"https:\/\/culturesconnection.com\/pt-br\/wp-json\/wp\/v2\/types\/page"}],"author":[{"embeddable":true,"href":"https:\/\/culturesconnection.com\/pt-br\/wp-json\/wp\/v2\/users\/22"}],"replies":[{"embeddable":true,"href":"https:\/\/culturesconnection.com\/pt-br\/wp-json\/wp\/v2\/comments?post=9912"}],"version-history":[{"count":0,"href":"https:\/\/culturesconnection.com\/pt-br\/wp-json\/wp\/v2\/pages\/9912\/revisions"}],"up":[{"embeddable":true,"href":"https:\/\/culturesconnection.com\/pt-br\/wp-json\/wp\/v2\/pages\/9916"}],"wp:featuredmedia":[{"embeddable":true,"href":"https:\/\/culturesconnection.com\/pt-br\/wp-json\/wp\/v2\/media\/24335"}],"wp:attachment":[{"href":"https:\/\/culturesconnection.com\/pt-br\/wp-json\/wp\/v2\/media?parent=9912"}],"curies":[{"name":"wp","href":"https:\/\/api.w.org\/{rel}","templated":true}]}}