{"id":9910,"date":"2018-06-18T21:19:35","date_gmt":"2018-06-18T19:19:35","guid":{"rendered":"http:\/\/culturesconnection.com\/?page_id=9910"},"modified":"2022-06-19T03:48:27","modified_gmt":"2022-06-19T01:48:27","slug":"servicos-de-traducao-juridica-em-chines","status":"publish","type":"page","link":"https:\/\/culturesconnection.com\/pt-br\/servicos-de-traducao-em-chines\/servicos-de-traducao-juridica-em-chines\/","title":{"rendered":"Nossos servi\u00e7os de tradu\u00e7\u00e3o jur\u00eddica em chin\u00eas"},"content":{"rendered":"\n<h2 class=\"wp-block-heading\">Profissionais de tradu\u00e7\u00e3o jur\u00eddica portugu\u00eas-chines ao seu servi\u00e7o<\/h2>\n\n\n\n<p>Tradu\u00e7\u00e3o jur\u00eddica chinesa \u00e9 uma tarefa \u00e1rdua. Requer um conhecimento profundo de conceitos jur\u00eddicos juntamente com consider\u00e1vel conhecimento da l\u00edngua. Termos legais s\u00e3o muito complexos e as equival\u00eancias entre as diferentes l\u00ednguas n\u00e3o s\u00e3o sempre poss\u00edveis. Para ajud\u00e1-lo a traduzir seus documentos jur\u00eddicos e obter um resultado de qualidade com o melhor pre\u00e7o, nossa <a href=\"https:\/\/culturesconnection.com\/pt-br\/\">empresa de tradu\u00e7\u00e3o<\/a> oferece-lhe os servi\u00e7os de nossos tradutores profissionais especialistas em tradu\u00e7\u00e3o jur\u00eddica em chin\u00eas (mandarim e canton\u00eas).<\/p>\n\n\n\n<h2 class=\"wp-block-heading\">Nossa ag\u00eancia de tradu\u00e7\u00e3o jur\u00eddica<\/h2>\n\n\n\n<p>Oferecemos a nossos clientes uma extensa rede de tradutores jur\u00eddicos em chin\u00eas. Nossos tradutores passam por crit\u00e9rios de sele\u00e7\u00e3o rigorosos e s\u00e3o regularmente avaliados a fim de assegurar&nbsp;<a href=\"https:\/\/culturesconnection.com\/pt-br\/servicos-de-traducao\/\">servi\u00e7os de tradu\u00e7\u00e3o<\/a> da mais alta qualidade. Eles foram integrados a nossa equipe com experi\u00eancia e conhecimento de tradu\u00e7\u00e3o jur\u00eddica em chin\u00eas (mandarim e canton\u00eas). Eles est\u00e3o muito familiarizados com quest\u00f5es jur\u00eddicas e aplicam sua experi\u00eancia em benef\u00edcio dos nossos clientes. Sua experi\u00eancia permite-lhes realizar um trabalho com precis\u00e3o, confian\u00e7a e de qualidade inigual\u00e1vel.<\/p>\n\n\n\n<h2 class=\"wp-block-heading\">Tradu\u00e7\u00e3o de documentos jur\u00eddicos em chin\u00eas<\/h2>\n\n\n\n<p>Lidamos com muitos tipos de tradu\u00e7\u00f5es de <a href=\"https:\/\/culturesconnection.com\/pt-br\/servicos-de-traducao-juridica\/\">documentos jur\u00eddicos<\/a> em chin\u00eas. Aqui h\u00e1 alguns exemplos de documentos com que lidamos frequentemente:<\/p>\n\n\n\n<ul class=\"wp-block-list\"><li>Contratos de distribui\u00e7\u00e3o, vendas e emprego<\/li><li>Apresenta\u00e7\u00e3o de queixa<\/li><li>Procedimentos legais<\/li><li>Termos e condi\u00e7\u00f5es<\/li><li>Relat\u00f3rios de peritos<\/li><li>Regulamentos<\/li><li>Registros de heran\u00e7a<\/li><li>Pedidos de div\u00f3rcio<\/li><li>Cl\u00e1usulas de n\u00e3o concorr\u00eancia e n\u00e3o-confidencialidade<\/li><li>Cartas de inten\u00e7\u00e3o<\/li><li>Procura\u00e7\u00f5es<\/li><li>Libera\u00e7\u00e3o judicial<\/li><li>Estatutos<\/li><\/ul>\n\n\n\n<h2 class=\"wp-block-heading\">Tradu\u00e7\u00e3o jur\u00eddica em todos os idiomas<\/h2>\n\n\n\n<ul class=\"wp-block-list\"><li><a href=\"https:\/\/culturesconnection.com\/pt-br\/servicos-de-traducao-juridica-em-frances\/\">Tradu\u00e7\u00e3o jur\u00eddica em franc\u00eas<\/a><\/li><li><a href=\"https:\/\/culturesconnection.com\/pt-br\/servicos-de-traducao-juridica-em-espanhol\/\">Tradu\u00e7\u00e3o jur\u00eddica em espanhol<\/a><\/li><li><a href=\"https:\/\/culturesconnection.com\/pt-br\/servicos-de-traducao-juridica-em-alemao\/\">Tradu\u00e7\u00e3o jur\u00eddica em alem\u00e3o<\/a><\/li><li><a href=\"https:\/\/culturesconnection.com\/pt-br\/servicos-de-traducao-juridica-em-arabe\/\">Tradu\u00e7\u00e3o jur\u00eddica em \u00e1rabe<\/a><\/li><li><a href=\"https:\/\/culturesconnection.com\/pt-br\/servicos-de-traducao-juridica-em-italiano\/\">Tradu\u00e7\u00e3o jur\u00eddica em italiano<\/a><\/li><li><a href=\"https:\/\/culturesconnection.com\/pt-br\/servicos-de-traducao-juridica-em-holandes\/\">Tradu\u00e7\u00e3o jur\u00eddica em holand\u00eas<\/a><\/li><li><a href=\"https:\/\/culturesconnection.com\/pt-br\/servicos-de-traducao-juridica-em-turco\/\">Tradu\u00e7\u00e3o jur\u00eddica em turco<\/a><\/li><li><a href=\"https:\/\/culturesconnection.com\/pt-br\/servicos-de-traducao-juridica-em-japones\/\">Tradu\u00e7\u00e3o jur\u00eddica em japon\u00eas<\/a><\/li><li><a href=\"https:\/\/culturesconnection.com\/pt-br\/servicos-de-traducao-juridica-em-russo\/\">Tradu\u00e7\u00e3o jur\u00eddica em russo<\/a><\/li><\/ul>\n","protected":false},"excerpt":{"rendered":"<p>Profissionais de tradu\u00e7\u00e3o jur\u00eddica portugu\u00eas-chines ao seu servi\u00e7o Tradu\u00e7\u00e3o jur\u00eddica chinesa \u00e9 uma tarefa \u00e1rdua. Requer um conhecimento profundo de conceitos jur\u00eddicos juntamente com consider\u00e1vel [&#8230;]<\/p>\n<p><a class=\"btn btn-secondary understrap-read-more-link\" href=\"https:\/\/culturesconnection.com\/pt-br\/servicos-de-traducao-em-chines\/servicos-de-traducao-juridica-em-chines\/\">Leia mais&#8230;<span class=\"screen-reader-text\"> from Nossos servi\u00e7os de tradu\u00e7\u00e3o jur\u00eddica em chin\u00eas<\/span><\/a><\/p>\n","protected":false},"author":22,"featured_media":24335,"parent":9916,"menu_order":0,"comment_status":"closed","ping_status":"closed","template":"","meta":{"_acf_changed":false,"_editorskit_title_hidden":false,"_editorskit_reading_time":0,"_editorskit_is_block_options_detached":false,"_editorskit_block_options_position":"{}","footnotes":""},"class_list":["post-9910","page","type-page","status-publish","has-post-thumbnail","hentry"],"acf":[],"_links":{"self":[{"href":"https:\/\/culturesconnection.com\/pt-br\/wp-json\/wp\/v2\/pages\/9910","targetHints":{"allow":["GET"]}}],"collection":[{"href":"https:\/\/culturesconnection.com\/pt-br\/wp-json\/wp\/v2\/pages"}],"about":[{"href":"https:\/\/culturesconnection.com\/pt-br\/wp-json\/wp\/v2\/types\/page"}],"author":[{"embeddable":true,"href":"https:\/\/culturesconnection.com\/pt-br\/wp-json\/wp\/v2\/users\/22"}],"replies":[{"embeddable":true,"href":"https:\/\/culturesconnection.com\/pt-br\/wp-json\/wp\/v2\/comments?post=9910"}],"version-history":[{"count":0,"href":"https:\/\/culturesconnection.com\/pt-br\/wp-json\/wp\/v2\/pages\/9910\/revisions"}],"up":[{"embeddable":true,"href":"https:\/\/culturesconnection.com\/pt-br\/wp-json\/wp\/v2\/pages\/9916"}],"wp:featuredmedia":[{"embeddable":true,"href":"https:\/\/culturesconnection.com\/pt-br\/wp-json\/wp\/v2\/media\/24335"}],"wp:attachment":[{"href":"https:\/\/culturesconnection.com\/pt-br\/wp-json\/wp\/v2\/media?parent=9910"}],"curies":[{"name":"wp","href":"https:\/\/api.w.org\/{rel}","templated":true}]}}