{"id":9908,"date":"2018-06-18T21:19:38","date_gmt":"2018-06-18T19:19:38","guid":{"rendered":"http:\/\/culturesconnection.com\/?page_id=9908"},"modified":"2022-06-21T22:16:22","modified_gmt":"2022-06-21T20:16:22","slug":"servicos-de-traducao-negocios-em-chines","status":"publish","type":"page","link":"https:\/\/culturesconnection.com\/pt-br\/servicos-de-traducao-em-chines\/servicos-de-traducao-negocios-em-chines\/","title":{"rendered":"Nossos servi\u00e7os de tradu\u00e7\u00e3o de neg\u00f3cios em chin\u00eas"},"content":{"rendered":"\n<h2 class=\"wp-block-heading\">Tradu\u00e7\u00e3o empresarial portugu\u00eas-chin\u00eas \u00e9 uma tarefa dif\u00edcil<\/h2>\n\n\n\n<p>Tradu\u00e7\u00e3o comercial de e para o chin\u00eas constitui um grande desafio para qualquer empresa que pretenda expandir internacionalmente. De fato, \u00e9 essencial fornecer aos seus parceiros documentos traduzidos para o seu idioma por um tradutor especializado em tradu\u00e7\u00e3o comercial para o chin\u00eas. Estes textos de qualidade v\u00e3o refletir a seriedade da sua empresa e lhe oferecer\u00e3o maior credibilidade.Tenha em mente que as culturas empresariais variam de pa\u00eds para pa\u00eds: voc\u00ea n\u00e3o vai assinar um contrato da mesma forma em Paris ou Pequim. Uma solu\u00e7\u00e3o? Utilize uma <a href=\"https:\/\/culturesconnection.com\/pt-br\/\">empresa de tradu\u00e7\u00e3o<\/a> especializada em tradu\u00e7\u00e3o de neg\u00f3cios em chin\u00eas.<\/p>\n\n\n\n<h2 class=\"wp-block-heading\">Voc\u00ea precisa de uma ag\u00eancia de tradu\u00e7\u00e3o de neg\u00f3cios?<\/h2>\n\n\n\n<p>Escolhendo Cultures Connection para traduzir seus documentos comerciais em chin\u00eas, voc\u00ea ser\u00e1 capaz de obter resultados de qualidade com os melhores pre\u00e7os. Ao longo dos anos, constru\u00edmos uma grande rede de tradutores especializados em <a href=\"https:\/\/culturesconnection.com\/pt-br\/servicos-de-traducao\/\">servi\u00e7os de tradu\u00e7\u00e3o<\/a> comercial chinesa. Temos crit\u00e9rios rigorosos de sele\u00e7\u00e3o: focamos na forma\u00e7\u00e3o acad\u00eamica dos especialistas, sua experi\u00eancia profissional e suas compet\u00eancias no setor comercial. Eles conhecem a cultura empresarial dos pa\u00edses envolvidos e s\u00e3o altamente proficientes em portugu\u00eas e chin\u00eas. Para assegurar tradu\u00e7\u00f5es de alta qualidade, eles apenas traduzem em sua l\u00edngua nativa e respeitam os valores da nossa ag\u00eancia de tradu\u00e7\u00e3o.<\/p>\n\n\n\n<h2 class=\"wp-block-heading\">Tradu\u00e7\u00e3o de documentos de neg\u00f3cios em chin\u00eas<\/h2>\n\n\n\n<p>Deixe nosso escrit\u00f3rio de tradu\u00e7\u00e3o ajud\u00e1-lo em seus projetos de desenvolvimento internacional! Temos um hist\u00f3rico longo e comprovado no <a href=\"https:\/\/culturesconnection.com\/pt-br\/servicos-de-traducao-de-negocios\/\">campo da tradu\u00e7\u00e3o de neg\u00f3cios<\/a> chinesa. Aqui est\u00e3o alguns exemplos de documentos que nos foram confiados por nossos clientes:<\/p>\n\n\n\n<ul class=\"wp-block-list\"><li>Brochuras<\/li><li>Livretos<\/li><li>Cart\u00f5es de visita<\/li><li>Lan\u00e7amentos<\/li><li>Campanhas<\/li><li>Sites<\/li><li>Cat\u00e1logos<\/li><li>Apresenta\u00e7\u00f5es<\/li><li>Suportes publicit\u00e1rios<\/li><li>Estudos de mercado<\/li><li>Boletins de neg\u00f3cios<\/li><li>White papers<\/li><li>Publicidade<\/li><\/ul>\n\n\n\n<h3 class=\"wp-block-heading\"><img decoding=\"async\" src=\"https:\/\/upload.wikimedia.org\/wikipedia\/commons\/thumb\/8\/8d\/U%2B2192.svg\/25px-U%2B2192.svg.png\" alt=\"U + 2192.svg\"> Tradu\u00e7\u00e3o empresarial em todos os idiomas<\/h3>\n\n\n\n<ul class=\"wp-block-list\"><li><a href=\"https:\/\/culturesconnection.com\/pt-br\/servicos-de-traducao-empresarial-em-frances\/\">Tradu\u00e7\u00e3o empresarial em franc\u00eas<\/a><\/li><li><a href=\"https:\/\/culturesconnection.com\/pt-br\/servicos-de-traducao-empresarial-em-espanhol\/\">Tradu\u00e7\u00e3o empresarial em espanhol<\/a><\/li><li><a href=\"https:\/\/culturesconnection.com\/pt-br\/servicos-de-traducao-empresarial-em-alemao\/\">Tradu\u00e7\u00e3o empresarial em alem\u00e3o<\/a><\/li><li><a href=\"https:\/\/culturesconnection.com\/pt-br\/servicos-de-traducao-de-negocios-em-arabe\/\">Tradu\u00e7\u00e3o empresarial em \u00e1rabe<\/a><\/li><li><a href=\"https:\/\/culturesconnection.com\/pt-br\/servicos-de-traducao-empresarial-em-italiano\/\">Tradu\u00e7\u00e3o empresarial em italiano<\/a><\/li><li><a href=\"https:\/\/culturesconnection.com\/pt-br\/servicos-de-traducao-de-negocios-em-holandes\/\">Tradu\u00e7\u00e3o empresarial em holand\u00eas<\/a><\/li><li><a href=\"https:\/\/culturesconnection.com\/pt-br\/servicos-de-traducao-empresarial-em-turco\/\">Tradu\u00e7\u00e3o empresarial em turco<\/a><\/li><li><a href=\"https:\/\/culturesconnection.com\/pt-br\/servicos-de-traducao-empresarial-em-japones\/\">Tradu\u00e7\u00e3o empresarial em japon\u00eas<\/a><\/li><li><a href=\"https:\/\/culturesconnection.com\/pt-br\/servicos-de-traducao-empresarial-em-russo\/\">Tradu\u00e7\u00e3o empresarial em russo<\/a><\/li><\/ul>\n","protected":false},"excerpt":{"rendered":"<p>Tradu\u00e7\u00e3o empresarial portugu\u00eas-chin\u00eas \u00e9 uma tarefa dif\u00edcil Tradu\u00e7\u00e3o comercial de e para o chin\u00eas constitui um grande desafio para qualquer empresa que pretenda expandir internacionalmente. [&#8230;]<\/p>\n<p><a class=\"btn btn-secondary understrap-read-more-link\" href=\"https:\/\/culturesconnection.com\/pt-br\/servicos-de-traducao-em-chines\/servicos-de-traducao-negocios-em-chines\/\">Leia mais&#8230;<span class=\"screen-reader-text\"> from Nossos servi\u00e7os de tradu\u00e7\u00e3o de neg\u00f3cios em chin\u00eas<\/span><\/a><\/p>\n","protected":false},"author":22,"featured_media":24335,"parent":9916,"menu_order":0,"comment_status":"closed","ping_status":"closed","template":"","meta":{"_acf_changed":false,"_editorskit_title_hidden":false,"_editorskit_reading_time":0,"_editorskit_is_block_options_detached":false,"_editorskit_block_options_position":"{}","footnotes":""},"class_list":["post-9908","page","type-page","status-publish","has-post-thumbnail","hentry"],"acf":[],"_links":{"self":[{"href":"https:\/\/culturesconnection.com\/pt-br\/wp-json\/wp\/v2\/pages\/9908","targetHints":{"allow":["GET"]}}],"collection":[{"href":"https:\/\/culturesconnection.com\/pt-br\/wp-json\/wp\/v2\/pages"}],"about":[{"href":"https:\/\/culturesconnection.com\/pt-br\/wp-json\/wp\/v2\/types\/page"}],"author":[{"embeddable":true,"href":"https:\/\/culturesconnection.com\/pt-br\/wp-json\/wp\/v2\/users\/22"}],"replies":[{"embeddable":true,"href":"https:\/\/culturesconnection.com\/pt-br\/wp-json\/wp\/v2\/comments?post=9908"}],"version-history":[{"count":0,"href":"https:\/\/culturesconnection.com\/pt-br\/wp-json\/wp\/v2\/pages\/9908\/revisions"}],"up":[{"embeddable":true,"href":"https:\/\/culturesconnection.com\/pt-br\/wp-json\/wp\/v2\/pages\/9916"}],"wp:featuredmedia":[{"embeddable":true,"href":"https:\/\/culturesconnection.com\/pt-br\/wp-json\/wp\/v2\/media\/24335"}],"wp:attachment":[{"href":"https:\/\/culturesconnection.com\/pt-br\/wp-json\/wp\/v2\/media?parent=9908"}],"curies":[{"name":"wp","href":"https:\/\/api.w.org\/{rel}","templated":true}]}}