{"id":9907,"date":"2018-06-18T21:19:40","date_gmt":"2018-06-18T19:19:40","guid":{"rendered":"http:\/\/culturesconnection.com\/?page_id=9907"},"modified":"2022-06-22T18:32:59","modified_gmt":"2022-06-22T16:32:59","slug":"servicos-de-traducao-de-site-arabe","status":"publish","type":"page","link":"https:\/\/culturesconnection.com\/pt-br\/servicos-de-traducao-arabe\/servicos-de-traducao-de-site-arabe\/","title":{"rendered":"Nossos servi\u00e7os de tradu\u00e7\u00e3o de website em \u00e1rabe"},"content":{"rendered":"\n<h2 class=\"wp-block-heading\">Servi\u00e7os de tradu\u00e7\u00e3o profissional de site em \u00e1rabe<\/h2>\n\n\n\n<p>Voc\u00ea tem a ambi\u00e7\u00e3o de encontrar novos clientes de pa\u00edses de l\u00edngua \u00e1rabe? Na Arg\u00e9lia, Emirados \u00c1rabes Unidos ou Egito? Evite ter seu site traduzido apenas para o ingl\u00eas, voc\u00ea alcan\u00e7ar\u00e1 mais clientes se oferecer conte\u00fado no idioma nativo deles. A tradu\u00e7\u00e3o do seu site para o \u00e1rabe ser\u00e1, portanto, o primeiro passo para aumentar as suas vendas e internacionalizar os seus neg\u00f3cios. Esta \u00e9 uma vantagem valiosa para n\u00e3o ser negligenciada! Conte com a <a href=\"https:\/\/culturesconnection.com\/pt-br\/\">Cultures Connection<\/a>, n\u00f3s o acompanharemos no seu projeto de expans\u00e3o.<\/p>\n\n\n\n<h2 class=\"wp-block-heading\">Nossa ag\u00eancia de servi\u00e7os de tradu\u00e7\u00e3o<\/h2>\n\n\n\n<p>Se seu objetivo \u00e9 convencer os internautas de l\u00edngua \u00e1rabe a confiarem em sua empresa e comprarem seus servi\u00e7os ou produtos, voc\u00ea precisar\u00e1 encontrar um tradutor portugu\u00eas-\u00e1rabe ou \u00e1rabe-portugu\u00eas capaz de adaptar sua mensagem para a cultura de destino. Por exemplo, a cultura portuguesa e a cultura eg\u00edpcia est\u00e3o longe de ser semelhantes. Consequentemente, seu tradutor \u00e1rabe dever\u00e1 ajustar o conte\u00fado do seu site para que seu p\u00fablico possa compreender e interpretar suas inten\u00e7\u00f5es e propostas corretamente. As diferen\u00e7as culturais s\u00e3o uma fonte regular de mal-entendidos e incompreens\u00e3o que deve ser evitado a todo custo. Voc\u00ea pode nos confiar seus projetos de tradu\u00e7\u00e3o. Nossa equipe de <a href=\"https:\/\/culturesconnection.com\/pt-br\/servicos-de-traducao-de-web-site\/\">tradu\u00e7\u00e3o de sites<\/a> profissionais \u00e9 respons\u00e1vel pela realiza\u00e7\u00e3o do trabalho.<\/p>\n\n\n\n<h2 class=\"wp-block-heading\">Servi\u00e7os de tradu\u00e7\u00e3o de conte\u00fado web em \u00e1rabe<\/h2>\n\n\n\n<p>Nossa ag\u00eancia de tradu\u00e7\u00e3o lida diariamente com a tradu\u00e7\u00e3o de diferentes tipos de materiais digitais. Eis alguns <a href=\"https:\/\/culturesconnection.com\/pt-br\/servicos-de-traducao\/\">servi\u00e7os de tradu\u00e7\u00e3o<\/a> que temos realizado recentemente:<\/p>\n\n\n\n<ul class=\"wp-block-list\"><li>Conte\u00fado da Web<\/li><li>Com\u00e9rcio eletr\u00f4nico<\/li><li>Aplicativos m\u00f3veis<\/li><li>Plataformas de negocia\u00e7\u00e3o<\/li><li>Folhas de produto<\/li><\/ul>\n\n\n\n<h3 class=\"wp-block-heading\"><img decoding=\"async\" src=\"https:\/\/upload.wikimedia.org\/wikipedia\/commons\/thumb\/8\/8d\/U%2B2192.svg\/25px-U%2B2192.svg.png\" alt=\"U + 2192.svg\"> Tradu\u00e7\u00e3o de web site em todos os idiomas<\/h3>\n\n\n\n<ul class=\"wp-block-list\"><li><a href=\"https:\/\/culturesconnection.com\/pt-br\/servicos-de-traducao-de-website-em-frances\/\">Tradu\u00e7\u00e3o de website em franc\u00eas<\/a><\/li><li><a href=\"https:\/\/culturesconnection.com\/pt-br\/servicos-de-traducao-de-websites-em-espanhol\/\">Tradu\u00e7\u00e3o de website em espanhol<\/a><\/li><li><a href=\"https:\/\/culturesconnection.com\/pt-br\/servicos-de-traducao-de-websites-em-alemao\/\">Tradu\u00e7\u00e3o de website em alem\u00e3o<\/a><\/li><li><a href=\"https:\/\/culturesconnection.com\/pt-br\/servicos-de-traducao-de-site-chines\/\">Tradu\u00e7\u00e3o de website em chin\u00eas<\/a><\/li><li><a href=\"https:\/\/culturesconnection.com\/pt-br\/nossos-servicos-de-traducao-de-sites-em-ingles\/\">Tradu\u00e7\u00e3o de web site em&nbsp;ingl\u00eas<\/a><\/li><li><a href=\"https:\/\/culturesconnection.com\/pt-br\/servicos-de-traducao-de-websites-em-italiano\/\">Tradu\u00e7\u00e3o de website em italiano<\/a><\/li><li><a href=\"https:\/\/culturesconnection.com\/pt-br\/servicos-de-traducao-de-site-em-holandes\/\">Tradu\u00e7\u00e3o de website em holand\u00eas<\/a><\/li><li><a href=\"https:\/\/culturesconnection.com\/pt-br\/servicos-de-traducao-de-web-site-em-turco\/\">Tradu\u00e7\u00e3o de website em turco<\/a><\/li><li><a href=\"https:\/\/culturesconnection.com\/pt-br\/servicos-de-traducao-de-site-em-japones\/\">Tradu\u00e7\u00e3o de website em japon\u00eas<\/a><\/li><li><a href=\"https:\/\/culturesconnection.com\/pt-br\/servicos-de-traducao-de-website-em-russo\/\">Tradu\u00e7\u00e3o de website em russo<\/a><\/li><\/ul>\n","protected":false},"excerpt":{"rendered":"<p>Servi\u00e7os de tradu\u00e7\u00e3o profissional de site em \u00e1rabe Voc\u00ea tem a ambi\u00e7\u00e3o de encontrar novos clientes de pa\u00edses de l\u00edngua \u00e1rabe? Na Arg\u00e9lia, Emirados \u00c1rabes [&#8230;]<\/p>\n<p><a class=\"btn btn-secondary understrap-read-more-link\" href=\"https:\/\/culturesconnection.com\/pt-br\/servicos-de-traducao-arabe\/servicos-de-traducao-de-site-arabe\/\">Leia mais&#8230;<span class=\"screen-reader-text\"> from Nossos servi\u00e7os de tradu\u00e7\u00e3o de website em \u00e1rabe<\/span><\/a><\/p>\n","protected":false},"author":22,"featured_media":24335,"parent":9906,"menu_order":0,"comment_status":"closed","ping_status":"closed","template":"","meta":{"_acf_changed":false,"_editorskit_title_hidden":false,"_editorskit_reading_time":0,"_editorskit_is_block_options_detached":false,"_editorskit_block_options_position":"{}","footnotes":""},"class_list":["post-9907","page","type-page","status-publish","has-post-thumbnail","hentry"],"acf":[],"_links":{"self":[{"href":"https:\/\/culturesconnection.com\/pt-br\/wp-json\/wp\/v2\/pages\/9907","targetHints":{"allow":["GET"]}}],"collection":[{"href":"https:\/\/culturesconnection.com\/pt-br\/wp-json\/wp\/v2\/pages"}],"about":[{"href":"https:\/\/culturesconnection.com\/pt-br\/wp-json\/wp\/v2\/types\/page"}],"author":[{"embeddable":true,"href":"https:\/\/culturesconnection.com\/pt-br\/wp-json\/wp\/v2\/users\/22"}],"replies":[{"embeddable":true,"href":"https:\/\/culturesconnection.com\/pt-br\/wp-json\/wp\/v2\/comments?post=9907"}],"version-history":[{"count":0,"href":"https:\/\/culturesconnection.com\/pt-br\/wp-json\/wp\/v2\/pages\/9907\/revisions"}],"up":[{"embeddable":true,"href":"https:\/\/culturesconnection.com\/pt-br\/wp-json\/wp\/v2\/pages\/9906"}],"wp:featuredmedia":[{"embeddable":true,"href":"https:\/\/culturesconnection.com\/pt-br\/wp-json\/wp\/v2\/media\/24335"}],"wp:attachment":[{"href":"https:\/\/culturesconnection.com\/pt-br\/wp-json\/wp\/v2\/media?parent=9907"}],"curies":[{"name":"wp","href":"https:\/\/api.w.org\/{rel}","templated":true}]}}