{"id":9905,"date":"2018-06-18T21:19:43","date_gmt":"2018-06-18T19:19:43","guid":{"rendered":"http:\/\/culturesconnection.com\/?page_id=9905"},"modified":"2022-06-18T20:53:16","modified_gmt":"2022-06-18T18:53:16","slug":"servicos-de-traducao-tecnica-arabe","status":"publish","type":"page","link":"https:\/\/culturesconnection.com\/pt-br\/servicos-de-traducao-arabe\/servicos-de-traducao-tecnica-arabe\/","title":{"rendered":"Nossos servi\u00e7os de tradu\u00e7\u00e3o t\u00e9cnica em \u00e1rabe"},"content":{"rendered":"\n<h2 class=\"wp-block-heading\">Tradu\u00e7\u00e3o t\u00e9cnica de \u00e1rabe: terminologia \u00e9 de extrema import\u00e2ncia<\/h2>\n\n\n\n<p>Voc\u00ea trabalha numa \u00e1rea t\u00e9cnica e deseja expandir seus neg\u00f3cios em pa\u00edses de l\u00edngua \u00e1rabe? Para uma empresa nesse setor estabelecer-se internacionalmente \u00e9 fundamental a tradu\u00e7\u00e3o de seus textos. Esta \u00e1rea est\u00e1 em constante muta\u00e7\u00e3o e exige grande conhecimento e habilidades, lingu\u00edsticas e t\u00e9cnicas. Ciente dos desafios colocados por estas tradu\u00e7\u00f5es t\u00e9cnicas, Cultures Connection confia essa tarefa para os melhores especialistas do mercado. Nossos tradutores t\u00e9cnicos \u00e1rabes combinam experi\u00eancia, conhecimentos e qualifica\u00e7\u00f5es em \u00e1reas t\u00e9cnicas e cient\u00edficas relevantes. Se voc\u00ea quer manter a credibilidade da sua empresa, escolha qualidade: escolha nossa <a href=\"https:\/\/culturesconnection.com\/pt-br\/\">ag\u00eancia de tradu\u00e7\u00e3o<\/a> t\u00e9cnica!<\/p>\n\n\n\n<h2 class=\"wp-block-heading\">Nossos servi\u00e7os de tradu\u00e7\u00e3o t\u00e9cnica<\/h2>\n\n\n\n<p>Entre todos os seus <a href=\"https:\/\/culturesconnection.com\/pt-br\/servicos-de-traducao\/\">servi\u00e7os de tradu\u00e7\u00e3o<\/a>, Cultures Connection orgulha-se em fornecer a voc\u00ea tradu\u00e7\u00f5es t\u00e9cnicas de qualidade inigual\u00e1vel. Sabemos que os termos utilizados nestes tipos de textos s\u00e3o cruciais e que s\u00f3 um especialista pode atender \u00e0s suas expectativas. Gra\u00e7as a nossa extensa rede de profissionais em tradu\u00e7\u00e3o t\u00e9cnica \u00e1rabe, prometemos resultados confi\u00e1veis e r\u00e1pidos. Seja um projeto em eletr\u00f4nica, tecnologia da informa\u00e7\u00e3o, tecnologia aeroespacial ou solar, lidamos com seus documentos respeitando as normas de <a href=\"https:\/\/culturesconnection.com\/pt-br\/servicos-de-traducao-tecnica\/\">tradu\u00e7\u00e3o t\u00e9cnica<\/a>. Lembre-se que seus principais leitores ser\u00e3o especialistas e para que sua empresa mantenha sua credibilidade, a clareza e precis\u00e3o do seu documento deve ser impec\u00e1vel.<\/p>\n\n\n\n<h2 class=\"wp-block-heading\">Tradu\u00e7\u00e3o de documentos t\u00e9cnicos em \u00e1rabe<\/h2>\n\n\n\n<p>Aqui est\u00e1 uma lista n\u00e3o-exaustiva de textos t\u00e9cnicos que nosso escrit\u00f3rio de tradu\u00e7\u00e3o traduz de e para o \u00e1rabe:<\/p>\n\n\n\n<ul class=\"wp-block-list\"><li>Cita\u00e7\u00e3o<\/li><li>Textos de engenharia<\/li><li>Manuais para maquinaria (ou outros tipos de m\u00e1quinas)<\/li><li>Descri\u00e7\u00f5es e fichas t\u00e9cnicas<\/li><li>Normas<\/li><li>Especifica\u00e7\u00f5es<\/li><li>Patentes t\u00e9cnicas<\/li><li>Manuais t\u00e9cnicos<\/li><li>Manuais de instru\u00e7\u00f5es<\/li><li>Guias do usu\u00e1rio<\/li><\/ul>\n\n\n\n<h3 class=\"wp-block-heading\"><img decoding=\"async\" src=\"https:\/\/upload.wikimedia.org\/wikipedia\/commons\/thumb\/8\/8d\/U%2B2192.svg\/25px-U%2B2192.svg.png\" alt=\"U + 2192.svg\"> Tradu\u00e7\u00e3o t\u00e9cnica em todos os idiomas<\/h3>\n\n\n\n<ul class=\"wp-block-list\"><li><a href=\"https:\/\/culturesconnection.com\/pt-br\/servicos-de-traducao-tecnica-em-frances\/\">Tradu\u00e7\u00e3o t\u00e9cnica em franc\u00eas<\/a><\/li><li><a href=\"https:\/\/culturesconnection.com\/pt-br\/servicos-de-traducao-tecnica-em-espanhol\/\">Tradu\u00e7\u00e3o t\u00e9cnica em espanhol<\/a><\/li><li><a href=\"https:\/\/culturesconnection.com\/pt-br\/servicos-de-traducao-tecnica-alema\/\">Tradu\u00e7\u00e3o t\u00e9cnica em alem\u00e3o<\/a><\/li><li><a href=\"https:\/\/culturesconnection.com\/pt-br\/servicos-de-traducao-tecnica-em-chines\/\">Tradu\u00e7\u00e3o t\u00e9cnica em chin\u00eas<\/a><\/li><li><a href=\"https:\/\/culturesconnection.com\/pt-br\/servicos-de-traducao-tecnica-em-italiano\/\">Tradu\u00e7\u00e3o t\u00e9cnica em italiano<\/a><\/li><li><a href=\"https:\/\/culturesconnection.com\/pt-br\/servicos-de-traducao-tecnica-em-holandes\/\">Tradu\u00e7\u00e3o t\u00e9cnica em holand\u00eas<\/a><\/li><li><a href=\"https:\/\/culturesconnection.com\/pt-br\/servicos-de-traducao-tecnica-em-turco\/\">Tradu\u00e7\u00e3o t\u00e9cnica em turco<\/a><\/li><li><a href=\"https:\/\/culturesconnection.com\/pt-br\/servicos-de-traducao-tecnica-em-japones\/\">Tradu\u00e7\u00e3o t\u00e9cnica em japon\u00eas<\/a><\/li><li><a href=\"https:\/\/culturesconnection.com\/pt-br\/servicos-de-traducao-tecnica-em-russo\/\">Tradu\u00e7\u00e3o t\u00e9cnica em russo<\/a><\/li><\/ul>\n","protected":false},"excerpt":{"rendered":"<p>Tradu\u00e7\u00e3o t\u00e9cnica de \u00e1rabe: terminologia \u00e9 de extrema import\u00e2ncia Voc\u00ea trabalha numa \u00e1rea t\u00e9cnica e deseja expandir seus neg\u00f3cios em pa\u00edses de l\u00edngua \u00e1rabe? Para [&#8230;]<\/p>\n<p><a class=\"btn btn-secondary understrap-read-more-link\" href=\"https:\/\/culturesconnection.com\/pt-br\/servicos-de-traducao-arabe\/servicos-de-traducao-tecnica-arabe\/\">Leia mais&#8230;<span class=\"screen-reader-text\"> from Nossos servi\u00e7os de tradu\u00e7\u00e3o t\u00e9cnica em \u00e1rabe<\/span><\/a><\/p>\n","protected":false},"author":22,"featured_media":24335,"parent":9906,"menu_order":0,"comment_status":"closed","ping_status":"closed","template":"","meta":{"_acf_changed":false,"_editorskit_title_hidden":false,"_editorskit_reading_time":0,"_editorskit_is_block_options_detached":false,"_editorskit_block_options_position":"{}","footnotes":""},"class_list":["post-9905","page","type-page","status-publish","has-post-thumbnail","hentry"],"acf":[],"_links":{"self":[{"href":"https:\/\/culturesconnection.com\/pt-br\/wp-json\/wp\/v2\/pages\/9905","targetHints":{"allow":["GET"]}}],"collection":[{"href":"https:\/\/culturesconnection.com\/pt-br\/wp-json\/wp\/v2\/pages"}],"about":[{"href":"https:\/\/culturesconnection.com\/pt-br\/wp-json\/wp\/v2\/types\/page"}],"author":[{"embeddable":true,"href":"https:\/\/culturesconnection.com\/pt-br\/wp-json\/wp\/v2\/users\/22"}],"replies":[{"embeddable":true,"href":"https:\/\/culturesconnection.com\/pt-br\/wp-json\/wp\/v2\/comments?post=9905"}],"version-history":[{"count":0,"href":"https:\/\/culturesconnection.com\/pt-br\/wp-json\/wp\/v2\/pages\/9905\/revisions"}],"up":[{"embeddable":true,"href":"https:\/\/culturesconnection.com\/pt-br\/wp-json\/wp\/v2\/pages\/9906"}],"wp:featuredmedia":[{"embeddable":true,"href":"https:\/\/culturesconnection.com\/pt-br\/wp-json\/wp\/v2\/media\/24335"}],"wp:attachment":[{"href":"https:\/\/culturesconnection.com\/pt-br\/wp-json\/wp\/v2\/media?parent=9905"}],"curies":[{"name":"wp","href":"https:\/\/api.w.org\/{rel}","templated":true}]}}