{"id":9902,"date":"2018-06-18T21:19:46","date_gmt":"2018-06-18T19:19:46","guid":{"rendered":"http:\/\/culturesconnection.com\/?page_id=9902"},"modified":"2022-06-18T23:52:37","modified_gmt":"2022-06-18T21:52:37","slug":"servicos-de-traducao-medica-em-arabe","status":"publish","type":"page","link":"https:\/\/culturesconnection.com\/pt-br\/servicos-de-traducao-arabe\/servicos-de-traducao-medica-em-arabe\/","title":{"rendered":"Nossos servi\u00e7os de tradu\u00e7\u00e3o m\u00e9dica em \u00e1rabe"},"content":{"rendered":"\n<h2 class=\"wp-block-heading\">Tradu\u00e7\u00e3o m\u00e9dica do \u00e1rabe ao portugu\u00eas<\/h2>\n\n\n\n<p>A linguagem utilizada em textos m\u00e9dicos \u00e9 espec\u00edfica, precisa e t\u00e9cnica. Somente um profissional com habilidades nos idiomas envolvidos e conhecimentos cient\u00edficos e m\u00e9dicos pode lidar com a tradu\u00e7\u00e3o desse documento. Neste tipo de trabalho, o tradutor n\u00e3o s\u00f3 transcreve fielmente o conte\u00fado do texto fonte, mas tamb\u00e9m trata as informa\u00e7\u00f5es no idioma de destino seguindo uma legisla\u00e7\u00e3o rigorosa. Tradutores m\u00e9dicos n\u00e3o podem cometer nenhum erro! Sa\u00fade p\u00fablica e a credibilidade do cliente est\u00e3o em jogo.<\/p>\n\n\n\n<h2 class=\"wp-block-heading\">Voc\u00ea est\u00e1 procurando uma ag\u00eancia de tradu\u00e7\u00e3o m\u00e9dica?<\/h2>\n\n\n\n<p>Voc\u00ea precisa dos <a href=\"https:\/\/culturesconnection.com\/pt-br\/servicos-de-traducao\/\">servi\u00e7os de um tradutor<\/a> em medicina do portugu\u00eas&nbsp;ao \u00e1rabe? Ou um tradutor m\u00e9dico do \u00e1rabe ao portugu\u00eas? Na <a href=\"https:\/\/culturesconnection.com\/pt-br\/\">Cultures Connection<\/a>, o trabalho \u00e9 realizado exclusivamente pela nossa rede de profissionais de tradu\u00e7\u00e3o m\u00e9dica cujas l\u00ednguas maternas s\u00e3o \u00e1rabe ou portugu\u00eas. Nossos profissionais s\u00e3o exigentes e dominam com maestria os conceitos e a terminologia m\u00e9dica relacionada ao seu projeto. Nossa ag\u00eancia de tradu\u00e7\u00e3o tem uma s\u00f3lida experi\u00eancia nessa \u00e1rea e oferece servi\u00e7os de alta compet\u00eancia t\u00e9cnica. A qualidade realmente \u00e9 nosso valor primordial.<\/p>\n\n\n\n<h2 class=\"wp-block-heading\">Tradu\u00e7\u00e3o de documentos m\u00e9dicos em \u00e1rabe<\/h2>\n\n\n\n<p>Abaixo est\u00e3o alguns exemplos de <a href=\"https:\/\/culturesconnection.com\/pt-br\/servicos-de-traducao-medica\/\">textos m\u00e9dicos<\/a> que traduzimos frequentemente:<\/p>\n\n\n\n<ul class=\"wp-block-list\"><li>Revistas<\/li><li>Relat\u00f3rios de confer\u00eancia<\/li><li>Publica\u00e7\u00f5es<\/li><li>Relat\u00f3rios de projeto e pesquisa<\/li><li>Resultados de estudos e relat\u00f3rios de nova pesquisa<\/li><li>Obras de interesse geral<\/li><li>Relat\u00f3rios de auditoria<\/li><li>Question\u00e1rios<\/li><li>Folhetos<\/li><li>Dosagens para novos produtos<\/li><li>Resultados de ensaios cl\u00ednicos<\/li><li>Regulamenta\u00e7\u00e3o farmac\u00eautica<\/li><li>Relat\u00f3rios m\u00e9dicos<\/li><\/ul>\n\n\n\n<h3 class=\"wp-block-heading\"><img decoding=\"async\" src=\"https:\/\/upload.wikimedia.org\/wikipedia\/commons\/thumb\/8\/8d\/U%2B2192.svg\/25px-U%2B2192.svg.png\" alt=\"U + 2192.svg\"> Tradu\u00e7\u00e3o m\u00e9dica em todos os idiomas<\/h3>\n\n\n\n<ul class=\"wp-block-list\"><li><a href=\"https:\/\/culturesconnection.com\/pt-br\/servicos-de-traducao-medica-em-frances\/\">Tradu\u00e7\u00e3o m\u00e9dica em franc\u00eas<\/a><\/li><li><a href=\"https:\/\/culturesconnection.com\/pt-br\/servicos-de-traducao-medica-em-espanhol\/\">Tradu\u00e7\u00e3o m\u00e9dica em espanhol<\/a><\/li><li><a href=\"https:\/\/culturesconnection.com\/pt-br\/servicos-de-traducao-medica-em-alemao\/\">Tradu\u00e7\u00e3o m\u00e9dica em alem\u00e3o<\/a><\/li><li><a href=\"https:\/\/culturesconnection.com\/pt-br\/servicos-de-traducao-de-medicina-em-chines\/\">Tradu\u00e7\u00e3o m\u00e9dica em chin\u00eas<\/a><\/li><li><a href=\"https:\/\/culturesconnection.com\/pt-br\/servicos-de-traducao-medica-em-italiano\/\">Tradu\u00e7\u00e3o m\u00e9dica em italiano<\/a><\/li><li><a href=\"https:\/\/culturesconnection.com\/pt-br\/servicos-de-traducao-medica-em-holandes\/\">Tradu\u00e7\u00e3o m\u00e9dica em holand\u00eas<\/a><\/li><li><a href=\"https:\/\/culturesconnection.com\/pt-br\/servicos-de-traducao-medica-em-turco\/\">Tradu\u00e7\u00e3o m\u00e9dica em turco<\/a><\/li><li><a href=\"https:\/\/culturesconnection.com\/pt-br\/servicos-de-traducao-medica-em-japones\/\">Tradu\u00e7\u00e3o m\u00e9dica em japon\u00eas<\/a><\/li><li><a href=\"https:\/\/culturesconnection.com\/pt-br\/servicos-de-traducao-medica-em-russo\/\">Tradu\u00e7\u00e3o m\u00e9dica em russo<\/a><\/li><\/ul>\n","protected":false},"excerpt":{"rendered":"<p>Tradu\u00e7\u00e3o m\u00e9dica do \u00e1rabe ao portugu\u00eas A linguagem utilizada em textos m\u00e9dicos \u00e9 espec\u00edfica, precisa e t\u00e9cnica. Somente um profissional com habilidades nos idiomas envolvidos [&#8230;]<\/p>\n<p><a class=\"btn btn-secondary understrap-read-more-link\" href=\"https:\/\/culturesconnection.com\/pt-br\/servicos-de-traducao-arabe\/servicos-de-traducao-medica-em-arabe\/\">Leia mais&#8230;<span class=\"screen-reader-text\"> from Nossos servi\u00e7os de tradu\u00e7\u00e3o m\u00e9dica em \u00e1rabe<\/span><\/a><\/p>\n","protected":false},"author":22,"featured_media":24335,"parent":9906,"menu_order":0,"comment_status":"closed","ping_status":"closed","template":"","meta":{"_acf_changed":false,"_editorskit_title_hidden":false,"_editorskit_reading_time":0,"_editorskit_is_block_options_detached":false,"_editorskit_block_options_position":"{}","footnotes":""},"class_list":["post-9902","page","type-page","status-publish","has-post-thumbnail","hentry"],"acf":[],"_links":{"self":[{"href":"https:\/\/culturesconnection.com\/pt-br\/wp-json\/wp\/v2\/pages\/9902","targetHints":{"allow":["GET"]}}],"collection":[{"href":"https:\/\/culturesconnection.com\/pt-br\/wp-json\/wp\/v2\/pages"}],"about":[{"href":"https:\/\/culturesconnection.com\/pt-br\/wp-json\/wp\/v2\/types\/page"}],"author":[{"embeddable":true,"href":"https:\/\/culturesconnection.com\/pt-br\/wp-json\/wp\/v2\/users\/22"}],"replies":[{"embeddable":true,"href":"https:\/\/culturesconnection.com\/pt-br\/wp-json\/wp\/v2\/comments?post=9902"}],"version-history":[{"count":0,"href":"https:\/\/culturesconnection.com\/pt-br\/wp-json\/wp\/v2\/pages\/9902\/revisions"}],"up":[{"embeddable":true,"href":"https:\/\/culturesconnection.com\/pt-br\/wp-json\/wp\/v2\/pages\/9906"}],"wp:featuredmedia":[{"embeddable":true,"href":"https:\/\/culturesconnection.com\/pt-br\/wp-json\/wp\/v2\/media\/24335"}],"wp:attachment":[{"href":"https:\/\/culturesconnection.com\/pt-br\/wp-json\/wp\/v2\/media?parent=9902"}],"curies":[{"name":"wp","href":"https:\/\/api.w.org\/{rel}","templated":true}]}}