{"id":9901,"date":"2018-06-18T21:19:47","date_gmt":"2018-06-18T19:19:47","guid":{"rendered":"http:\/\/culturesconnection.com\/?page_id=9901"},"modified":"2022-06-22T02:22:53","modified_gmt":"2022-06-22T00:22:53","slug":"servicos-de-traducao-de-marketing-em-arabe","status":"publish","type":"page","link":"https:\/\/culturesconnection.com\/pt-br\/servicos-de-traducao-arabe\/servicos-de-traducao-de-marketing-em-arabe\/","title":{"rendered":"Nossos servi\u00e7os de tradu\u00e7\u00e3o de marketing em \u00e1rabe"},"content":{"rendered":"\n<h2 class=\"wp-block-heading\">Servi\u00e7os especializados de tradu\u00e7\u00e3o de marketing em \u00e1rabe<\/h2>\n\n\n\n<p>A tradu\u00e7\u00e3o de marketing portugu\u00eas-\u00e1rabe deve sempre ser feita por um profissional que possui n\u00e3o somente conhecimento dos conceitos e teorias de marketing mas tamb\u00e9m avan\u00e7adas compet\u00eancias lingu\u00edsticas em ambos os idiomas. Al\u00e9m disso, nosso <a href=\"https:\/\/culturesconnection.com\/pt-br\/\">escrit\u00f3rio de tradu\u00e7\u00e3o<\/a> compreende tamb\u00e9m a necessidade de trabalhar com tradutores nativos de cada pa\u00eds do mundo \u00e1rabe uma vez que as culturas de cada um deles s\u00e3o extremamente distintas. N\u00f3s selecionamos os tradutores mais adequados ao seu projeto, levando em conta sua experi\u00eancia e especializa\u00e7\u00e3o e tamb\u00e9m sua origem.<\/p>\n\n\n\n<h2 class=\"wp-block-heading\">Nossos servi\u00e7os de tradu\u00e7\u00e3o de marketing<\/h2>\n\n\n\n<p>Com anos de experi\u00eancia no setor, nossa empresa se compromete a entregar&nbsp;<a href=\"https:\/\/culturesconnection.com\/pt-br\/servicos-de-traducao\/\">servi\u00e7os de tradu\u00e7\u00e3o<\/a> de qualidade, &nbsp;adaptados a cada p\u00fablico-alvo. Por exemplo, a cultura libanesa e a cultura marroquina s\u00e3o bastante diferentes, mesmo se ambas usam o \u00e1rabe como l\u00edngua oficial. Sua mensagem tem de ser adaptada. Esta \u00e9 uma tarefa meticulosa mas que \u00e9 desenvolvida com excel\u00eancia por nossos tradutores.<\/p>\n\n\n\n<h2 class=\"wp-block-heading\">Tradu\u00e7\u00e3o de documentos de marketing em \u00e1rabe<\/h2>\n\n\n\n<p>Eis alguns tipos de <a href=\"https:\/\/culturesconnection.com\/pt-br\/servicos-de-traducao-de-marketing\/\">documentos comerciais<\/a> que traduzimos em \u00e1rabe:<\/p>\n\n\n\n<ul class=\"wp-block-list\"><li>Brochuras<\/li><li>Materiais de publicidade<\/li><li>Boletins informativos<\/li><li>Com\u00e9rcio eletr\u00f4nico<\/li><li>Folhetos<\/li><li>Campanhas de marketing<\/li><li>An\u00fancios<\/li><li>Sites<\/li><li>Slogans<\/li><li>Logotipos<\/li><li>Apresenta\u00e7\u00f5es<\/li><li>Lan\u00e7amento de produto<\/li><li>Comunicados de imprensa<\/li><li>E-livros<\/li><\/ul>\n\n\n\n<h3 class=\"wp-block-heading\"><img decoding=\"async\" src=\"https:\/\/upload.wikimedia.org\/wikipedia\/commons\/thumb\/8\/8d\/U%2B2192.svg\/25px-U%2B2192.svg.png\" alt=\"U + 2192.svg\"> Tradu\u00e7\u00e3o comercial em todos os idiomas<\/h3>\n\n\n\n<ul class=\"wp-block-list\"><li><a href=\"https:\/\/culturesconnection.com\/pt-br\/servicos-de-traducao-de-marketing-em-frances\/\">Tradu\u00e7\u00e3o de marketing em franc\u00eas<\/a><\/li><li><a href=\"https:\/\/culturesconnection.com\/pt-br\/servicos-de-traducao-de-marketing-em-espanhol\/\">Tradu\u00e7\u00e3o de marketing em espanhol<\/a><\/li><li><a href=\"https:\/\/culturesconnection.com\/pt-br\/servicos-de-traducao-de-marketing-em-alemao\/\">Tradu\u00e7\u00e3o&nbsp;de marketing em&nbsp;alem\u00e3o<\/a><\/li><li><a href=\"https:\/\/culturesconnection.com\/pt-br\/servicos-de-traducao-de-marketing-em-chines\/\">Tradu\u00e7\u00e3o de marketing em chin\u00eas<\/a><\/li><li><a href=\"https:\/\/culturesconnection.com\/pt-br\/nossos-servicos-de-traducao-de-marketing-em-ingles\/\">Tradu\u00e7\u00e3o de marketing em ingl\u00eas<\/a><\/li><li><a href=\"https:\/\/culturesconnection.com\/pt-br\/servicos-de-traducao-marketing-em-italiano\/\">Tradu\u00e7\u00e3o de marketing em italiano<\/a><\/li><li><a href=\"https:\/\/culturesconnection.com\/pt-br\/servicos-de-traducao-de-marketing-em-holandes\/\">Tradu\u00e7\u00e3o&nbsp;de marketing em holand\u00eas<\/a><\/li><li><a href=\"https:\/\/culturesconnection.com\/pt-br\/servicos-de-traducao-de-marketing-em-turco\/\">Tradu\u00e7\u00e3o de marketing em turco<\/a><\/li><li><a href=\"https:\/\/culturesconnection.com\/pt-br\/servicos-de-traducao-de-marketing-em-japones\/\">Tradu\u00e7\u00e3o de marketing em japon\u00eas<\/a><\/li><li><a href=\"https:\/\/culturesconnection.com\/pt-br\/nossos-servicos-de-traducao-de-marketing-em-russo\/\">Tradu\u00e7\u00e3o de marketing em russo<\/a><\/li><\/ul>\n","protected":false},"excerpt":{"rendered":"<p>Servi\u00e7os especializados de tradu\u00e7\u00e3o de marketing em \u00e1rabe A tradu\u00e7\u00e3o de marketing portugu\u00eas-\u00e1rabe deve sempre ser feita por um profissional que possui n\u00e3o somente conhecimento [&#8230;]<\/p>\n<p><a class=\"btn btn-secondary understrap-read-more-link\" href=\"https:\/\/culturesconnection.com\/pt-br\/servicos-de-traducao-arabe\/servicos-de-traducao-de-marketing-em-arabe\/\">Leia mais&#8230;<span class=\"screen-reader-text\"> from Nossos servi\u00e7os de tradu\u00e7\u00e3o de marketing em \u00e1rabe<\/span><\/a><\/p>\n","protected":false},"author":22,"featured_media":24335,"parent":9906,"menu_order":0,"comment_status":"closed","ping_status":"closed","template":"","meta":{"_acf_changed":false,"_editorskit_title_hidden":false,"_editorskit_reading_time":0,"_editorskit_is_block_options_detached":false,"_editorskit_block_options_position":"{}","footnotes":""},"class_list":["post-9901","page","type-page","status-publish","has-post-thumbnail","hentry"],"acf":[],"_links":{"self":[{"href":"https:\/\/culturesconnection.com\/pt-br\/wp-json\/wp\/v2\/pages\/9901","targetHints":{"allow":["GET"]}}],"collection":[{"href":"https:\/\/culturesconnection.com\/pt-br\/wp-json\/wp\/v2\/pages"}],"about":[{"href":"https:\/\/culturesconnection.com\/pt-br\/wp-json\/wp\/v2\/types\/page"}],"author":[{"embeddable":true,"href":"https:\/\/culturesconnection.com\/pt-br\/wp-json\/wp\/v2\/users\/22"}],"replies":[{"embeddable":true,"href":"https:\/\/culturesconnection.com\/pt-br\/wp-json\/wp\/v2\/comments?post=9901"}],"version-history":[{"count":0,"href":"https:\/\/culturesconnection.com\/pt-br\/wp-json\/wp\/v2\/pages\/9901\/revisions"}],"up":[{"embeddable":true,"href":"https:\/\/culturesconnection.com\/pt-br\/wp-json\/wp\/v2\/pages\/9906"}],"wp:featuredmedia":[{"embeddable":true,"href":"https:\/\/culturesconnection.com\/pt-br\/wp-json\/wp\/v2\/media\/24335"}],"wp:attachment":[{"href":"https:\/\/culturesconnection.com\/pt-br\/wp-json\/wp\/v2\/media?parent=9901"}],"curies":[{"name":"wp","href":"https:\/\/api.w.org\/{rel}","templated":true}]}}