{"id":9898,"date":"2018-06-18T21:19:51","date_gmt":"2018-06-18T19:19:51","guid":{"rendered":"http:\/\/culturesconnection.com\/?page_id=9898"},"modified":"2022-06-21T22:24:14","modified_gmt":"2022-06-21T20:24:14","slug":"servicos-de-traducao-de-negocios-em-arabe","status":"publish","type":"page","link":"https:\/\/culturesconnection.com\/pt-br\/servicos-de-traducao-arabe\/servicos-de-traducao-de-negocios-em-arabe\/","title":{"rendered":"Nossos servi\u00e7os de tradu\u00e7\u00e3o de neg\u00f3cios em \u00e1rabe"},"content":{"rendered":"\n<h2 class=\"wp-block-heading\">Tradu\u00e7\u00e3o de neg\u00f3cios do portugu\u00eas&nbsp;ao \u00e1rabe \u00e9 uma garantia de sucesso a sua expans\u00e3o internacional<\/h2>\n\n\n\n<p>Hoje em dia, o com\u00e9rcio est\u00e1 se tornando cada vez mais globalizado. Portanto, \u00e9 essencial superar as barreiras lingu\u00edsticas e garantir a comunica\u00e7\u00e3o simplificada entre pa\u00edses. Precisa enviar documentos comerciais para alguns parceiros de neg\u00f3cios \u00e1rabes? Pode confi\u00e1-los a nossos profissionais de tradu\u00e7\u00e3o de neg\u00f3cios em \u00e1rabe. A reputa\u00e7\u00e3o e a credibilidade da sua empresa est\u00e1 em jogo.<\/p>\n\n\n\n<h2 class=\"wp-block-heading\">Nossa ag\u00eancia de tradu\u00e7\u00e3o de neg\u00f3cios<\/h2>\n\n\n\n<p><a href=\"https:\/\/culturesconnection.com\/pt-br\/\">Cultures Connection<\/a> oferece os servi\u00e7os de sua extensa rede de profissionais na \u00e1rea de tradu\u00e7\u00e3o comercial para o \u00e1rabe. Todos nossos tradutores do portugu\u00eas-\u00e1rabe s\u00e3o selecionados com base em sua experi\u00eancia, qualifica\u00e7\u00f5es e compet\u00eancias. Nossos tradutores passam por uma s\u00e9rie de testes de tradu\u00e7\u00e3o a fim de avaliar suas habilidades e oferecer aos nossos clientes <a href=\"https:\/\/culturesconnection.com\/pt-br\/servicos-de-traducao\/\">servi\u00e7os de tradu\u00e7\u00e3o<\/a> de qualidade incontest\u00e1vel. A tradu\u00e7\u00e3o do seus <a href=\"https:\/\/culturesconnection.com\/pt-br\/servicos-de-traducao-de-negocios\/\">documentos de neg\u00f3cios<\/a> ir\u00e1 permitir-lhe ganhar a confian\u00e7a dos seus parceiros \u00e1rabes mais facilmente, o que \u00e9 sem d\u00favida, uma vantagem bastante consider\u00e1vel .<\/p>\n\n\n\n<h2 class=\"wp-block-heading\">Tradu\u00e7\u00e3o de documentos de neg\u00f3cios em \u00e1rabe<\/h2>\n\n\n\n<p>Nossa ag\u00eancia de tradu\u00e7\u00e3o traduz v\u00e1rios tipos de documentos de neg\u00f3cios, de e para o \u00e1rabe. Abaixo est\u00e1 uma lista de exemplos de textos que traduzimos regularmente:<\/p>\n\n\n\n<ul class=\"wp-block-list\"><li>Brochuras<\/li><li>Livretos<\/li><li>Cart\u00f5es de visita<\/li><li>Lan\u00e7amentos<\/li><li>Campanhas<\/li><li>Sites<\/li><li>Cat\u00e1logos<\/li><li>Apresenta\u00e7\u00f5es<\/li><li>Suportes publicit\u00e1rios<\/li><li>Estudos de mercado<\/li><li>Boletins de neg\u00f3cios<\/li><li>White papers<\/li><li>Publicidade<\/li><\/ul>\n\n\n\n<h3 class=\"wp-block-heading\"><img decoding=\"async\" src=\"https:\/\/upload.wikimedia.org\/wikipedia\/commons\/thumb\/8\/8d\/U%2B2192.svg\/25px-U%2B2192.svg.png\" alt=\"U + 2192.svg\"> Tradu\u00e7\u00e3o empresarial em todos os idiomas<\/h3>\n\n\n\n<ul class=\"wp-block-list\"><li><a href=\"https:\/\/culturesconnection.com\/pt-br\/servicos-de-traducao-empresarial-em-frances\/\">Tradu\u00e7\u00e3o empresarial em franc\u00eas<\/a><\/li><li><a href=\"https:\/\/culturesconnection.com\/pt-br\/servicos-de-traducao-empresarial-em-espanhol\/\">Tradu\u00e7\u00e3o empresarial em espanhol<\/a><\/li><li><a href=\"https:\/\/culturesconnection.com\/pt-br\/servicos-de-traducao-empresarial-em-alemao\/\">Tradu\u00e7\u00e3o empresarial em alem\u00e3o<\/a><\/li><li><a href=\"https:\/\/culturesconnection.com\/pt-br\/servicos-de-traducao-negocios-em-chines\/\">Tradu\u00e7\u00e3o empresarial em chin\u00eas<\/a><\/li><li><a href=\"https:\/\/culturesconnection.com\/pt-br\/servicos-de-traducao-empresarial-em-italiano\/\">Tradu\u00e7\u00e3o empresarial em italiano<\/a><\/li><li><a href=\"https:\/\/culturesconnection.com\/pt-br\/servicos-de-traducao-de-negocios-em-holandes\/\">Tradu\u00e7\u00e3o empresarial em holand\u00eas<\/a><\/li><li><a href=\"https:\/\/culturesconnection.com\/pt-br\/servicos-de-traducao-empresarial-em-turco\/\">Tradu\u00e7\u00e3o empresarial em turco<\/a><\/li><li><a href=\"https:\/\/culturesconnection.com\/pt-br\/servicos-de-traducao-empresarial-em-japones\/\">Tradu\u00e7\u00e3o empresarial em japon\u00eas<\/a><\/li><li><a href=\"https:\/\/culturesconnection.com\/pt-br\/servicos-de-traducao-empresarial-em-russo\/\">Tradu\u00e7\u00e3o empresarial em russo<\/a><\/li><\/ul>\n","protected":false},"excerpt":{"rendered":"<p>Tradu\u00e7\u00e3o de neg\u00f3cios do portugu\u00eas&nbsp;ao \u00e1rabe \u00e9 uma garantia de sucesso a sua expans\u00e3o internacional Hoje em dia, o com\u00e9rcio est\u00e1 se tornando cada vez [&#8230;]<\/p>\n<p><a class=\"btn btn-secondary understrap-read-more-link\" href=\"https:\/\/culturesconnection.com\/pt-br\/servicos-de-traducao-arabe\/servicos-de-traducao-de-negocios-em-arabe\/\">Leia mais&#8230;<span class=\"screen-reader-text\"> from Nossos servi\u00e7os de tradu\u00e7\u00e3o de neg\u00f3cios em \u00e1rabe<\/span><\/a><\/p>\n","protected":false},"author":22,"featured_media":24335,"parent":9906,"menu_order":0,"comment_status":"closed","ping_status":"closed","template":"","meta":{"_acf_changed":false,"_editorskit_title_hidden":false,"_editorskit_reading_time":0,"_editorskit_is_block_options_detached":false,"_editorskit_block_options_position":"{}","footnotes":""},"class_list":["post-9898","page","type-page","status-publish","has-post-thumbnail","hentry"],"acf":[],"_links":{"self":[{"href":"https:\/\/culturesconnection.com\/pt-br\/wp-json\/wp\/v2\/pages\/9898","targetHints":{"allow":["GET"]}}],"collection":[{"href":"https:\/\/culturesconnection.com\/pt-br\/wp-json\/wp\/v2\/pages"}],"about":[{"href":"https:\/\/culturesconnection.com\/pt-br\/wp-json\/wp\/v2\/types\/page"}],"author":[{"embeddable":true,"href":"https:\/\/culturesconnection.com\/pt-br\/wp-json\/wp\/v2\/users\/22"}],"replies":[{"embeddable":true,"href":"https:\/\/culturesconnection.com\/pt-br\/wp-json\/wp\/v2\/comments?post=9898"}],"version-history":[{"count":0,"href":"https:\/\/culturesconnection.com\/pt-br\/wp-json\/wp\/v2\/pages\/9898\/revisions"}],"up":[{"embeddable":true,"href":"https:\/\/culturesconnection.com\/pt-br\/wp-json\/wp\/v2\/pages\/9906"}],"wp:featuredmedia":[{"embeddable":true,"href":"https:\/\/culturesconnection.com\/pt-br\/wp-json\/wp\/v2\/media\/24335"}],"wp:attachment":[{"href":"https:\/\/culturesconnection.com\/pt-br\/wp-json\/wp\/v2\/media?parent=9898"}],"curies":[{"name":"wp","href":"https:\/\/api.w.org\/{rel}","templated":true}]}}