{"id":9896,"date":"2018-06-18T21:19:54","date_gmt":"2018-06-18T19:19:54","guid":{"rendered":"http:\/\/culturesconnection.com\/?page_id=9896"},"modified":"2022-06-10T20:38:25","modified_gmt":"2022-06-10T18:38:25","slug":"seo-multilingueotimizacao-de-meta-tags","status":"publish","type":"page","link":"https:\/\/culturesconnection.com\/pt-br\/seo-multilingueotimizacao-de-meta-tags\/","title":{"rendered":"SEO Multil\u00edngue | Nossa Otimiza\u00e7\u00e3o de  Metatags"},"content":{"rendered":"\n<h2 class=\"wp-block-heading\">Site multil\u00edngue, localiza\u00e7\u00e3o e otimiza\u00e7\u00e3o de tradu\u00e7\u00f5es SEO: a base do seu desenvolvimento internacional<\/h2>\n\n\n\n<p>Se voc\u00ea viu a nossa p\u00e1gina <a href=\"https:\/\/culturesconnection.com\/pt-br\/multilingue-seo-seo-traducao\/\">Tradu\u00e7\u00e3o de SEO<\/a>, voc\u00ea sabe que:<br>&#8211; apresentar seu site no idioma de seus clientes potenciais lhe favorece j\u00e1 que muitos preferem ler em sua pr\u00f3pria l\u00edngua materna.<br>&#8211; localizar&nbsp;suas tradu\u00e7\u00f5es \u2013 em outras palavras, adaptar-se \u00e0 linguagem do seu p\u00fablico-alvo \u2013 garante que voc\u00ea seja devidamente compreendido e ajuda a evitar erros lingu\u00edsticos e culturais.<br>&#8211; otimizar suas tradu\u00e7\u00f5es para motores de busca \u2013 ou seja, usando as mesmas palavras que os usu\u00e1rios usam quando pesquisando na web \u2013 melhora as chances de que seu site apare\u00e7a nos resultados do Google quando os usu\u00e1rios digitam uma pesquisa relevante.<\/p>\n\n\n\n<p>\u00c9 um grande come\u00e7o. Mas seu site ainda tem mais alguns passos a percorrer para aparecer nas primeiras p\u00e1ginas do Google. Pr\u00f3xima parada? Otimiza\u00e7\u00e3o de metatags.<\/p>\n\n\n\n<h2 class=\"wp-block-heading\">Otimizando as metatags do seu website<\/h2>\n\n\n\n<p>O Google usa uma variedade de indicadores para identificar seu site como uma resposta pertinente a uma busca. O primeiro destes indicadores \u00e9 se a sequ\u00eancia de caracteres pesquisados encontra-se no conte\u00fado do seu site. O segundo indicador \u00e9 se a pesquisa aparece na metatag do seu site.<\/p>\n\n\n\n<p>Existem v\u00e1rios tipos de metatags:<br>&#8211; O t\u00edtulo e descri\u00e7\u00e3o de metatags informa ao Google o tipo de conte\u00fado em cada uma das suas p\u00e1ginas. Essas tags s\u00e3o muito importantes, j\u00e1 que o Google tamb\u00e9m ir\u00e1 utiliz\u00e1-las ao apresentar o seu site em seus resultados de pesquisa.<\/p>\n\n\n\n<figure class=\"wp-block-image size-full is-resized\"><img loading=\"lazy\" decoding=\"async\" src=\"https:\/\/culturesconnection.com\/wp-content\/uploads\/2017\/09\/visuel-balise-1.jpg\" alt=\"\" class=\"wp-image-8914\" width=\"478\" height=\"78\" srcset=\"https:\/\/culturesconnection.com\/wp-content\/uploads\/2017\/09\/visuel-balise-1.jpg 637w, https:\/\/culturesconnection.com\/wp-content\/uploads\/2017\/09\/visuel-balise-1-300x49.jpg 300w\" sizes=\"auto, (max-width: 478px) 100vw, 478px\" \/><\/figure>\n\n\n\n<p>-Suas headers tags (h1, h2, etc.) fornecem ao seu site uma estrutura hier\u00e1rquica que informa ao Google que partes do conte\u00fado s\u00e3o mais importantes para voc\u00ea. No papel, voc\u00ea organizaria o seu conte\u00fado usando t\u00edtulos, cap\u00edtulos, legendas, sublegendas, etc. Em seu site, voc\u00ea indica o seu t\u00edtulo principal usando a tag h1, legendas com a tag h2 e assim por diante. Uma sequ\u00eancia de caracteres que aparece em uma tag h1, portanto, deve conter as palavras-chave mais importantes.<\/p>\n\n\n\n<p>-Alt tags s\u00e3o usadas para dizer ao Google o conte\u00fado das imagens do seu site.<\/p>\n\n\n\n<p>Ao&nbsp;longo do tempo e devido a altera\u00e7\u00f5es no algoritmo do Google, o impacto de cada uma dessas metatags pode mudar e perder posi\u00e7\u00f5es na indexa\u00e7\u00e3o. Incluir nas metatags as palavras identificadas como mais comumente usadas por seus clientes potenciais \u00e9 um passo essencial para dar credibilidade ao seu site aos olhos do Google e, portanto, aumentar suas chances de ser selecionado no ranking final.<\/p>\n\n\n\n<p>Os especialistas em SEO da Cultures Connection criam todas as suas metatags e as incorporam em seu site. Eles tamb\u00e9m otimizam suas URLs com base no mesmo princ\u00edpio: se elas incluem palavras-chave, \u00e9 um indicador a mais para o Google.<\/p>\n\n\n\n<p>Parab\u00e9ns! Voc\u00ea acabou de ganhar v\u00e1rias posi\u00e7\u00f5es no ranking do seu motor de busca preferido. Quer mais? Veja nossa p\u00e1gina de otimiza\u00e7\u00e3o SEO!<\/p>\n\n\n\n<h2 class=\"wp-block-heading\">Nossos servi\u00e7os de tradu\u00e7\u00e3o profissional de web sites<\/h2>\n\n\n\n<p>O seu site est\u00e1 no WordPress? A <a href=\"https:\/\/culturesconnection.com\/pt-br\/\">Cultures Connection<\/a> \u00e9 um parceiro privilegiado do plugin de tradu\u00e7\u00e3o n\u00famero um do mercado, a WPML. N\u00f3s traduzimos e gerimos a integra\u00e7\u00e3o dos textos no seu site.<\/p>\n\n\n\n<p>Cultures Connection tamb\u00e9m pode traduzir o conte\u00fado do seu site independentemente do formato de texto (Word, Excel, texto simples, etc.) ou o CMS que voc\u00ea usar (Joomla, Magento, PrestaShop, etc), inclusive diretamente do c\u00f3digo HTML do seu site.<\/p>\n\n\n\n<h2 class=\"wp-block-heading\">Nosso SEO multil\u00edngue e outros servi\u00e7os de marketing digitais<\/h2>\n\n\n\n<ul class=\"wp-block-list\"><li><strong><a href=\"https:\/\/culturesconnection.com\/pt-br\/multilingue-seo-seo-traducao\/\">Tradu\u00e7\u00f5es de SEO<\/a><\/strong><br>Nossas especialistas em SEO identificam as principais palavras-chave que s\u00e3o relevantes em seus mercados de destino e fornecem ao tradutor um gloss\u00e1rio para otimizar seu site.<\/li><li><strong>Estrat\u00e9gia de constru\u00e7\u00e3o de links<\/strong><br>Identificamos os backlinks (links externos para o seu site vindos de outros sites) que s\u00e3o mais prov\u00e1veis de aumentar a sua popularidade.<\/li><li><strong><a href=\"https:\/\/culturesconnection.com\/pt-br\/seo-multilingue-seo-copywriting\/\">Copywriting SEO<\/a><\/strong><br>Nossos copywriters multil\u00edngues de SEO criar\u00e3o vers\u00f5es localizadas do seu site com conte\u00fado que favore\u00e7a o SEO.<\/li><\/ul>\n\n\n\n<h2 class=\"wp-block-heading\">Clientes satisfeitos em todos os setores<\/h2>\n\n\n\n<p>Nosso portf\u00f3lio de projetos de tradu\u00e7\u00e3o inclui o conte\u00fado de muitos sites, sites de com\u00e9rcio eletr\u00f4nico e plataformas online, etc. e institui\u00e7\u00f5es variadas como a FAO, UN, a seguran\u00e7a de sa\u00fade p\u00fablica francesa (CPAM), etc., bem como grandes empresas, incluindo a SANOFI, JACADI , MIRAKL e outras.<\/p>\n","protected":false},"excerpt":{"rendered":"<p>Site multil\u00edngue, localiza\u00e7\u00e3o e otimiza\u00e7\u00e3o de tradu\u00e7\u00f5es SEO: a base do seu desenvolvimento internacional Se voc\u00ea viu a nossa p\u00e1gina Tradu\u00e7\u00e3o de SEO, voc\u00ea sabe [&#8230;]<\/p>\n<p><a class=\"btn btn-secondary understrap-read-more-link\" href=\"https:\/\/culturesconnection.com\/pt-br\/seo-multilingueotimizacao-de-meta-tags\/\">Leia mais&#8230;<span class=\"screen-reader-text\"> from SEO Multil\u00edngue | Nossa Otimiza\u00e7\u00e3o de  Metatags<\/span><\/a><\/p>\n","protected":false},"author":22,"featured_media":19556,"parent":0,"menu_order":0,"comment_status":"closed","ping_status":"closed","template":"","meta":{"_acf_changed":false,"_editorskit_title_hidden":false,"_editorskit_reading_time":0,"_editorskit_is_block_options_detached":false,"_editorskit_block_options_position":"{}","footnotes":""},"class_list":["post-9896","page","type-page","status-publish","has-post-thumbnail","hentry"],"acf":[],"_links":{"self":[{"href":"https:\/\/culturesconnection.com\/pt-br\/wp-json\/wp\/v2\/pages\/9896","targetHints":{"allow":["GET"]}}],"collection":[{"href":"https:\/\/culturesconnection.com\/pt-br\/wp-json\/wp\/v2\/pages"}],"about":[{"href":"https:\/\/culturesconnection.com\/pt-br\/wp-json\/wp\/v2\/types\/page"}],"author":[{"embeddable":true,"href":"https:\/\/culturesconnection.com\/pt-br\/wp-json\/wp\/v2\/users\/22"}],"replies":[{"embeddable":true,"href":"https:\/\/culturesconnection.com\/pt-br\/wp-json\/wp\/v2\/comments?post=9896"}],"version-history":[{"count":0,"href":"https:\/\/culturesconnection.com\/pt-br\/wp-json\/wp\/v2\/pages\/9896\/revisions"}],"wp:featuredmedia":[{"embeddable":true,"href":"https:\/\/culturesconnection.com\/pt-br\/wp-json\/wp\/v2\/media\/19556"}],"wp:attachment":[{"href":"https:\/\/culturesconnection.com\/pt-br\/wp-json\/wp\/v2\/media?parent=9896"}],"curies":[{"name":"wp","href":"https:\/\/api.w.org\/{rel}","templated":true}]}}