{"id":9894,"date":"2018-06-18T21:19:55","date_gmt":"2018-06-18T19:19:55","guid":{"rendered":"http:\/\/culturesconnection.com\/?page_id=9894"},"modified":"2022-06-22T22:06:07","modified_gmt":"2022-06-22T20:06:07","slug":"servicos-de-traducao-de-video-game-em-italiano","status":"publish","type":"page","link":"https:\/\/culturesconnection.com\/pt-br\/servicos-de-traducao-em-italiano\/servicos-de-traducao-de-video-game-em-italiano\/","title":{"rendered":"Nossos servi\u00e7os de tradu\u00e7\u00e3o de videogame em italiano"},"content":{"rendered":"\n<h2 class=\"wp-block-heading\">Tradu\u00e7\u00e3o de videogames em italiano<\/h2>\n\n\n\n<p>Trata-se mais de localiza\u00e7\u00e3o do que de tradu\u00e7\u00e3o. A localiza\u00e7\u00e3o de videogames \u00e9 na realidade um processo um pouco mais complexo que uma simples tradu\u00e7\u00e3o. O conte\u00fado deve ser adaptado ao idioma e \u00e0s refer\u00eancias culturais do mercado alvo, mantendo-se fiel ao significado, extens\u00e3o e contexto do texto fonte. O tradutor de videogame tamb\u00e9m deve adaptar muitos elementos da interface: di\u00e1logos, menus, legendas, instru\u00e7\u00f5es, etc, assim como todo o material de comunica\u00e7\u00e3o como capa, manual do usu\u00e1rio, cartazes publicit\u00e1rios, etc. Nossa empresa de tradu\u00e7\u00e3o oferece a voc\u00ea servi\u00e7os de tradu\u00e7\u00e3o e localiza\u00e7\u00e3o de alta qualidade.<\/p>\n\n\n\n<h2 class=\"wp-block-heading\">Nossa ag\u00eancia de tradu\u00e7\u00e3o localiza seu videogame em italiano<\/h2>\n\n\n\n<p>A fim de oferecer uma experi\u00eancia de jogo de alta performance ao p\u00fablico italiano, nossos localizadores de videogames trabalham duro para n\u00e3o deixar nenhum detalhe ao acaso. O conte\u00fado deve ser adaptado ao idioma e \u00e0s nuances culturais do mercado alvo, mantendo-se fiel ao significado, extens\u00e3o e contexto do texto fonte. Todos nossos tradutores s\u00e3o fluentes em suas l\u00ednguas de trabalho, s\u00e3o formados em grandes escolas e tem vasta experi\u00eancia na suas \u00e1reas fins. Al\u00e9m disso, eles tamb\u00e9m s\u00e3o apaixonados por videogame. Quem est\u00e1 em uma posi\u00e7\u00e3o melhor do que os pr\u00f3prios jogadores para realizar a localiza\u00e7\u00e3o dos seus jogos em Italiano? Se voc\u00ea deseja distribuir o seu jogo em todo o mundo, <a href=\"https:\/\/culturesconnection.com\/pt-br\/\">Cultures Connection<\/a> \u00e9 a ag\u00eancia de tradu\u00e7\u00e3o que voc\u00ea precisa! Escolher nossos&nbsp;<a href=\"https:\/\/culturesconnection.com\/pt-br\/servicos-de-traducao\/\">servi\u00e7os de tradu\u00e7\u00e3o<\/a> \u00e9 optar por qualidade e sucesso.<\/p>\n\n\n\n<h2 class=\"wp-block-heading\">Nossos servi\u00e7os de tradu\u00e7\u00e3o de videogame em italiano<\/h2>\n\n\n\n<p>Nossa ag\u00eancia de tradu\u00e7\u00e3o lida com a tradu\u00e7\u00e3o de diferentes tipos de <a href=\"https:\/\/culturesconnection.com\/pt-br\/servicos-de-traducao-e-localizacao-de-videogame\/\">materiais audiovisuais<\/a>, incluindo:<\/p>\n\n\n\n<ul class=\"wp-block-list\"><li>Tradu\u00e7\u00e3o de videogames<\/li><li>Localiza\u00e7\u00e3o de videogames<\/li><li>Gerenciamento de projetos<\/li><li>Legendas<\/li><li>Grava\u00e7\u00e3o e dublagem<\/li><li>Controle de qualidade<\/li><\/ul>\n\n\n\n<h3 class=\"wp-block-heading\"><img decoding=\"async\" src=\"https:\/\/upload.wikimedia.org\/wikipedia\/commons\/thumb\/8\/8d\/U%2B2192.svg\/25px-U%2B2192.svg.png\" alt=\"U + 2192.svg\"> Tradu\u00e7\u00e3o de videogames em todos os idiomas<\/h3>\n\n\n\n<ul class=\"wp-block-list\"><li><a href=\"https:\/\/culturesconnection.com\/pt-br\/servicos-de-traducao-de-video-game-em-frances\/\">Tradu\u00e7\u00e3o de videogames em franc\u00eas<\/a><\/li><li><a href=\"https:\/\/culturesconnection.com\/pt-br\/servicos-de-traducao-de-video-game-em-espanhol\/\">Tradu\u00e7\u00e3o de videogames em espanhol<\/a><\/li><li><a href=\"https:\/\/culturesconnection.com\/pt-br\/nossos-servicos-de-traducao-de-videogames-em-alemao\/\">Tradu\u00e7\u00e3o de videogame em alem\u00e3o<\/a><\/li><li><a href=\"https:\/\/culturesconnection.com\/pt-br\/servicos-de-traducao-de-video-game-em-chines\/\">Tradu\u00e7\u00e3o de videogames em chin\u00eas<\/a><\/li><li><a href=\"https:\/\/culturesconnection.com\/pt-br\/servicos-de-traducao-de-video-game-em-arabe\/\">Tradu\u00e7\u00e3o de videogames em \u00e1rabe<\/a><\/li><li><a href=\"https:\/\/culturesconnection.com\/pt-br\/nossa-traducao-de-videogames-em-ingles\/\">Tradu\u00e7\u00e3o de videogame em ingl\u00eas<\/a><\/li><li><a href=\"https:\/\/culturesconnection.com\/pt-br\/servicos-de-traducao-de-video-game-em-holandes\/\">Tradu\u00e7\u00e3o de videogames em holand\u00eas<\/a><\/li><li><a href=\"https:\/\/culturesconnection.com\/pt-br\/servicos-de-traducao-de-video-game-em-turco\/\">Tradu\u00e7\u00e3o de videogames em turco<\/a><\/li><li><a href=\"https:\/\/culturesconnection.com\/pt-br\/servicos-de-traducao-de-video-game-em-japones\/\">Tradu\u00e7\u00e3o de videogames em japon\u00eas<\/a><\/li><li><a href=\"https:\/\/culturesconnection.com\/pt-br\/servicos-de-traducao-de-video-game-em-russo\/\">Tradu\u00e7\u00e3o de videogames em russo<\/a><\/li><\/ul>\n","protected":false},"excerpt":{"rendered":"<p>Tradu\u00e7\u00e3o de videogames em italiano Trata-se mais de localiza\u00e7\u00e3o do que de tradu\u00e7\u00e3o. A localiza\u00e7\u00e3o de videogames \u00e9 na realidade um processo um pouco mais [&#8230;]<\/p>\n<p><a class=\"btn btn-secondary understrap-read-more-link\" href=\"https:\/\/culturesconnection.com\/pt-br\/servicos-de-traducao-em-italiano\/servicos-de-traducao-de-video-game-em-italiano\/\">Leia mais&#8230;<span class=\"screen-reader-text\"> from Nossos servi\u00e7os de tradu\u00e7\u00e3o de videogame em italiano<\/span><\/a><\/p>\n","protected":false},"author":22,"featured_media":24335,"parent":9857,"menu_order":0,"comment_status":"closed","ping_status":"closed","template":"","meta":{"_acf_changed":false,"_editorskit_title_hidden":false,"_editorskit_reading_time":0,"_editorskit_is_block_options_detached":false,"_editorskit_block_options_position":"{}","footnotes":""},"class_list":["post-9894","page","type-page","status-publish","has-post-thumbnail","hentry"],"acf":[],"_links":{"self":[{"href":"https:\/\/culturesconnection.com\/pt-br\/wp-json\/wp\/v2\/pages\/9894","targetHints":{"allow":["GET"]}}],"collection":[{"href":"https:\/\/culturesconnection.com\/pt-br\/wp-json\/wp\/v2\/pages"}],"about":[{"href":"https:\/\/culturesconnection.com\/pt-br\/wp-json\/wp\/v2\/types\/page"}],"author":[{"embeddable":true,"href":"https:\/\/culturesconnection.com\/pt-br\/wp-json\/wp\/v2\/users\/22"}],"replies":[{"embeddable":true,"href":"https:\/\/culturesconnection.com\/pt-br\/wp-json\/wp\/v2\/comments?post=9894"}],"version-history":[{"count":0,"href":"https:\/\/culturesconnection.com\/pt-br\/wp-json\/wp\/v2\/pages\/9894\/revisions"}],"up":[{"embeddable":true,"href":"https:\/\/culturesconnection.com\/pt-br\/wp-json\/wp\/v2\/pages\/9857"}],"wp:featuredmedia":[{"embeddable":true,"href":"https:\/\/culturesconnection.com\/pt-br\/wp-json\/wp\/v2\/media\/24335"}],"wp:attachment":[{"href":"https:\/\/culturesconnection.com\/pt-br\/wp-json\/wp\/v2\/media?parent=9894"}],"curies":[{"name":"wp","href":"https:\/\/api.w.org\/{rel}","templated":true}]}}