{"id":9887,"date":"2018-06-18T21:17:07","date_gmt":"2018-06-18T19:17:07","guid":{"rendered":"http:\/\/culturesconnection.com\/?page_id=9887"},"modified":"2022-06-08T21:14:40","modified_gmt":"2022-06-08T19:14:40","slug":"servicos-de-interpretacao-de-conferencia","status":"publish","type":"page","link":"https:\/\/culturesconnection.com\/pt-br\/servicos-de-interpretacao-de-conferencia\/","title":{"rendered":"Nossos Servi\u00e7os de Interpreta\u00e7\u00e3o de Confer\u00eancia"},"content":{"rendered":"\n<h2 class=\"wp-block-heading\">Tradu\u00e7\u00e3o simult\u00e2nea ou interpreta\u00e7\u00e3o simult\u00e2nea?<\/h2>\n\n\n\n<p>Interpreta\u00e7\u00e3o simult\u00e2nea ou interpreta\u00e7\u00e3o de confer\u00eancia, \u00e9 \u00e0s vezes erroneamente chamada &#8220;tradu\u00e7\u00e3o simult\u00e2nea&#8221;. No entanto, a tradu\u00e7\u00e3o e interpreta\u00e7\u00e3o s\u00e3o dois servi\u00e7os muito diferentes. A tradu\u00e7\u00e3o \u00e9 estritamente limitada a textos escritos, enquanto a interpreta\u00e7\u00e3o centra-se na comunica\u00e7\u00e3o oral.<\/p>\n\n\n\n<h2 class=\"wp-block-heading\">Servi\u00e7os de int\u00e9rpretes de confer\u00eancia<\/h2>\n\n\n\n<p>A organiza\u00e7\u00e3o de eventos multil\u00edngues, sejam eles, reuni\u00f5es, confer\u00eancias, semin\u00e1rios, simp\u00f3sios, etc., apresenta uma variedade de obst\u00e1culos, sendo os maiores deles as l\u00ednguas e culturas dos participantes. Para enfrentar este desafio e garantir o sucesso do seu evento, nossa <a href=\"https:\/\/culturesconnection.com\/pt-br\/\">ag\u00eancia de interpreta\u00e7\u00e3o<\/a> oferece servi\u00e7os de int\u00e9rpretes de confer\u00eancia de qualidade e adaptados \u00e0s suas necessidades.<\/p>\n\n\n\n<p>Contamos com uma extensa rede de int\u00e9rpretes rigorosamente selecionados com base em seus diplomas, experi\u00eancia e credibilidade. Cultures Connection \u00e9 seu fornecedor de <a href=\"https:\/\/culturesconnection.com\/pt-br\/servicos-de-interpretacao\/\">servi\u00e7os de interpreta\u00e7\u00e3o<\/a> em Paris, Nice, Buenos Aires ou qualquer outra \u00e1rea geogr\u00e1fica. Tamb\u00e9m oferecemos servi\u00e7os em quase <strong>50 pares de l\u00ednguas<\/strong>, incluindo ingl\u00eas, franc\u00eas, alem\u00e3o, espanhol, chin\u00eas, russo, italiano, finland\u00eas, croata, urdu, etc. Seus participantes, sem d\u00favida, ir\u00e3o apreciar ter acesso a informa\u00e7\u00f5es do evento em sua l\u00edngua nativa.<\/p>\n\n\n\n<h2 class=\"wp-block-heading\">Equipamentos necess\u00e1rios para a interpreta\u00e7\u00e3o<br>em confer\u00eancias<\/h2>\n\n\n\n<p>Ao contr\u00e1rio da interpreta\u00e7\u00e3o consecutiva, <strong>interpreta\u00e7\u00e3o de confer\u00eancia est\u00e1 intrinsecamente ligado ao uso da tecnologia<\/strong>. O int\u00e9rprete, sentado em uma cabine \u00e0 prova de som, ouve atrav\u00e9s de fones de ouvido a um discurso ao qual se traduz em tempo real. Os ouvintes ouvem ao int\u00e9rprete atrav\u00e9s de fones de ouvido. Este tipo de interpreta\u00e7\u00e3o \u00e9 o mais frequentemente usado j\u00e1 que seus benef\u00edcios em termos de tempo economizado s\u00e3o indiscut\u00edveis.<\/p>\n\n\n\n<p>Prestar esses servi\u00e7os requer cabines, fones de ouvido e microfones. Alugamos este equipamento, que pode ser instalado por um especialista t\u00e9cnico, se necess\u00e1rio.<\/p>\n","protected":false},"excerpt":{"rendered":"<p>Tradu\u00e7\u00e3o simult\u00e2nea ou interpreta\u00e7\u00e3o simult\u00e2nea? Interpreta\u00e7\u00e3o simult\u00e2nea ou interpreta\u00e7\u00e3o de confer\u00eancia, \u00e9 \u00e0s vezes erroneamente chamada &#8220;tradu\u00e7\u00e3o simult\u00e2nea&#8221;. No entanto, a tradu\u00e7\u00e3o e interpreta\u00e7\u00e3o s\u00e3o [&#8230;]<\/p>\n<p><a class=\"btn btn-secondary understrap-read-more-link\" href=\"https:\/\/culturesconnection.com\/pt-br\/servicos-de-interpretacao-de-conferencia\/\">Leia mais&#8230;<span class=\"screen-reader-text\"> from Nossos Servi\u00e7os de Interpreta\u00e7\u00e3o de Confer\u00eancia<\/span><\/a><\/p>\n","protected":false},"author":22,"featured_media":26053,"parent":0,"menu_order":0,"comment_status":"closed","ping_status":"closed","template":"","meta":{"_acf_changed":false,"_editorskit_title_hidden":false,"_editorskit_reading_time":0,"_editorskit_is_block_options_detached":false,"_editorskit_block_options_position":"{}","footnotes":""},"class_list":["post-9887","page","type-page","status-publish","has-post-thumbnail","hentry"],"acf":[],"yoast_head":"<!-- This site is optimized with the Yoast SEO Premium plugin v23.4 (Yoast SEO v27.3) - https:\/\/yoast.com\/product\/yoast-seo-premium-wordpress\/ -->\n<title>Servi\u00e7os de interpreta\u00e7\u00e3o de confer\u00eancia<\/title>\n<meta name=\"description\" content=\"Cultures Connection oferece servi\u00e7os de interpreta\u00e7\u00e3o de confer\u00eancia para eventos multilingues em todo o mundo. Receba um or\u00e7amento gratuito.\" \/>\n<meta name=\"robots\" content=\"index, follow, max-snippet:-1, max-image-preview:large, max-video-preview:-1\" \/>\n<link rel=\"canonical\" href=\"https:\/\/culturesconnection.com\/pt-br\/servicos-de-interpretacao-de-conferencia\/\" \/>\n<meta property=\"og:locale\" content=\"pt_BR\" \/>\n<meta property=\"og:type\" content=\"article\" \/>\n<meta property=\"og:title\" content=\"Nossos Servi\u00e7os de Interpreta\u00e7\u00e3o de Confer\u00eancia\" \/>\n<meta property=\"og:description\" content=\"Cultures Connection oferece servi\u00e7os de interpreta\u00e7\u00e3o de confer\u00eancia para eventos multilingues em todo o mundo. Receba um or\u00e7amento gratuito.\" \/>\n<meta property=\"og:url\" content=\"https:\/\/culturesconnection.com\/pt-br\/servicos-de-interpretacao-de-conferencia\/\" \/>\n<meta property=\"og:site_name\" content=\"Cultures Connection\" \/>\n<meta property=\"article:publisher\" content=\"https:\/\/www.facebook.com\/CulturesConnection\" \/>\n<meta property=\"article:modified_time\" content=\"2022-06-08T19:14:40+00:00\" \/>\n<meta property=\"og:image\" content=\"https:\/\/culturesconnection.com\/wp-content\/uploads\/2016\/03\/background_interpr\u00e9tation-de-conf\u00e9rence-21.png\" \/>\n\t<meta property=\"og:image:width\" content=\"1440\" \/>\n\t<meta property=\"og:image:height\" content=\"570\" \/>\n\t<meta property=\"og:image:type\" content=\"image\/png\" \/>\n<meta name=\"twitter:card\" content=\"summary_large_image\" \/>\n<meta name=\"twitter:site\" content=\"@CulturesCo_\" \/>\n<meta name=\"twitter:label1\" content=\"Est. tempo de leitura\" \/>\n\t<meta name=\"twitter:data1\" content=\"2 minutos\" \/>\n<script type=\"application\/ld+json\" class=\"yoast-schema-graph\">{\"@context\":\"https:\\\/\\\/schema.org\",\"@graph\":[{\"@type\":\"WebPage\",\"@id\":\"https:\\\/\\\/culturesconnection.com\\\/pt-br\\\/servicos-de-interpretacao-de-conferencia\\\/\",\"url\":\"https:\\\/\\\/culturesconnection.com\\\/pt-br\\\/servicos-de-interpretacao-de-conferencia\\\/\",\"name\":\"Servi\u00e7os de interpreta\u00e7\u00e3o de confer\u00eancia\",\"isPartOf\":{\"@id\":\"https:\\\/\\\/culturesconnection.com\\\/fr\\\/#website\"},\"primaryImageOfPage\":{\"@id\":\"https:\\\/\\\/culturesconnection.com\\\/pt-br\\\/servicos-de-interpretacao-de-conferencia\\\/#primaryimage\"},\"image\":{\"@id\":\"https:\\\/\\\/culturesconnection.com\\\/pt-br\\\/servicos-de-interpretacao-de-conferencia\\\/#primaryimage\"},\"thumbnailUrl\":\"https:\\\/\\\/culturesconnection.com\\\/wp-content\\\/uploads\\\/2016\\\/03\\\/background_interpr\u00e9tation-de-conf\u00e9rence-21.png\",\"datePublished\":\"2018-06-18T19:17:07+00:00\",\"dateModified\":\"2022-06-08T19:14:40+00:00\",\"description\":\"Cultures Connection oferece servi\u00e7os de interpreta\u00e7\u00e3o de confer\u00eancia para eventos multilingues em todo o mundo. Receba um or\u00e7amento gratuito.\",\"breadcrumb\":{\"@id\":\"https:\\\/\\\/culturesconnection.com\\\/pt-br\\\/servicos-de-interpretacao-de-conferencia\\\/#breadcrumb\"},\"inLanguage\":\"pt-BR\",\"potentialAction\":[{\"@type\":\"ReadAction\",\"target\":[\"https:\\\/\\\/culturesconnection.com\\\/pt-br\\\/servicos-de-interpretacao-de-conferencia\\\/\"]}]},{\"@type\":\"ImageObject\",\"inLanguage\":\"pt-BR\",\"@id\":\"https:\\\/\\\/culturesconnection.com\\\/pt-br\\\/servicos-de-interpretacao-de-conferencia\\\/#primaryimage\",\"url\":\"https:\\\/\\\/culturesconnection.com\\\/wp-content\\\/uploads\\\/2016\\\/03\\\/background_interpr\u00e9tation-de-conf\u00e9rence-21.png\",\"contentUrl\":\"https:\\\/\\\/culturesconnection.com\\\/wp-content\\\/uploads\\\/2016\\\/03\\\/background_interpr\u00e9tation-de-conf\u00e9rence-21.png\",\"width\":1440,\"height\":570,\"caption\":\"interpr\u00e8te de conf\u00e9rence\"},{\"@type\":\"BreadcrumbList\",\"@id\":\"https:\\\/\\\/culturesconnection.com\\\/pt-br\\\/servicos-de-interpretacao-de-conferencia\\\/#breadcrumb\",\"itemListElement\":[{\"@type\":\"ListItem\",\"position\":1,\"name\":\"Home\",\"item\":\"https:\\\/\\\/culturesconnection.com\\\/pt-br\\\/\"},{\"@type\":\"ListItem\",\"position\":2,\"name\":\"Nossos Servi\u00e7os de Interpreta\u00e7\u00e3o de Confer\u00eancia\"}]},{\"@type\":\"WebSite\",\"@id\":\"https:\\\/\\\/culturesconnection.com\\\/fr\\\/#website\",\"url\":\"https:\\\/\\\/culturesconnection.com\\\/fr\\\/\",\"name\":\"Cultures Connection\",\"description\":\"Cultures Connection is a translation agency dedicated to the success of its international clients.\",\"publisher\":{\"@id\":\"https:\\\/\\\/culturesconnection.com\\\/fr\\\/#organization\"},\"potentialAction\":[{\"@type\":\"SearchAction\",\"target\":{\"@type\":\"EntryPoint\",\"urlTemplate\":\"https:\\\/\\\/culturesconnection.com\\\/fr\\\/?s={search_term_string}\"},\"query-input\":{\"@type\":\"PropertyValueSpecification\",\"valueRequired\":true,\"valueName\":\"search_term_string\"}}],\"inLanguage\":\"pt-BR\"},{\"@type\":\"Organization\",\"@id\":\"https:\\\/\\\/culturesconnection.com\\\/fr\\\/#organization\",\"name\":\"Cultures Connection\",\"url\":\"https:\\\/\\\/culturesconnection.com\\\/fr\\\/\",\"logo\":{\"@type\":\"ImageObject\",\"inLanguage\":\"pt-BR\",\"@id\":\"https:\\\/\\\/culturesconnection.com\\\/fr\\\/#\\\/schema\\\/logo\\\/image\\\/\",\"url\":\"https:\\\/\\\/culturesconnection.com\\\/wp-content\\\/uploads\\\/2022\\\/06\\\/cropped-favicon512x512.png\",\"contentUrl\":\"https:\\\/\\\/culturesconnection.com\\\/wp-content\\\/uploads\\\/2022\\\/06\\\/cropped-favicon512x512.png\",\"width\":512,\"height\":512,\"caption\":\"Cultures Connection\"},\"image\":{\"@id\":\"https:\\\/\\\/culturesconnection.com\\\/fr\\\/#\\\/schema\\\/logo\\\/image\\\/\"},\"sameAs\":[\"https:\\\/\\\/www.facebook.com\\\/CulturesConnection\",\"https:\\\/\\\/x.com\\\/CulturesCo_\"]}]}<\/script>\n<!-- \/ Yoast SEO Premium plugin. -->","yoast_head_json":{"title":"Servi\u00e7os de interpreta\u00e7\u00e3o de confer\u00eancia","description":"Cultures Connection oferece servi\u00e7os de interpreta\u00e7\u00e3o de confer\u00eancia para eventos multilingues em todo o mundo. Receba um or\u00e7amento gratuito.","robots":{"index":"index","follow":"follow","max-snippet":"max-snippet:-1","max-image-preview":"max-image-preview:large","max-video-preview":"max-video-preview:-1"},"canonical":"https:\/\/culturesconnection.com\/pt-br\/servicos-de-interpretacao-de-conferencia\/","og_locale":"pt_BR","og_type":"article","og_title":"Nossos Servi\u00e7os de Interpreta\u00e7\u00e3o de Confer\u00eancia","og_description":"Cultures Connection oferece servi\u00e7os de interpreta\u00e7\u00e3o de confer\u00eancia para eventos multilingues em todo o mundo. Receba um or\u00e7amento gratuito.","og_url":"https:\/\/culturesconnection.com\/pt-br\/servicos-de-interpretacao-de-conferencia\/","og_site_name":"Cultures Connection","article_publisher":"https:\/\/www.facebook.com\/CulturesConnection","article_modified_time":"2022-06-08T19:14:40+00:00","og_image":[{"width":1440,"height":570,"url":"https:\/\/culturesconnection.com\/wp-content\/uploads\/2016\/03\/background_interpr\u00e9tation-de-conf\u00e9rence-21.png","type":"image\/png"}],"twitter_card":"summary_large_image","twitter_site":"@CulturesCo_","twitter_misc":{"Est. tempo de leitura":"2 minutos"},"schema":{"@context":"https:\/\/schema.org","@graph":[{"@type":"WebPage","@id":"https:\/\/culturesconnection.com\/pt-br\/servicos-de-interpretacao-de-conferencia\/","url":"https:\/\/culturesconnection.com\/pt-br\/servicos-de-interpretacao-de-conferencia\/","name":"Servi\u00e7os de interpreta\u00e7\u00e3o de confer\u00eancia","isPartOf":{"@id":"https:\/\/culturesconnection.com\/fr\/#website"},"primaryImageOfPage":{"@id":"https:\/\/culturesconnection.com\/pt-br\/servicos-de-interpretacao-de-conferencia\/#primaryimage"},"image":{"@id":"https:\/\/culturesconnection.com\/pt-br\/servicos-de-interpretacao-de-conferencia\/#primaryimage"},"thumbnailUrl":"https:\/\/culturesconnection.com\/wp-content\/uploads\/2016\/03\/background_interpr\u00e9tation-de-conf\u00e9rence-21.png","datePublished":"2018-06-18T19:17:07+00:00","dateModified":"2022-06-08T19:14:40+00:00","description":"Cultures Connection oferece servi\u00e7os de interpreta\u00e7\u00e3o de confer\u00eancia para eventos multilingues em todo o mundo. Receba um or\u00e7amento gratuito.","breadcrumb":{"@id":"https:\/\/culturesconnection.com\/pt-br\/servicos-de-interpretacao-de-conferencia\/#breadcrumb"},"inLanguage":"pt-BR","potentialAction":[{"@type":"ReadAction","target":["https:\/\/culturesconnection.com\/pt-br\/servicos-de-interpretacao-de-conferencia\/"]}]},{"@type":"ImageObject","inLanguage":"pt-BR","@id":"https:\/\/culturesconnection.com\/pt-br\/servicos-de-interpretacao-de-conferencia\/#primaryimage","url":"https:\/\/culturesconnection.com\/wp-content\/uploads\/2016\/03\/background_interpr\u00e9tation-de-conf\u00e9rence-21.png","contentUrl":"https:\/\/culturesconnection.com\/wp-content\/uploads\/2016\/03\/background_interpr\u00e9tation-de-conf\u00e9rence-21.png","width":1440,"height":570,"caption":"interpr\u00e8te de conf\u00e9rence"},{"@type":"BreadcrumbList","@id":"https:\/\/culturesconnection.com\/pt-br\/servicos-de-interpretacao-de-conferencia\/#breadcrumb","itemListElement":[{"@type":"ListItem","position":1,"name":"Home","item":"https:\/\/culturesconnection.com\/pt-br\/"},{"@type":"ListItem","position":2,"name":"Nossos Servi\u00e7os de Interpreta\u00e7\u00e3o de Confer\u00eancia"}]},{"@type":"WebSite","@id":"https:\/\/culturesconnection.com\/fr\/#website","url":"https:\/\/culturesconnection.com\/fr\/","name":"Cultures Connection","description":"Cultures Connection is a translation agency dedicated to the success of its international clients.","publisher":{"@id":"https:\/\/culturesconnection.com\/fr\/#organization"},"potentialAction":[{"@type":"SearchAction","target":{"@type":"EntryPoint","urlTemplate":"https:\/\/culturesconnection.com\/fr\/?s={search_term_string}"},"query-input":{"@type":"PropertyValueSpecification","valueRequired":true,"valueName":"search_term_string"}}],"inLanguage":"pt-BR"},{"@type":"Organization","@id":"https:\/\/culturesconnection.com\/fr\/#organization","name":"Cultures Connection","url":"https:\/\/culturesconnection.com\/fr\/","logo":{"@type":"ImageObject","inLanguage":"pt-BR","@id":"https:\/\/culturesconnection.com\/fr\/#\/schema\/logo\/image\/","url":"https:\/\/culturesconnection.com\/wp-content\/uploads\/2022\/06\/cropped-favicon512x512.png","contentUrl":"https:\/\/culturesconnection.com\/wp-content\/uploads\/2022\/06\/cropped-favicon512x512.png","width":512,"height":512,"caption":"Cultures Connection"},"image":{"@id":"https:\/\/culturesconnection.com\/fr\/#\/schema\/logo\/image\/"},"sameAs":["https:\/\/www.facebook.com\/CulturesConnection","https:\/\/x.com\/CulturesCo_"]}]}},"_links":{"self":[{"href":"https:\/\/culturesconnection.com\/pt-br\/wp-json\/wp\/v2\/pages\/9887","targetHints":{"allow":["GET"]}}],"collection":[{"href":"https:\/\/culturesconnection.com\/pt-br\/wp-json\/wp\/v2\/pages"}],"about":[{"href":"https:\/\/culturesconnection.com\/pt-br\/wp-json\/wp\/v2\/types\/page"}],"author":[{"embeddable":true,"href":"https:\/\/culturesconnection.com\/pt-br\/wp-json\/wp\/v2\/users\/22"}],"replies":[{"embeddable":true,"href":"https:\/\/culturesconnection.com\/pt-br\/wp-json\/wp\/v2\/comments?post=9887"}],"version-history":[{"count":0,"href":"https:\/\/culturesconnection.com\/pt-br\/wp-json\/wp\/v2\/pages\/9887\/revisions"}],"wp:featuredmedia":[{"embeddable":true,"href":"https:\/\/culturesconnection.com\/pt-br\/wp-json\/wp\/v2\/media\/26053"}],"wp:attachment":[{"href":"https:\/\/culturesconnection.com\/pt-br\/wp-json\/wp\/v2\/media?parent=9887"}],"curies":[{"name":"wp","href":"https:\/\/api.w.org\/{rel}","templated":true}]}}