{"id":9882,"date":"2018-06-18T21:17:12","date_gmt":"2018-06-18T19:17:12","guid":{"rendered":"http:\/\/culturesconnection.com\/?page_id=9882"},"modified":"2022-07-12T10:31:19","modified_gmt":"2022-07-12T08:31:19","slug":"servicos-de-interpretacao","status":"publish","type":"page","link":"https:\/\/culturesconnection.com\/pt-br\/servicos-de-interpretacao\/","title":{"rendered":"Nossos Servi\u00e7os de Interpreta\u00e7\u00e3o"},"content":{"rendered":"\n<h2 class=\"wp-block-heading\">Servi\u00e7os de int\u00e9rprete de idioma<\/h2>\n\n\n\n<p>Seja uma confer\u00eancia, congresso, col\u00f3quio ou reuni\u00e3o de neg\u00f3cios, quando dois participantes n\u00e3o falam a mesma l\u00edngua, rapidamente pode se tornar uma dor de cabe\u00e7a para todos. Para facilitar a compreens\u00e3o de todos os participantes, voc\u00ea pode contar com a experi\u00eancia e profissionalismo dos int\u00e9rpretes da <a href=\"https:\/\/culturesconnection.com\/pt-br\/\">Cultures Connection<\/a>.<\/p>\n\n\n\n<p>Nossa ag\u00eancia de interpreta\u00e7\u00e3o tem uma ampla rede de int\u00e9rpretes, que s\u00e3o selecionados com base na sua compet\u00eancia e confiabilidade. Oferecemos em torno de 50 combina\u00e7\u00f5es de idiomas: ingl\u00eas, alem\u00e3o, chin\u00eas, russo&#8230; Antes de escolher um colega supostamente &#8220;bil\u00edngue&#8221; para transmitir suas mensagens em uma l\u00edngua estrangeira, lembre-se de que o sucesso da sua reuni\u00e3o depender\u00e1 tamb\u00e9m da qualidade de seu int\u00e9rprete de confer\u00eancia. Esta \u00e9 uma profiss\u00e3o exigente sem espa\u00e7o para improvisa\u00e7\u00e3o.<\/p>\n\n\n\n<p>N\u00f3s fornecemos \u00e0 nossos clientes servi\u00e7os adaptados \u00e0s suas necessidades e exig\u00eancias. Voc\u00ea s\u00f3 precisa selecionar o tipo de servi\u00e7o de interpreta\u00e7\u00e3o que voc\u00ea precisa, seja ele de liga\u00e7\u00e3o consecutiva, ou simult\u00e2nea. N\u00f3s tamb\u00e9m oferecemos <strong>aluguel de equipamentos para interpreta\u00e7\u00e3o <\/strong>(fones de ouvido, microfones, cabines, etc.) e um t\u00e9cnico especializado para instal\u00e1-los.<\/p>\n\n\n\n<h2 class=\"wp-block-heading\">Interpreta\u00e7\u00e3o de confer\u00eancia, consecutiva ou de liga\u00e7\u00e3o?<\/h2>\n\n\n\n<p>Tem uma confer\u00eancia em Paris ou em Buenos Aires que precisa de um int\u00e9rprete? Um grupo de industriais da \u00cdndia quer visitar suas lojas? Voc\u00ea tem uma reuni\u00e3o importante com os clientes chineses? Dependendo do evento, o lugar, o tempo dispon\u00edvel e o n\u00famero de participantes, oferecemos servi\u00e7os de interpreta\u00e7\u00e3o distintos:<\/p>\n\n\n\n<p><strong><a href=\"https:\/\/culturesconnection.com\/pt-br\/servicos-de-interpretacao-consecutiva\/\">Interpreta\u00e7\u00e3o consecutiva<\/a><\/strong>: O que o orador diz \u00e9 traduzido depois que ele terminar de falar.<\/p>\n\n\n\n<p><strong><a href=\"https:\/\/culturesconnection.com\/pt-br\/servicos-de-interpretacao-de-ligacao\/\">Interpreta\u00e7\u00e3o de liga\u00e7\u00e3o<\/a><\/strong>: Com esta t\u00e9cnica, as interven\u00e7\u00f5es do falante s\u00e3o traduzidas em intervalos regulares.<\/p>\n\n\n\n<p><strong><a href=\"https:\/\/culturesconnection.com\/pt-br\/servicos-de-interpretacao-de-conferencia\/\">Interpreta\u00e7\u00e3o de confer\u00eancia<\/a><\/strong>: Tamb\u00e9m conhecida como tradu\u00e7\u00e3o simult\u00e2nea. O que o orador diz \u00e9 traduzido alguns segundos mais tarde. Este servi\u00e7o requer dois profissionais que se revezam interpretando (trocando a cada 20 minutos, por exig\u00eancia da lei).<\/p>\n","protected":false},"excerpt":{"rendered":"<p>Servi\u00e7os de int\u00e9rprete de idioma Seja uma confer\u00eancia, congresso, col\u00f3quio ou reuni\u00e3o de neg\u00f3cios, quando dois participantes n\u00e3o falam a mesma l\u00edngua, rapidamente pode se [&#8230;]<\/p>\n<p><a class=\"btn btn-secondary understrap-read-more-link\" href=\"https:\/\/culturesconnection.com\/pt-br\/servicos-de-interpretacao\/\">Leia mais&#8230;<span class=\"screen-reader-text\"> from Nossos Servi\u00e7os de Interpreta\u00e7\u00e3o<\/span><\/a><\/p>\n","protected":false},"author":22,"featured_media":26045,"parent":0,"menu_order":0,"comment_status":"closed","ping_status":"closed","template":"","meta":{"_acf_changed":false,"_editorskit_title_hidden":false,"_editorskit_reading_time":0,"_editorskit_is_block_options_detached":false,"_editorskit_block_options_position":"{}","footnotes":""},"class_list":["post-9882","page","type-page","status-publish","has-post-thumbnail","hentry"],"acf":[],"_links":{"self":[{"href":"https:\/\/culturesconnection.com\/pt-br\/wp-json\/wp\/v2\/pages\/9882","targetHints":{"allow":["GET"]}}],"collection":[{"href":"https:\/\/culturesconnection.com\/pt-br\/wp-json\/wp\/v2\/pages"}],"about":[{"href":"https:\/\/culturesconnection.com\/pt-br\/wp-json\/wp\/v2\/types\/page"}],"author":[{"embeddable":true,"href":"https:\/\/culturesconnection.com\/pt-br\/wp-json\/wp\/v2\/users\/22"}],"replies":[{"embeddable":true,"href":"https:\/\/culturesconnection.com\/pt-br\/wp-json\/wp\/v2\/comments?post=9882"}],"version-history":[{"count":0,"href":"https:\/\/culturesconnection.com\/pt-br\/wp-json\/wp\/v2\/pages\/9882\/revisions"}],"wp:featuredmedia":[{"embeddable":true,"href":"https:\/\/culturesconnection.com\/pt-br\/wp-json\/wp\/v2\/media\/26045"}],"wp:attachment":[{"href":"https:\/\/culturesconnection.com\/pt-br\/wp-json\/wp\/v2\/media?parent=9882"}],"curies":[{"name":"wp","href":"https:\/\/api.w.org\/{rel}","templated":true}]}}