{"id":9880,"date":"2018-06-18T21:22:29","date_gmt":"2018-06-18T19:22:29","guid":{"rendered":"http:\/\/culturesconnection.com\/?page_id=9880"},"modified":"2023-03-14T13:59:51","modified_gmt":"2023-03-14T12:59:51","slug":"tradutor-profissional","status":"publish","type":"page","link":"https:\/\/culturesconnection.com\/pt-br\/tradutor-profissional\/","title":{"rendered":"Tradutor profissional | em mais de 80 idiomas"},"content":{"rendered":"\n<h2 class=\"wp-block-heading\">Mais de 80 idiomas traduzidos<\/h2>\n\n\n\n<p>Oferecemos <a href=\"https:\/\/culturesconnection.com\/pt-br\/servicos-de-traducao\/\">servi\u00e7os de tradu\u00e7\u00e3o profissional<\/a> em mais de 80 idiomas e 100 combina\u00e7\u00f5es lingu\u00edsticas. Traduzimos de e para o franc\u00eas, ingl\u00eas, espanhol, alem\u00e3o, italiano, etc. Seja uma tradu\u00e7\u00e3o para o ingl\u00eas ou para o japon\u00eas, nossos gestores de projeto certificam-se de selecionar o profissional que melhor se adapte \u00e0s suas necessidades. Descubra nossas idiomas e as opini\u00f5es dos nossos tradutores especializados:<\/p>\n\n\n\n<figure class=\"wp-block-table\"><table><tbody><tr><td><a href=\"https:\/\/culturesconnection.com\/pt-br\/servicos-de-traducao-em-frances\/\">FRANC\u00caS<\/a><\/td><td><a href=\"https:\/\/culturesconnection.com\/pt-br\/servicos-de-traducao-em-holandes\/\">HOLAND\u00caS<\/a><\/td><td><a href=\"https:\/\/culturesconnection.com\/pt-br\/servicos-de-traducao-de-japones\/\">JAPON\u00caS<\/a><\/td><td><a href=\"https:\/\/culturesconnection.com\/pt-br\/nossos-servicos-de-traducao-em-sueco\/\">SUECO<\/a><\/td><td><a href=\"https:\/\/culturesconnection.com\/pt-br\/nossos-servicos-de-traducao-em-bosnio\/\">B\u00d3SNIO<\/a><\/td><\/tr><tr><td><a href=\"https:\/\/culturesconnection.com\/pt-br\/servicos-de-traducao-em-espanhol\/\">ESPANHOL<\/a><\/td><td><a href=\"https:\/\/culturesconnection.com\/pt-br\/servicos-de-traducao-em-turco\/\">TURCO<\/a><\/td><td><a href=\"https:\/\/culturesconnection.com\/pt-br\/nossos-servicos-de-traducao-em-coreano\/\">COREANO<\/a><\/td><td><a href=\"https:\/\/culturesconnection.com\/pt-br\/nossos-servicos-de-traducao-em-dinamarques\/\">DINAMARQU\u00caS<\/a><\/td><td><a href=\"https:\/\/culturesconnection.com\/pt-br\/nossos-servicos-de-traducao-em-hungaro\/\">H\u00daNGARO<\/a><\/td><\/tr><tr><td><a href=\"https:\/\/culturesconnection.com\/pt-br\/servicos-de-traducao-alema\/\">ALEM\u00c3O<\/a><\/td><td><a href=\"https:\/\/culturesconnection.com\/pt-br\/servicos-de-traducao-arabe\/\">\u00c1RABE<\/a><\/td><td><a href=\"https:\/\/culturesconnection.com\/pt-br\/nossos-servicos-de-traducao-em-urdu\/\">URDU<\/a><\/td><td><a href=\"https:\/\/culturesconnection.com\/pt-br\/nossos-servicos-de-traducao-em-noruegues\/\">NORUEGU\u00caS<\/a><\/td><td><a href=\"https:\/\/culturesconnection.com\/pt-br\/nossos-servicos-de-traducao-em-romeno\/\">ROMENO<\/a><\/td><\/tr><tr><td><a href=\"https:\/\/culturesconnection.com\/pt-br\/servicos-de-traducao-em-italiano\/\">ITALIANO<\/a><\/td><td><a href=\"https:\/\/culturesconnection.com\/pt-br\/servicos-de-traducao-em-russo\/\">RUSSO<\/a><\/td><td><a href=\"https:\/\/culturesconnection.com\/pt-br\/nossos-servicos-de-traducao-em-grego\/\">GREGO<\/a><\/td><td><a href=\"https:\/\/culturesconnection.com\/pt-br\/nossos-servicos-de-traducao-em-polones\/\">POLON\u00caS<\/a><\/td><td><a href=\"https:\/\/culturesconnection.com\/pt-br\/nossos-servicos-de-traducao-em-croata\/\">CROATA<\/a><\/td><\/tr><tr><td>PORTUGU\u00caS<\/td><td><a href=\"https:\/\/culturesconnection.com\/pt-br\/servicos-de-traducao-em-chines\/\">CHIN\u00caS<\/a><\/td><td><a href=\"https:\/\/culturesconnection.com\/pt-br\/nossos-servicos-de-traducao-em-finlandes\/\">FINLAND\u00caS<\/a><\/td><td><a href=\"https:\/\/culturesconnection.com\/pt-br\/nossos-servicos-de-traducao-em-tcheco\/\">TCHECO<\/a><\/td><td><a href=\"https:\/\/culturesconnection.com\/pt-br\/nossos-servicos-de-traducao-em-bulgaro\/\">B\u00daLGARO<\/a><\/td><\/tr><\/tbody><\/table><\/figure>\n\n\n\n<h2 class=\"wp-block-heading\">Uma rede de tradutores profissionais a seu servi\u00e7o<\/h2>\n\n\n\n<p>Com experi\u00eancia no campo de servi\u00e7os lingu\u00edsticos, nossa <a href=\"https:\/\/culturesconnection.com\/pt-br\/\">ag\u00eancia de tradu\u00e7\u00e3o<\/a> est\u00e1 cercada por tradutores confi\u00e1veis, rigorosos e competentes. Para garantir suporte ao cliente que atenda \u00e0s suas expectativas, o processo de recrutamento da Cultures Connection \u00e9 baseado em crit\u00e9rios muito rigorosos. Recrutamos apenas tradutores com um diploma reconhecido pelas autoridades oficiais do seu pa\u00eds e ao menos cinco anos de experi\u00eancia.<\/p>\n\n\n\n<p>Eles devem passar por uma s\u00e9rie de testes para juntar-se a nossa equipe de especialistas e s\u00e3o rotineiramente avaliados. Al\u00e9m de compet\u00eancias lingu\u00edsticas, nossos tradutores profissionais s\u00e3o proeminentes especialistas em suas \u00e1reas (finan\u00e7as, neg\u00f3cios, ci\u00eancia, m\u00e9dicas, legais, audiovisuais, etc.). Em conformidade com as normas europeias em vigor, eles trabalham apenas em suas l\u00ednguas nativas.<\/p>\n\n\n\n<h2 class=\"wp-block-heading\">Servi\u00e7os de tradu\u00e7\u00e3o adaptados para sua ind\u00fastria<\/h2>\n\n\n\n<p>Cultures Connection trabalha para empresas de todos os portes em diferentes setores de neg\u00f3cios. Com base em <a href=\"https:\/\/culturesconnection.com\/pt-br\/agencia-de-traducao-em-paris\/\">Paris<\/a>, <a href=\"https:\/\/culturesconnection.com\/pt-br\/agencia-de-traducao-em-nice\/\">Nice<\/a>, <a href=\"https:\/\/culturesconnection.com\/pt-br\/agencia-de-traducao-em-buenos-aires\/\">Buenos Aires<\/a> e <a href=\"https:\/\/culturesconnection.com\/pt-br\/nossa-agencia-de-traducao-em-nova-iorque\/\">New York<\/a>, nossa empresa de tradu\u00e7\u00e3o conta com uma rede de mais de 750 tradutores profissionais ao redor do mundo, pronto para acompanhar voc\u00ea na internacionaliza\u00e7\u00e3o de suas comunica\u00e7\u00f5es. Se voc\u00ea precisa de uma tradu\u00e7\u00e3o t\u00e9cnica, tradu\u00e7\u00e3o jur\u00eddica ou uma tradu\u00e7\u00e3o de neg\u00f3cios, nossos gerentes de projeto est\u00e3o empenhados em selecionar os especialistas mais qualificados ao seu projeto.<\/p>\n\n\n\n<h2 class=\"wp-block-heading\">Combina\u00e7\u00f5es de idiomas nosso top 10<\/h2>\n\n\n\n<ul class=\"wp-block-list\">\n<li>Tradu\u00e7\u00e3o franc\u00eas portugu\u00eas<\/li>\n\n\n\n<li>Tradu\u00e7\u00e3o portugu\u00eas franc\u00eas<\/li>\n\n\n\n<li>Tradu\u00e7\u00e3o portugu\u00eas alem\u00e3o<\/li>\n\n\n\n<li>Tradu\u00e7\u00e3o alem\u00e3o portugu\u00eas<\/li>\n\n\n\n<li>Tradu\u00e7\u00e3o portugu\u00eas espanhol<\/li>\n\n\n\n<li>Tradu\u00e7\u00e3o espanhol portugu\u00eas<\/li>\n\n\n\n<li>Tradu\u00e7\u00e3o italiano portugu\u00eas<\/li>\n\n\n\n<li>Tradu\u00e7\u00e3o \u00e1rabe portugu\u00eas<\/li>\n\n\n\n<li>Tradu\u00e7\u00e3o portugu\u00eas ingl\u00eas<\/li>\n\n\n\n<li>Tradu\u00e7\u00e3o alem\u00e3o ingl\u00eas<\/li>\n<\/ul>\n","protected":false},"excerpt":{"rendered":"<p>Mais de 80 idiomas traduzidos Oferecemos servi\u00e7os de tradu\u00e7\u00e3o profissional em mais de 80 idiomas e 100 combina\u00e7\u00f5es lingu\u00edsticas. Traduzimos de e para o franc\u00eas, [&#8230;]<\/p>\n<p><a class=\"btn btn-secondary understrap-read-more-link\" href=\"https:\/\/culturesconnection.com\/pt-br\/tradutor-profissional\/\">Leia mais&#8230;<span class=\"screen-reader-text\"> from Tradutor profissional | em mais de 80 idiomas<\/span><\/a><\/p>\n","protected":false},"author":22,"featured_media":26084,"parent":0,"menu_order":0,"comment_status":"closed","ping_status":"closed","template":"","meta":{"_acf_changed":false,"_editorskit_title_hidden":false,"_editorskit_reading_time":0,"_editorskit_is_block_options_detached":false,"_editorskit_block_options_position":"{}","footnotes":""},"class_list":["post-9880","page","type-page","status-publish","has-post-thumbnail","hentry"],"acf":[],"_links":{"self":[{"href":"https:\/\/culturesconnection.com\/pt-br\/wp-json\/wp\/v2\/pages\/9880","targetHints":{"allow":["GET"]}}],"collection":[{"href":"https:\/\/culturesconnection.com\/pt-br\/wp-json\/wp\/v2\/pages"}],"about":[{"href":"https:\/\/culturesconnection.com\/pt-br\/wp-json\/wp\/v2\/types\/page"}],"author":[{"embeddable":true,"href":"https:\/\/culturesconnection.com\/pt-br\/wp-json\/wp\/v2\/users\/22"}],"replies":[{"embeddable":true,"href":"https:\/\/culturesconnection.com\/pt-br\/wp-json\/wp\/v2\/comments?post=9880"}],"version-history":[{"count":0,"href":"https:\/\/culturesconnection.com\/pt-br\/wp-json\/wp\/v2\/pages\/9880\/revisions"}],"wp:featuredmedia":[{"embeddable":true,"href":"https:\/\/culturesconnection.com\/pt-br\/wp-json\/wp\/v2\/media\/26084"}],"wp:attachment":[{"href":"https:\/\/culturesconnection.com\/pt-br\/wp-json\/wp\/v2\/media?parent=9880"}],"curies":[{"name":"wp","href":"https:\/\/api.w.org\/{rel}","templated":true}]}}