{"id":9876,"date":"2018-06-18T21:22:35","date_gmt":"2018-06-18T19:22:35","guid":{"rendered":"http:\/\/culturesconnection.com\/?page_id=9876"},"modified":"2022-10-12T12:15:26","modified_gmt":"2022-10-12T10:15:26","slug":"servicos-de-traducao-de-web-site","status":"publish","type":"page","link":"https:\/\/culturesconnection.com\/pt-br\/servicos-de-traducao-de-web-site\/","title":{"rendered":"Nossos Servi\u00e7os de Tradu\u00e7\u00e3o de Website"},"content":{"rendered":"\n<h2 class=\"wp-block-heading\">Traduzir seu site d\u00e1 ao seu neg\u00f3cio uma visibilidade global<\/h2>\n\n\n\n<p>Ter seu site traduzido \u00e9 a melhor maneira de alcan\u00e7ar mercados estrangeiros e aumentar as suas vendas internacionais. Embora o ingl\u00eas seja o segundo idioma mais comum e muitas pessoas ao redor do mundo o leiam e entendam, a maioria dos internautas usa a internet em seu idioma nativo.<\/p>\n\n\n\n<p>As pessoas sentem-se mais confort\u00e1veis comprando seus produtos e servi\u00e7os no seu pr\u00f3prio idioma. A tradu\u00e7\u00e3o de websites \u00e9, portanto, um primeiro passo essencial para a internacionaliza\u00e7\u00e3o do seu neg\u00f3cio, especialmente quando se trata de com\u00e9rcio on-line. Entretanto, existem outros pontos a serem levados em conta para garantir o sucesso do seu site.<\/p>\n\n\n\n<h2 class=\"wp-block-heading\">Evite erros culturais gra\u00e7as \u00e0 localiza\u00e7\u00e3o de sites<\/h2>\n\n\n\n<p>A tradu\u00e7\u00e3o de sites quando bem-feita pode atrair milhares de clientes. A Internet abre novos horizontes para o marketing internacional, dando-lhe acesso a mercados de todo o mundo t\u00e3o facilmente quanto ao mercado local. No entanto, as diferen\u00e7as culturais podem levar a mal-entendidos e interferir na sua mensagem se ela n\u00e3o for traduzida corretamente para o idioma do usu\u00e1rio.<\/p>\n\n\n\n<p>Traduzir sites \u00e9 uma arte que algumas empresas \u00e0s vezes subestimam. Exemplos de erros de tradu\u00e7\u00e3o abundam na&nbsp; Internet, e \u00e9 surpreendente observar que mesmo grupos multinacionais cometem falhas nesta \u00e1rea, o que pode ter um alto custo&nbsp;em termos de reputa\u00e7\u00e3o e lucro.<\/p>\n\n\n\n<p>Qualquer esfor\u00e7o de estabelecer seu neg\u00f3cio em um novo mercado deve ser acompanhada de <a href=\"https:\/\/culturesconnection.com\/pt-br\/servicos-de-traducao\/\">tradu\u00e7\u00f5es de qualidade<\/a> do seu site que respeite a cultura do pa\u00eds em quest\u00e3o.&nbsp; Confie seus projetos de tradu\u00e7\u00e3o a&nbsp;<a href=\"https:\/\/culturesconnection.com\/pt-br\/\">Cultures Connection<\/a>, o parceiro ideal para o desenvolvimento de suas atividades internacionais.<\/p>\n\n\n\n<h2 class=\"wp-block-heading\">Nossos servi\u00e7os de tradu\u00e7\u00e3o profissional de sites<\/h2>\n\n\n\n<p>Nossa empresa de tradu\u00e7\u00e3o recebe diariamente solicita\u00e7\u00f5es de clientes que desejam\u00a0<strong>traduzir seu site <\/strong>para o ingl\u00eas ou outros idiomas. Nossos <a href=\"https:\/\/culturesconnection.com\/pt-br\/tradutor-profissional\/\">tradutores especializados<\/a> em localiza\u00e7\u00e3o podem traduzir seu site diretamente para o MS Word (.docx) ou arquivo de texto (.txt), para o CMS (WordPress, Joomla, Magento, PrestaShop&#8230;) ou para o c\u00f3digo fonte (.htm(l), .php, .asp, .xml, java&#8230;) se voc\u00ea deseja obter a nova vers\u00e3o do seu site online o mais r\u00e1pido poss\u00edvel.<\/p>\n\n\n\n<p>Somos especializados na tradu\u00e7\u00e3o de conte\u00fado para Internet, sites de com\u00e9rcio eletr\u00f4nico, aplicativos e plataformas de compras, fichas de produtos nos mais diversos setores, como turismo, moda, beleza, esportes, economia, finan\u00e7as, sa\u00fade, alimenta\u00e7\u00e3o, qu\u00edmica&#8230; Al\u00e9m da tradu\u00e7\u00e3o de p\u00e1ginas web, oferecemos um&nbsp;servi\u00e7o&nbsp;de reda\u00e7\u00e3o de conte\u00fado otimizado para buscadores (escrita de SEO).<\/p>\n\n\n\n<h2 class=\"wp-block-heading\">Nossas \u00faltimas tradu\u00e7\u00f5es de web sites profissionais<\/h2>\n\n\n\n<ul class=\"wp-block-list\"><li>Tradu\u00e7\u00e3o de p\u00e1ginas web do ingl\u00eas ao alem\u00e3o, com\u00e9rcio eletr\u00f4nico<\/li><li>Tradu\u00e7\u00e3o de p\u00e1ginas web do franc\u00eas ao ingl\u00eas<\/li><\/ul>\n\n\n\n<h2 class=\"wp-block-heading\">Tradu\u00e7\u00e3o de Website em todos os idiomas<\/h2>\n\n\n\n<ul class=\"wp-block-list\"><li><a href=\"https:\/\/culturesconnection.com\/pt-br\/servicos-de-traducao-de-website-em-frances\/\">Tradu\u00e7\u00e3o de web site em franc\u00eas<\/a><\/li><li><a href=\"https:\/\/culturesconnection.com\/pt-br\/servicos-de-traducao-de-websites-em-espanhol\/\">Tradu\u00e7\u00e3o de web site em espanhol<\/a><\/li><li><a href=\"https:\/\/culturesconnection.com\/pt-br\/servicos-de-traducao-de-websites-em-alemao\/\">Tradu\u00e7\u00e3o de web site em alem\u00e3o<\/a><\/li><li><a href=\"https:\/\/culturesconnection.com\/pt-br\/servicos-de-traducao-de-site-chines\/\">Tradu\u00e7\u00e3o de web site em chin\u00eas<\/a><\/li><li><a href=\"https:\/\/culturesconnection.com\/pt-br\/servicos-de-traducao-de-site-arabe\/\">Tradu\u00e7\u00e3o de web site em \u00e1rabe<\/a><\/li><li><a href=\"https:\/\/culturesconnection.com\/pt-br\/nossos-servicos-de-traducao-de-sites-em-ingles\/\">Tradu\u00e7\u00e3o de web site em&nbsp;ingl\u00eas<\/a><\/li><li><a href=\"https:\/\/culturesconnection.com\/pt-br\/servicos-de-traducao-de-websites-em-italiano\/\">Tradu\u00e7\u00e3o de web site em italiano<\/a><\/li><li><a href=\"https:\/\/culturesconnection.com\/pt-br\/servicos-de-traducao-de-site-em-holandes\/\">Tradu\u00e7\u00e3o de web site em holand\u00eas<\/a><\/li><li><a href=\"https:\/\/culturesconnection.com\/pt-br\/servicos-de-traducao-de-web-site-em-turco\/\">Tradu\u00e7\u00e3o de web site em turco<\/a><\/li><li><a href=\"https:\/\/culturesconnection.com\/pt-br\/servicos-de-traducao-de-site-em-japones\/\">Tradu\u00e7\u00e3o de web site em japon\u00eas<\/a><\/li><li><a href=\"https:\/\/culturesconnection.com\/pt-br\/servicos-de-traducao-de-website-em-russo\/\">Tradu\u00e7\u00e3o de web site em russo<\/a><\/li><\/ul>\n","protected":false},"excerpt":{"rendered":"<p>Traduzir seu site d\u00e1 ao seu neg\u00f3cio uma visibilidade global Ter seu site traduzido \u00e9 a melhor maneira de alcan\u00e7ar mercados estrangeiros e aumentar as [&#8230;]<\/p>\n<p><a class=\"btn btn-secondary understrap-read-more-link\" href=\"https:\/\/culturesconnection.com\/pt-br\/servicos-de-traducao-de-web-site\/\">Leia mais&#8230;<span class=\"screen-reader-text\"> from Nossos Servi\u00e7os de Tradu\u00e7\u00e3o de Website<\/span><\/a><\/p>\n","protected":false},"author":22,"featured_media":26014,"parent":0,"menu_order":0,"comment_status":"closed","ping_status":"closed","template":"","meta":{"_acf_changed":false,"_editorskit_title_hidden":false,"_editorskit_reading_time":0,"_editorskit_is_block_options_detached":false,"_editorskit_block_options_position":"{}","footnotes":""},"class_list":["post-9876","page","type-page","status-publish","has-post-thumbnail","hentry"],"acf":[],"yoast_head":"<!-- This site is optimized with the Yoast SEO Premium plugin v23.4 (Yoast SEO v27.3) - https:\/\/yoast.com\/product\/yoast-seo-premium-wordpress\/ -->\n<title>Servi\u00e7os de tradu\u00e7\u00e3o de website<\/title>\n<meta name=\"description\" content=\"Para projetar sua empresa internacionalmente, um bom servi\u00e7o de tradu\u00e7\u00e3o de websites \u00e9 primordial. Confie-nos seus projetos e atinja novos mercados.\" \/>\n<meta name=\"robots\" content=\"index, follow, max-snippet:-1, max-image-preview:large, max-video-preview:-1\" \/>\n<link rel=\"canonical\" href=\"https:\/\/culturesconnection.com\/pt-br\/servicos-de-traducao-de-web-site\/\" \/>\n<meta property=\"og:locale\" content=\"pt_BR\" \/>\n<meta property=\"og:type\" content=\"article\" \/>\n<meta property=\"og:title\" content=\"Nossos Servi\u00e7os de Tradu\u00e7\u00e3o de Website\" \/>\n<meta property=\"og:description\" content=\"Para projetar sua empresa internacionalmente, um bom servi\u00e7o de tradu\u00e7\u00e3o de websites \u00e9 primordial. Confie-nos seus projetos e atinja novos mercados.\" \/>\n<meta property=\"og:url\" content=\"https:\/\/culturesconnection.com\/pt-br\/servicos-de-traducao-de-web-site\/\" \/>\n<meta property=\"og:site_name\" content=\"Cultures Connection\" \/>\n<meta property=\"article:publisher\" content=\"https:\/\/www.facebook.com\/CulturesConnection\" \/>\n<meta property=\"article:modified_time\" content=\"2022-10-12T10:15:26+00:00\" \/>\n<meta property=\"og:image\" content=\"https:\/\/culturesconnection.com\/wp-content\/uploads\/2013\/06\/background_website-translation.png\" \/>\n\t<meta property=\"og:image:width\" content=\"1440\" \/>\n\t<meta property=\"og:image:height\" content=\"570\" \/>\n\t<meta property=\"og:image:type\" content=\"image\/png\" \/>\n<meta name=\"twitter:card\" content=\"summary_large_image\" \/>\n<meta name=\"twitter:site\" content=\"@CulturesCo_\" \/>\n<meta name=\"twitter:label1\" content=\"Est. tempo de leitura\" \/>\n\t<meta name=\"twitter:data1\" content=\"3 minutos\" \/>\n<script type=\"application\/ld+json\" class=\"yoast-schema-graph\">{\"@context\":\"https:\\\/\\\/schema.org\",\"@graph\":[{\"@type\":\"WebPage\",\"@id\":\"https:\\\/\\\/culturesconnection.com\\\/pt-br\\\/servicos-de-traducao-de-web-site\\\/\",\"url\":\"https:\\\/\\\/culturesconnection.com\\\/pt-br\\\/servicos-de-traducao-de-web-site\\\/\",\"name\":\"Servi\u00e7os de tradu\u00e7\u00e3o de website\",\"isPartOf\":{\"@id\":\"https:\\\/\\\/culturesconnection.com\\\/fr\\\/#website\"},\"primaryImageOfPage\":{\"@id\":\"https:\\\/\\\/culturesconnection.com\\\/pt-br\\\/servicos-de-traducao-de-web-site\\\/#primaryimage\"},\"image\":{\"@id\":\"https:\\\/\\\/culturesconnection.com\\\/pt-br\\\/servicos-de-traducao-de-web-site\\\/#primaryimage\"},\"thumbnailUrl\":\"https:\\\/\\\/culturesconnection.com\\\/wp-content\\\/uploads\\\/2013\\\/06\\\/background_website-translation.png\",\"datePublished\":\"2018-06-18T19:22:35+00:00\",\"dateModified\":\"2022-10-12T10:15:26+00:00\",\"description\":\"Para projetar sua empresa internacionalmente, um bom servi\u00e7o de tradu\u00e7\u00e3o de websites \u00e9 primordial. Confie-nos seus projetos e atinja novos mercados.\",\"breadcrumb\":{\"@id\":\"https:\\\/\\\/culturesconnection.com\\\/pt-br\\\/servicos-de-traducao-de-web-site\\\/#breadcrumb\"},\"inLanguage\":\"pt-BR\",\"potentialAction\":[{\"@type\":\"ReadAction\",\"target\":[\"https:\\\/\\\/culturesconnection.com\\\/pt-br\\\/servicos-de-traducao-de-web-site\\\/\"]}]},{\"@type\":\"ImageObject\",\"inLanguage\":\"pt-BR\",\"@id\":\"https:\\\/\\\/culturesconnection.com\\\/pt-br\\\/servicos-de-traducao-de-web-site\\\/#primaryimage\",\"url\":\"https:\\\/\\\/culturesconnection.com\\\/wp-content\\\/uploads\\\/2013\\\/06\\\/background_website-translation.png\",\"contentUrl\":\"https:\\\/\\\/culturesconnection.com\\\/wp-content\\\/uploads\\\/2013\\\/06\\\/background_website-translation.png\",\"width\":1440,\"height\":570,\"caption\":\"background_website-translation\"},{\"@type\":\"BreadcrumbList\",\"@id\":\"https:\\\/\\\/culturesconnection.com\\\/pt-br\\\/servicos-de-traducao-de-web-site\\\/#breadcrumb\",\"itemListElement\":[{\"@type\":\"ListItem\",\"position\":1,\"name\":\"Home\",\"item\":\"https:\\\/\\\/culturesconnection.com\\\/pt-br\\\/\"},{\"@type\":\"ListItem\",\"position\":2,\"name\":\"Nossos Servi\u00e7os de Tradu\u00e7\u00e3o de Website\"}]},{\"@type\":\"WebSite\",\"@id\":\"https:\\\/\\\/culturesconnection.com\\\/fr\\\/#website\",\"url\":\"https:\\\/\\\/culturesconnection.com\\\/fr\\\/\",\"name\":\"Cultures Connection\",\"description\":\"Cultures Connection is a translation agency dedicated to the success of its international clients.\",\"publisher\":{\"@id\":\"https:\\\/\\\/culturesconnection.com\\\/fr\\\/#organization\"},\"potentialAction\":[{\"@type\":\"SearchAction\",\"target\":{\"@type\":\"EntryPoint\",\"urlTemplate\":\"https:\\\/\\\/culturesconnection.com\\\/fr\\\/?s={search_term_string}\"},\"query-input\":{\"@type\":\"PropertyValueSpecification\",\"valueRequired\":true,\"valueName\":\"search_term_string\"}}],\"inLanguage\":\"pt-BR\"},{\"@type\":\"Organization\",\"@id\":\"https:\\\/\\\/culturesconnection.com\\\/fr\\\/#organization\",\"name\":\"Cultures Connection\",\"url\":\"https:\\\/\\\/culturesconnection.com\\\/fr\\\/\",\"logo\":{\"@type\":\"ImageObject\",\"inLanguage\":\"pt-BR\",\"@id\":\"https:\\\/\\\/culturesconnection.com\\\/fr\\\/#\\\/schema\\\/logo\\\/image\\\/\",\"url\":\"https:\\\/\\\/culturesconnection.com\\\/wp-content\\\/uploads\\\/2022\\\/06\\\/cropped-favicon512x512.png\",\"contentUrl\":\"https:\\\/\\\/culturesconnection.com\\\/wp-content\\\/uploads\\\/2022\\\/06\\\/cropped-favicon512x512.png\",\"width\":512,\"height\":512,\"caption\":\"Cultures Connection\"},\"image\":{\"@id\":\"https:\\\/\\\/culturesconnection.com\\\/fr\\\/#\\\/schema\\\/logo\\\/image\\\/\"},\"sameAs\":[\"https:\\\/\\\/www.facebook.com\\\/CulturesConnection\",\"https:\\\/\\\/x.com\\\/CulturesCo_\"]}]}<\/script>\n<!-- \/ Yoast SEO Premium plugin. -->","yoast_head_json":{"title":"Servi\u00e7os de tradu\u00e7\u00e3o de website","description":"Para projetar sua empresa internacionalmente, um bom servi\u00e7o de tradu\u00e7\u00e3o de websites \u00e9 primordial. Confie-nos seus projetos e atinja novos mercados.","robots":{"index":"index","follow":"follow","max-snippet":"max-snippet:-1","max-image-preview":"max-image-preview:large","max-video-preview":"max-video-preview:-1"},"canonical":"https:\/\/culturesconnection.com\/pt-br\/servicos-de-traducao-de-web-site\/","og_locale":"pt_BR","og_type":"article","og_title":"Nossos Servi\u00e7os de Tradu\u00e7\u00e3o de Website","og_description":"Para projetar sua empresa internacionalmente, um bom servi\u00e7o de tradu\u00e7\u00e3o de websites \u00e9 primordial. Confie-nos seus projetos e atinja novos mercados.","og_url":"https:\/\/culturesconnection.com\/pt-br\/servicos-de-traducao-de-web-site\/","og_site_name":"Cultures Connection","article_publisher":"https:\/\/www.facebook.com\/CulturesConnection","article_modified_time":"2022-10-12T10:15:26+00:00","og_image":[{"width":1440,"height":570,"url":"https:\/\/culturesconnection.com\/wp-content\/uploads\/2013\/06\/background_website-translation.png","type":"image\/png"}],"twitter_card":"summary_large_image","twitter_site":"@CulturesCo_","twitter_misc":{"Est. tempo de leitura":"3 minutos"},"schema":{"@context":"https:\/\/schema.org","@graph":[{"@type":"WebPage","@id":"https:\/\/culturesconnection.com\/pt-br\/servicos-de-traducao-de-web-site\/","url":"https:\/\/culturesconnection.com\/pt-br\/servicos-de-traducao-de-web-site\/","name":"Servi\u00e7os de tradu\u00e7\u00e3o de website","isPartOf":{"@id":"https:\/\/culturesconnection.com\/fr\/#website"},"primaryImageOfPage":{"@id":"https:\/\/culturesconnection.com\/pt-br\/servicos-de-traducao-de-web-site\/#primaryimage"},"image":{"@id":"https:\/\/culturesconnection.com\/pt-br\/servicos-de-traducao-de-web-site\/#primaryimage"},"thumbnailUrl":"https:\/\/culturesconnection.com\/wp-content\/uploads\/2013\/06\/background_website-translation.png","datePublished":"2018-06-18T19:22:35+00:00","dateModified":"2022-10-12T10:15:26+00:00","description":"Para projetar sua empresa internacionalmente, um bom servi\u00e7o de tradu\u00e7\u00e3o de websites \u00e9 primordial. Confie-nos seus projetos e atinja novos mercados.","breadcrumb":{"@id":"https:\/\/culturesconnection.com\/pt-br\/servicos-de-traducao-de-web-site\/#breadcrumb"},"inLanguage":"pt-BR","potentialAction":[{"@type":"ReadAction","target":["https:\/\/culturesconnection.com\/pt-br\/servicos-de-traducao-de-web-site\/"]}]},{"@type":"ImageObject","inLanguage":"pt-BR","@id":"https:\/\/culturesconnection.com\/pt-br\/servicos-de-traducao-de-web-site\/#primaryimage","url":"https:\/\/culturesconnection.com\/wp-content\/uploads\/2013\/06\/background_website-translation.png","contentUrl":"https:\/\/culturesconnection.com\/wp-content\/uploads\/2013\/06\/background_website-translation.png","width":1440,"height":570,"caption":"background_website-translation"},{"@type":"BreadcrumbList","@id":"https:\/\/culturesconnection.com\/pt-br\/servicos-de-traducao-de-web-site\/#breadcrumb","itemListElement":[{"@type":"ListItem","position":1,"name":"Home","item":"https:\/\/culturesconnection.com\/pt-br\/"},{"@type":"ListItem","position":2,"name":"Nossos Servi\u00e7os de Tradu\u00e7\u00e3o de Website"}]},{"@type":"WebSite","@id":"https:\/\/culturesconnection.com\/fr\/#website","url":"https:\/\/culturesconnection.com\/fr\/","name":"Cultures Connection","description":"Cultures Connection is a translation agency dedicated to the success of its international clients.","publisher":{"@id":"https:\/\/culturesconnection.com\/fr\/#organization"},"potentialAction":[{"@type":"SearchAction","target":{"@type":"EntryPoint","urlTemplate":"https:\/\/culturesconnection.com\/fr\/?s={search_term_string}"},"query-input":{"@type":"PropertyValueSpecification","valueRequired":true,"valueName":"search_term_string"}}],"inLanguage":"pt-BR"},{"@type":"Organization","@id":"https:\/\/culturesconnection.com\/fr\/#organization","name":"Cultures Connection","url":"https:\/\/culturesconnection.com\/fr\/","logo":{"@type":"ImageObject","inLanguage":"pt-BR","@id":"https:\/\/culturesconnection.com\/fr\/#\/schema\/logo\/image\/","url":"https:\/\/culturesconnection.com\/wp-content\/uploads\/2022\/06\/cropped-favicon512x512.png","contentUrl":"https:\/\/culturesconnection.com\/wp-content\/uploads\/2022\/06\/cropped-favicon512x512.png","width":512,"height":512,"caption":"Cultures Connection"},"image":{"@id":"https:\/\/culturesconnection.com\/fr\/#\/schema\/logo\/image\/"},"sameAs":["https:\/\/www.facebook.com\/CulturesConnection","https:\/\/x.com\/CulturesCo_"]}]}},"_links":{"self":[{"href":"https:\/\/culturesconnection.com\/pt-br\/wp-json\/wp\/v2\/pages\/9876","targetHints":{"allow":["GET"]}}],"collection":[{"href":"https:\/\/culturesconnection.com\/pt-br\/wp-json\/wp\/v2\/pages"}],"about":[{"href":"https:\/\/culturesconnection.com\/pt-br\/wp-json\/wp\/v2\/types\/page"}],"author":[{"embeddable":true,"href":"https:\/\/culturesconnection.com\/pt-br\/wp-json\/wp\/v2\/users\/22"}],"replies":[{"embeddable":true,"href":"https:\/\/culturesconnection.com\/pt-br\/wp-json\/wp\/v2\/comments?post=9876"}],"version-history":[{"count":0,"href":"https:\/\/culturesconnection.com\/pt-br\/wp-json\/wp\/v2\/pages\/9876\/revisions"}],"wp:featuredmedia":[{"embeddable":true,"href":"https:\/\/culturesconnection.com\/pt-br\/wp-json\/wp\/v2\/media\/26014"}],"wp:attachment":[{"href":"https:\/\/culturesconnection.com\/pt-br\/wp-json\/wp\/v2\/media?parent=9876"}],"curies":[{"name":"wp","href":"https:\/\/api.w.org\/{rel}","templated":true}]}}