{"id":9867,"date":"2018-06-18T21:22:40","date_gmt":"2018-06-18T19:22:40","guid":{"rendered":"http:\/\/culturesconnection.com\/?page_id=9867"},"modified":"2022-06-18T21:38:40","modified_gmt":"2022-06-18T19:38:40","slug":"servicos-de-traducao-tecnica-em-japones","status":"publish","type":"page","link":"https:\/\/culturesconnection.com\/pt-br\/servicos-de-traducao-de-japones\/servicos-de-traducao-tecnica-em-japones\/","title":{"rendered":"Nossos servi\u00e7os de tradu\u00e7\u00e3o t\u00e9cnica em japon\u00eas"},"content":{"rendered":"\n<h2 class=\"wp-block-heading\">Tradu\u00e7\u00e3o t\u00e9cnica em japon\u00eas: um verdadeiro desafio<\/h2>\n\n\n\n<p>A globaliza\u00e7\u00e3o fez com que a tradu\u00e7\u00e3o de documentos seja um passo essencial para empresas que desejam exportar seus produtos para outros mercados. Se voc\u00ea tem uma empresa numa \u00e1rea t\u00e9cnica e deseja realizar trocas com o p\u00fablico japon\u00eas, por exemplo, ser\u00e1 necess\u00e1rio ent\u00e3o adaptar seu material para esta l\u00edngua. Longe de ser uma tarefa f\u00e1cil, a tradu\u00e7\u00e3o t\u00e9cnica requer mais do que apenas habilidades de tradu\u00e7\u00e3o. O tradutor profissional deve ser capaz de entender como o produto funciona a fim de fornecer uma tradu\u00e7\u00e3o clara e precisa, adaptada ao mercado local. Por conseguinte, deve dispor de um conhecimento profundo dos termos t\u00e9cnicos.<\/p>\n\n\n\n<h2 class=\"wp-block-heading\">Servi\u00e7os de tradu\u00e7\u00e3o t\u00e9cnica<\/h2>\n\n\n\n<p><a href=\"https:\/\/culturesconnection.com\/pt-br\/\">Cultures Connection<\/a> trabalha com tradutores portugu\u00eas-japon\u00eas, e vice-versa, especializados na tradu\u00e7\u00e3o de documentos t\u00e9cnicos. Nossa rede conta com mais de 750 tradutores e revisores, cuidadosamente selecionados com base em suas qualifica\u00e7\u00f5es e experi\u00eancia em suas respectivas \u00e1reas e em seus pares de l\u00ednguas. Eles s\u00e3o japoneses nativos e dominam com perfei\u00e7\u00e3o o portugu\u00eas. Em qualquer <a href=\"https:\/\/culturesconnection.com\/pt-br\/servicos-de-traducao\/\">servi\u00e7o de tradu\u00e7\u00e3o<\/a>, nossos parceiros apenas traduzem em sua l\u00edngua materna, para garantir alta qualidade do trabalho. Nossos tradutores t\u00e9cnicos s\u00e3o qualificados em diversas \u00e1reas, incluindo energias renov\u00e1veis, a ind\u00fastria automotiva, ind\u00fastria de software de gr\u00e1ficos, controles digitais, eletr\u00f4nicos e muitas outras. Entre em contato conosco, n\u00f3s garantimos tradu\u00e7\u00f5es de alto padr\u00e3o de qualidade.<\/p>\n\n\n\n<h2 class=\"wp-block-heading\">Tradu\u00e7\u00e3o de documentos t\u00e9cnicos em japon\u00eas<\/h2>\n\n\n\n<p>Abaixo, apresentamos uma lista de exemplos de <a href=\"https:\/\/culturesconnection.com\/pt-br\/servicos-de-traducao-tecnica\/\">documentos t\u00e9cnicos<\/a> que traduzimos regularmente de e para o japon\u00eas:<\/p>\n\n\n\n<ul class=\"wp-block-list\"><li>Cita\u00e7\u00e3o<\/li><li>Textos de engenharia<\/li><li>Manuais para maquinaria (ou outros tipos de m\u00e1quinas)<\/li><li>Descri\u00e7\u00f5es e fichas de dados t\u00e9cnicas<\/li><li>Normas<\/li><li>Especifica\u00e7\u00f5es<\/li><li>Patentes t\u00e9cnicas<\/li><li>Manuais t\u00e9cnicos<\/li><li>Manuais de instru\u00e7\u00f5es<\/li><li>Guias do usu\u00e1rio<\/li><\/ul>\n\n\n\n<h2 class=\"wp-block-heading\">Tradu\u00e7\u00e3o t\u00e9cnica em todos os idiomas<\/h2>\n\n\n\n<ul class=\"wp-block-list\"><li><a href=\"https:\/\/culturesconnection.com\/pt-br\/servicos-de-traducao-tecnica-em-frances\/\">Tradu\u00e7\u00e3o t\u00e9cnica em franc\u00eas<\/a><\/li><li><a href=\"https:\/\/culturesconnection.com\/pt-br\/servicos-de-traducao-tecnica-em-espanhol\/\">Tradu\u00e7\u00e3o t\u00e9cnica em espanhol<\/a><\/li><li><a href=\"https:\/\/culturesconnection.com\/pt-br\/servicos-de-traducao-tecnica-alema\/\">Tradu\u00e7\u00e3o t\u00e9cnica em alem\u00e3o<\/a><\/li><li><a href=\"https:\/\/culturesconnection.com\/pt-br\/servicos-de-traducao-tecnica-em-chines\/\">Tradu\u00e7\u00e3o t\u00e9cnica em chin\u00eas<\/a><\/li><li><a href=\"https:\/\/culturesconnection.com\/pt-br\/servicos-de-traducao-tecnica-arabe\/\">Tradu\u00e7\u00e3o t\u00e9cnica em \u00e1rabe<\/a><\/li><li><a href=\"https:\/\/culturesconnection.com\/pt-br\/servicos-de-traducao-tecnica-em-italiano\/\">Tradu\u00e7\u00e3o t\u00e9cnica em italiano<\/a><\/li><li><a href=\"https:\/\/culturesconnection.com\/pt-br\/servicos-de-traducao-tecnica-em-holandes\/\">Tradu\u00e7\u00e3o t\u00e9cnica em holand\u00eas<\/a><\/li><li><a href=\"https:\/\/culturesconnection.com\/pt-br\/servicos-de-traducao-tecnica-em-turco\/\">Tradu\u00e7\u00e3o t\u00e9cnica em turco<\/a><\/li><li><a href=\"https:\/\/culturesconnection.com\/pt-br\/servicos-de-traducao-tecnica-em-russo\/\">Tradu\u00e7\u00e3o t\u00e9cnica em russo<\/a><\/li><\/ul>\n","protected":false},"excerpt":{"rendered":"<p>Tradu\u00e7\u00e3o t\u00e9cnica em japon\u00eas: um verdadeiro desafio A globaliza\u00e7\u00e3o fez com que a tradu\u00e7\u00e3o de documentos seja um passo essencial para empresas que desejam exportar [&#8230;]<\/p>\n<p><a class=\"btn btn-secondary understrap-read-more-link\" href=\"https:\/\/culturesconnection.com\/pt-br\/servicos-de-traducao-de-japones\/servicos-de-traducao-tecnica-em-japones\/\">Leia mais&#8230;<span class=\"screen-reader-text\"> from Nossos servi\u00e7os de tradu\u00e7\u00e3o t\u00e9cnica em japon\u00eas<\/span><\/a><\/p>\n","protected":false},"author":22,"featured_media":24335,"parent":9859,"menu_order":0,"comment_status":"closed","ping_status":"closed","template":"","meta":{"_acf_changed":false,"_editorskit_title_hidden":false,"_editorskit_reading_time":0,"_editorskit_is_block_options_detached":false,"_editorskit_block_options_position":"{}","footnotes":""},"class_list":["post-9867","page","type-page","status-publish","has-post-thumbnail","hentry"],"acf":[],"_links":{"self":[{"href":"https:\/\/culturesconnection.com\/pt-br\/wp-json\/wp\/v2\/pages\/9867","targetHints":{"allow":["GET"]}}],"collection":[{"href":"https:\/\/culturesconnection.com\/pt-br\/wp-json\/wp\/v2\/pages"}],"about":[{"href":"https:\/\/culturesconnection.com\/pt-br\/wp-json\/wp\/v2\/types\/page"}],"author":[{"embeddable":true,"href":"https:\/\/culturesconnection.com\/pt-br\/wp-json\/wp\/v2\/users\/22"}],"replies":[{"embeddable":true,"href":"https:\/\/culturesconnection.com\/pt-br\/wp-json\/wp\/v2\/comments?post=9867"}],"version-history":[{"count":0,"href":"https:\/\/culturesconnection.com\/pt-br\/wp-json\/wp\/v2\/pages\/9867\/revisions"}],"up":[{"embeddable":true,"href":"https:\/\/culturesconnection.com\/pt-br\/wp-json\/wp\/v2\/pages\/9859"}],"wp:featuredmedia":[{"embeddable":true,"href":"https:\/\/culturesconnection.com\/pt-br\/wp-json\/wp\/v2\/media\/24335"}],"wp:attachment":[{"href":"https:\/\/culturesconnection.com\/pt-br\/wp-json\/wp\/v2\/media?parent=9867"}],"curies":[{"name":"wp","href":"https:\/\/api.w.org\/{rel}","templated":true}]}}