{"id":9864,"date":"2018-06-18T21:22:43","date_gmt":"2018-06-18T19:22:43","guid":{"rendered":"http:\/\/culturesconnection.com\/?page_id=9864"},"modified":"2022-06-19T00:12:04","modified_gmt":"2022-06-18T22:12:04","slug":"servicos-de-traducao-medica-em-japones","status":"publish","type":"page","link":"https:\/\/culturesconnection.com\/pt-br\/servicos-de-traducao-de-japones\/servicos-de-traducao-medica-em-japones\/","title":{"rendered":"Nossos servi\u00e7os de tradu\u00e7\u00e3o m\u00e9dica em japon\u00eas"},"content":{"rendered":"\n<h2 class=\"wp-block-heading\">Especialistas em tradu\u00e7\u00e3o m\u00e9dica em portugu\u00eas-japon\u00eas<\/h2>\n\n\n\n<p>A medicina \u00e9 um campo que se est\u00e1 tornando cada vez mais internacional. Traduzir um texto m\u00e9dico do portugu\u00eas para o japon\u00eas \u00e9 uma tarefa muito complexa. A terminologia deve ser precisa e consistente com o texto de origem. \u00c9 essencial utilizar os servi\u00e7os de um tradutor m\u00e9dico profissional cuja especializa\u00e7\u00e3o est\u00e1 em conson\u00e2ncia com o tema do documento m\u00e9dico que voc\u00ea deseja traduzir.<\/p>\n\n\n\n<h2 class=\"wp-block-heading\">Voc\u00ea precisa de uma ag\u00eancia de tradu\u00e7\u00e3o de medicina?<\/h2>\n\n\n\n<p>Voc\u00ea precisa dos servi\u00e7os de um tradutor m\u00e9dico de japon\u00eas-portugu\u00eas ou de portugu\u00eas -japon\u00eas? Nossa equipe de especialistas tem habilidades m\u00e9dicas e excelentes habilidades lingu\u00edsticas. A <a href=\"https:\/\/culturesconnection.com\/pt-br\/\">Cultures Connection<\/a> facilita a dissemina\u00e7\u00e3o do conhecimento m\u00e9dico entre falantes de japon\u00eas e portugu\u00eas. Nossa empresa de tradu\u00e7\u00e3o traduz documentos em muitas especialidades: bioqu\u00edmica, cirurgia, dermatologia, geriatria, hematologia, neurocirurgia e muitos mais! N\u00f3s garantimos a alta qualidade de nossos <a href=\"https:\/\/culturesconnection.com\/pt-br\/servicos-de-traducao\/\">servi\u00e7os de tradu\u00e7\u00e3o<\/a> com credibilidade e agilidade.<\/p>\n\n\n\n<h2 class=\"wp-block-heading\">Tradu\u00e7\u00e3o de documentos m\u00e9dicos em japon\u00eas<\/h2>\n\n\n\n<p>Cultures Connection fornece tradu\u00e7\u00f5es para uma ampla gama de <a href=\"https:\/\/culturesconnection.com\/pt-br\/servicos-de-traducao-medica\/\">documentos m\u00e9dicos<\/a> para e do japon\u00eas. Aqui est\u00e3o alguns exemplos:<\/p>\n\n\n\n<ul class=\"wp-block-list\"><li>Revistas<\/li><li>Relat\u00f3rios de confer\u00eancia<\/li><li>Publica\u00e7\u00f5es<\/li><li>Relat\u00f3rios de projeto e pesquisa<\/li><li>Resultados de estudos e relat\u00f3rios de novas pesquisas<\/li><li>Obras de interesse geral<\/li><li>Relat\u00f3rios de auditoria<\/li><li>Question\u00e1rios<\/li><li>Folhetos<\/li><li>Dosagens para novos produtos<\/li><li>Resultados de ensaios cl\u00ednicos<\/li><li>Regulamenta\u00e7\u00e3o farmac\u00eautica<\/li><li>Relat\u00f3rios m\u00e9dicos<\/li><\/ul>\n\n\n\n<h2 class=\"wp-block-heading\">Tradu\u00e7\u00e3o m\u00e9dica em todos os idiomas<\/h2>\n\n\n\n<ul class=\"wp-block-list\"><li><a href=\"https:\/\/culturesconnection.com\/pt-br\/servicos-de-traducao-medica-em-frances\/\">Tradu\u00e7\u00e3o m\u00e9dica em franc\u00eas<\/a><\/li><li><a href=\"https:\/\/culturesconnection.com\/pt-br\/servicos-de-traducao-medica-em-espanhol\/\">Tradu\u00e7\u00e3o m\u00e9dica em espanhol<\/a><\/li><li><a href=\"https:\/\/culturesconnection.com\/pt-br\/servicos-de-traducao-medica-em-alemao\/\">Tradu\u00e7\u00e3o m\u00e9dica em alem\u00e3o<\/a><\/li><li><a href=\"https:\/\/culturesconnection.com\/pt-br\/servicos-de-traducao-de-medicina-em-chines\/\">Tradu\u00e7\u00e3o m\u00e9dica em chin\u00eas<\/a><\/li><li><a href=\"https:\/\/culturesconnection.com\/pt-br\/servicos-de-traducao-medica-em-arabe\/\">Tradu\u00e7\u00e3o m\u00e9dica em \u00e1rabe<\/a><\/li><li><a href=\"https:\/\/culturesconnection.com\/pt-br\/servicos-de-traducao-medica-em-italiano\/\">Tradu\u00e7\u00e3o m\u00e9dica em italiano<\/a><\/li><li><a href=\"https:\/\/culturesconnection.com\/pt-br\/servicos-de-traducao-medica-em-holandes\/\">Tradu\u00e7\u00e3o m\u00e9dica em holand\u00eas<\/a><\/li><li><a href=\"https:\/\/culturesconnection.com\/pt-br\/servicos-de-traducao-medica-em-turco\/\">Tradu\u00e7\u00e3o m\u00e9dica em turco<\/a><\/li><li><a href=\"https:\/\/culturesconnection.com\/pt-br\/servicos-de-traducao-medica-em-russo\/\">Tradu\u00e7\u00e3o m\u00e9dica em russo<\/a><\/li><\/ul>\n","protected":false},"excerpt":{"rendered":"<p>Especialistas em tradu\u00e7\u00e3o m\u00e9dica em portugu\u00eas-japon\u00eas A medicina \u00e9 um campo que se est\u00e1 tornando cada vez mais internacional. Traduzir um texto m\u00e9dico do portugu\u00eas [&#8230;]<\/p>\n<p><a class=\"btn btn-secondary understrap-read-more-link\" href=\"https:\/\/culturesconnection.com\/pt-br\/servicos-de-traducao-de-japones\/servicos-de-traducao-medica-em-japones\/\">Leia mais&#8230;<span class=\"screen-reader-text\"> from Nossos servi\u00e7os de tradu\u00e7\u00e3o m\u00e9dica em japon\u00eas<\/span><\/a><\/p>\n","protected":false},"author":22,"featured_media":24335,"parent":9859,"menu_order":0,"comment_status":"closed","ping_status":"closed","template":"","meta":{"_acf_changed":false,"_editorskit_title_hidden":false,"_editorskit_reading_time":0,"_editorskit_is_block_options_detached":false,"_editorskit_block_options_position":"{}","footnotes":""},"class_list":["post-9864","page","type-page","status-publish","has-post-thumbnail","hentry"],"acf":[],"_links":{"self":[{"href":"https:\/\/culturesconnection.com\/pt-br\/wp-json\/wp\/v2\/pages\/9864","targetHints":{"allow":["GET"]}}],"collection":[{"href":"https:\/\/culturesconnection.com\/pt-br\/wp-json\/wp\/v2\/pages"}],"about":[{"href":"https:\/\/culturesconnection.com\/pt-br\/wp-json\/wp\/v2\/types\/page"}],"author":[{"embeddable":true,"href":"https:\/\/culturesconnection.com\/pt-br\/wp-json\/wp\/v2\/users\/22"}],"replies":[{"embeddable":true,"href":"https:\/\/culturesconnection.com\/pt-br\/wp-json\/wp\/v2\/comments?post=9864"}],"version-history":[{"count":0,"href":"https:\/\/culturesconnection.com\/pt-br\/wp-json\/wp\/v2\/pages\/9864\/revisions"}],"up":[{"embeddable":true,"href":"https:\/\/culturesconnection.com\/pt-br\/wp-json\/wp\/v2\/pages\/9859"}],"wp:featuredmedia":[{"embeddable":true,"href":"https:\/\/culturesconnection.com\/pt-br\/wp-json\/wp\/v2\/media\/24335"}],"wp:attachment":[{"href":"https:\/\/culturesconnection.com\/pt-br\/wp-json\/wp\/v2\/media?parent=9864"}],"curies":[{"name":"wp","href":"https:\/\/api.w.org\/{rel}","templated":true}]}}