{"id":9862,"date":"2018-06-18T21:22:46","date_gmt":"2018-06-18T19:22:46","guid":{"rendered":"http:\/\/culturesconnection.com\/?page_id=9862"},"modified":"2022-06-19T22:29:22","modified_gmt":"2022-06-19T20:29:22","slug":"servicos-de-traducao-juridica-em-japones","status":"publish","type":"page","link":"https:\/\/culturesconnection.com\/pt-br\/servicos-de-traducao-de-japones\/servicos-de-traducao-juridica-em-japones\/","title":{"rendered":"Nossos servi\u00e7os de tradu\u00e7\u00e3o jur\u00eddica em japon\u00eas"},"content":{"rendered":"\n<h2 class=\"wp-block-heading\">Trabalho realizado por especialistas de tradu\u00e7\u00e3o jur\u00eddica de portugu\u00eas-japon\u00eas<\/h2>\n\n\n\n<p>A tradu\u00e7\u00e3o de um documento legal para o japon\u00eas \u00e9 uma tarefa que requer muitas habilidades. Diferentes conceitos s\u00e3o utilizados em cada pa\u00eds e jurisdi\u00e7\u00e3o, o que torna a tarefa do tradutor jur\u00eddico muito mais dif\u00edcil. Os termos tamb\u00e9m diferem de um idioma para outro, e \u00e0s vezes as palavras simplesmente n\u00e3o tem um equivalente na l\u00edngua-alvo. Nesta \u00e1rea e especialmente quando se trata de direito societ\u00e1rio, um erro pode ter repercuss\u00f5es graves. Esse \u00e9 um trabalho que deve ser realizado por profissionais altamente especializados e familiarizados com as quest\u00f5es jur\u00eddicas e a terminologia que aparecem nos textos de origem e de destino.<\/p>\n\n\n\n<h2 class=\"wp-block-heading\">Nossa ag\u00eancia de tradu\u00e7\u00e3o jur\u00eddica<\/h2>\n\n\n\n<p>Ao escolher nossa <a href=\"https:\/\/culturesconnection.com\/pt-br\/\">ag\u00eancia de tradu\u00e7\u00e3o<\/a> para traduzir seus documentos legais para japon\u00eas voc\u00ea estar\u00e1 optando pela qualidade, pontualidade e precis\u00e3o necess\u00e1rias a este tipo de trabalho. N\u00f3s temos vasto conhecimento no campo da tradu\u00e7\u00e3o jur\u00eddica e traduzimos todos os tipos de documentos. A Cultures Connection trabalha com uma equipe de tradutores e revisores profissionais, especializada em tradu\u00e7\u00e3o jur\u00eddica em japon\u00eas. Eles s\u00e3o peritos nas \u00e1reas legais brasileira e japonesa e tem um alto grau de conhecimento da terminologia jur\u00eddica do portugu\u00eas e do japon\u00eas. De fato, nossos tradutores s\u00e3o todos altamente qualificados e possuem vasta experi\u00eancia na \u00e1rea, pois em muitos casos s\u00e3o antigos advogados ou juristas, por exemplo. Por todas estas raz\u00f5es, uma tradu\u00e7\u00e3o jur\u00eddica geralmente custa um pouco mais do que outro <a href=\"https:\/\/culturesconnection.com\/pt-br\/servicos-de-traducao\/\">servi\u00e7o de tradu\u00e7\u00e3o<\/a> regular.<\/p>\n\n\n\n<h2 class=\"wp-block-heading\">Tradu\u00e7\u00e3o de documentos jur\u00eddicos em japon\u00eas<\/h2>\n\n\n\n<p>Abaixo, alguns exemplos de documentos que nossos especialistas em <a href=\"https:\/\/culturesconnection.com\/pt-br\/servicos-de-traducao-juridica\/\">tradu\u00e7\u00e3o jur\u00eddica<\/a> tratam regularmente:<\/p>\n\n\n\n<ul class=\"wp-block-list\"><li>Contratos de distribui\u00e7\u00e3o, vendas e emprego<\/li><li>Apresenta\u00e7\u00e3o de queixas<\/li><li>Procedimentos legais<\/li><li>Termos e condi\u00e7\u00f5es<\/li><li>Relat\u00f3rios de peritos<\/li><li>Regulamentos<\/li><li>Registros de heran\u00e7a<\/li><li>Peti\u00e7\u00f5es de div\u00f3rcio<\/li><li>Cl\u00e1usulas de n\u00e3o concorr\u00eancia e n\u00e3o-confidencialidade<\/li><li>Cartas de inten\u00e7\u00e3o<\/li><li>Procura\u00e7\u00f5es<\/li><li>Libera\u00e7\u00e3o judicial<\/li><li>Contrato de sociedade<\/li><\/ul>\n\n\n\n<h3 class=\"wp-block-heading\"><img decoding=\"async\" src=\"https:\/\/upload.wikimedia.org\/wikipedia\/commons\/thumb\/8\/8d\/U%2B2192.svg\/25px-U%2B2192.svg.png\" alt=\"U + 2192.svg\"> Tradu\u00e7\u00e3o jur\u00eddica em todos os idiomas<\/h3>\n\n\n\n<ul class=\"wp-block-list\"><li><a href=\"https:\/\/culturesconnection.com\/pt-br\/servicos-de-traducao-juridica-em-frances\/\">Tradu\u00e7\u00e3o jur\u00eddica em franc\u00eas<\/a><\/li><li><a href=\"https:\/\/culturesconnection.com\/pt-br\/servicos-de-traducao-juridica-em-espanhol\/\">Tradu\u00e7\u00e3o jur\u00eddica em espanhol<\/a><\/li><li><a href=\"https:\/\/culturesconnection.com\/pt-br\/servicos-de-traducao-juridica-em-alemao\/\">Tradu\u00e7\u00e3o jur\u00eddica em alem\u00e3o<\/a><\/li><li><a href=\"https:\/\/culturesconnection.com\/pt-br\/servicos-de-traducao-juridica-em-chines\/\">Tradu\u00e7\u00e3o jur\u00eddica em chin\u00eas<\/a><\/li><li><a href=\"https:\/\/culturesconnection.com\/pt-br\/servicos-de-traducao-juridica-em-arabe\/\">Tradu\u00e7\u00e3o jur\u00eddica em \u00e1rabe<\/a><\/li><li><a href=\"https:\/\/culturesconnection.com\/pt-br\/servicos-de-traducao-juridica-em-italiano\/\">Tradu\u00e7\u00e3o jur\u00eddica em italiano<\/a><\/li><li><a href=\"https:\/\/culturesconnection.com\/pt-br\/servicos-de-traducao-juridica-em-holandes\/\">Tradu\u00e7\u00e3o jur\u00eddica em holand\u00eas<\/a><\/li><li><a href=\"https:\/\/culturesconnection.com\/pt-br\/servicos-de-traducao-juridica-em-turco\/\">Tradu\u00e7\u00e3o jur\u00eddica em turco<\/a><\/li><li><a href=\"https:\/\/culturesconnection.com\/pt-br\/servicos-de-traducao-juridica-em-russo\/\">Tradu\u00e7\u00e3o jur\u00eddica em russo<\/a><\/li><\/ul>\n","protected":false},"excerpt":{"rendered":"<p>Trabalho realizado por especialistas de tradu\u00e7\u00e3o jur\u00eddica de portugu\u00eas-japon\u00eas A tradu\u00e7\u00e3o de um documento legal para o japon\u00eas \u00e9 uma tarefa que requer muitas habilidades. [&#8230;]<\/p>\n<p><a class=\"btn btn-secondary understrap-read-more-link\" href=\"https:\/\/culturesconnection.com\/pt-br\/servicos-de-traducao-de-japones\/servicos-de-traducao-juridica-em-japones\/\">Leia mais&#8230;<span class=\"screen-reader-text\"> from Nossos servi\u00e7os de tradu\u00e7\u00e3o jur\u00eddica em japon\u00eas<\/span><\/a><\/p>\n","protected":false},"author":22,"featured_media":24335,"parent":9859,"menu_order":0,"comment_status":"closed","ping_status":"closed","template":"","meta":{"_acf_changed":false,"_editorskit_title_hidden":false,"_editorskit_reading_time":0,"_editorskit_is_block_options_detached":false,"_editorskit_block_options_position":"{}","footnotes":""},"class_list":["post-9862","page","type-page","status-publish","has-post-thumbnail","hentry"],"acf":[],"_links":{"self":[{"href":"https:\/\/culturesconnection.com\/pt-br\/wp-json\/wp\/v2\/pages\/9862","targetHints":{"allow":["GET"]}}],"collection":[{"href":"https:\/\/culturesconnection.com\/pt-br\/wp-json\/wp\/v2\/pages"}],"about":[{"href":"https:\/\/culturesconnection.com\/pt-br\/wp-json\/wp\/v2\/types\/page"}],"author":[{"embeddable":true,"href":"https:\/\/culturesconnection.com\/pt-br\/wp-json\/wp\/v2\/users\/22"}],"replies":[{"embeddable":true,"href":"https:\/\/culturesconnection.com\/pt-br\/wp-json\/wp\/v2\/comments?post=9862"}],"version-history":[{"count":0,"href":"https:\/\/culturesconnection.com\/pt-br\/wp-json\/wp\/v2\/pages\/9862\/revisions"}],"up":[{"embeddable":true,"href":"https:\/\/culturesconnection.com\/pt-br\/wp-json\/wp\/v2\/pages\/9859"}],"wp:featuredmedia":[{"embeddable":true,"href":"https:\/\/culturesconnection.com\/pt-br\/wp-json\/wp\/v2\/media\/24335"}],"wp:attachment":[{"href":"https:\/\/culturesconnection.com\/pt-br\/wp-json\/wp\/v2\/media?parent=9862"}],"curies":[{"name":"wp","href":"https:\/\/api.w.org\/{rel}","templated":true}]}}