{"id":9861,"date":"2018-06-18T21:22:48","date_gmt":"2018-06-18T19:22:48","guid":{"rendered":"http:\/\/culturesconnection.com\/?page_id=9861"},"modified":"2022-06-21T01:38:36","modified_gmt":"2022-06-20T23:38:36","slug":"servicos-de-traducao-financeira-em-japones","status":"publish","type":"page","link":"https:\/\/culturesconnection.com\/pt-br\/servicos-de-traducao-de-japones\/servicos-de-traducao-financeira-em-japones\/","title":{"rendered":"Nossos servi\u00e7os de tradu\u00e7\u00e3o financeira em japon\u00eas"},"content":{"rendered":"\n<h2 class=\"wp-block-heading\">Especialistas de tradu\u00e7\u00e3o financeira de portugu\u00eas-japon\u00eas \u00e0 sua disposi\u00e7\u00e3o<\/h2>\n\n\n\n<p>Precis\u00e3o e rigor s\u00e3o qualidades essenciais para tradu\u00e7\u00e3o financeira japonesa. Um s\u00f3lido conhecimento do mundo financeiro \u00e9 necess\u00e1rio, mas n\u00e3o suficiente. O profissional a quem voc\u00ea est\u00e1 confiando suas tradu\u00e7\u00f5es tamb\u00e9m deve ter conhecimento da terminologia e regulamentos. Se o tradutor comete um erro, as consequ\u00eancias podem ser significativas. Por exemplo, na tradu\u00e7\u00e3o de documentos de seguros um cliente pode perder as garantias previstas no contrato se a tradu\u00e7\u00e3o do documento n\u00e3o for boa. Uma m\u00e1 tradu\u00e7\u00e3o pode tamb\u00e9m dificultar a compreens\u00e3o e fazer as empresas perderem clientes que ser\u00e3o negativamente influenciados na sua decis\u00e3o. \u00c9, portanto, essencial escolher a <a href=\"https:\/\/culturesconnection.com\/pt-br\/\">empresa de tradu\u00e7\u00e3o<\/a> correta para confiar sua tradu\u00e7\u00e3o de documentos financeiros em japon\u00eas.<\/p>\n\n\n\n<h2 class=\"wp-block-heading\">Nossa ag\u00eancia de tradu\u00e7\u00e3o financeira<\/h2>\n\n\n\n<p>Cultures Connection apenas trabalha com profissionais do mundo das finan\u00e7as para tradu\u00e7\u00f5es de documentos financeiros. Portanto podemos garantir \u00f3timos <a href=\"https:\/\/culturesconnection.com\/pt-br\/servicos-de-traducao\/\">servi\u00e7os de tradu\u00e7\u00e3o<\/a> neste campo. Tradutores e revisores s\u00e3o selecionados com base em suas qualifica\u00e7\u00f5es e experi\u00eancia e todos j\u00e1 trabalharam na \u00e1rea de finan\u00e7as. Seus projetos ser\u00e3o realizados por especialistas financeiros altamente proficientes em suas l\u00ednguas de trabalho e eles traduzem apenas para sua l\u00edngua materna. Al\u00e9m do mais garatimos evidentemente o sigilo de seus documentos.<\/p>\n\n\n\n<h2 class=\"wp-block-heading\">Tradu\u00e7\u00e3o de documentos financeiros em japon\u00eas<\/h2>\n\n\n\n<p>Eis abaixo uma lista de exemplos de <a href=\"https:\/\/culturesconnection.com\/pt-br\/servicos-de-traducao-financeira\/\">documentos financeiros<\/a>&nbsp;e econ\u00f4micos traduzidos a partir de ou para o japon\u00eas:<\/p>\n\n\n\n<ul class=\"wp-block-list\"><li>Documentos de informa\u00e7\u00e3o fundamental<\/li><li>Folhetos<\/li><li>Relat\u00f3rios do fundo de investimento<\/li><li>Relat\u00f3rios de atividade<\/li><li>Balan\u00e7os patrimoniais<\/li><li>Bolsa de valores<\/li><li>Documentos banc\u00e1rios<\/li><li>Documentos de informa\u00e7\u00e3o financeira<\/li><li>Trabalhos de investiga\u00e7\u00e3o<\/li><li>Documentos de gest\u00e3o de risco e gest\u00e3o de ativos<\/li><li>Relat\u00f3rios de auditoria<\/li><li>Textos sobre fus\u00f5es e aquisi\u00e7\u00f5es<\/li><\/ul>\n\n\n\n<h2 class=\"wp-block-heading\">Tradu\u00e7\u00e3o financeira em todos os idiomas<\/h2>\n\n\n\n<ul class=\"wp-block-list\"><li><a href=\"https:\/\/culturesconnection.com\/pt-br\/servicos-de-traducao-financeira-em-frances\/\">Tradu\u00e7\u00e3o financeira em franc\u00eas<\/a><\/li><li><a href=\"https:\/\/culturesconnection.com\/pt-br\/servicos-de-traducao-financeira-em-espanhol\/\">Tradu\u00e7\u00e3o financeira em espanhol<\/a><\/li><li><a href=\"https:\/\/culturesconnection.com\/pt-br\/servicos-de-traducao-financeira-em-alemao\/\">Tradu\u00e7\u00e3o financeira em alem\u00e3o<\/a><\/li><li><a href=\"https:\/\/culturesconnection.com\/pt-br\/servicos-de-traducao-financeira-chinesa\/\">Tradu\u00e7\u00e3o financeira em chin\u00eas<\/a><\/li><li><a href=\"https:\/\/culturesconnection.com\/pt-br\/servicos-de-traducao-financeira-arabe\/\">Tradu\u00e7\u00e3o financeira em \u00e1rabe<\/a><\/li><li><a href=\"https:\/\/culturesconnection.com\/pt-br\/nossos-servicos-de-traducao-financeira-em-ingles\/\">Tradu\u00e7\u00e3o financeira em ingl\u00eas<\/a><\/li><li><a href=\"https:\/\/culturesconnection.com\/pt-br\/servicos-de-traducao-financeira-em-italiano\/\">Tradu\u00e7\u00e3o financeira em italiano<\/a><\/li><li><a href=\"https:\/\/culturesconnection.com\/pt-br\/servicos-de-traducao-financeira-em-holandes\/\">Tradu\u00e7\u00e3o financeira em holand\u00eas<\/a><\/li><li><a href=\"https:\/\/culturesconnection.com\/pt-br\/servicos-de-traducao-financeira-em-turco\/\">Tradu\u00e7\u00e3o financeira em turco<\/a><\/li><li><a href=\"https:\/\/culturesconnection.com\/pt-br\/servicos-de-traducao-financeira-em-russo\/\">Tradu\u00e7\u00e3o financeira em russo<\/a><\/li><\/ul>\n","protected":false},"excerpt":{"rendered":"<p>Especialistas de tradu\u00e7\u00e3o financeira de portugu\u00eas-japon\u00eas \u00e0 sua disposi\u00e7\u00e3o Precis\u00e3o e rigor s\u00e3o qualidades essenciais para tradu\u00e7\u00e3o financeira japonesa. Um s\u00f3lido conhecimento do mundo financeiro [&#8230;]<\/p>\n<p><a class=\"btn btn-secondary understrap-read-more-link\" href=\"https:\/\/culturesconnection.com\/pt-br\/servicos-de-traducao-de-japones\/servicos-de-traducao-financeira-em-japones\/\">Leia mais&#8230;<span class=\"screen-reader-text\"> from Nossos servi\u00e7os de tradu\u00e7\u00e3o financeira em japon\u00eas<\/span><\/a><\/p>\n","protected":false},"author":22,"featured_media":24335,"parent":9859,"menu_order":0,"comment_status":"closed","ping_status":"closed","template":"","meta":{"_acf_changed":false,"_editorskit_title_hidden":false,"_editorskit_reading_time":0,"_editorskit_is_block_options_detached":false,"_editorskit_block_options_position":"{}","footnotes":""},"class_list":["post-9861","page","type-page","status-publish","has-post-thumbnail","hentry"],"acf":[],"_links":{"self":[{"href":"https:\/\/culturesconnection.com\/pt-br\/wp-json\/wp\/v2\/pages\/9861","targetHints":{"allow":["GET"]}}],"collection":[{"href":"https:\/\/culturesconnection.com\/pt-br\/wp-json\/wp\/v2\/pages"}],"about":[{"href":"https:\/\/culturesconnection.com\/pt-br\/wp-json\/wp\/v2\/types\/page"}],"author":[{"embeddable":true,"href":"https:\/\/culturesconnection.com\/pt-br\/wp-json\/wp\/v2\/users\/22"}],"replies":[{"embeddable":true,"href":"https:\/\/culturesconnection.com\/pt-br\/wp-json\/wp\/v2\/comments?post=9861"}],"version-history":[{"count":0,"href":"https:\/\/culturesconnection.com\/pt-br\/wp-json\/wp\/v2\/pages\/9861\/revisions"}],"up":[{"embeddable":true,"href":"https:\/\/culturesconnection.com\/pt-br\/wp-json\/wp\/v2\/pages\/9859"}],"wp:featuredmedia":[{"embeddable":true,"href":"https:\/\/culturesconnection.com\/pt-br\/wp-json\/wp\/v2\/media\/24335"}],"wp:attachment":[{"href":"https:\/\/culturesconnection.com\/pt-br\/wp-json\/wp\/v2\/media?parent=9861"}],"curies":[{"name":"wp","href":"https:\/\/api.w.org\/{rel}","templated":true}]}}