{"id":9859,"date":"2018-06-18T21:24:29","date_gmt":"2018-06-18T19:24:29","guid":{"rendered":"http:\/\/culturesconnection.com\/?page_id=9859"},"modified":"2022-06-14T23:13:43","modified_gmt":"2022-06-14T21:13:43","slug":"servicos-de-traducao-de-japones","status":"publish","type":"page","link":"https:\/\/culturesconnection.com\/pt-br\/servicos-de-traducao-de-japones\/","title":{"rendered":"Nossos Servi\u00e7os de Tradu\u00e7\u00e3o em Japon\u00eas"},"content":{"rendered":"\n<h2 class=\"wp-block-heading\">Nossos servi\u00e7os de tradu\u00e7\u00e3o profissional em japon\u00eas<\/h2>\n\n\n\n<p>Terceiro poder econ\u00f4mico mundial, o Jap\u00e3o representa um parceiro econ\u00f4mico ideal. Confrontados com a barreira da l\u00edngua, mais e mais empresas lan\u00e7am m\u00e3o de <a href=\"https:\/\/culturesconnection.com\/pt-br\/servicos-de-traducao\/\">servi\u00e7os de tradu\u00e7\u00e3o<\/a> para o japon\u00eas. Nossos clientes s\u00e3o frequentemente, provenientes de setores comerciais de elevado valor, como a ind\u00fastria nuclear, aeron\u00e1utica, autom\u00f3veis, eletr\u00f4nica, agroalimentar, produtos farmac\u00eauticos ou moda.<\/p>\n\n\n\n<h2 class=\"wp-block-heading\">Procurando um tradutor de japon\u00eas?<\/h2>\n\n\n\n<p>O japon\u00eas \u00e9 uma l\u00edngua particularmente complexa e somente <a href=\"https:\/\/culturesconnection.com\/pt-br\/tradutor-profissional\/\">tradutores experientes<\/a> ser\u00e3o capazes de transmitir suas sutilezas culturais e lingu\u00edsticas. Para isso, recrutamos apenas tradutores com diplomas de reconhecimento internacional e um m\u00ednimo de cinco anos de experi\u00eancia em tradu\u00e7\u00e3o. Para se juntar a nossa <a href=\"https:\/\/culturesconnection.com\/pt-br\/\">ag\u00eancia de tradu\u00e7\u00e3o<\/a>, eles devem passar por uma s\u00e9rie de testes&nbsp;lingu\u00edsticos. Nossos tradutores traduzem apenas em suas l\u00ednguas de trabalho e s\u00e3o especializados em \u00e1reas t\u00e9cnicas espc\u00edficas. Somando-se a isso e para que voc\u00ea possa se beneficiar de tradu\u00e7\u00f5es de qualidade, nossos gestores de projetos confiam seus documentos ao tradutor mais adaptado ao seu projeto.<\/p>\n\n\n\n<p>Cultures Connection garante a melhor rela\u00e7\u00e3o qualidade-pre\u00e7o, gra\u00e7as aos nossos quatro n\u00edveis de servi\u00e7os de tradu\u00e7\u00e3o: B\u00e1sico, Standard, Professional e Premium. A nossa equipe se adapta \u00e0s suas necessidades e garante a entrega das suas tradu\u00e7\u00f5es de e para o japon\u00eas, o mais rapidamente poss\u00edvel, mesmo no caso de servi\u00e7os de tradu\u00e7\u00e3o urgentes.<\/p>\n\n\n\n<h2 class=\"wp-block-heading\">Todos nossos servi\u00e7os de tradu\u00e7\u00e3o de japon\u00eas<\/h2>\n\n\n\n<ul class=\"wp-block-list\"><li><a href=\"https:\/\/culturesconnection.com\/pt-br\/servicos-de-traducao-financeira-em-japones\/\">Servi\u00e7os de tradu\u00e7\u00e3o financeira em japon\u00eas<\/a><\/li><li><a href=\"https:\/\/culturesconnection.com\/pt-br\/servicos-de-traducao-empresarial-em-japones\/\">Servi\u00e7os de tradu\u00e7\u00e3o empresarial em japon\u00eas<\/a><\/li><li><a href=\"https:\/\/culturesconnection.com\/pt-br\/servicos-de-traducao-cientifica-em-japones\/\">Servi\u00e7os de tradu\u00e7\u00e3o cient\u00edfica em japon\u00eas<\/a><\/li><li><a href=\"https:\/\/culturesconnection.com\/pt-br\/servicos-de-traducao-medica-em-japones\/\">Servi\u00e7os de tradu\u00e7\u00e3o m\u00e9dica em japon\u00eas<\/a><\/li><li><a href=\"https:\/\/culturesconnection.com\/pt-br\/servicos-de-traducao-tecnica-em-japones\/\">Servi\u00e7os de tradu\u00e7\u00e3o t\u00e9cnica em japon\u00eas<\/a><\/li><li><a href=\"https:\/\/culturesconnection.com\/pt-br\/servicos-de-traducao-juridica-em-japones\/\">Servi\u00e7os de tradu\u00e7\u00e3o jur\u00eddica em japon\u00eas<\/a><\/li><li><a href=\"https:\/\/culturesconnection.com\/pt-br\/servicos-de-traducao-de-marketing-em-japones\/\">Servi\u00e7os de tradu\u00e7\u00e3o de marketing em japon\u00eas<\/a><\/li><li><a href=\"https:\/\/culturesconnection.com\/pt-br\/servicos-de-traducao-de-site-em-japones\/\">Servi\u00e7os de tradu\u00e7\u00e3o de websites em japon\u00eas<\/a><\/li><li><a href=\"https:\/\/culturesconnection.com\/pt-br\/servicos-de-legendagem-em-japones\/\">Servi\u00e7os de legendagem em japon\u00eas<\/a><\/li><li><a href=\"https:\/\/culturesconnection.com\/pt-br\/servicos-de-traducao-de-video-game-em-japones\/\">Servi\u00e7os de tradu\u00e7\u00e3o de videogames em japon\u00eas<\/a><\/li><\/ul>\n","protected":false},"excerpt":{"rendered":"<p>Nossos servi\u00e7os de tradu\u00e7\u00e3o profissional em japon\u00eas Terceiro poder econ\u00f4mico mundial, o Jap\u00e3o representa um parceiro econ\u00f4mico ideal. Confrontados com a barreira da l\u00edngua, mais [&#8230;]<\/p>\n<p><a class=\"btn btn-secondary understrap-read-more-link\" href=\"https:\/\/culturesconnection.com\/pt-br\/servicos-de-traducao-de-japones\/\">Leia mais&#8230;<span class=\"screen-reader-text\"> from Nossos Servi\u00e7os de Tradu\u00e7\u00e3o em Japon\u00eas<\/span><\/a><\/p>\n","protected":false},"author":22,"featured_media":23257,"parent":0,"menu_order":0,"comment_status":"closed","ping_status":"closed","template":"","meta":{"_acf_changed":false,"_editorskit_title_hidden":false,"_editorskit_reading_time":0,"_editorskit_is_block_options_detached":false,"_editorskit_block_options_position":"{}","footnotes":""},"class_list":["post-9859","page","type-page","status-publish","has-post-thumbnail","hentry"],"acf":[],"_links":{"self":[{"href":"https:\/\/culturesconnection.com\/pt-br\/wp-json\/wp\/v2\/pages\/9859","targetHints":{"allow":["GET"]}}],"collection":[{"href":"https:\/\/culturesconnection.com\/pt-br\/wp-json\/wp\/v2\/pages"}],"about":[{"href":"https:\/\/culturesconnection.com\/pt-br\/wp-json\/wp\/v2\/types\/page"}],"author":[{"embeddable":true,"href":"https:\/\/culturesconnection.com\/pt-br\/wp-json\/wp\/v2\/users\/22"}],"replies":[{"embeddable":true,"href":"https:\/\/culturesconnection.com\/pt-br\/wp-json\/wp\/v2\/comments?post=9859"}],"version-history":[{"count":0,"href":"https:\/\/culturesconnection.com\/pt-br\/wp-json\/wp\/v2\/pages\/9859\/revisions"}],"wp:featuredmedia":[{"embeddable":true,"href":"https:\/\/culturesconnection.com\/pt-br\/wp-json\/wp\/v2\/media\/23257"}],"wp:attachment":[{"href":"https:\/\/culturesconnection.com\/pt-br\/wp-json\/wp\/v2\/media?parent=9859"}],"curies":[{"name":"wp","href":"https:\/\/api.w.org\/{rel}","templated":true}]}}