{"id":9858,"date":"2018-06-18T21:24:30","date_gmt":"2018-06-18T19:24:30","guid":{"rendered":"http:\/\/culturesconnection.com\/?page_id=9858"},"modified":"2022-06-22T05:45:39","modified_gmt":"2022-06-22T03:45:39","slug":"servicos-de-traducao-de-websites-em-italiano","status":"publish","type":"page","link":"https:\/\/culturesconnection.com\/pt-br\/servicos-de-traducao-em-italiano\/servicos-de-traducao-de-websites-em-italiano\/","title":{"rendered":"Nossos servi\u00e7os de tradu\u00e7\u00e3o de website em italiano"},"content":{"rendered":"\n<h2 class=\"wp-block-heading\">Servi\u00e7os de tradu\u00e7\u00e3o de websites em italiano: atinja visibilidade<\/h2>\n\n\n\n<p>A Internet tornou-se a melhor maneira de chegar a mercados externos e de aumentar as vendas. Seu site \u00e9 a vitrine da sua empresa, a primeira coisa que seus potenciais clientes ver\u00e3o. Embora o ingl\u00eas seja a l\u00edngua mais presente na Internet e que a maioria das pessoas consigam compreend\u00ea-lo, est\u00e1 provado que as vendas s\u00e3o mais contundentes quando estes s\u00e3o apresentados na l\u00edngua nativa dos clientes. Se voc\u00ea deseja internacionalizar seu neg\u00f3cio, voc\u00ea precisar\u00e1 ter seu site traduzido. Tenha cuidado, por\u00e9m, ao escolher um <a href=\"https:\/\/culturesconnection.com\/pt-br\/\">empresa de tradu\u00e7\u00e3o<\/a>; m\u00e1 localiza\u00e7\u00e3o da sua p\u00e1gina Web pode fazer voc\u00ea perder toda a credibilidade. A Internet est\u00e1 cheia de p\u00e1ginas mal traduzidas que trouxeram consequ\u00eancias desastrosas para suas empresas detentoras.<\/p>\n\n\n\n<h2 class=\"wp-block-heading\">Procurando uma ag\u00eancia de servi\u00e7os de tradu\u00e7\u00e3o?<\/h2>\n\n\n\n<p>Cultures Connection oferece seus <a href=\"https:\/\/culturesconnection.com\/pt-br\/servicos-de-traducao-de-web-site\/\">servi\u00e7os de tradu\u00e7\u00e3o de websites<\/a> para o italiano. Nossos tradutores portugu\u00eas-italiano e italiano-portugu\u00eas foram cuidadosamente selecionados e seus trabalhos s\u00e3o de elevado padr\u00e3o de qualidade. Profissionais, bil\u00edngues em portugu\u00eas e italiano, conhecem o mercado no qual voc\u00ea deseja estabelecer-se perfeitamente. Nossa ag\u00eancia de tradu\u00e7\u00e3o oferece-se para traduzir seus sites diretamente no MS Word, CMS (WordPress, Joomla, Magento, PrestaShop, etc.) ou em c\u00f3digo fonte. Cultures Connection \u00e9 a ag\u00eancia em que voc\u00ea pode contar para uma internacionaliza\u00e7\u00e3o de sucesso da sua empresa.<\/p>\n\n\n\n<h2 class=\"wp-block-heading\">Servi\u00e7os de tradu\u00e7\u00e3o de conte\u00fado web para italiano<\/h2>\n\n\n\n<p>Abaixo, apresentamos uma lista de exemplos de documentos web que <a href=\"https:\/\/culturesconnection.com\/pt-br\/servicos-de-traducao\/\">nossa ag\u00eancia de tradu\u00e7\u00e3o j\u00e1 traduziu<\/a>:<\/p>\n\n\n\n<ul class=\"wp-block-list\"><li>Conte\u00fado Web<\/li><li>Com\u00e9rcio eletr\u00f4nico<\/li><li>Aplicativos m\u00f3veis<\/li><li>Plataformas de negocia\u00e7\u00e3o<\/li><li>Folhas de produto<\/li><\/ul>\n\n\n\n<h3 class=\"wp-block-heading\"><img decoding=\"async\" src=\"https:\/\/upload.wikimedia.org\/wikipedia\/commons\/thumb\/8\/8d\/U%2B2192.svg\/25px-U%2B2192.svg.png\" alt=\"U + 2192.svg\"> Tradu\u00e7\u00e3o de websites em todos os idiomas<\/h3>\n\n\n\n<ul class=\"wp-block-list\"><li><a href=\"https:\/\/culturesconnection.com\/pt-br\/servicos-de-traducao-de-website-em-frances\/\">Tradu\u00e7\u00e3o de websites em franc\u00eas<\/a><\/li><li><a href=\"https:\/\/culturesconnection.com\/pt-br\/servicos-de-traducao-de-websites-em-espanhol\/\">Tradu\u00e7\u00e3o de websites em espanhol<\/a><\/li><li><a href=\"https:\/\/culturesconnection.com\/pt-br\/servicos-de-traducao-de-websites-em-alemao\/\">Tradu\u00e7\u00e3o de websites em alem\u00e3o<\/a><\/li><li><a href=\"https:\/\/culturesconnection.com\/pt-br\/servicos-de-traducao-de-site-chines\/\">Tradu\u00e7\u00e3o de websites em chin\u00eas<\/a><\/li><li><a href=\"https:\/\/culturesconnection.com\/pt-br\/servicos-de-traducao-de-site-arabe\/\">Tradu\u00e7\u00e3o de websites em \u00e1rabe<\/a><\/li><li><a href=\"https:\/\/culturesconnection.com\/pt-br\/nossos-servicos-de-traducao-de-sites-em-ingles\/\">Tradu\u00e7\u00e3o de web site em&nbsp;ingl\u00eas<\/a><\/li><li><a href=\"https:\/\/culturesconnection.com\/pt-br\/servicos-de-traducao-de-site-em-holandes\/\">Tradu\u00e7\u00e3o de websites em holand\u00eas<\/a><\/li><li><a href=\"https:\/\/culturesconnection.com\/pt-br\/servicos-de-traducao-de-web-site-em-turco\/\">Tradu\u00e7\u00e3o de websites em turco<\/a><\/li><li><a href=\"https:\/\/culturesconnection.com\/pt-br\/servicos-de-traducao-de-site-em-japones\/\">Tradu\u00e7\u00e3o de websites em japon\u00eas<\/a><\/li><li><a href=\"https:\/\/culturesconnection.com\/pt-br\/servicos-de-traducao-de-website-em-russo\/\">Tradu\u00e7\u00e3o de websites em russo<\/a><\/li><\/ul>\n","protected":false},"excerpt":{"rendered":"<p>Servi\u00e7os de tradu\u00e7\u00e3o de websites em italiano: atinja visibilidade A Internet tornou-se a melhor maneira de chegar a mercados externos e de aumentar as vendas. [&#8230;]<\/p>\n<p><a class=\"btn btn-secondary understrap-read-more-link\" href=\"https:\/\/culturesconnection.com\/pt-br\/servicos-de-traducao-em-italiano\/servicos-de-traducao-de-websites-em-italiano\/\">Leia mais&#8230;<span class=\"screen-reader-text\"> from Nossos servi\u00e7os de tradu\u00e7\u00e3o de website em italiano<\/span><\/a><\/p>\n","protected":false},"author":22,"featured_media":24335,"parent":9857,"menu_order":0,"comment_status":"closed","ping_status":"closed","template":"","meta":{"_acf_changed":false,"_editorskit_title_hidden":false,"_editorskit_reading_time":0,"_editorskit_is_block_options_detached":false,"_editorskit_block_options_position":"{}","footnotes":""},"class_list":["post-9858","page","type-page","status-publish","has-post-thumbnail","hentry"],"acf":[],"_links":{"self":[{"href":"https:\/\/culturesconnection.com\/pt-br\/wp-json\/wp\/v2\/pages\/9858","targetHints":{"allow":["GET"]}}],"collection":[{"href":"https:\/\/culturesconnection.com\/pt-br\/wp-json\/wp\/v2\/pages"}],"about":[{"href":"https:\/\/culturesconnection.com\/pt-br\/wp-json\/wp\/v2\/types\/page"}],"author":[{"embeddable":true,"href":"https:\/\/culturesconnection.com\/pt-br\/wp-json\/wp\/v2\/users\/22"}],"replies":[{"embeddable":true,"href":"https:\/\/culturesconnection.com\/pt-br\/wp-json\/wp\/v2\/comments?post=9858"}],"version-history":[{"count":0,"href":"https:\/\/culturesconnection.com\/pt-br\/wp-json\/wp\/v2\/pages\/9858\/revisions"}],"up":[{"embeddable":true,"href":"https:\/\/culturesconnection.com\/pt-br\/wp-json\/wp\/v2\/pages\/9857"}],"wp:featuredmedia":[{"embeddable":true,"href":"https:\/\/culturesconnection.com\/pt-br\/wp-json\/wp\/v2\/media\/24335"}],"wp:attachment":[{"href":"https:\/\/culturesconnection.com\/pt-br\/wp-json\/wp\/v2\/media?parent=9858"}],"curies":[{"name":"wp","href":"https:\/\/api.w.org\/{rel}","templated":true}]}}