{"id":9857,"date":"2018-06-18T21:24:32","date_gmt":"2018-06-18T19:24:32","guid":{"rendered":"http:\/\/culturesconnection.com\/?page_id=9857"},"modified":"2022-09-01T10:36:05","modified_gmt":"2022-09-01T08:36:05","slug":"servicos-de-traducao-em-italiano","status":"publish","type":"page","link":"https:\/\/culturesconnection.com\/pt-br\/servicos-de-traducao-em-italiano\/","title":{"rendered":"Nossos servi\u00e7os de tradu\u00e7\u00e3o em italiano"},"content":{"rendered":"\n<h2 class=\"wp-block-heading\">Servi\u00e7os de tradu\u00e7\u00e3o profissional em italiano<\/h2>\n\n\n\n<p>A It\u00e1lia \u00e9 um pa\u00eds industrial com uma economia diversificada e pode ser um lugar ideal para estabelecer parcerias comerciais. Observe tamb\u00e9m que a It\u00e1lia tem a maior propor\u00e7\u00e3o de pequenas e m\u00e9dias empresas na Europa, que \u00e9 um forte contribuinte para a reputa\u00e7\u00e3o do know-how italiano ao redor do mundo.<\/p>\n\n\n\n<p>Seus potenciais parceiros italianos ir\u00e3o certamente apreciar de ter os documentos necess\u00e1rios \u00e0 suas trocas apresentados na l\u00edngua nativa deles. Cultures Connection gerencia v\u00e1rios <a href=\"https:\/\/culturesconnection.com\/pt-br\/servicos-de-traducao\/\">projetos de tradu\u00e7\u00e3o<\/a> em todas as \u00e1reas onde o italiano \u00e9 geralmente falado: varejo, energia, transporte, luxo, moda, turismo, etc.<\/p>\n\n\n\n<h2 class=\"wp-block-heading\">Voc\u00ea precisa de um tradutor italiano?<\/h2>\n\n\n\n<p>Se voc\u00ea est\u00e1 procurando um tradutor italiano-portugu\u00eas ou portugu\u00eas-italiano, nossa <a href=\"https:\/\/culturesconnection.com\/pt-br\/\">ag\u00eancia de tradu\u00e7\u00e3o<\/a> coloca os nossos peritos ao seu servi\u00e7o. Nossos gerentes de projetos seleciona os melhores especialistas para a tradu\u00e7\u00e3o de seus documentos, websites, sites de com\u00e9rcio eletr\u00f4nico, blogs ou outros textos. Durante seus anos na It\u00e1lia, o fundador da Cultures Connection construiu uma rede de especialistas de tradu\u00e7\u00e3o do italiano (de e para) especializando-se em diversas \u00e1reas, como finan\u00e7as, marketing, medicina, web e at\u00e9 mesmo de legendagem.<\/p>\n\n\n\n<p>A fim de transmitir com precis\u00e3o sutilezas lingu\u00edsticas e culturais, e em conformidade com os regulamentos em vigor, <a href=\"https:\/\/culturesconnection.com\/pt-br\/tradutor-profissional\/\">nossos tradutores profissionais<\/a> trabalham somente em suas&nbsp;l\u00ednguas nativas. Ciente de que a qualidade \u00e9 sempre a melhor escolha, mas que algumas empresas t\u00eam um or\u00e7amento pequeno, Cultures Connection oferece quatro n\u00edveis de servi\u00e7os de tradu\u00e7\u00e3o: B\u00e1sico, Standard, Professional e Premium. Escolha a f\u00f3rmula mais adaptada para voc\u00ea e entre em contato conosco!<\/p>\n\n\n\n<h2 class=\"wp-block-heading\">Todos nossos servi\u00e7os de tradu\u00e7\u00e3o em italiano<\/h2>\n\n\n\n<ul class=\"wp-block-list\"><li><a href=\"https:\/\/culturesconnection.com\/pt-br\/servicos-de-traducao-financeira-em-italiano\/\">Servi\u00e7os de tradu\u00e7\u00e3o financeira em italiano<\/a><\/li><li><a href=\"https:\/\/culturesconnection.com\/pt-br\/servicos-de-traducao-empresarial-em-italiano\/\">Servi\u00e7os de tradu\u00e7\u00e3o empresarial em italiano<\/a><\/li><li><a href=\"https:\/\/culturesconnection.com\/pt-br\/servicos-de-traducao-cientifica-em-italiano\/\">Servi\u00e7os de tradu\u00e7\u00e3o cient\u00edfica em italiano<\/a><\/li><li><a href=\"https:\/\/culturesconnection.com\/pt-br\/servicos-de-traducao-medica-em-italiano\/\">Servi\u00e7os de tradu\u00e7\u00e3o m\u00e9dica em italiano<\/a><\/li><li><a href=\"https:\/\/culturesconnection.com\/pt-br\/servicos-de-traducao-tecnica-em-italiano\/\">Servi\u00e7os de tradu\u00e7\u00e3o t\u00e9cnica em italiano<\/a><\/li><li><a href=\"https:\/\/culturesconnection.com\/pt-br\/servicos-de-traducao-juridica-em-italiano\/\">Servi\u00e7os de tradu\u00e7\u00e3o jur\u00eddica em italiano<\/a><\/li><li><a href=\"https:\/\/culturesconnection.com\/pt-br\/servicos-de-traducao-marketing-em-italiano\/\">Servi\u00e7os de tradu\u00e7\u00e3o de marketing em italiano<\/a><\/li><li><a href=\"https:\/\/culturesconnection.com\/pt-br\/servicos-de-traducao-de-websites-em-italiano\/\">Servi\u00e7os de tradu\u00e7\u00e3o de websites em italiano<\/a><\/li><li><a href=\"https:\/\/culturesconnection.com\/pt-br\/servicos-de-legendagem-em-italiano\/\">Servi\u00e7os de legendagem em italiano<\/a><\/li><li><a href=\"https:\/\/culturesconnection.com\/pt-br\/servicos-de-traducao-de-video-game-em-italiano\/\">Servi\u00e7os de tradu\u00e7\u00e3o de videogames em italiano<\/a><\/li><\/ul>\n","protected":false},"excerpt":{"rendered":"<p>Servi\u00e7os de tradu\u00e7\u00e3o profissional em italiano A It\u00e1lia \u00e9 um pa\u00eds industrial com uma economia diversificada e pode ser um lugar ideal para estabelecer parcerias [&#8230;]<\/p>\n<p><a class=\"btn btn-secondary understrap-read-more-link\" href=\"https:\/\/culturesconnection.com\/pt-br\/servicos-de-traducao-em-italiano\/\">Leia mais&#8230;<span class=\"screen-reader-text\"> from Nossos servi\u00e7os de tradu\u00e7\u00e3o em italiano<\/span><\/a><\/p>\n","protected":false},"author":22,"featured_media":23257,"parent":0,"menu_order":0,"comment_status":"closed","ping_status":"closed","template":"","meta":{"_acf_changed":false,"_editorskit_title_hidden":false,"_editorskit_reading_time":0,"_editorskit_is_block_options_detached":false,"_editorskit_block_options_position":"{}","footnotes":""},"class_list":["post-9857","page","type-page","status-publish","has-post-thumbnail","hentry"],"acf":[],"_links":{"self":[{"href":"https:\/\/culturesconnection.com\/pt-br\/wp-json\/wp\/v2\/pages\/9857","targetHints":{"allow":["GET"]}}],"collection":[{"href":"https:\/\/culturesconnection.com\/pt-br\/wp-json\/wp\/v2\/pages"}],"about":[{"href":"https:\/\/culturesconnection.com\/pt-br\/wp-json\/wp\/v2\/types\/page"}],"author":[{"embeddable":true,"href":"https:\/\/culturesconnection.com\/pt-br\/wp-json\/wp\/v2\/users\/22"}],"replies":[{"embeddable":true,"href":"https:\/\/culturesconnection.com\/pt-br\/wp-json\/wp\/v2\/comments?post=9857"}],"version-history":[{"count":0,"href":"https:\/\/culturesconnection.com\/pt-br\/wp-json\/wp\/v2\/pages\/9857\/revisions"}],"wp:featuredmedia":[{"embeddable":true,"href":"https:\/\/culturesconnection.com\/pt-br\/wp-json\/wp\/v2\/media\/23257"}],"wp:attachment":[{"href":"https:\/\/culturesconnection.com\/pt-br\/wp-json\/wp\/v2\/media?parent=9857"}],"curies":[{"name":"wp","href":"https:\/\/api.w.org\/{rel}","templated":true}]}}