{"id":9856,"date":"2018-06-18T21:24:34","date_gmt":"2018-06-18T19:24:34","guid":{"rendered":"http:\/\/culturesconnection.com\/?page_id=9856"},"modified":"2022-06-18T02:21:12","modified_gmt":"2022-06-18T00:21:12","slug":"servicos-de-traducao-tecnica-em-italiano","status":"publish","type":"page","link":"https:\/\/culturesconnection.com\/pt-br\/servicos-de-traducao-em-italiano\/servicos-de-traducao-tecnica-em-italiano\/","title":{"rendered":"Nossos servi\u00e7os de tradu\u00e7\u00e3o t\u00e9cnica em italiano"},"content":{"rendered":"\n<h2 class=\"wp-block-heading\">Especialistas de tradu\u00e7\u00e3o t\u00e9cnica portugu\u00eas-italiano <\/h2>\n\n\n\n<p>A tradu\u00e7\u00e3o de documentos t\u00e9cnicos tornou-se essencial para empresas que desejam expandir-se internacionalmente. Empresas que desejam exportar seus produtos para It\u00e1lia, devem recorrer \u00e0 tradu\u00e7\u00e3o de seus documentos t\u00e9cnicos para o italiano. Tradu\u00e7\u00e3o t\u00e9cnica n\u00e3o \u00e9 uma tarefa f\u00e1cil, tradutores t\u00e9cnicos n\u00e3o traduzem apenas palavras, mas tamb\u00e9m t\u00eam que compreender como um produto trabalha para que os clientes possam us\u00e1-lo corretamente. Al\u00e9m de ser altamente proficientes nas duas l\u00ednguas de trabalho e ter que produzir tradu\u00e7\u00f5es precisas de termos t\u00e9cnicos, eles devem adaptar estas \u00e1 cultura-alvo.<\/p>\n\n\n\n<h2 class=\"wp-block-heading\">Procurando uma ag\u00eancia de tradu\u00e7\u00e3o t\u00e9cnica?<\/h2>\n\n\n\n<p>A <a href=\"https:\/\/culturesconnection.com\/pt-br\/\">Cultures Connection<\/a> pode confiar em sua equipe de tradutores t\u00e9cnicos italianos, para seus manuais, fichas t\u00e9cnicas ou patentes t\u00e9cnicas. Suas \u00e1reas de especializa\u00e7\u00e3o incluem fabrica\u00e7\u00e3o industrial, ind\u00fastria qu\u00edmica, ind\u00fastria sider\u00fargica e energias renov\u00e1veis. Nossos tradutores e revisores especializados em tradu\u00e7\u00e3o t\u00e9cnica s\u00e3o cuidadosamente selecionados com base em suas qualifica\u00e7\u00f5es e experi\u00eancia. Suas habilidades lingu\u00edsticas s\u00e3o excelentes; eles s\u00e3o altamente proficientes em italiano e portugu\u00eas e s\u00e3o totalmente instru\u00eddos nos termos t\u00e9cnicos espec\u00edficos a essas duas l\u00ednguas. Para garantir o trabalho da mais alta precis\u00e3o, todos eles traduzem em sua l\u00edngua nativa. Escolhendo nosso <a href=\"https:\/\/culturesconnection.com\/pt-br\/servicos-de-traducao\/\">servi\u00e7os de tradu\u00e7\u00e3o<\/a>, voc\u00ea est\u00e1 recebendo uma garantia de trabalho de alta qualidade.<\/p>\n\n\n\n<h2 class=\"wp-block-heading\">Tradu\u00e7\u00e3o de documentos t\u00e9cnicos em italiano<\/h2>\n\n\n\n<p>Nossa empresa de tradu\u00e7\u00e3o oferece seus servi\u00e7os de <a href=\"https:\/\/culturesconnection.com\/pt-br\/servicos-de-traducao-tecnica\/\">tradu\u00e7\u00e3o t\u00e9cnica<\/a> para uma ampla gama de documentos. Aqui est\u00e3o alguns exemplos:<\/p>\n\n\n\n<ul class=\"wp-block-list\"><li>Cita\u00e7\u00e3o<\/li><li>Textos de engenharia<\/li><li>Manuais para maquinaria (ou outros tipos de m\u00e1quinas)<\/li><li>Descri\u00e7\u00f5es e fichas de dados t\u00e9cnicas<\/li><li>Normas<\/li><li>Especifica\u00e7\u00f5es<\/li><li>Patentes t\u00e9cnicas<\/li><li>Manuais t\u00e9cnicos<\/li><li>Manuais de instru\u00e7\u00f5es<\/li><li>Guias do usu\u00e1rio<\/li><\/ul>\n\n\n\n<h2 class=\"wp-block-heading\">Tradu\u00e7\u00e3o t\u00e9cnica em todos os idiomas<\/h2>\n\n\n\n<ul class=\"wp-block-list\"><li><a href=\"https:\/\/culturesconnection.com\/pt-br\/servicos-de-traducao-tecnica-em-frances\/\">Tradu\u00e7\u00e3o t\u00e9cnica em franc\u00eas<\/a><\/li><li><a href=\"https:\/\/culturesconnection.com\/pt-br\/servicos-de-traducao-tecnica-em-espanhol\/\">Tradu\u00e7\u00e3o t\u00e9cnica em espanhol<\/a><\/li><li><a href=\"https:\/\/culturesconnection.com\/pt-br\/servicos-de-traducao-tecnica-alema\/\">Tradu\u00e7\u00e3o t\u00e9cnica em alem\u00e3o<\/a><\/li><li><a href=\"https:\/\/culturesconnection.com\/pt-br\/servicos-de-traducao-tecnica-em-chines\/\">Tradu\u00e7\u00e3o t\u00e9cnica em chin\u00eas<\/a><\/li><li><a href=\"https:\/\/culturesconnection.com\/pt-br\/servicos-de-traducao-tecnica-arabe\/\">Tradu\u00e7\u00e3o t\u00e9cnica em \u00e1rabe<\/a><\/li><li><a href=\"https:\/\/culturesconnection.com\/pt-br\/servicos-de-traducao-tecnica-em-holandes\/\">Tradu\u00e7\u00e3o t\u00e9cnica em holand\u00eas<\/a><\/li><li><a href=\"https:\/\/culturesconnection.com\/pt-br\/servicos-de-traducao-tecnica-em-turco\/\">Tradu\u00e7\u00e3o t\u00e9cnica em turco<\/a><\/li><li><a href=\"https:\/\/culturesconnection.com\/pt-br\/servicos-de-traducao-tecnica-em-japones\/\">Tradu\u00e7\u00e3o t\u00e9cnica em japon\u00eas<\/a><\/li><li><a href=\"https:\/\/culturesconnection.com\/pt-br\/servicos-de-traducao-tecnica-em-russo\/\">Tradu\u00e7\u00e3o t\u00e9cnica em russo<\/a><\/li><\/ul>\n","protected":false},"excerpt":{"rendered":"<p>Especialistas de tradu\u00e7\u00e3o t\u00e9cnica portugu\u00eas-italiano A tradu\u00e7\u00e3o de documentos t\u00e9cnicos tornou-se essencial para empresas que desejam expandir-se internacionalmente. Empresas que desejam exportar seus produtos para [&#8230;]<\/p>\n<p><a class=\"btn btn-secondary understrap-read-more-link\" href=\"https:\/\/culturesconnection.com\/pt-br\/servicos-de-traducao-em-italiano\/servicos-de-traducao-tecnica-em-italiano\/\">Leia mais&#8230;<span class=\"screen-reader-text\"> from Nossos servi\u00e7os de tradu\u00e7\u00e3o t\u00e9cnica em italiano<\/span><\/a><\/p>\n","protected":false},"author":22,"featured_media":24335,"parent":9857,"menu_order":0,"comment_status":"closed","ping_status":"closed","template":"","meta":{"_acf_changed":false,"_editorskit_title_hidden":false,"_editorskit_reading_time":0,"_editorskit_is_block_options_detached":false,"_editorskit_block_options_position":"{}","footnotes":""},"class_list":["post-9856","page","type-page","status-publish","has-post-thumbnail","hentry"],"acf":[],"_links":{"self":[{"href":"https:\/\/culturesconnection.com\/pt-br\/wp-json\/wp\/v2\/pages\/9856","targetHints":{"allow":["GET"]}}],"collection":[{"href":"https:\/\/culturesconnection.com\/pt-br\/wp-json\/wp\/v2\/pages"}],"about":[{"href":"https:\/\/culturesconnection.com\/pt-br\/wp-json\/wp\/v2\/types\/page"}],"author":[{"embeddable":true,"href":"https:\/\/culturesconnection.com\/pt-br\/wp-json\/wp\/v2\/users\/22"}],"replies":[{"embeddable":true,"href":"https:\/\/culturesconnection.com\/pt-br\/wp-json\/wp\/v2\/comments?post=9856"}],"version-history":[{"count":0,"href":"https:\/\/culturesconnection.com\/pt-br\/wp-json\/wp\/v2\/pages\/9856\/revisions"}],"up":[{"embeddable":true,"href":"https:\/\/culturesconnection.com\/pt-br\/wp-json\/wp\/v2\/pages\/9857"}],"wp:featuredmedia":[{"embeddable":true,"href":"https:\/\/culturesconnection.com\/pt-br\/wp-json\/wp\/v2\/media\/24335"}],"wp:attachment":[{"href":"https:\/\/culturesconnection.com\/pt-br\/wp-json\/wp\/v2\/media?parent=9856"}],"curies":[{"name":"wp","href":"https:\/\/api.w.org\/{rel}","templated":true}]}}