{"id":9855,"date":"2018-06-18T21:17:21","date_gmt":"2018-06-18T19:17:21","guid":{"rendered":"http:\/\/culturesconnection.com\/?page_id=9855"},"modified":"2022-06-21T18:44:42","modified_gmt":"2022-06-21T16:44:42","slug":"servicos-de-legendagem-em-italiano","status":"publish","type":"page","link":"https:\/\/culturesconnection.com\/pt-br\/servicos-de-traducao-em-italiano\/servicos-de-legendagem-em-italiano\/","title":{"rendered":"Nossos servi\u00e7os de legendagem em italiano"},"content":{"rendered":"\n<h2 class=\"wp-block-heading\">Servi\u00e7os de legendagem portugu\u00eas-Italiano: seus materiais de m\u00eddia na It\u00e1lia<\/h2>\n\n\n\n<p>Gostaria de traduzir seu material de m\u00eddia de ou para o italiano? Confie seus materiais de \u00e1udio e v\u00eddeo para nossa <a href=\"https:\/\/culturesconnection.com\/pt-br\/\">empresa de tradu\u00e7\u00e3o<\/a>. O objetivo dos servi\u00e7os de legendagem \u00e9 disponibilizar conte\u00fado multim\u00eddia para um grande n\u00famero de pessoas. Legendas, locu\u00e7\u00e3o, dublagem, existem muitas possibilidades. Essa tarefa requer habilidades especiais. Cada tipo de <a href=\"https:\/\/culturesconnection.com\/pt-br\/servicos-de-traducao\/\">servi\u00e7o de tradu\u00e7\u00e3o<\/a> \u00e9 \u00fanico. No caso de <a href=\"https:\/\/culturesconnection.com\/pt-br\/servicos-de-legendagem\/\">servi\u00e7os de legendagem,<\/a> por exemplo, deve-se atentar para o espa\u00e7o e o tempo dispon\u00edvel.<\/p>\n\n\n\n<h2 class=\"wp-block-heading\">Nossa ag\u00eancia de tradu\u00e7\u00e3o de servi\u00e7os de legendagem<\/h2>\n\n\n\n<p>A Cultures Connection trabalha com tradutores de portugu\u00eas-italiano ou italiano-portugu\u00eas para realizar os projetos com os quais foi confiado. Todos s\u00e3o diplomados e possuem vasta experi\u00eancia na ind\u00fastria audiovisual. Suas habilidades lingu\u00edsticas s\u00e3o excelentes; trabalham em sua l\u00edngua nativa e s\u00e3o altamente proficientes no idioma de origem. Seus projetos de tradu\u00e7\u00e3o est\u00e3o, portanto, em boas m\u00e3os.<\/p>\n\n\n\n<h2 class=\"wp-block-heading\">Seus materiais audiovisuais em italiano<\/h2>\n\n\n\n<p>Cultures Connection oferece servi\u00e7os de legendagem em italiano para uma ampla gama de materiais de \u00e1udio e v\u00eddeo. Aqui est\u00e3o alguns exemplos:<\/p>\n\n\n\n<ul class=\"wp-block-list\"><li>V\u00eddeos de publicidade e comercial<\/li><li>Filmes corporativos<\/li><li>V\u00eddeos institucionais<\/li><li>Textos de \u00e1udio<\/li><li>Document\u00e1rios<\/li><li>V\u00eddeo games<\/li><\/ul>\n\n\n\n<h3 class=\"wp-block-heading\"><img decoding=\"async\" src=\"https:\/\/upload.wikimedia.org\/wikipedia\/commons\/thumb\/8\/8d\/U%2B2192.svg\/25px-U%2B2192.svg.png\" alt=\"U + 2192.svg\"> Servi\u00e7os de legendagem em todos os idiomas<\/h3>\n\n\n\n<ul class=\"wp-block-list\"><li><a href=\"https:\/\/culturesconnection.com\/pt-br\/servicos-de-legendagem-em-frances\/\">Servi\u00e7os de legendagem em franc\u00eas<\/a><\/li><li><a href=\"https:\/\/culturesconnection.com\/pt-br\/servicos-de-legendagem-em-espanhol\/\">Servi\u00e7os de legendagem em espanhol<\/a><\/li><li><a href=\"https:\/\/culturesconnection.com\/pt-br\/servicos-de-legendagem-em-alemao\/\">Servi\u00e7os de legendagem em alem\u00e3o<\/a><\/li><li><a href=\"https:\/\/culturesconnection.com\/pt-br\/servicos-de-legendagem-em-chines\/\">Servi\u00e7os de legendagem em chin\u00eas<\/a><\/li><li><a href=\"https:\/\/culturesconnection.com\/pt-br\/servicos-de-legendagem-em-arabe\/\">Servi\u00e7os de legendagem em \u00e1rabe<\/a><\/li><li><a href=\"https:\/\/culturesconnection.com\/pt-br\/servicos-de-legendagem-em-holandes\/\">Servi\u00e7os de legendagem em holand\u00eas<\/a><\/li><li><a href=\"https:\/\/culturesconnection.com\/pt-br\/servicos-de-legendagem-em-turco\/\">Servi\u00e7os de legendagem em turco<\/a><\/li><li><a href=\"https:\/\/culturesconnection.com\/pt-br\/servicos-de-legendagem-em-japones\/\">Servi\u00e7os de legendagem em japon\u00eas<\/a><\/li><li><a href=\"https:\/\/culturesconnection.com\/pt-br\/servicos-de-legendagem-em-russo\/\">Servi\u00e7os de legendagem em russo<\/a><\/li><\/ul>\n","protected":false},"excerpt":{"rendered":"<p>Servi\u00e7os de legendagem portugu\u00eas-Italiano: seus materiais de m\u00eddia na It\u00e1lia Gostaria de traduzir seu material de m\u00eddia de ou para o italiano? Confie seus materiais [&#8230;]<\/p>\n<p><a class=\"btn btn-secondary understrap-read-more-link\" href=\"https:\/\/culturesconnection.com\/pt-br\/servicos-de-traducao-em-italiano\/servicos-de-legendagem-em-italiano\/\">Leia mais&#8230;<span class=\"screen-reader-text\"> from Nossos servi\u00e7os de legendagem em italiano<\/span><\/a><\/p>\n","protected":false},"author":22,"featured_media":24335,"parent":9857,"menu_order":0,"comment_status":"closed","ping_status":"closed","template":"","meta":{"_acf_changed":false,"_editorskit_title_hidden":false,"_editorskit_reading_time":0,"_editorskit_is_block_options_detached":false,"_editorskit_block_options_position":"{}","footnotes":""},"class_list":["post-9855","page","type-page","status-publish","has-post-thumbnail","hentry"],"acf":[],"_links":{"self":[{"href":"https:\/\/culturesconnection.com\/pt-br\/wp-json\/wp\/v2\/pages\/9855","targetHints":{"allow":["GET"]}}],"collection":[{"href":"https:\/\/culturesconnection.com\/pt-br\/wp-json\/wp\/v2\/pages"}],"about":[{"href":"https:\/\/culturesconnection.com\/pt-br\/wp-json\/wp\/v2\/types\/page"}],"author":[{"embeddable":true,"href":"https:\/\/culturesconnection.com\/pt-br\/wp-json\/wp\/v2\/users\/22"}],"replies":[{"embeddable":true,"href":"https:\/\/culturesconnection.com\/pt-br\/wp-json\/wp\/v2\/comments?post=9855"}],"version-history":[{"count":0,"href":"https:\/\/culturesconnection.com\/pt-br\/wp-json\/wp\/v2\/pages\/9855\/revisions"}],"up":[{"embeddable":true,"href":"https:\/\/culturesconnection.com\/pt-br\/wp-json\/wp\/v2\/pages\/9857"}],"wp:featuredmedia":[{"embeddable":true,"href":"https:\/\/culturesconnection.com\/pt-br\/wp-json\/wp\/v2\/media\/24335"}],"wp:attachment":[{"href":"https:\/\/culturesconnection.com\/pt-br\/wp-json\/wp\/v2\/media?parent=9855"}],"curies":[{"name":"wp","href":"https:\/\/api.w.org\/{rel}","templated":true}]}}