{"id":9854,"date":"2018-06-18T21:24:35","date_gmt":"2018-06-18T19:24:35","guid":{"rendered":"http:\/\/culturesconnection.com\/?page_id=9854"},"modified":"2022-07-29T15:45:08","modified_gmt":"2022-07-29T13:45:08","slug":"servicos-de-traducao-cientifica-em-italiano","status":"publish","type":"page","link":"https:\/\/culturesconnection.com\/pt-br\/servicos-de-traducao-em-italiano\/servicos-de-traducao-cientifica-em-italiano\/","title":{"rendered":"Nossos servi\u00e7os de tradu\u00e7\u00e3o cient\u00edfica em italiano"},"content":{"rendered":"\n<h2 class=\"wp-block-heading\">Tradu\u00e7\u00e3o cient\u00edfica em portugu\u00eas-italiano<\/h2>\n\n\n\n<p>Tradu\u00e7\u00e3o cient\u00edfica cobre muitas \u00e1reas de especializa\u00e7\u00e3o. Antes de iniciar um projeto, o tradutor cient\u00edfico deve conduzir uma investiga\u00e7\u00e3o exaustiva da terminologia a ser usada de acordo com o contexto. Este trabalho exige precis\u00e3o e exatid\u00e3o, duas qualidades intr\u00ednsecas da tradu\u00e7\u00e3o cient\u00edfica. Seja em zoologia, biotecnologia, energias renov\u00e1veis, bot\u00e2nica ou geologia, somente um profissional com conhecimento especializado na \u00e1rea pode fazer face a esta tarefa.<\/p>\n\n\n\n<h2 class=\"wp-block-heading\">Nossa empresa de tradu\u00e7\u00e3o<\/h2>\n\n\n\n<p>Nossa <a href=\"https:\/\/culturesconnection.com\/pt-br\/\">ag\u00eancia de tradu\u00e7\u00e3o<\/a> conta com uma extensa rede de colaboradores: gerente de projetos, editores, revisores&#8230; Entre eles dispomos de tradutores que trabalham de e para italiano especializados em \u00e1reas cient\u00edficas diversas. Na Cultures Connection, garantimos alta qualidade de <a href=\"https:\/\/culturesconnection.com\/pt-br\/servicos-de-traducao\/\">servi\u00e7os de tradu\u00e7\u00e3o<\/a> e temos o tradutor que voc\u00ea precisa para seus documentos t\u00e9cnicos em italiano.<\/p>\n\n\n\n<h2 class=\"wp-block-heading\">Tradu\u00e7\u00e3o de documentos cient\u00edficos em italiano<\/h2>\n\n\n\n<p>Aqui abaixo est\u00e3o alguns exemplos de diferentes tipos de <a href=\"https:\/\/culturesconnection.com\/pt-br\/servicos-de-traducao-cientifica\/\">documentos cient\u00edficos<\/a> que nossa empresa de tradu\u00e7\u00e3o j\u00e1 traduziu, de e para italiano:<\/p>\n\n\n\n<ul class=\"wp-block-list\"><li>L\u00e9xicos, enciclop\u00e9dias cient\u00edficas e gloss\u00e1rios<\/li><li>Documentos t\u00e9cnicos e artigos de pesquisa<\/li><li>Manuais de operador e usu\u00e1rio<\/li><li>Testes de laborat\u00f3rio, testes de protocolos<\/li><li>Orienta\u00e7\u00f5es, patentes e documentos legais<\/li><li>Especifica\u00e7\u00f5es<\/li><li>Estudos de mercado e projeto entre pa\u00edses<\/li><li>Simula\u00e7\u00e3o de software (biotecnologia, ambiental, remodela\u00e7\u00e3o de unidade industrial)<\/li><li>Apresenta\u00e7\u00f5es multim\u00eddia e v\u00eddeo<\/li><li>Tradu\u00e7\u00e3o e localiza\u00e7\u00e3o de sites<\/li><li>Tradu\u00e7\u00e3o de manuais t\u00e9cnicos, apresenta\u00e7\u00f5es de confer\u00eancia<\/li><\/ul>\n\n\n\n<h3 class=\"wp-block-heading\"><img decoding=\"async\" src=\"https:\/\/upload.wikimedia.org\/wikipedia\/commons\/thumb\/8\/8d\/U%2B2192.svg\/25px-U%2B2192.svg.png\" alt=\"U + 2192.svg\"> Tradu\u00e7\u00e3o cient\u00edfica em todos os idiomas<\/h3>\n\n\n\n<ul class=\"wp-block-list\"><li><a href=\"https:\/\/culturesconnection.com\/pt-br\/servicos-de-traducao-cientifica-em-frances\/\">Tradu\u00e7\u00e3o cient\u00edfica em franc\u00eas<\/a><\/li><li><a href=\"https:\/\/culturesconnection.com\/pt-br\/servicos-de-traducao-cientifica-em-espanhol\/\">Tradu\u00e7\u00e3o cient\u00edfica em espanhol<\/a><\/li><li><a href=\"https:\/\/culturesconnection.com\/pt-br\/servicos-de-traducao-cientifica-alema\/\">Tradu\u00e7\u00e3o cient\u00edfica em alem\u00e3o<\/a><\/li><li><a href=\"https:\/\/culturesconnection.com\/pt-br\/servicos-de-traducao-cientifica-chinesa\/\">Tradu\u00e7\u00e3o cient\u00edfica em chin\u00eas<\/a><\/li><li><a href=\"https:\/\/culturesconnection.com\/pt-br\/servicos-de-traducao-cientifica-em-arabe\/\">Tradu\u00e7\u00e3o cient\u00edfica em \u00e1rabe<\/a><\/li><li><a href=\"https:\/\/culturesconnection.com\/pt-br\/nossos-servicos-de-traducao-cientifica-em-ingles\/\">Tradu\u00e7\u00e3o cient\u00edfica em ingl\u00eas<\/a><\/li><li><a href=\"https:\/\/culturesconnection.com\/pt-br\/servicos-de-traducao-cientifica-em-holandes\/\">Tradu\u00e7\u00e3o cient\u00edfica em holand\u00eas<\/a><\/li><li><a href=\"https:\/\/culturesconnection.com\/pt-br\/servicos-de-traducao-cientifica-em-turco\/\">Tradu\u00e7\u00e3o cient\u00edfica em turco<\/a><\/li><li><a href=\"https:\/\/culturesconnection.com\/pt-br\/servicos-de-traducao-cientifica-em-japones\/\">Tradu\u00e7\u00e3o cient\u00edfica em japon\u00eas<\/a><\/li><li><a href=\"https:\/\/culturesconnection.com\/pt-br\/servicos-de-traducao-cientifica-em-russo\/\">Tradu\u00e7\u00e3o cient\u00edfica em russo<\/a><\/li><\/ul>\n","protected":false},"excerpt":{"rendered":"<p>Tradu\u00e7\u00e3o cient\u00edfica em portugu\u00eas-italiano Tradu\u00e7\u00e3o cient\u00edfica cobre muitas \u00e1reas de especializa\u00e7\u00e3o. Antes de iniciar um projeto, o tradutor cient\u00edfico deve conduzir uma investiga\u00e7\u00e3o exaustiva da [&#8230;]<\/p>\n<p><a class=\"btn btn-secondary understrap-read-more-link\" href=\"https:\/\/culturesconnection.com\/pt-br\/servicos-de-traducao-em-italiano\/servicos-de-traducao-cientifica-em-italiano\/\">Leia mais&#8230;<span class=\"screen-reader-text\"> from Nossos servi\u00e7os de tradu\u00e7\u00e3o cient\u00edfica em italiano<\/span><\/a><\/p>\n","protected":false},"author":22,"featured_media":24335,"parent":9857,"menu_order":0,"comment_status":"closed","ping_status":"closed","template":"","meta":{"_acf_changed":false,"_editorskit_title_hidden":false,"_editorskit_reading_time":1,"_editorskit_is_block_options_detached":false,"_editorskit_block_options_position":"{}","footnotes":""},"class_list":["post-9854","page","type-page","status-publish","has-post-thumbnail","hentry"],"acf":[],"_links":{"self":[{"href":"https:\/\/culturesconnection.com\/pt-br\/wp-json\/wp\/v2\/pages\/9854","targetHints":{"allow":["GET"]}}],"collection":[{"href":"https:\/\/culturesconnection.com\/pt-br\/wp-json\/wp\/v2\/pages"}],"about":[{"href":"https:\/\/culturesconnection.com\/pt-br\/wp-json\/wp\/v2\/types\/page"}],"author":[{"embeddable":true,"href":"https:\/\/culturesconnection.com\/pt-br\/wp-json\/wp\/v2\/users\/22"}],"replies":[{"embeddable":true,"href":"https:\/\/culturesconnection.com\/pt-br\/wp-json\/wp\/v2\/comments?post=9854"}],"version-history":[{"count":0,"href":"https:\/\/culturesconnection.com\/pt-br\/wp-json\/wp\/v2\/pages\/9854\/revisions"}],"up":[{"embeddable":true,"href":"https:\/\/culturesconnection.com\/pt-br\/wp-json\/wp\/v2\/pages\/9857"}],"wp:featuredmedia":[{"embeddable":true,"href":"https:\/\/culturesconnection.com\/pt-br\/wp-json\/wp\/v2\/media\/24335"}],"wp:attachment":[{"href":"https:\/\/culturesconnection.com\/pt-br\/wp-json\/wp\/v2\/media?parent=9854"}],"curies":[{"name":"wp","href":"https:\/\/api.w.org\/{rel}","templated":true}]}}