{"id":9852,"date":"2018-06-18T21:24:38","date_gmt":"2018-06-18T19:24:38","guid":{"rendered":"http:\/\/culturesconnection.com\/?page_id=9852"},"modified":"2022-06-22T02:04:18","modified_gmt":"2022-06-22T00:04:18","slug":"servicos-de-traducao-marketing-em-italiano","status":"publish","type":"page","link":"https:\/\/culturesconnection.com\/pt-br\/servicos-de-traducao-em-italiano\/servicos-de-traducao-marketing-em-italiano\/","title":{"rendered":"Nossos servi\u00e7os de tradu\u00e7\u00e3o de marketing em italiano"},"content":{"rendered":"\n<h2 class=\"wp-block-heading\">Tradu\u00e7\u00e3o de marketing de portugu\u00eas-italiano, uma adapta\u00e7\u00e3o cultural do seu produto<\/h2>\n\n\n\n<p>O termo &#8220;tradu\u00e7\u00e3o&#8221; n\u00e3o reflete a realidade do trabalho quando se trata de documentos de marketing; seria mais apropriado usar &#8220;localiza\u00e7\u00e3o de marketing.&#8221; De fato, o trabalho do tradutor de marketing ou de um localizador de marketing envolve mais do que tradu\u00e7\u00e3o. A localiza\u00e7\u00e3o envolve a adapta\u00e7\u00e3o de comunica\u00e7\u00e3o ou de materiais publicit\u00e1rios para outro mercado. Em vez de traduzir o texto palavra por palavra, <a href=\"https:\/\/culturesconnection.com\/pt-br\/servicos-de-traducao\/\">o especialista multil\u00edngue deve traduzir a mensagem<\/a>. No campo de marketing e publicidade, uma tradu\u00e7\u00e3o literal raramente funciona e pode dar origens a equ\u00edvocos, resultando em perdas econ\u00f4micas para a empresa. Um trabalho de adapta\u00e7\u00e3o que leve em considera\u00e7\u00e3o as nuances lingu\u00edsticas e culturais deve ser executado para que seus documentos gerem interesse no p\u00fablico-alvo e transmitam a mensagem desejada.<\/p>\n\n\n\n<h2 class=\"wp-block-heading\">Nossos servi\u00e7os de tradu\u00e7\u00e3o de marketing<\/h2>\n\n\n\n<p>Gra\u00e7as \u00e0 sua extensa rede de profissionais, <a href=\"https:\/\/culturesconnection.com\/pt-br\/\">Cultures Connection<\/a> pode encontrar o especialista em tradu\u00e7\u00e3o portugu\u00eas-italiano mais adequado para os seus projetos. Trabalhando somente em sua l\u00edngua materna, nossos tradutores conhecem n\u00e3o somente o idioma mas tamb\u00e9m o mercado alvo e est\u00e3o aptos portanto a oferecer resultados de alta qualidade. Eles t\u00eam experi\u00eancia no campo da tradu\u00e7\u00e3o italiana, bem como no mundo dos neg\u00f3cios.<\/p>\n\n\n\n<h2 class=\"wp-block-heading\">Tradu\u00e7\u00e3o de documentos de marketing em italiano<\/h2>\n\n\n\n<p>Abaixo est\u00e1 uma lista de exemplos de <a href=\"https:\/\/culturesconnection.com\/pt-br\/servicos-de-traducao-de-marketing\/\">documentos de marketing<\/a> que traduzimos de e para o italiano:<\/p>\n\n\n\n<ul class=\"wp-block-list\"><li>Brochuras<\/li><li>Materiais de publicidade<\/li><li>Boletins informativos<\/li><li>Com\u00e9rcio eletr\u00f4nico<\/li><li>Folhetos<\/li><li>Campanhas de marketing<\/li><li>An\u00fancios<\/li><li>Websites<\/li><li>Slogans<\/li><li>Logotipos<\/li><li>Apresenta\u00e7\u00f5es<\/li><li>Lan\u00e7amento de produto<\/li><li>Comunicados de imprensa<\/li><li>E-livros<\/li><\/ul>\n\n\n\n<h3 class=\"wp-block-heading\"><img decoding=\"async\" src=\"https:\/\/upload.wikimedia.org\/wikipedia\/commons\/thumb\/8\/8d\/U%2B2192.svg\/25px-U%2B2192.svg.png\" alt=\"U + 2192.svg\"> Tradu\u00e7\u00e3o comercial em todos os idiomas<\/h3>\n\n\n\n<ul class=\"wp-block-list\"><li><a href=\"https:\/\/culturesconnection.com\/pt-br\/servicos-de-traducao-de-marketing-em-frances\/\">Tradu\u00e7\u00e3o de marketing em franc\u00eas<\/a><\/li><li><a href=\"https:\/\/culturesconnection.com\/pt-br\/servicos-de-traducao-de-marketing-em-espanhol\/\">Tradu\u00e7\u00e3o de marketing em espanhol<\/a><\/li><li><a href=\"https:\/\/culturesconnection.com\/pt-br\/servicos-de-traducao-de-marketing-em-alemao\/\">Tradu\u00e7\u00e3o de marketing em alem\u00e3o<\/a><\/li><li><a href=\"https:\/\/culturesconnection.com\/pt-br\/servicos-de-traducao-de-marketing-em-chines\/\">Tradu\u00e7\u00e3o de marketing em chin\u00eas<\/a><\/li><li><a href=\"https:\/\/culturesconnection.com\/pt-br\/servicos-de-traducao-de-marketing-em-arabe\/\">Tradu\u00e7\u00e3o de marketing em \u00e1rabe<\/a><\/li><li><a href=\"https:\/\/culturesconnection.com\/pt-br\/nossos-servicos-de-traducao-de-marketing-em-ingles\/\">Tradu\u00e7\u00e3o de marketing em ingl\u00eas<\/a><\/li><li><a href=\"https:\/\/culturesconnection.com\/pt-br\/servicos-de-traducao-de-marketing-em-holandes\/\">Tradu\u00e7\u00e3o de marketing em holand\u00eas<\/a><\/li><li><a href=\"https:\/\/culturesconnection.com\/pt-br\/servicos-de-traducao-de-marketing-em-turco\/\">Tradu\u00e7\u00e3o de marketing em turco<\/a><\/li><li><a href=\"https:\/\/culturesconnection.com\/pt-br\/servicos-de-traducao-de-marketing-em-japones\/\">Tradu\u00e7\u00e3o de marketing em japon\u00eas<\/a><\/li><li><a href=\"https:\/\/culturesconnection.com\/pt-br\/nossos-servicos-de-traducao-de-marketing-em-russo\/\">Tradu\u00e7\u00e3o de marketing em russo<\/a><\/li><\/ul>\n","protected":false},"excerpt":{"rendered":"<p>Tradu\u00e7\u00e3o de marketing de portugu\u00eas-italiano, uma adapta\u00e7\u00e3o cultural do seu produto O termo &#8220;tradu\u00e7\u00e3o&#8221; n\u00e3o reflete a realidade do trabalho quando se trata de documentos [&#8230;]<\/p>\n<p><a class=\"btn btn-secondary understrap-read-more-link\" href=\"https:\/\/culturesconnection.com\/pt-br\/servicos-de-traducao-em-italiano\/servicos-de-traducao-marketing-em-italiano\/\">Leia mais&#8230;<span class=\"screen-reader-text\"> from Nossos servi\u00e7os de tradu\u00e7\u00e3o de marketing em italiano<\/span><\/a><\/p>\n","protected":false},"author":22,"featured_media":24335,"parent":9857,"menu_order":0,"comment_status":"closed","ping_status":"closed","template":"","meta":{"_acf_changed":false,"_editorskit_title_hidden":false,"_editorskit_reading_time":0,"_editorskit_is_block_options_detached":false,"_editorskit_block_options_position":"{}","footnotes":""},"class_list":["post-9852","page","type-page","status-publish","has-post-thumbnail","hentry"],"acf":[],"_links":{"self":[{"href":"https:\/\/culturesconnection.com\/pt-br\/wp-json\/wp\/v2\/pages\/9852","targetHints":{"allow":["GET"]}}],"collection":[{"href":"https:\/\/culturesconnection.com\/pt-br\/wp-json\/wp\/v2\/pages"}],"about":[{"href":"https:\/\/culturesconnection.com\/pt-br\/wp-json\/wp\/v2\/types\/page"}],"author":[{"embeddable":true,"href":"https:\/\/culturesconnection.com\/pt-br\/wp-json\/wp\/v2\/users\/22"}],"replies":[{"embeddable":true,"href":"https:\/\/culturesconnection.com\/pt-br\/wp-json\/wp\/v2\/comments?post=9852"}],"version-history":[{"count":0,"href":"https:\/\/culturesconnection.com\/pt-br\/wp-json\/wp\/v2\/pages\/9852\/revisions"}],"up":[{"embeddable":true,"href":"https:\/\/culturesconnection.com\/pt-br\/wp-json\/wp\/v2\/pages\/9857"}],"wp:featuredmedia":[{"embeddable":true,"href":"https:\/\/culturesconnection.com\/pt-br\/wp-json\/wp\/v2\/media\/24335"}],"wp:attachment":[{"href":"https:\/\/culturesconnection.com\/pt-br\/wp-json\/wp\/v2\/media?parent=9852"}],"curies":[{"name":"wp","href":"https:\/\/api.w.org\/{rel}","templated":true}]}}