{"id":9851,"date":"2018-06-18T21:24:40","date_gmt":"2018-06-18T19:24:40","guid":{"rendered":"http:\/\/culturesconnection.com\/?page_id=9851"},"modified":"2022-06-19T18:53:54","modified_gmt":"2022-06-19T16:53:54","slug":"servicos-de-traducao-juridica-em-italiano","status":"publish","type":"page","link":"https:\/\/culturesconnection.com\/pt-br\/servicos-de-traducao-em-italiano\/servicos-de-traducao-juridica-em-italiano\/","title":{"rendered":"Nossos servi\u00e7os de tradu\u00e7\u00e3o jur\u00eddica em italiano"},"content":{"rendered":"\n<h2 class=\"wp-block-heading\">Trabalho realizado por profissionais de tradu\u00e7\u00e3o jur\u00eddica de portugu\u00eas-italiano<\/h2>\n\n\n\n<p>Tradu\u00e7\u00e3o jur\u00eddica \u00e9 um trabalho complexo e delicado e deve essencialmente ser realizado por um profissional familiar com terminologia legal em portugu\u00eas e italiano e tamb\u00e9m alto grau de conhecimento na \u00e1rea jur\u00eddica dos pa\u00edses de origem e destino dos textos em quest\u00e3o. Muitos termos diferem dependendo do idioma em que s\u00e3o utilizados ou porque estes simplesmente n\u00e3o t\u00eam equivalente. Conceitos jur\u00eddicos n\u00e3o s\u00e3o os mesmos, dependendo do pa\u00eds ou jurisdi\u00e7\u00e3o. Precis\u00e3o da linguagem \u00e9 essencial na \u00e1rea de direito, porque um erro pode ter repercuss\u00f5es graves.<\/p>\n\n\n\n<h2 class=\"wp-block-heading\">Nossa ag\u00eancia de tradu\u00e7\u00e3o jur\u00eddica<\/h2>\n\n\n\n<p>Escolher <a href=\"https:\/\/culturesconnection.com\/pt-br\/\">Cultures Connection<\/a> para suas tradu\u00e7\u00f5es jur\u00eddicas em italiano \u00e9 optar por credibilidade, pontualidade e precis\u00e3o. Nossa ag\u00eancia de tradu\u00e7\u00e3o beneficia de experi\u00eancia comprovada na tradu\u00e7\u00e3o de v\u00e1rios tipos de documentos jur\u00eddicos italianos. Nossos padr\u00f5es s\u00e3o extremamente elevados. Todos os projetos que assumimos s\u00e3o confiados \u00e0 nossa equipe de profissionais tradutores e revisores. Eles s\u00e3o especializados em italiano e portugu\u00eas, bem como no campo da tradu\u00e7\u00e3o jur\u00eddica, pois tamb\u00e9m trabalharam neste campo como advogados, peritos, ou em outras profiss\u00f5es relacionadas. O pre\u00e7o para este tipo de <a href=\"https:\/\/culturesconnection.com\/pt-br\/servicos-de-traducao\/\">servi\u00e7o de tradu\u00e7\u00e3o<\/a> \u00e9 geralmente mais elevado do que para tradu\u00e7\u00f5es regulares, pois t\u00eam de ser feito por especialistas no assunto.<\/p>\n\n\n\n<h2 class=\"wp-block-heading\">Tradu\u00e7\u00e3o de documentos jur\u00eddicos em italiano<\/h2>\n\n\n\n<p>Eis alguns exemplos de diferentes tipos de <a href=\"https:\/\/culturesconnection.com\/pt-br\/servicos-de-traducao-juridica\/\">documentos jur\u00eddicos<\/a> em italiano, que nossa empresa de tradu\u00e7\u00e3o realiza regularmente:<\/p>\n\n\n\n<ul class=\"wp-block-list\"><li>Contratos de distribui\u00e7\u00e3o, vendas e emprego<\/li><li>Apresenta\u00e7\u00e3o de queixas<\/li><li>Procedimentos legais<\/li><li>Termos e condi\u00e7\u00f5es<\/li><li>Relat\u00f3rios de peritos<\/li><li>Regulamentos<\/li><li>Registros de heran\u00e7a<\/li><li>Peti\u00e7\u00f5es de div\u00f3rcio<\/li><li>Cl\u00e1usulas de n\u00e3o concorr\u00eancia e n\u00e3o-confidencialidade<\/li><li>Cartas de inten\u00e7\u00e3o<\/li><li>Procura\u00e7\u00f5es<\/li><li>Libera\u00e7\u00e3o judicial<\/li><li>Contrato de sociedade<\/li><\/ul>\n\n\n\n<h2 class=\"wp-block-heading\">Tradu\u00e7\u00e3o jur\u00eddica em todos os idiomas<\/h2>\n\n\n\n<ul class=\"wp-block-list\"><li><a href=\"https:\/\/culturesconnection.com\/pt-br\/servicos-de-traducao-juridica-em-frances\/\">Tradu\u00e7\u00e3o jur\u00eddica em franc\u00eas<\/a><\/li><li><a href=\"https:\/\/culturesconnection.com\/pt-br\/servicos-de-traducao-juridica-em-espanhol\/\">Tradu\u00e7\u00e3o jur\u00eddica em espanhol<\/a><\/li><li><a href=\"https:\/\/culturesconnection.com\/pt-br\/servicos-de-traducao-juridica-em-alemao\/\">Tradu\u00e7\u00e3o jur\u00eddica em alem\u00e3o<\/a><\/li><li><a href=\"https:\/\/culturesconnection.com\/pt-br\/servicos-de-traducao-juridica-em-chines\/\">Tradu\u00e7\u00e3o jur\u00eddica em chin\u00eas<\/a><\/li><li><a href=\"https:\/\/culturesconnection.com\/pt-br\/servicos-de-traducao-juridica-em-arabe\/\">Tradu\u00e7\u00e3o jur\u00eddica em \u00e1rabe<\/a><\/li><li><a href=\"https:\/\/culturesconnection.com\/pt-br\/servicos-de-traducao-juridica-em-holandes\/\">Tradu\u00e7\u00e3o jur\u00eddica em holand\u00eas<\/a><\/li><li><a href=\"https:\/\/culturesconnection.com\/pt-br\/servicos-de-traducao-juridica-em-turco\/\">Tradu\u00e7\u00e3o jur\u00eddica em turco<\/a><\/li><li><a href=\"https:\/\/culturesconnection.com\/pt-br\/servicos-de-traducao-juridica-em-japones\/\">Tradu\u00e7\u00e3o jur\u00eddica em japon\u00eas<\/a><\/li><li><a href=\"https:\/\/culturesconnection.com\/pt-br\/servicos-de-traducao-juridica-em-russo\/\">Tradu\u00e7\u00e3o jur\u00eddica em russo<\/a><\/li><\/ul>\n","protected":false},"excerpt":{"rendered":"<p>Trabalho realizado por profissionais de tradu\u00e7\u00e3o jur\u00eddica de portugu\u00eas-italiano Tradu\u00e7\u00e3o jur\u00eddica \u00e9 um trabalho complexo e delicado e deve essencialmente ser realizado por um profissional [&#8230;]<\/p>\n<p><a class=\"btn btn-secondary understrap-read-more-link\" href=\"https:\/\/culturesconnection.com\/pt-br\/servicos-de-traducao-em-italiano\/servicos-de-traducao-juridica-em-italiano\/\">Leia mais&#8230;<span class=\"screen-reader-text\"> from Nossos servi\u00e7os de tradu\u00e7\u00e3o jur\u00eddica em italiano<\/span><\/a><\/p>\n","protected":false},"author":22,"featured_media":24335,"parent":9857,"menu_order":0,"comment_status":"closed","ping_status":"closed","template":"","meta":{"_acf_changed":false,"_editorskit_title_hidden":false,"_editorskit_reading_time":0,"_editorskit_is_block_options_detached":false,"_editorskit_block_options_position":"{}","footnotes":""},"class_list":["post-9851","page","type-page","status-publish","has-post-thumbnail","hentry"],"acf":[],"_links":{"self":[{"href":"https:\/\/culturesconnection.com\/pt-br\/wp-json\/wp\/v2\/pages\/9851","targetHints":{"allow":["GET"]}}],"collection":[{"href":"https:\/\/culturesconnection.com\/pt-br\/wp-json\/wp\/v2\/pages"}],"about":[{"href":"https:\/\/culturesconnection.com\/pt-br\/wp-json\/wp\/v2\/types\/page"}],"author":[{"embeddable":true,"href":"https:\/\/culturesconnection.com\/pt-br\/wp-json\/wp\/v2\/users\/22"}],"replies":[{"embeddable":true,"href":"https:\/\/culturesconnection.com\/pt-br\/wp-json\/wp\/v2\/comments?post=9851"}],"version-history":[{"count":0,"href":"https:\/\/culturesconnection.com\/pt-br\/wp-json\/wp\/v2\/pages\/9851\/revisions"}],"up":[{"embeddable":true,"href":"https:\/\/culturesconnection.com\/pt-br\/wp-json\/wp\/v2\/pages\/9857"}],"wp:featuredmedia":[{"embeddable":true,"href":"https:\/\/culturesconnection.com\/pt-br\/wp-json\/wp\/v2\/media\/24335"}],"wp:attachment":[{"href":"https:\/\/culturesconnection.com\/pt-br\/wp-json\/wp\/v2\/media?parent=9851"}],"curies":[{"name":"wp","href":"https:\/\/api.w.org\/{rel}","templated":true}]}}