{"id":9850,"date":"2018-06-18T21:24:42","date_gmt":"2018-06-18T19:24:42","guid":{"rendered":"http:\/\/culturesconnection.com\/?page_id=9850"},"modified":"2022-06-21T01:13:06","modified_gmt":"2022-06-20T23:13:06","slug":"servicos-de-traducao-financeira-em-italiano","status":"publish","type":"page","link":"https:\/\/culturesconnection.com\/pt-br\/servicos-de-traducao-em-italiano\/servicos-de-traducao-financeira-em-italiano\/","title":{"rendered":"Nossos servi\u00e7os de tradu\u00e7\u00e3o financeira em italiano"},"content":{"rendered":"\n<h2 class=\"wp-block-heading\">Especialistas de tradu\u00e7\u00e3o financeira de portugu\u00eas-italiano \u00e0 sua disposi\u00e7\u00e3o<\/h2>\n\n\n\n<p>Na \u00e1rea de tradu\u00e7\u00e3o financeira, precis\u00e3o e rigor s\u00e3o duas qualidades necess\u00e1rias. O tradutor financeiro deve estar familiarizado com a ind\u00fastria e regulamentos e ser especialista em terminologia financeira em italiano e em portugu\u00eas. Qualquer erro pode dificultar a compreens\u00e3o e a tomada de decis\u00f5es e trazer graves consequ\u00eancias financeiras. Para evitar tais problemas, \u00e9 importante ser seletivo ao escolher sua <a href=\"https:\/\/culturesconnection.com\/pt-br\/\">empresa de tradu\u00e7\u00e3o.<\/a><\/p>\n\n\n\n<h2 class=\"wp-block-heading\">Nossa ag\u00eancia de tradu\u00e7\u00e3o financeira<\/h2>\n\n\n\n<p>Cultures Connection seleciona rigorosamente os melhores especialistas em revis\u00e3o e&nbsp;<a href=\"https:\/\/culturesconnection.com\/pt-br\/servicos-de-traducao-financeira\/\">tradu\u00e7\u00e3o financeira<\/a> com base em suas credenciais e compet\u00eancia. Todos os nossos especialistas combinam experi\u00eancia e forma\u00e7\u00e3o acad\u00eamica em finan\u00e7as e idiomas e dominam com maestria as l\u00ednguas em que trabalham, italiano e portugu\u00eas. Seus projetos s\u00e3o realizados por tradutores profissionais que trabalham de acordo com padr\u00f5es de alta qualidade. Documentos relacionados com o setor financeiro s\u00e3o conhecidos pelo seu conte\u00fado extremamente sens\u00edvel. Os tradutores da Cultures Connection est\u00e3o restritos ao sigilo profissional e rigorosos acordos de confidencialidade.<\/p>\n\n\n\n<h2 class=\"wp-block-heading\">Tradu\u00e7\u00e3o de documentos financeiros em italiano<\/h2>\n\n\n\n<p>Eis uma lista de exemplos de <a href=\"https:\/\/culturesconnection.com\/pt-br\/servicos-de-traducao\/\">servi\u00e7os de tradu\u00e7\u00e3o<\/a> financeira e econ\u00f4mica de ou para o italiano:<\/p>\n\n\n\n<ul class=\"wp-block-list\"><li>Documentos de informa\u00e7\u00e3o fundamental<\/li><li>Folhetos<\/li><li>Relat\u00f3rios do fundo de investimento<\/li><li>Relat\u00f3rios de atividade<\/li><li>Balan\u00e7os patrimoniais<\/li><li>Bolsa de valores<\/li><li>Documentos banc\u00e1rios<\/li><li>Documentos de informa\u00e7\u00e3o financeira<\/li><li>Trabalhos de investiga\u00e7\u00e3o<\/li><li>Documentos de gest\u00e3o de risco e gest\u00e3o de ativos<\/li><li>Relat\u00f3rios de auditoria<\/li><li>Textos sobre fus\u00f5es e aquisi\u00e7\u00f5es<\/li><\/ul>\n\n\n\n<h2 class=\"wp-block-heading\">Tradu\u00e7\u00e3o financeira em todos os idiomas<\/h2>\n\n\n\n<ul class=\"wp-block-list\"><li><a href=\"https:\/\/culturesconnection.com\/pt-br\/servicos-de-traducao-financeira-em-frances\/\">Tradu\u00e7\u00e3o financeira em franc\u00eas<\/a><\/li><li><a href=\"https:\/\/culturesconnection.com\/pt-br\/servicos-de-traducao-financeira-em-espanhol\/\">Tradu\u00e7\u00e3o financeira em espanhol<\/a><\/li><li><a href=\"https:\/\/culturesconnection.com\/pt-br\/servicos-de-traducao-financeira-em-alemao\/\">Tradu\u00e7\u00e3o financeira em alem\u00e3o<\/a><\/li><li><a href=\"https:\/\/culturesconnection.com\/pt-br\/servicos-de-traducao-financeira-chinesa\/\">Tradu\u00e7\u00e3o financeira em chin\u00eas<\/a><\/li><li><a href=\"https:\/\/culturesconnection.com\/pt-br\/servicos-de-traducao-financeira-arabe\/\">Tradu\u00e7\u00e3o financeira em \u00e1rabe<\/a><\/li><li><a href=\"https:\/\/culturesconnection.com\/pt-br\/nossos-servicos-de-traducao-financeira-em-ingles\/\">Tradu\u00e7\u00e3o financeira em ingl\u00eas<\/a><\/li><li><a href=\"https:\/\/culturesconnection.com\/pt-br\/servicos-de-traducao-financeira-em-holandes\/\">Tradu\u00e7\u00e3o financeira em holand\u00eas<\/a><\/li><li><a href=\"https:\/\/culturesconnection.com\/pt-br\/servicos-de-traducao-financeira-em-turco\/\">Tradu\u00e7\u00e3o financeira em turco<\/a><\/li><li><a href=\"https:\/\/culturesconnection.com\/pt-br\/servicos-de-traducao-financeira-em-japones\/\">Tradu\u00e7\u00e3o financeira em japon\u00eas<\/a><\/li><li><a href=\"https:\/\/culturesconnection.com\/pt-br\/servicos-de-traducao-financeira-em-russo\/\">Tradu\u00e7\u00e3o financeira em russo<\/a><\/li><\/ul>\n","protected":false},"excerpt":{"rendered":"<p>Especialistas de tradu\u00e7\u00e3o financeira de portugu\u00eas-italiano \u00e0 sua disposi\u00e7\u00e3o Na \u00e1rea de tradu\u00e7\u00e3o financeira, precis\u00e3o e rigor s\u00e3o duas qualidades necess\u00e1rias. O tradutor financeiro deve [&#8230;]<\/p>\n<p><a class=\"btn btn-secondary understrap-read-more-link\" href=\"https:\/\/culturesconnection.com\/pt-br\/servicos-de-traducao-em-italiano\/servicos-de-traducao-financeira-em-italiano\/\">Leia mais&#8230;<span class=\"screen-reader-text\"> from Nossos servi\u00e7os de tradu\u00e7\u00e3o financeira em italiano<\/span><\/a><\/p>\n","protected":false},"author":22,"featured_media":24335,"parent":9857,"menu_order":0,"comment_status":"closed","ping_status":"closed","template":"","meta":{"_acf_changed":false,"_editorskit_title_hidden":false,"_editorskit_reading_time":0,"_editorskit_is_block_options_detached":false,"_editorskit_block_options_position":"{}","footnotes":""},"class_list":["post-9850","page","type-page","status-publish","has-post-thumbnail","hentry"],"acf":[],"_links":{"self":[{"href":"https:\/\/culturesconnection.com\/pt-br\/wp-json\/wp\/v2\/pages\/9850","targetHints":{"allow":["GET"]}}],"collection":[{"href":"https:\/\/culturesconnection.com\/pt-br\/wp-json\/wp\/v2\/pages"}],"about":[{"href":"https:\/\/culturesconnection.com\/pt-br\/wp-json\/wp\/v2\/types\/page"}],"author":[{"embeddable":true,"href":"https:\/\/culturesconnection.com\/pt-br\/wp-json\/wp\/v2\/users\/22"}],"replies":[{"embeddable":true,"href":"https:\/\/culturesconnection.com\/pt-br\/wp-json\/wp\/v2\/comments?post=9850"}],"version-history":[{"count":0,"href":"https:\/\/culturesconnection.com\/pt-br\/wp-json\/wp\/v2\/pages\/9850\/revisions"}],"up":[{"embeddable":true,"href":"https:\/\/culturesconnection.com\/pt-br\/wp-json\/wp\/v2\/pages\/9857"}],"wp:featuredmedia":[{"embeddable":true,"href":"https:\/\/culturesconnection.com\/pt-br\/wp-json\/wp\/v2\/media\/24335"}],"wp:attachment":[{"href":"https:\/\/culturesconnection.com\/pt-br\/wp-json\/wp\/v2\/media?parent=9850"}],"curies":[{"name":"wp","href":"https:\/\/api.w.org\/{rel}","templated":true}]}}