{"id":9848,"date":"2018-06-18T21:24:45","date_gmt":"2018-06-18T19:24:45","guid":{"rendered":"http:\/\/culturesconnection.com\/?page_id=9848"},"modified":"2022-06-22T18:24:08","modified_gmt":"2022-06-22T16:24:08","slug":"servicos-de-traducao-de-websites-em-alemao","status":"publish","type":"page","link":"https:\/\/culturesconnection.com\/pt-br\/servicos-de-traducao-alema\/servicos-de-traducao-de-websites-em-alemao\/","title":{"rendered":"Nossos servi\u00e7os de tradu\u00e7\u00e3o de website em alem\u00e3o"},"content":{"rendered":"\n<h2 class=\"wp-block-heading\">Tradu\u00e7\u00e3o profissional de sites em alem\u00e3o<\/h2>\n\n\n\n<p>Est\u00e1 planejando expandir sua base de clientes na Alemanha? Certamente, o primeiro passo para alcan\u00e7ar isso, ser\u00e1 ter seu site traduzido para o alem\u00e3o. Isso permitir\u00e1 que voc\u00ea alcance clientes potenciais e aumente suas vendas. Embora o ingl\u00eas seja hoje entendido por uma grande parte da popula\u00e7\u00e3o mundial, tenha em mente que os internautas sempre preferir\u00e3o acessar informa\u00e7\u00f5es em sua l\u00edngua nativa. Al\u00e9m disso, \u00e9 mais prov\u00e1vel que eles adquiram um produto ou servi\u00e7o se este for apresentado em seu pr\u00f3prio idioma.<\/p>\n\n\n\n<h2 class=\"wp-block-heading\">Nossa ag\u00eancia de servi\u00e7os de tradu\u00e7\u00e3o<\/h2>\n\n\n\n<p>Outros fatores devem ser considerados para uma tradu\u00e7\u00e3o de site bem-sucedida. Voc\u00ea acha que um alem\u00e3o e um brasileiro compreendem e interpretam uma mensagem da mesma forma? N\u00e3o necessariamente! De fato, a partir do ponto onde duas culturas diferem, \u00e9 necess\u00e1rio adaptar-se e localizar a mensagem que voc\u00ea deseja transmitir. \u00c9 por isso que na <a href=\"https:\/\/culturesconnection.com\/pt-br\/\">Cultures Connection<\/a>, trabalhamos apenas com tradutores de alem\u00e3o-portugu\u00eas e portugu\u00eas-alem\u00e3o especializados em tradu\u00e7\u00e3o de websites. Eles s\u00e3o fluentes em portugu\u00eas e alem\u00e3o e conhecem perfeitamente as respectivas culturas. Nossos tradutores profissionais certificam-se sempre que o conte\u00fado do seu site est\u00e1 perfeitamente adaptado ao seu p\u00fablico-alvo. Escolher nossos <a href=\"https:\/\/culturesconnection.com\/pt-br\/servicos-de-traducao\/\">servi\u00e7os de tradu\u00e7\u00e3o<\/a> \u00e9 optar por qualidade e pre\u00e7os competitivos.<\/p>\n\n\n\n<h2 class=\"wp-block-heading\">Servi\u00e7os de tradu\u00e7\u00e3o de conte\u00fado web em alem\u00e3o<\/h2>\n\n\n\n<p>Nossa empresa de&nbsp;<a href=\"https:\/\/culturesconnection.com\/pt-br\/servicos-de-traducao-de-web-site\/\">tradu\u00e7\u00e3o de websites<\/a> especializa-se na tradu\u00e7\u00e3o de:<\/p>\n\n\n\n<ul class=\"wp-block-list\"><li>Conte\u00fado para Web<\/li><li>Com\u00e9rcio eletr\u00f4nico<\/li><li>Aplicativos m\u00f3veis<\/li><li>Plataformas de negocia\u00e7\u00e3o<\/li><li>Folhas de produto<\/li><\/ul>\n\n\n\n<h3 class=\"wp-block-heading\"><img decoding=\"async\" src=\"https:\/\/upload.wikimedia.org\/wikipedia\/commons\/thumb\/8\/8d\/U%2B2192.svg\/25px-U%2B2192.svg.png\" alt=\"U + 2192.svg\"> Tradu\u00e7\u00e3o de site em todos os idiomas<\/h3>\n\n\n\n<ul class=\"wp-block-list\"><li><a href=\"https:\/\/culturesconnection.com\/pt-br\/servicos-de-traducao-de-website-em-frances\/\">Tradu\u00e7\u00e3o de websites em franc\u00eas<\/a><\/li><li><a href=\"https:\/\/culturesconnection.com\/pt-br\/servicos-de-traducao-de-websites-em-espanhol\/\">Tradu\u00e7\u00e3o de websites em espanhol<\/a><\/li><li><a href=\"https:\/\/culturesconnection.com\/pt-br\/servicos-de-traducao-de-site-chines\/\">Tradu\u00e7\u00e3o de websites em chin\u00eas<\/a><\/li><li><a href=\"https:\/\/culturesconnection.com\/pt-br\/servicos-de-traducao-de-site-arabe\/\">Tradu\u00e7\u00e3o de websites em \u00e1rabe<\/a><\/li><li><a href=\"https:\/\/culturesconnection.com\/pt-br\/nossos-servicos-de-traducao-de-sites-em-ingles\/\">Tradu\u00e7\u00e3o de web site em&nbsp;ingl\u00eas<\/a><\/li><li><a href=\"https:\/\/culturesconnection.com\/pt-br\/servicos-de-traducao-de-websites-em-italiano\/\">Tradu\u00e7\u00e3o de websites em italiano<\/a><\/li><li><a href=\"https:\/\/culturesconnection.com\/pt-br\/servicos-de-traducao-de-site-em-holandes\/\">Tradu\u00e7\u00e3o de websites em holand\u00eas<\/a><\/li><li><a href=\"https:\/\/culturesconnection.com\/pt-br\/servicos-de-traducao-de-web-site-em-turco\/\">Tradu\u00e7\u00e3o de websites em turco<\/a><\/li><li><a href=\"https:\/\/culturesconnection.com\/pt-br\/servicos-de-traducao-de-site-em-japones\/\">Tradu\u00e7\u00e3o de websites em japon\u00eas<\/a><\/li><li><a href=\"https:\/\/culturesconnection.com\/pt-br\/servicos-de-traducao-de-website-em-russo\/\">Tradu\u00e7\u00e3o de websites em russo<\/a><\/li><\/ul>\n","protected":false},"excerpt":{"rendered":"<p>Tradu\u00e7\u00e3o profissional de sites em alem\u00e3o Est\u00e1 planejando expandir sua base de clientes na Alemanha? Certamente, o primeiro passo para alcan\u00e7ar isso, ser\u00e1 ter seu [&#8230;]<\/p>\n<p><a class=\"btn btn-secondary understrap-read-more-link\" href=\"https:\/\/culturesconnection.com\/pt-br\/servicos-de-traducao-alema\/servicos-de-traducao-de-websites-em-alemao\/\">Leia mais&#8230;<span class=\"screen-reader-text\"> from Nossos servi\u00e7os de tradu\u00e7\u00e3o de website em alem\u00e3o<\/span><\/a><\/p>\n","protected":false},"author":22,"featured_media":24335,"parent":9847,"menu_order":0,"comment_status":"closed","ping_status":"closed","template":"","meta":{"_acf_changed":false,"_editorskit_title_hidden":false,"_editorskit_reading_time":0,"_editorskit_is_block_options_detached":false,"_editorskit_block_options_position":"{}","footnotes":""},"class_list":["post-9848","page","type-page","status-publish","has-post-thumbnail","hentry"],"acf":[],"_links":{"self":[{"href":"https:\/\/culturesconnection.com\/pt-br\/wp-json\/wp\/v2\/pages\/9848","targetHints":{"allow":["GET"]}}],"collection":[{"href":"https:\/\/culturesconnection.com\/pt-br\/wp-json\/wp\/v2\/pages"}],"about":[{"href":"https:\/\/culturesconnection.com\/pt-br\/wp-json\/wp\/v2\/types\/page"}],"author":[{"embeddable":true,"href":"https:\/\/culturesconnection.com\/pt-br\/wp-json\/wp\/v2\/users\/22"}],"replies":[{"embeddable":true,"href":"https:\/\/culturesconnection.com\/pt-br\/wp-json\/wp\/v2\/comments?post=9848"}],"version-history":[{"count":0,"href":"https:\/\/culturesconnection.com\/pt-br\/wp-json\/wp\/v2\/pages\/9848\/revisions"}],"up":[{"embeddable":true,"href":"https:\/\/culturesconnection.com\/pt-br\/wp-json\/wp\/v2\/pages\/9847"}],"wp:featuredmedia":[{"embeddable":true,"href":"https:\/\/culturesconnection.com\/pt-br\/wp-json\/wp\/v2\/media\/24335"}],"wp:attachment":[{"href":"https:\/\/culturesconnection.com\/pt-br\/wp-json\/wp\/v2\/media?parent=9848"}],"curies":[{"name":"wp","href":"https:\/\/api.w.org\/{rel}","templated":true}]}}