{"id":9846,"date":"2018-06-18T21:24:48","date_gmt":"2018-06-18T19:24:48","guid":{"rendered":"http:\/\/culturesconnection.com\/?page_id=9846"},"modified":"2022-06-18T22:26:02","modified_gmt":"2022-06-18T20:26:02","slug":"servicos-de-traducao-tecnica-alema","status":"publish","type":"page","link":"https:\/\/culturesconnection.com\/pt-br\/servicos-de-traducao-alema\/servicos-de-traducao-tecnica-alema\/","title":{"rendered":"Nossos servi\u00e7os de tradu\u00e7\u00e3o t\u00e9cnica em alem\u00e3o"},"content":{"rendered":"\n<h2 class=\"wp-block-heading\">Tradu\u00e7\u00e3o t\u00e9cnica alem\u00e3o portugu\u00eas: terminologia exata<\/h2>\n\n\n\n<p>Com a Alemanha, sendo a maior economia da Uni\u00e3o Europeia, a tradu\u00e7\u00e3o de documentos t\u00e9cnicos de e para o alem\u00e3o s\u00e3o inevit\u00e1veis para qualquer empresa que pretenda entrar no mercado europeu. Nesta \u00e1rea, n\u00e3o h\u00e1 espa\u00e7o para erros e imprecis\u00f5es. Cada termo \u00e9 insubstitu\u00edvel e um equivalente perfeito deve ser encontrado na l\u00edngua-alvo, a fim de respeitar o significado do texto fonte. Al\u00e9m disso, os benefici\u00e1rios dessas tradu\u00e7\u00f5es s\u00e3o muitas vezes especialistas que n\u00e3o v\u00e3o ficar muito satisfeitos se os termos traduzidos forem confusos. Para preservar sua credibilidade, confie seu projeto a um especialista em tradu\u00e7\u00e3o t\u00e9cnica alem\u00e3.<\/p>\n\n\n\n<h2 class=\"wp-block-heading\">Voc\u00ea est\u00e1 procurando uma ag\u00eancia de tradu\u00e7\u00e3o t\u00e9cnica?<\/h2>\n\n\n\n<p>Na <a href=\"https:\/\/culturesconnection.com\/pt-br\/\">Cultures Connection<\/a>, qualidade sempre vem em primeiro lugar. \u00c9 por isso que tratamos sempre de confiar suas tradu\u00e7\u00f5es aos mais competentes especialistas, tanto ao n\u00edvel lingu\u00edstico como ao n\u00edvel t\u00e9cnico. Eles s\u00e3o qualificados em diversas \u00e1reas: da ind\u00fastria autom\u00f3vel \u00e0 softwares gr\u00e1ficos e at\u00e9 mesmo tecnologias solares. Independentemente do tipo de <a href=\"https:\/\/culturesconnection.com\/pt-br\/servicos-de-traducao\/\">servi\u00e7o de tradu\u00e7\u00e3o<\/a> que requer seu projeto, a nossa extensa rede de especialistas composta de mais de 750 profissionais, nos permitir\u00e1 propor os&nbsp; tradutores mais adequados para o trabalho. Para as suas <a href=\"https:\/\/culturesconnection.com\/pt-br\/servicos-de-traducao-tecnica\/\">tradu\u00e7\u00f5es t\u00e9cnicas<\/a> de e para o alem\u00e3o, voc\u00ea pode confiar na empresa de tradu\u00e7\u00e3o; voc\u00ea obter\u00e1 tradu\u00e7\u00f5es precisas, r\u00e1pidas e confi\u00e1veis.<\/p>\n\n\n\n<h2 class=\"wp-block-heading\">Tradu\u00e7\u00e3o de documentos t\u00e9cnicos em alem\u00e3o<\/h2>\n\n\n\n<p>Aqui est\u00e1 uma lista n\u00e3o-exaustiva de textos t\u00e9cnicos que nosso escrit\u00f3rio traduz regularmente de e para o alem\u00e3o:<\/p>\n\n\n\n<ul class=\"wp-block-list\"><li>Cita\u00e7\u00e3o<\/li><li>Textos de engenharia<\/li><li>Manuais para maquinaria (ou outros tipos de m\u00e1quinas)<\/li><li>Descri\u00e7\u00f5es e fichas de dados t\u00e9cnicas<\/li><li>Normas<\/li><li>Especifica\u00e7\u00f5es<\/li><li>Patentes t\u00e9cnicas<\/li><li>Manuais t\u00e9cnicos<\/li><li>Manuais de instru\u00e7\u00f5es<\/li><li>Guias do usu\u00e1rio<\/li><\/ul>\n\n\n\n<h3 class=\"wp-block-heading\"><img decoding=\"async\" src=\"https:\/\/upload.wikimedia.org\/wikipedia\/commons\/thumb\/8\/8d\/U%2B2192.svg\/25px-U%2B2192.svg.png\" alt=\"U + 2192.svg\"> Tradu\u00e7\u00e3o t\u00e9cnica em todos os idiomas<\/h3>\n\n\n\n<ul class=\"wp-block-list\"><li><a href=\"https:\/\/culturesconnection.com\/pt-br\/servicos-de-traducao-tecnica-em-frances\/\">Tradu\u00e7\u00e3o t\u00e9cnica em franc\u00eas<\/a><\/li><li><a href=\"https:\/\/culturesconnection.com\/pt-br\/servicos-de-traducao-tecnica-em-espanhol\/\">Tradu\u00e7\u00e3o t\u00e9cnica em espanhol<\/a><\/li><li><a href=\"https:\/\/culturesconnection.com\/pt-br\/servicos-de-traducao-tecnica-em-chines\/\">Tradu\u00e7\u00e3o t\u00e9cnica em chin\u00eas<\/a><\/li><li><a href=\"https:\/\/culturesconnection.com\/pt-br\/servicos-de-traducao-tecnica-arabe\/\">Tradu\u00e7\u00e3o t\u00e9cnica em \u00e1rabe<\/a><\/li><li><a href=\"https:\/\/culturesconnection.com\/pt-br\/servicos-de-traducao-tecnica-em-italiano\/\">Tradu\u00e7\u00e3o t\u00e9cnica em italiano<\/a><\/li><li><a href=\"https:\/\/culturesconnection.com\/pt-br\/servicos-de-traducao-tecnica-em-holandes\/\">Tradu\u00e7\u00e3o t\u00e9cnica em holand\u00eas<\/a><\/li><li><a href=\"https:\/\/culturesconnection.com\/pt-br\/servicos-de-traducao-tecnica-em-turco\/\">Tradu\u00e7\u00e3o t\u00e9cnica em turco<\/a><\/li><li><a href=\"https:\/\/culturesconnection.com\/pt-br\/servicos-de-traducao-tecnica-em-japones\/\">Tradu\u00e7\u00e3o t\u00e9cnica em japon\u00eas<\/a><\/li><\/ul>\n","protected":false},"excerpt":{"rendered":"<p>Tradu\u00e7\u00e3o t\u00e9cnica alem\u00e3o portugu\u00eas: terminologia exata Com a Alemanha, sendo a maior economia da Uni\u00e3o Europeia, a tradu\u00e7\u00e3o de documentos t\u00e9cnicos de e para o [&#8230;]<\/p>\n<p><a class=\"btn btn-secondary understrap-read-more-link\" href=\"https:\/\/culturesconnection.com\/pt-br\/servicos-de-traducao-alema\/servicos-de-traducao-tecnica-alema\/\">Leia mais&#8230;<span class=\"screen-reader-text\"> from Nossos servi\u00e7os de tradu\u00e7\u00e3o t\u00e9cnica em alem\u00e3o<\/span><\/a><\/p>\n","protected":false},"author":22,"featured_media":24335,"parent":9847,"menu_order":0,"comment_status":"closed","ping_status":"closed","template":"","meta":{"_acf_changed":false,"_editorskit_title_hidden":false,"_editorskit_reading_time":0,"_editorskit_is_block_options_detached":false,"_editorskit_block_options_position":"{}","footnotes":""},"class_list":["post-9846","page","type-page","status-publish","has-post-thumbnail","hentry"],"acf":[],"_links":{"self":[{"href":"https:\/\/culturesconnection.com\/pt-br\/wp-json\/wp\/v2\/pages\/9846","targetHints":{"allow":["GET"]}}],"collection":[{"href":"https:\/\/culturesconnection.com\/pt-br\/wp-json\/wp\/v2\/pages"}],"about":[{"href":"https:\/\/culturesconnection.com\/pt-br\/wp-json\/wp\/v2\/types\/page"}],"author":[{"embeddable":true,"href":"https:\/\/culturesconnection.com\/pt-br\/wp-json\/wp\/v2\/users\/22"}],"replies":[{"embeddable":true,"href":"https:\/\/culturesconnection.com\/pt-br\/wp-json\/wp\/v2\/comments?post=9846"}],"version-history":[{"count":0,"href":"https:\/\/culturesconnection.com\/pt-br\/wp-json\/wp\/v2\/pages\/9846\/revisions"}],"up":[{"embeddable":true,"href":"https:\/\/culturesconnection.com\/pt-br\/wp-json\/wp\/v2\/pages\/9847"}],"wp:featuredmedia":[{"embeddable":true,"href":"https:\/\/culturesconnection.com\/pt-br\/wp-json\/wp\/v2\/media\/24335"}],"wp:attachment":[{"href":"https:\/\/culturesconnection.com\/pt-br\/wp-json\/wp\/v2\/media?parent=9846"}],"curies":[{"name":"wp","href":"https:\/\/api.w.org\/{rel}","templated":true}]}}