{"id":9843,"date":"2018-06-18T21:24:51","date_gmt":"2018-06-18T19:24:51","guid":{"rendered":"http:\/\/culturesconnection.com\/?page_id=9843"},"modified":"2022-06-19T00:33:41","modified_gmt":"2022-06-18T22:33:41","slug":"servicos-de-traducao-medica-em-alemao","status":"publish","type":"page","link":"https:\/\/culturesconnection.com\/pt-br\/servicos-de-traducao-alema\/servicos-de-traducao-medica-em-alemao\/","title":{"rendered":"Nossos servi\u00e7os de tradu\u00e7\u00e3o m\u00e9dica em alem\u00e3o"},"content":{"rendered":"\n<h2 class=\"wp-block-heading\">Tradu\u00e7\u00e3o m\u00e9dica portugu\u00eas-alem\u00e3o: minucioso trabalho de terminologia<\/h2>\n\n\n\n<p>A tradu\u00e7\u00e3o m\u00e9dica em alem\u00e3o representa uma das tarefas mais complicadas no mundo da tradu\u00e7\u00e3o. De fato, a complexidade, juntamente com o aspecto t\u00e9cnico dos termos usados neste tipo de tradu\u00e7\u00e3o, exige uma precis\u00e3o muito rigorosa. As consequ\u00eancias e os custos de erros ou imprecis\u00f5es na tradu\u00e7\u00e3o m\u00e9dica s\u00e3o consider\u00e1veis. Ao escolher nossa <a href=\"https:\/\/culturesconnection.com\/pt-br\/\">ag\u00eancia de tradu\u00e7\u00e3o<\/a>, voc\u00ea est\u00e1 optando por seguran\u00e7a e qualidade. Cuidamos bem de nossos projetos e tratamo-los com a aten\u00e7\u00e3o que merecem.<\/p>\n\n\n\n<h2 class=\"wp-block-heading\">Procurando por uma ag\u00eancia de tradu\u00e7\u00e3o m\u00e9dica?<\/h2>\n\n\n\n<p>Voc\u00ea precisa de um tradutor m\u00e9dico de portugu\u00eas-alem\u00e3o? Voc\u00ea pode confiar na Cultures Connection e oferecer a seus leitores, tradu\u00e7\u00f5es m\u00e9dicas de alta qualidade. N\u00f3s asseguramos <a href=\"https:\/\/culturesconnection.com\/pt-br\/servicos-de-traducao\/\">servi\u00e7os de tradu\u00e7\u00e3o<\/a> de alto padr\u00e3o e trabalhamos com os tradutores mais competentes. Eles s\u00e3o todos especializados em \u00e1reas m\u00e9dicas. Se voc\u00ea est\u00e1 lidando com a cardiologia, radiologia ou virologia, temos o especialista que voc\u00ea precisa. Envie seu projeto e n\u00f3s vamos confi\u00e1-lo a um dos nossos tradutores alem\u00e3es. Eles todos t\u00eam perfeito dom\u00ednio do alem\u00e3o e portugu\u00eas e sempre traduzem em sua l\u00edngua nativa. S\u00e3o todos experientes na \u00e1rea da medicina e familiarizados com os termos t\u00e9cnicos desta \u00e1rea da tradu\u00e7\u00e3o.<\/p>\n\n\n\n<h2 class=\"wp-block-heading\">Tradu\u00e7\u00e3o de documentos m\u00e9dicos em Alem\u00e3o<\/h2>\n\n\n\n<p><a href=\"https:\/\/culturesconnection.com\/pt-br\/servicos-de-traducao-medica\/\">Documentos m\u00e9dicos<\/a> podem variar amplamente. Aqui est\u00e1 uma pequena lista de exemplos de textos que traduzimos todos os dias para o alem\u00e3o:<\/p>\n\n\n\n<ul class=\"wp-block-list\"><li>Revistas<\/li><li>Relat\u00f3rios de confer\u00eancia<\/li><li>Publica\u00e7\u00f5es<\/li><li>Relat\u00f3rios de projeto e pesquisa<\/li><li>Resultados de estudos e relat\u00f3rios de novas pesquisas<\/li><li>Trabalhos de interesse geral<\/li><li>Relat\u00f3rios de testes<\/li><li>Question\u00e1rios<\/li><li>Folhetos<\/li><li>Dosagens para novos produtos<\/li><li>Resultados de ensaios cl\u00ednicos<\/li><li>Regulamenta\u00e7\u00e3o farmac\u00eautica<\/li><li>Relat\u00f3rios m\u00e9dicos<\/li><\/ul>\n\n\n\n<h2 class=\"wp-block-heading\">Tradu\u00e7\u00e3o m\u00e9dica em todos os idiomas<\/h2>\n\n\n\n<ul class=\"wp-block-list\"><li><a href=\"https:\/\/culturesconnection.com\/pt-br\/servicos-de-traducao-medica-em-frances\/\">Tradu\u00e7\u00e3o m\u00e9dica em franc\u00eas<\/a><\/li><li><a href=\"https:\/\/culturesconnection.com\/pt-br\/servicos-de-traducao-medica-em-espanhol\/\">Tradu\u00e7\u00e3o m\u00e9dica em espanhol<\/a><\/li><li><a href=\"https:\/\/culturesconnection.com\/pt-br\/servicos-de-traducao-de-medicina-em-chines\/\">Tradu\u00e7\u00e3o m\u00e9dica em chin\u00eas<\/a><\/li><li><a href=\"https:\/\/culturesconnection.com\/pt-br\/servicos-de-traducao-medica-em-arabe\/\">Tradu\u00e7\u00e3o m\u00e9dica em \u00e1rabe<\/a><\/li><li><a href=\"https:\/\/culturesconnection.com\/pt-br\/servicos-de-traducao-medica-em-italiano\/\">Tradu\u00e7\u00e3o m\u00e9dica em italiano<\/a><\/li><li><a href=\"https:\/\/culturesconnection.com\/pt-br\/servicos-de-traducao-medica-em-holandes\/\">Tradu\u00e7\u00e3o m\u00e9dica em holand\u00eas<\/a><\/li><li><a href=\"https:\/\/culturesconnection.com\/pt-br\/servicos-de-traducao-medica-em-turco\/\">Tradu\u00e7\u00e3o m\u00e9dica em turco<\/a><\/li><li><a href=\"https:\/\/culturesconnection.com\/pt-br\/servicos-de-traducao-medica-em-japones\/\">Tradu\u00e7\u00e3o m\u00e9dica em japon\u00eas<\/a><\/li><li><a href=\"https:\/\/culturesconnection.com\/pt-br\/servicos-de-traducao-medica-em-russo\/\">Tradu\u00e7\u00e3o m\u00e9dica em russo<\/a><\/li><\/ul>\n","protected":false},"excerpt":{"rendered":"<p>Tradu\u00e7\u00e3o m\u00e9dica portugu\u00eas-alem\u00e3o: minucioso trabalho de terminologia A tradu\u00e7\u00e3o m\u00e9dica em alem\u00e3o representa uma das tarefas mais complicadas no mundo da tradu\u00e7\u00e3o. De fato, a [&#8230;]<\/p>\n<p><a class=\"btn btn-secondary understrap-read-more-link\" href=\"https:\/\/culturesconnection.com\/pt-br\/servicos-de-traducao-alema\/servicos-de-traducao-medica-em-alemao\/\">Leia mais&#8230;<span class=\"screen-reader-text\"> from Nossos servi\u00e7os de tradu\u00e7\u00e3o m\u00e9dica em alem\u00e3o<\/span><\/a><\/p>\n","protected":false},"author":22,"featured_media":24335,"parent":9847,"menu_order":0,"comment_status":"closed","ping_status":"closed","template":"","meta":{"_acf_changed":false,"_editorskit_title_hidden":false,"_editorskit_reading_time":0,"_editorskit_is_block_options_detached":false,"_editorskit_block_options_position":"{}","footnotes":""},"class_list":["post-9843","page","type-page","status-publish","has-post-thumbnail","hentry"],"acf":[],"_links":{"self":[{"href":"https:\/\/culturesconnection.com\/pt-br\/wp-json\/wp\/v2\/pages\/9843","targetHints":{"allow":["GET"]}}],"collection":[{"href":"https:\/\/culturesconnection.com\/pt-br\/wp-json\/wp\/v2\/pages"}],"about":[{"href":"https:\/\/culturesconnection.com\/pt-br\/wp-json\/wp\/v2\/types\/page"}],"author":[{"embeddable":true,"href":"https:\/\/culturesconnection.com\/pt-br\/wp-json\/wp\/v2\/users\/22"}],"replies":[{"embeddable":true,"href":"https:\/\/culturesconnection.com\/pt-br\/wp-json\/wp\/v2\/comments?post=9843"}],"version-history":[{"count":0,"href":"https:\/\/culturesconnection.com\/pt-br\/wp-json\/wp\/v2\/pages\/9843\/revisions"}],"up":[{"embeddable":true,"href":"https:\/\/culturesconnection.com\/pt-br\/wp-json\/wp\/v2\/pages\/9847"}],"wp:featuredmedia":[{"embeddable":true,"href":"https:\/\/culturesconnection.com\/pt-br\/wp-json\/wp\/v2\/media\/24335"}],"wp:attachment":[{"href":"https:\/\/culturesconnection.com\/pt-br\/wp-json\/wp\/v2\/media?parent=9843"}],"curies":[{"name":"wp","href":"https:\/\/api.w.org\/{rel}","templated":true}]}}