{"id":9840,"date":"2018-06-18T21:24:55","date_gmt":"2018-06-18T19:24:55","guid":{"rendered":"http:\/\/culturesconnection.com\/?page_id=9840"},"modified":"2022-06-21T00:35:23","modified_gmt":"2022-06-20T22:35:23","slug":"servicos-de-traducao-financeira-em-alemao","status":"publish","type":"page","link":"https:\/\/culturesconnection.com\/pt-br\/servicos-de-traducao-alema\/servicos-de-traducao-financeira-em-alemao\/","title":{"rendered":"Nossos servi\u00e7os de tradu\u00e7\u00e3o financeira em alem\u00e3o"},"content":{"rendered":"\n<h2 class=\"wp-block-heading\">Tradu\u00e7\u00e3o financeira portugu\u00eas-alem\u00e3o, precis\u00e3o \u00e9 primordial<\/h2>\n\n\n\n<p>A tradu\u00e7\u00e3o de documentos financeiros para o alem\u00e3o exige precis\u00e3o, disciplina e conhecimento avan\u00e7ado do setor, da sua terminologia e de seus regulamentos. O tradutor profissional a quem voc\u00ea confia seu projeto de tradu\u00e7\u00e3o tem que ser experiente, especializado em sua \u00e1rea e em suas l\u00ednguas de trabalho e capaz de garantir o melhor resultado em termos de qualidade. Qualquer erro pode levar a consequ\u00eancias desastrosas, como por exemplo, a perda de clientes e de recursos. Em outras palavras, escolher uma<a href=\"https:\/\/culturesconnection.com\/pt-br\/\"> ag\u00eancia de tradu\u00e7\u00e3o<\/a> confi\u00e1vel \u00e9 extremamente importante.<\/p>\n\n\n\n<h2 class=\"wp-block-heading\">Procurando por uma ag\u00eancia de tradu\u00e7\u00e3o financeira?<\/h2>\n\n\n\n<p>A fim de fornecer-lhe uma tradu\u00e7\u00e3o financeira em alem\u00e3o de alta qualidade, apenas trabalhamos em colabora\u00e7\u00e3o com tradutores profissionais muito experientes. Estes s\u00e3o selecionados com base em suas qualifica\u00e7\u00f5es e submetidos a testes rigorosos. Seus projetos s\u00e3o confiados a peritos financeiros, que s\u00e3o altamente proficientes em portugu\u00eas e alem\u00e3o e sempre traduzem para sua l\u00edngua nativa. Se voc\u00ea estiver procurando por uma tradu\u00e7\u00e3o de documentos financeiros para o alem\u00e3o, veio ao lugar certo. A Cultures Connection garante alta qualidade em seus <a href=\"https:\/\/culturesconnection.com\/pt-br\/servicos-de-traducao\/\">servi\u00e7os de tradu\u00e7\u00e3o<\/a>.<\/p>\n\n\n\n<h2 class=\"wp-block-heading\">Tradu\u00e7\u00e3o de documentos financeiros em alem\u00e3o<\/h2>\n\n\n\n<p>Abaixo voc\u00ea encontrar\u00e1 uma lista n\u00e3o exaustiva de exemplos de tipos de <a href=\"https:\/\/culturesconnection.com\/pt-br\/servicos-de-traducao-financeira\/\">documentos financeiros<\/a> que a Cultures Connection frequentemente traduz de e para o alem\u00e3o:<\/p>\n\n\n\n<ul class=\"wp-block-list\"><li>Documentos informativos para investidores<\/li><li>Folhetos<\/li><li>Relat\u00f3rios do fundo de investimento<\/li><li>Relat\u00f3rios de atividade<\/li><li>Folhas de balan\u00e7os<\/li><li>Bolsa de valores<\/li><li>Documentos banc\u00e1rios<\/li><li>Documentos de informa\u00e7\u00e3o financeira<\/li><li>Trabalhos de investiga\u00e7\u00e3o<\/li><li>Documentos de gest\u00e3o de risco e gest\u00e3o de ativos<\/li><li>Relat\u00f3rios de auditoria<\/li><li>Textos sobre fus\u00f5es e aquisi\u00e7\u00f5es<\/li><\/ul>\n\n\n\n<h2 class=\"wp-block-heading\">Tradu\u00e7\u00e3o financeira em todos os idiomas<\/h2>\n\n\n\n<ul class=\"wp-block-list\"><li><a href=\"https:\/\/culturesconnection.com\/pt-br\/servicos-de-traducao-financeira-em-frances\/\">Tradu\u00e7\u00e3o financeira em franc\u00eas<\/a><\/li><li><a href=\"https:\/\/culturesconnection.com\/pt-br\/servicos-de-traducao-financeira-em-espanhol\/\">Tradu\u00e7\u00e3o financeira em espanhol<\/a><\/li><li><a href=\"https:\/\/culturesconnection.com\/pt-br\/servicos-de-traducao-financeira-chinesa\/\">Tradu\u00e7\u00e3o financeira em chin\u00eas<\/a><\/li><li><a href=\"https:\/\/culturesconnection.com\/pt-br\/servicos-de-traducao-financeira-arabe\/\">Tradu\u00e7\u00e3o financeira em \u00e1rabe<\/a><\/li><li><a href=\"https:\/\/culturesconnection.com\/pt-br\/nossos-servicos-de-traducao-financeira-em-ingles\/\">Tradu\u00e7\u00e3o financeira em ingl\u00eas<\/a><\/li><li><a href=\"https:\/\/culturesconnection.com\/pt-br\/servicos-de-traducao-financeira-em-italiano\/\">Tradu\u00e7\u00e3o financeira em italiano<\/a><\/li><li><a href=\"https:\/\/culturesconnection.com\/pt-br\/servicos-de-traducao-financeira-em-holandes\/\">Tradu\u00e7\u00e3o financeira em holand\u00eas<\/a><\/li><li><a href=\"https:\/\/culturesconnection.com\/pt-br\/servicos-de-traducao-financeira-em-turco\/\">Tradu\u00e7\u00e3o financeira em turco<\/a><\/li><li><a href=\"https:\/\/culturesconnection.com\/pt-br\/servicos-de-traducao-financeira-em-japones\/\">Tradu\u00e7\u00e3o financeira em japon\u00eas<\/a><\/li><li><a href=\"https:\/\/culturesconnection.com\/pt-br\/servicos-de-traducao-financeira-em-russo\/\">Tradu\u00e7\u00e3o financeira em russo<\/a><\/li><\/ul>\n","protected":false},"excerpt":{"rendered":"<p>Tradu\u00e7\u00e3o financeira portugu\u00eas-alem\u00e3o, precis\u00e3o \u00e9 primordial A tradu\u00e7\u00e3o de documentos financeiros para o alem\u00e3o exige precis\u00e3o, disciplina e conhecimento avan\u00e7ado do setor, da sua terminologia [&#8230;]<\/p>\n<p><a class=\"btn btn-secondary understrap-read-more-link\" href=\"https:\/\/culturesconnection.com\/pt-br\/servicos-de-traducao-alema\/servicos-de-traducao-financeira-em-alemao\/\">Leia mais&#8230;<span class=\"screen-reader-text\"> from Nossos servi\u00e7os de tradu\u00e7\u00e3o financeira em alem\u00e3o<\/span><\/a><\/p>\n","protected":false},"author":22,"featured_media":24335,"parent":9847,"menu_order":0,"comment_status":"closed","ping_status":"closed","template":"","meta":{"_acf_changed":false,"_editorskit_title_hidden":false,"_editorskit_reading_time":0,"_editorskit_is_block_options_detached":false,"_editorskit_block_options_position":"{}","footnotes":""},"class_list":["post-9840","page","type-page","status-publish","has-post-thumbnail","hentry"],"acf":[],"_links":{"self":[{"href":"https:\/\/culturesconnection.com\/pt-br\/wp-json\/wp\/v2\/pages\/9840","targetHints":{"allow":["GET"]}}],"collection":[{"href":"https:\/\/culturesconnection.com\/pt-br\/wp-json\/wp\/v2\/pages"}],"about":[{"href":"https:\/\/culturesconnection.com\/pt-br\/wp-json\/wp\/v2\/types\/page"}],"author":[{"embeddable":true,"href":"https:\/\/culturesconnection.com\/pt-br\/wp-json\/wp\/v2\/users\/22"}],"replies":[{"embeddable":true,"href":"https:\/\/culturesconnection.com\/pt-br\/wp-json\/wp\/v2\/comments?post=9840"}],"version-history":[{"count":0,"href":"https:\/\/culturesconnection.com\/pt-br\/wp-json\/wp\/v2\/pages\/9840\/revisions"}],"up":[{"embeddable":true,"href":"https:\/\/culturesconnection.com\/pt-br\/wp-json\/wp\/v2\/pages\/9847"}],"wp:featuredmedia":[{"embeddable":true,"href":"https:\/\/culturesconnection.com\/pt-br\/wp-json\/wp\/v2\/media\/24335"}],"wp:attachment":[{"href":"https:\/\/culturesconnection.com\/pt-br\/wp-json\/wp\/v2\/media?parent=9840"}],"curies":[{"name":"wp","href":"https:\/\/api.w.org\/{rel}","templated":true}]}}