{"id":9839,"date":"2018-06-18T21:24:56","date_gmt":"2018-06-18T19:24:56","guid":{"rendered":"http:\/\/culturesconnection.com\/?page_id=9839"},"modified":"2022-06-21T22:28:16","modified_gmt":"2022-06-21T20:28:16","slug":"servicos-de-traducao-empresarial-em-alemao","status":"publish","type":"page","link":"https:\/\/culturesconnection.com\/pt-br\/servicos-de-traducao-alema\/servicos-de-traducao-empresarial-em-alemao\/","title":{"rendered":"Nossos servi\u00e7os de tradu\u00e7\u00e3o de neg\u00f3cios em alem\u00e3o"},"content":{"rendered":"\n<h2 class=\"wp-block-heading\">Tradu\u00e7\u00e3o empresarial de portugu\u00eas-alem\u00e3o \u00e9 uma quest\u00e3o de credibilidade<\/h2>\n\n\n\n<p>A tradu\u00e7\u00e3o empresarial de e para o alem\u00e3o constitui um grande desafio para qualquer empresa que pretenda expandir internacionalmente. \u00c9 essencial fornecer a seus parceiros de neg\u00f3cios, documentos traduzidos para suas l\u00ednguas maternas por um tradutor especializado em tradu\u00e7\u00e3o empresarial. Estes textos de qualidade, refletir\u00e3o a fiabilidade da sua empresa e lhe dar\u00e3o uma maior credibilidade. Lembre-se que as culturas empresariais variam de um pa\u00eds para o outro: um contrato n\u00e3o ser\u00e1 assinado da mesma maneira em Londres como \u00e9 em Berlim. A solu\u00e7\u00e3o? Trabalhar com uma <a href=\"https:\/\/culturesconnection.com\/pt-br\/\">empresa de tradu\u00e7\u00e3o<\/a> especializada em tradu\u00e7\u00e3o de neg\u00f3cios em alem\u00e3o.<\/p>\n\n\n\n<h2 class=\"wp-block-heading\">Procurando por uma ag\u00eancia de tradu\u00e7\u00e3o empresarial?<\/h2>\n\n\n\n<p>Escolhendo a Cultures Connection para traduzir seus documentos comerciais de e para o alem\u00e3o, voc\u00ea est\u00e1 garantindo um resultado de alta qualidade. Nossa ag\u00eancia oferece \u00f3timos <a href=\"https:\/\/culturesconnection.com\/pt-br\/servicos-de-traducao\/\">servi\u00e7os de tradu\u00e7\u00e3o<\/a> e contamos com uma extensa rede de profissionais alem\u00e3es experientes em <a href=\"https:\/\/culturesconnection.com\/pt-br\/servicos-de-traducao-de-negocios\/\">tradu\u00e7\u00e3o empresarial<\/a>. Todos nossos tradutores portugu\u00eas-alem\u00e3o s\u00e3o selecionados com base em sua experi\u00eancia, qualifica\u00e7\u00e3o e compet\u00eancia. Eles s\u00e3o testados regularmente de forma a garantir a nossos clientes um servi\u00e7o de alta qualidade. Possuem compet\u00eancias lingu\u00edsticas altamente especializadas, tanto em alem\u00e3o como em portugu\u00eas e sempre traduzem para sua l\u00edngua nativa.<\/p>\n\n\n\n<h2 class=\"wp-block-heading\">Tradu\u00e7\u00e3o de documentos empresarias em alem\u00e3o<\/h2>\n\n\n\n<p>Oferecemos nossos servi\u00e7os para uma grande variedade de documentos comerciais. Somos, portanto, capazes de ajud\u00e1-lo com seus planos de expans\u00e3o internacional. Aqui est\u00e1 uma lista n\u00e3o-exaustiva de documentos que frequentemente traduzimos de e para o alem\u00e3o:<\/p>\n\n\n\n<ul class=\"wp-block-list\"><li>Brochuras<\/li><li>Livretos<\/li><li>Cart\u00f5es de visita<\/li><li>Lan\u00e7amentos<\/li><li>Campanhas<\/li><li>Websites<\/li><li>Cat\u00e1logos<\/li><li>Apresenta\u00e7\u00f5es<\/li><li>Suportes publicit\u00e1rios<\/li><li>Estudos de mercado<\/li><li>Boletins de neg\u00f3cios<\/li><li>White papers<\/li><li>Publicidade<\/li><\/ul>\n\n\n\n<h3 class=\"wp-block-heading\"><img decoding=\"async\" src=\"https:\/\/upload.wikimedia.org\/wikipedia\/commons\/thumb\/8\/8d\/U%2B2192.svg\/25px-U%2B2192.svg.png\" alt=\"U + 2192.svg\"> Tradu\u00e7\u00e3o empresarial em todos os idiomas<\/h3>\n\n\n\n<ul class=\"wp-block-list\"><li><a href=\"https:\/\/culturesconnection.com\/pt-br\/servicos-de-traducao-empresarial-em-frances\/\">Tradu\u00e7\u00e3o empresarial em franc\u00eas<\/a><\/li><li><a href=\"https:\/\/culturesconnection.com\/pt-br\/servicos-de-traducao-empresarial-em-espanhol\/\">Tradu\u00e7\u00e3o empresarial em espanhol<\/a><\/li><li><a href=\"https:\/\/culturesconnection.com\/pt-br\/servicos-de-traducao-negocios-em-chines\/\">Tradu\u00e7\u00e3o empresarial em chin\u00eas<\/a><\/li><li><a href=\"https:\/\/culturesconnection.com\/pt-br\/servicos-de-traducao-de-negocios-em-arabe\/\">Tradu\u00e7\u00e3o empresarial em \u00e1rabe<\/a><\/li><li><a href=\"https:\/\/culturesconnection.com\/pt-br\/servicos-de-traducao-empresarial-em-italiano\/\">Tradu\u00e7\u00e3o empresarial em italiano<\/a><\/li><li><a href=\"https:\/\/culturesconnection.com\/pt-br\/servicos-de-traducao-de-negocios-em-holandes\/\">Tradu\u00e7\u00e3o empresarial em holand\u00eas<\/a><\/li><li><a href=\"https:\/\/culturesconnection.com\/pt-br\/servicos-de-traducao-empresarial-em-turco\/\">Tradu\u00e7\u00e3o empresarial em turco<\/a><\/li><li><a href=\"https:\/\/culturesconnection.com\/pt-br\/servicos-de-traducao-empresarial-em-japones\/\">Tradu\u00e7\u00e3o empresarial em japon\u00eas<\/a><\/li><li><a href=\"https:\/\/culturesconnection.com\/pt-br\/servicos-de-traducao-empresarial-em-russo\/\">Tradu\u00e7\u00e3o empresarial em russo<\/a><\/li><\/ul>\n","protected":false},"excerpt":{"rendered":"<p>Tradu\u00e7\u00e3o empresarial de portugu\u00eas-alem\u00e3o \u00e9 uma quest\u00e3o de credibilidade A tradu\u00e7\u00e3o empresarial de e para o alem\u00e3o constitui um grande desafio para qualquer empresa que [&#8230;]<\/p>\n<p><a class=\"btn btn-secondary understrap-read-more-link\" href=\"https:\/\/culturesconnection.com\/pt-br\/servicos-de-traducao-alema\/servicos-de-traducao-empresarial-em-alemao\/\">Leia mais&#8230;<span class=\"screen-reader-text\"> from Nossos servi\u00e7os de tradu\u00e7\u00e3o de neg\u00f3cios em alem\u00e3o<\/span><\/a><\/p>\n","protected":false},"author":22,"featured_media":24335,"parent":9847,"menu_order":0,"comment_status":"closed","ping_status":"closed","template":"","meta":{"_acf_changed":false,"_editorskit_title_hidden":false,"_editorskit_reading_time":0,"_editorskit_is_block_options_detached":false,"_editorskit_block_options_position":"{}","footnotes":""},"class_list":["post-9839","page","type-page","status-publish","has-post-thumbnail","hentry"],"acf":[],"_links":{"self":[{"href":"https:\/\/culturesconnection.com\/pt-br\/wp-json\/wp\/v2\/pages\/9839","targetHints":{"allow":["GET"]}}],"collection":[{"href":"https:\/\/culturesconnection.com\/pt-br\/wp-json\/wp\/v2\/pages"}],"about":[{"href":"https:\/\/culturesconnection.com\/pt-br\/wp-json\/wp\/v2\/types\/page"}],"author":[{"embeddable":true,"href":"https:\/\/culturesconnection.com\/pt-br\/wp-json\/wp\/v2\/users\/22"}],"replies":[{"embeddable":true,"href":"https:\/\/culturesconnection.com\/pt-br\/wp-json\/wp\/v2\/comments?post=9839"}],"version-history":[{"count":0,"href":"https:\/\/culturesconnection.com\/pt-br\/wp-json\/wp\/v2\/pages\/9839\/revisions"}],"up":[{"embeddable":true,"href":"https:\/\/culturesconnection.com\/pt-br\/wp-json\/wp\/v2\/pages\/9847"}],"wp:featuredmedia":[{"embeddable":true,"href":"https:\/\/culturesconnection.com\/pt-br\/wp-json\/wp\/v2\/media\/24335"}],"wp:attachment":[{"href":"https:\/\/culturesconnection.com\/pt-br\/wp-json\/wp\/v2\/media?parent=9839"}],"curies":[{"name":"wp","href":"https:\/\/api.w.org\/{rel}","templated":true}]}}