{"id":9837,"date":"2018-06-18T21:25:35","date_gmt":"2018-06-18T19:25:35","guid":{"rendered":"http:\/\/culturesconnection.com\/?page_id=9837"},"modified":"2022-06-18T02:54:04","modified_gmt":"2022-06-18T00:54:04","slug":"servicos-de-traducao-tecnica-em-frances","status":"publish","type":"page","link":"https:\/\/culturesconnection.com\/pt-br\/servicos-de-traducao-em-frances\/servicos-de-traducao-tecnica-em-frances\/","title":{"rendered":"Nossos servi\u00e7os de tradu\u00e7\u00e3o t\u00e9cnica em franc\u00eas"},"content":{"rendered":"\n<h2 class=\"wp-block-heading\">Tradu\u00e7\u00e3o t\u00e9cnica portugu\u00eas-franc\u00eas: terminologia altamente espec\u00edfica<\/h2>\n\n\n\n<p>Se voc\u00ea tem uma empresa do setor t\u00e9cnico ou cient\u00edfico e deseja realizar trocas com a Fran\u00e7a certamente ser\u00e1 necess\u00e1rio contratar um tradutor para adaptar seus documentos ao franc\u00eas. Essa tarefa pode ser desafiadora pois apenas um profissional multi-qualificado poder\u00e1 realiz\u00e1-la. Ele deve ser especializado na \u00e1rea t\u00e9cnica de que trata seus textos e tamb\u00e9m altamente proficiente nas duas l\u00ednguas envolvidas. Seu texto final ser\u00e1 lido por especialistas e, de forma a manter a credibilidade de sua empresa, n\u00e3o poder\u00e1 conter nenhuma falha ou imprecis\u00e3o.<\/p>\n\n\n\n<h2 class=\"wp-block-heading\">Nossa ag\u00eancia de tradu\u00e7\u00e3o t\u00e9cnica<\/h2>\n\n\n\n<p>Para a nossa <a href=\"https:\/\/culturesconnection.com\/pt-br\/\">empresa de tradu\u00e7\u00e3o<\/a>, qualidade \u00e9 sempre a melhor escolha. Para este fim, sempre confiamos seus projetos \u00e0 tradutores que combinam conhecimento especializado e compet\u00eancias lingu\u00edsticas perfeitas. Nossos tradutores t\u00e9cnicos de portugu\u00eas-franc\u00eas, s\u00e3o qualificados e experientes em muitos campos, incluindo engenharia, mec\u00e2nica, fabrica\u00e7\u00e3o, sector aeroespacial e ind\u00fastria sider\u00fargica. N\u00f3s dispomos de uma extensa rede de mais 750 tradutores e fornecemos uma vasta gama de <a href=\"https:\/\/culturesconnection.com\/pt-br\/servicos-de-traducao\/\">servi\u00e7os de tradu\u00e7\u00e3o<\/a>. Seja qual for seu projeto, Cultures Connection ter\u00e1 sempre o especialista que voc\u00ea precisa! Fornecer resultados r\u00e1pidos, precisos e de alta qualidade.<\/p>\n\n\n\n<h2 class=\"wp-block-heading\">Tradu\u00e7\u00e3o de documentos t\u00e9cnicos em franc\u00eas<\/h2>\n\n\n\n<p>Aqui, voc\u00ea encontrar\u00e1 alguns exemplos de <a href=\"https:\/\/culturesconnection.com\/pt-br\/servicos-de-traducao-tecnica\/\">documentos t\u00e9cnicos<\/a> que nossa ag\u00eancia traduz regularmente de e para o franc\u00eas:<\/p>\n\n\n\n<ul class=\"wp-block-list\"><li>Or\u00e7amento<\/li><li>Textos de engenharia<\/li><li>Manuais para maquinaria (ou outros tipos de m\u00e1quinas)<\/li><li>Descri\u00e7\u00f5es e fichas de dados t\u00e9cnicas<\/li><li>Normas<\/li><li>Especifica\u00e7\u00f5es<\/li><li>Patentes t\u00e9cnicas<\/li><li>Manuais t\u00e9cnicos<\/li><li>Manuais de instru\u00e7\u00f5es<\/li><li>Guias do usu\u00e1rio<\/li><\/ul>\n\n\n\n<h2 class=\"wp-block-heading\">Tradu\u00e7\u00e3o t\u00e9cnica em todos os idiomas<\/h2>\n\n\n\n<ul class=\"wp-block-list\"><li><a href=\"https:\/\/culturesconnection.com\/pt-br\/servicos-de-traducao-tecnica-em-espanhol\/\">Tradu\u00e7\u00e3o t\u00e9cnica em espanhol<\/a><\/li><li><a href=\"https:\/\/culturesconnection.com\/pt-br\/servicos-de-traducao-tecnica-alema\/\">Tradu\u00e7\u00e3o t\u00e9cnica em alem\u00e3o<\/a><\/li><li><a href=\"https:\/\/culturesconnection.com\/pt-br\/servicos-de-traducao-tecnica-em-chines\/\">Tradu\u00e7\u00e3o t\u00e9cnica em chin\u00eas<\/a><\/li><li><a href=\"https:\/\/culturesconnection.com\/pt-br\/servicos-de-traducao-tecnica-arabe\/\">Tradu\u00e7\u00e3o t\u00e9cnica em \u00e1rabe<\/a><\/li><li><a href=\"https:\/\/culturesconnection.com\/pt-br\/servicos-de-traducao-tecnica-em-italiano\/\">Tradu\u00e7\u00e3o t\u00e9cnica em italiano<\/a><\/li><li><a href=\"https:\/\/culturesconnection.com\/pt-br\/servicos-de-traducao-tecnica-em-holandes\/\">Tradu\u00e7\u00e3o t\u00e9cnica em holand\u00eas<\/a><\/li><li><a href=\"https:\/\/culturesconnection.com\/pt-br\/servicos-de-traducao-tecnica-em-turco\/\">Tradu\u00e7\u00e3o t\u00e9cnica em turco<\/a><\/li><li><a href=\"https:\/\/culturesconnection.com\/pt-br\/servicos-de-traducao-tecnica-em-japones\/\">Tradu\u00e7\u00e3o t\u00e9cnica em japon\u00eas<\/a><\/li><li><a href=\"https:\/\/culturesconnection.com\/pt-br\/servicos-de-traducao-tecnica-em-russo\/\">Tradu\u00e7\u00e3o t\u00e9cnica em russo<\/a><\/li><\/ul>\n","protected":false},"excerpt":{"rendered":"<p>Tradu\u00e7\u00e3o t\u00e9cnica portugu\u00eas-franc\u00eas: terminologia altamente espec\u00edfica Se voc\u00ea tem uma empresa do setor t\u00e9cnico ou cient\u00edfico e deseja realizar trocas com a Fran\u00e7a certamente ser\u00e1 [&#8230;]<\/p>\n<p><a class=\"btn btn-secondary understrap-read-more-link\" href=\"https:\/\/culturesconnection.com\/pt-br\/servicos-de-traducao-em-frances\/servicos-de-traducao-tecnica-em-frances\/\">Leia mais&#8230;<span class=\"screen-reader-text\"> from Nossos servi\u00e7os de tradu\u00e7\u00e3o t\u00e9cnica em franc\u00eas<\/span><\/a><\/p>\n","protected":false},"author":22,"featured_media":24335,"parent":9829,"menu_order":0,"comment_status":"closed","ping_status":"closed","template":"","meta":{"_acf_changed":false,"_editorskit_title_hidden":false,"_editorskit_reading_time":0,"_editorskit_is_block_options_detached":false,"_editorskit_block_options_position":"{}","footnotes":""},"class_list":["post-9837","page","type-page","status-publish","has-post-thumbnail","hentry"],"acf":[],"_links":{"self":[{"href":"https:\/\/culturesconnection.com\/pt-br\/wp-json\/wp\/v2\/pages\/9837","targetHints":{"allow":["GET"]}}],"collection":[{"href":"https:\/\/culturesconnection.com\/pt-br\/wp-json\/wp\/v2\/pages"}],"about":[{"href":"https:\/\/culturesconnection.com\/pt-br\/wp-json\/wp\/v2\/types\/page"}],"author":[{"embeddable":true,"href":"https:\/\/culturesconnection.com\/pt-br\/wp-json\/wp\/v2\/users\/22"}],"replies":[{"embeddable":true,"href":"https:\/\/culturesconnection.com\/pt-br\/wp-json\/wp\/v2\/comments?post=9837"}],"version-history":[{"count":0,"href":"https:\/\/culturesconnection.com\/pt-br\/wp-json\/wp\/v2\/pages\/9837\/revisions"}],"up":[{"embeddable":true,"href":"https:\/\/culturesconnection.com\/pt-br\/wp-json\/wp\/v2\/pages\/9829"}],"wp:featuredmedia":[{"embeddable":true,"href":"https:\/\/culturesconnection.com\/pt-br\/wp-json\/wp\/v2\/media\/24335"}],"wp:attachment":[{"href":"https:\/\/culturesconnection.com\/pt-br\/wp-json\/wp\/v2\/media?parent=9837"}],"curies":[{"name":"wp","href":"https:\/\/api.w.org\/{rel}","templated":true}]}}