{"id":9835,"date":"2018-06-18T21:25:37","date_gmt":"2018-06-18T19:25:37","guid":{"rendered":"http:\/\/culturesconnection.com\/?page_id=9835"},"modified":"2022-06-21T03:00:34","modified_gmt":"2022-06-21T01:00:34","slug":"servicos-de-traducao-cientifica-em-frances","status":"publish","type":"page","link":"https:\/\/culturesconnection.com\/pt-br\/servicos-de-traducao-em-frances\/servicos-de-traducao-cientifica-em-frances\/","title":{"rendered":"Nossos servi\u00e7os de tradu\u00e7\u00e3o cient\u00edfica em franc\u00eas"},"content":{"rendered":"\n<h2 class=\"wp-block-heading\">Tradu\u00e7\u00e3o cient\u00edfica do portugu\u00eas para o franc\u00eas: rigor acima de tudo<\/h2>\n\n\n\n<p>Documentos cient\u00edficos apresentam uma terminologia complexa e altamente t\u00e9cnica. Somente um especialista de tradu\u00e7\u00e3o cient\u00edfica \u00e9 capaz de lidar com um projeto deste tipo com a qualidade e o rigor exigido.<\/p>\n\n\n\n<p>Seja qual for a natureza do seu documento cient\u00edfico, nossa <a href=\"https:\/\/culturesconnection.com\/pt-br\/\">ag\u00eancia de tradu\u00e7\u00e3o<\/a> garante que ele seja tratado pelos tradutores e revisores mais competentes e mais adaptados ao seu projeto. Nossos tradutores cient\u00edficos franceses s\u00e3o todos escolhidos com base em seus diplomas, qualifica\u00e7\u00f5es, experi\u00eancia e dom\u00ednio das terminologias relacionadas ao projeto. Nossas \u00e1reas de especializa\u00e7\u00e3o s\u00e3o variadas: biotecnologia, zoologia, energias renov\u00e1veis, desenvolvimento sustent\u00e1vel, sa\u00fade, alimenta\u00e7\u00e3o, fisiologia molecular entre outros.<\/p>\n\n\n\n<h2 class=\"wp-block-heading\">Nossa empresa de tradu\u00e7\u00e3o<\/h2>\n\n\n\n<p>A tradu\u00e7\u00e3o de documentos cient\u00edficos do franc\u00eas para o portugu\u00eas e vice-versa \u00e9 parte integral do nosso trabalho. A Cultures Connection oferece <a href=\"https:\/\/culturesconnection.com\/pt-br\/servicos-de-traducao\/\">servi\u00e7os de tradu\u00e7\u00e3o<\/a> realizados por profissionais altamente qualificados. De forma a garantir uma tradu\u00e7\u00e3o de excel\u00eancia, nossa empresa certifica-se que toda a terminologia tenha sido pesquisada e&nbsp; esteja devidamente identificados em todo o documento traduzido. Plenamente conscientes de que uma \u00fanica palavra pode ter v\u00e1rias tradu\u00e7\u00f5es, nos certificamos que o equivalente exato \u00e9 usado no texto alvo a fim de preservar o valor e a exatid\u00e3o do documento de origem.<\/p>\n\n\n\n<h2 class=\"wp-block-heading\">Tradu\u00e7\u00e3o de documentos m\u00e9dicos em franc\u00eas<\/h2>\n\n\n\n<p>Traduzimos uma <a href=\"https:\/\/culturesconnection.com\/pt-br\/servicos-de-traducao-cientifica\/\">vasta gama de documentos cient\u00edficos<\/a> de e para o franc\u00eas. Aqui est\u00e1 alguns deles:<\/p>\n\n\n\n<ul class=\"wp-block-list\"><li>L\u00e9xicos, enciclop\u00e9dias cient\u00edficas e gloss\u00e1rios<\/li><li>Documentos t\u00e9cnicos e artigos de pesquisa<\/li><li>Manuais de operador e usu\u00e1rio<\/li><li>Testes de laborat\u00f3rio, testes de protocolos<\/li><li>Orienta\u00e7\u00f5es, patentes e documentos legais<\/li><li>Especifica\u00e7\u00f5es<\/li><li>Estudos de mercado e projeto entre pa\u00edses<\/li><li>Simula\u00e7\u00e3o de software (biotecnologia, ambiental, remodela\u00e7\u00e3o de unidade industrial)<\/li><li>Apresenta\u00e7\u00f5es multim\u00eddia e v\u00eddeo<\/li><li>Tradu\u00e7\u00e3o e localiza\u00e7\u00e3o de websites<\/li><li>Tradu\u00e7\u00e3o de manuais t\u00e9cnicos, apresenta\u00e7\u00f5es de confer\u00eancia<\/li><\/ul>\n\n\n\n<h3 class=\"wp-block-heading\"><img decoding=\"async\" src=\"https:\/\/upload.wikimedia.org\/wikipedia\/commons\/thumb\/8\/8d\/U%2B2192.svg\/25px-U%2B2192.svg.png\" alt=\"U + 2192.svg\"> Tradu\u00e7\u00e3o cient\u00edfica em todos os idiomas<\/h3>\n\n\n\n<ul class=\"wp-block-list\"><li><a href=\"https:\/\/culturesconnection.com\/pt-br\/servicos-de-traducao-cientifica-em-espanhol\/\">Tradu\u00e7\u00e3o cient\u00edfica em espanhol<\/a><\/li><li><a href=\"https:\/\/culturesconnection.com\/pt-br\/servicos-de-traducao-cientifica-alema\/\">Tradu\u00e7\u00e3o cient\u00edfica em alem\u00e3o<\/a><\/li><li><a href=\"https:\/\/culturesconnection.com\/pt-br\/servicos-de-traducao-cientifica-chinesa\/\">Tradu\u00e7\u00e3o cient\u00edfica em chin\u00eas<\/a><\/li><li><a href=\"https:\/\/culturesconnection.com\/pt-br\/servicos-de-traducao-cientifica-em-arabe\/\">Tradu\u00e7\u00e3o cient\u00edfica em \u00e1rabe<\/a><\/li><li><a href=\"https:\/\/culturesconnection.com\/pt-br\/nossos-servicos-de-traducao-cientifica-em-ingles\/\">Tradu\u00e7\u00e3o cient\u00edfica em ingl\u00eas<\/a><\/li><li><a href=\"https:\/\/culturesconnection.com\/pt-br\/servicos-de-traducao-cientifica-em-italiano\/\">Tradu\u00e7\u00e3o cient\u00edfica em italiano<\/a><\/li><li><a href=\"https:\/\/culturesconnection.com\/pt-br\/servicos-de-traducao-cientifica-em-holandes\/\">Tradu\u00e7\u00e3o cient\u00edfica em holand\u00eas<\/a><\/li><li><a href=\"https:\/\/culturesconnection.com\/pt-br\/servicos-de-traducao-cientifica-em-turco\/\">Tradu\u00e7\u00e3o cient\u00edfica em turco<\/a><\/li><li><a href=\"https:\/\/culturesconnection.com\/pt-br\/servicos-de-traducao-cientifica-em-japones\/\">Tradu\u00e7\u00e3o cient\u00edfica em japon\u00eas<\/a><\/li><li><a href=\"https:\/\/culturesconnection.com\/pt-br\/servicos-de-traducao-cientifica-em-russo\/\">Tradu\u00e7\u00e3o cient\u00edfica em russo<\/a><\/li><\/ul>\n","protected":false},"excerpt":{"rendered":"<p>Tradu\u00e7\u00e3o cient\u00edfica do portugu\u00eas para o franc\u00eas: rigor acima de tudo Documentos cient\u00edficos apresentam uma terminologia complexa e altamente t\u00e9cnica. Somente um especialista de tradu\u00e7\u00e3o [&#8230;]<\/p>\n<p><a class=\"btn btn-secondary understrap-read-more-link\" href=\"https:\/\/culturesconnection.com\/pt-br\/servicos-de-traducao-em-frances\/servicos-de-traducao-cientifica-em-frances\/\">Leia mais&#8230;<span class=\"screen-reader-text\"> from Nossos servi\u00e7os de tradu\u00e7\u00e3o cient\u00edfica em franc\u00eas<\/span><\/a><\/p>\n","protected":false},"author":22,"featured_media":24335,"parent":9829,"menu_order":0,"comment_status":"closed","ping_status":"closed","template":"","meta":{"_acf_changed":false,"_editorskit_title_hidden":false,"_editorskit_reading_time":0,"_editorskit_is_block_options_detached":false,"_editorskit_block_options_position":"{}","footnotes":""},"class_list":["post-9835","page","type-page","status-publish","has-post-thumbnail","hentry"],"acf":[],"_links":{"self":[{"href":"https:\/\/culturesconnection.com\/pt-br\/wp-json\/wp\/v2\/pages\/9835","targetHints":{"allow":["GET"]}}],"collection":[{"href":"https:\/\/culturesconnection.com\/pt-br\/wp-json\/wp\/v2\/pages"}],"about":[{"href":"https:\/\/culturesconnection.com\/pt-br\/wp-json\/wp\/v2\/types\/page"}],"author":[{"embeddable":true,"href":"https:\/\/culturesconnection.com\/pt-br\/wp-json\/wp\/v2\/users\/22"}],"replies":[{"embeddable":true,"href":"https:\/\/culturesconnection.com\/pt-br\/wp-json\/wp\/v2\/comments?post=9835"}],"version-history":[{"count":0,"href":"https:\/\/culturesconnection.com\/pt-br\/wp-json\/wp\/v2\/pages\/9835\/revisions"}],"up":[{"embeddable":true,"href":"https:\/\/culturesconnection.com\/pt-br\/wp-json\/wp\/v2\/pages\/9829"}],"wp:featuredmedia":[{"embeddable":true,"href":"https:\/\/culturesconnection.com\/pt-br\/wp-json\/wp\/v2\/media\/24335"}],"wp:attachment":[{"href":"https:\/\/culturesconnection.com\/pt-br\/wp-json\/wp\/v2\/media?parent=9835"}],"curies":[{"name":"wp","href":"https:\/\/api.w.org\/{rel}","templated":true}]}}