{"id":9834,"date":"2018-06-18T21:25:38","date_gmt":"2018-06-18T19:25:38","guid":{"rendered":"http:\/\/culturesconnection.com\/?page_id=9834"},"modified":"2022-06-18T22:48:04","modified_gmt":"2022-06-18T20:48:04","slug":"servicos-de-traducao-medica-em-frances","status":"publish","type":"page","link":"https:\/\/culturesconnection.com\/pt-br\/servicos-de-traducao-em-frances\/servicos-de-traducao-medica-em-frances\/","title":{"rendered":"Nossos servi\u00e7os de tradu\u00e7\u00e3o m\u00e9dica em franc\u00eas"},"content":{"rendered":"\n<h2 class=\"wp-block-heading\">Tradu\u00e7\u00e3o m\u00e9dica em portugu\u00eas-franc\u00eas: um trabalho meticuloso<\/h2>\n\n\n\n<p>A tradu\u00e7\u00e3o m\u00e9dica em franc\u00eas \u00e9 uma das \u00e1reas mais complexas da tradu\u00e7\u00e3o. Este tipo de texto apresenta ideias t\u00e9cnicas, expressadas atrav\u00e9s de termos espec\u00edficos e muito precisos. A tradu\u00e7\u00e3o m\u00e9dica baseia-se em v\u00e1rios componentes que incluem diferentes especialidades. Um cl\u00ednico geral, um oncologista e um cardiologista trabalham em campos diferentes. Em tradu\u00e7\u00e3o \u00e9 a mesma coisa: cada tradutor tem sua especializa\u00e7\u00e3o. Na <a href=\"https:\/\/culturesconnection.com\/pt-br\/\">Cultures Connection<\/a>, percebemos a import\u00e2ncia da precis\u00e3o em textos m\u00e9dicos, e por isso selecionamos os melhores tradutores franceses especializados nessa \u00e1rea.<\/p>\n\n\n\n<h2 class=\"wp-block-heading\">Procurando por uma ag\u00eancia de tradu\u00e7\u00e3o m\u00e9dica?<\/h2>\n\n\n\n<p>Nosso escrit\u00f3rio de tradu\u00e7\u00e3o tem-se especializado durante anos no campo da tradu\u00e7\u00e3o m\u00e9dica de e para o franc\u00eas e oferece uma larga gama de <a href=\"https:\/\/culturesconnection.com\/pt-br\/servicos-de-traducao\/\">servi\u00e7os de tradu\u00e7\u00e3o<\/a> com alt\u00edssimo padr\u00e3o de qualidade. N\u00f3s dispomos de uma vasta rede de tradutores e revisores, entre eles profissionais que trabalham nos idiomas portugu\u00eas e franc\u00eas, e que s\u00e3o especializados em v\u00e1rias \u00e1reas m\u00e9dicas. Independente da natureza do seu texto, virologia, intera\u00e7\u00e3o agente pat\u00f3geno, biomedicina n\u00f3s certamente encontraremos o especialista mais adaptado ao seu projeto.<\/p>\n\n\n\n<h2 class=\"wp-block-heading\">Tradu\u00e7\u00e3o de documentos m\u00e9dicos em franc\u00eas<\/h2>\n\n\n\n<p>A variedade de tipos de <a href=\"https:\/\/culturesconnection.com\/pt-br\/servicos-de-traducao-medica\/\">documentos m\u00e9dicos<\/a> \u00e9 vasta. Eis uma breve amostragem dos tipos de textos que traduzimos diariamente:<\/p>\n\n\n\n<ul class=\"wp-block-list\"><li>Revistas<\/li><li>Relat\u00f3rios de confer\u00eancia<\/li><li>Publica\u00e7\u00f5es<\/li><li>Relat\u00f3rios de projeto e pesquisa<\/li><li>Resultados de estudos e relat\u00f3rios de novas pesquisas<\/li><li>Obras de interesse geral<\/li><li>Relat\u00f3rios de auditoria<\/li><li>Question\u00e1rios<\/li><li>Folhetos<\/li><li>Dosagens para novos produtos<\/li><li>Resultados de ensaios cl\u00ednicos<\/li><li>Regulamenta\u00e7\u00e3o farmac\u00eautica<\/li><li>Relat\u00f3rios m\u00e9dicos<\/li><\/ul>\n\n\n\n<h3 class=\"wp-block-heading\"><img decoding=\"async\" src=\"https:\/\/upload.wikimedia.org\/wikipedia\/commons\/thumb\/8\/8d\/U%2B2192.svg\/25px-U%2B2192.svg.png\" alt=\"U + 2192.svg\"> Tradu\u00e7\u00e3o m\u00e9dica em todos os idiomas<\/h3>\n\n\n\n<ul class=\"wp-block-list\"><li><a href=\"https:\/\/culturesconnection.com\/pt-br\/servicos-de-traducao-medica-em-espanhol\/\">Tradu\u00e7\u00e3o m\u00e9dica em espanhol<\/a><\/li><li><a href=\"https:\/\/culturesconnection.com\/pt-br\/servicos-de-traducao-medica-em-alemao\/\">Tradu\u00e7\u00e3o m\u00e9dica em alem\u00e3o<\/a><\/li><li><a href=\"https:\/\/culturesconnection.com\/pt-br\/servicos-de-traducao-de-medicina-em-chines\/\">Tradu\u00e7\u00e3o m\u00e9dica em chin\u00eas<\/a><\/li><li><a href=\"https:\/\/culturesconnection.com\/pt-br\/servicos-de-traducao-medica-em-arabe\/\">Tradu\u00e7\u00e3o m\u00e9dica em \u00e1rabe<\/a><\/li><li><a href=\"https:\/\/culturesconnection.com\/pt-br\/servicos-de-traducao-medica-em-italiano\/\">Tradu\u00e7\u00e3o m\u00e9dica em italiano<\/a><\/li><li><a href=\"https:\/\/culturesconnection.com\/pt-br\/servicos-de-traducao-medica-em-holandes\/\">Tradu\u00e7\u00e3o m\u00e9dica em holand\u00eas<\/a><\/li><li><a href=\"https:\/\/culturesconnection.com\/pt-br\/servicos-de-traducao-medica-em-turco\/\">Tradu\u00e7\u00e3o m\u00e9dica em turco<\/a><\/li><li><a href=\"https:\/\/culturesconnection.com\/pt-br\/servicos-de-traducao-medica-em-japones\/\">Tradu\u00e7\u00e3o m\u00e9dica em japon\u00eas<\/a><\/li><li><a href=\"https:\/\/culturesconnection.com\/pt-br\/servicos-de-traducao-medica-em-russo\/\">Tradu\u00e7\u00e3o m\u00e9dica em russo<\/a><\/li><\/ul>\n","protected":false},"excerpt":{"rendered":"<p>Tradu\u00e7\u00e3o m\u00e9dica em portugu\u00eas-franc\u00eas: um trabalho meticuloso A tradu\u00e7\u00e3o m\u00e9dica em franc\u00eas \u00e9 uma das \u00e1reas mais complexas da tradu\u00e7\u00e3o. Este tipo de texto apresenta [&#8230;]<\/p>\n<p><a class=\"btn btn-secondary understrap-read-more-link\" href=\"https:\/\/culturesconnection.com\/pt-br\/servicos-de-traducao-em-frances\/servicos-de-traducao-medica-em-frances\/\">Leia mais&#8230;<span class=\"screen-reader-text\"> from Nossos servi\u00e7os de tradu\u00e7\u00e3o m\u00e9dica em franc\u00eas<\/span><\/a><\/p>\n","protected":false},"author":22,"featured_media":24335,"parent":9829,"menu_order":0,"comment_status":"closed","ping_status":"closed","template":"","meta":{"_acf_changed":false,"_editorskit_title_hidden":false,"_editorskit_reading_time":0,"_editorskit_is_block_options_detached":false,"_editorskit_block_options_position":"{}","footnotes":""},"class_list":["post-9834","page","type-page","status-publish","has-post-thumbnail","hentry"],"acf":[],"_links":{"self":[{"href":"https:\/\/culturesconnection.com\/pt-br\/wp-json\/wp\/v2\/pages\/9834","targetHints":{"allow":["GET"]}}],"collection":[{"href":"https:\/\/culturesconnection.com\/pt-br\/wp-json\/wp\/v2\/pages"}],"about":[{"href":"https:\/\/culturesconnection.com\/pt-br\/wp-json\/wp\/v2\/types\/page"}],"author":[{"embeddable":true,"href":"https:\/\/culturesconnection.com\/pt-br\/wp-json\/wp\/v2\/users\/22"}],"replies":[{"embeddable":true,"href":"https:\/\/culturesconnection.com\/pt-br\/wp-json\/wp\/v2\/comments?post=9834"}],"version-history":[{"count":0,"href":"https:\/\/culturesconnection.com\/pt-br\/wp-json\/wp\/v2\/pages\/9834\/revisions"}],"up":[{"embeddable":true,"href":"https:\/\/culturesconnection.com\/pt-br\/wp-json\/wp\/v2\/pages\/9829"}],"wp:featuredmedia":[{"embeddable":true,"href":"https:\/\/culturesconnection.com\/pt-br\/wp-json\/wp\/v2\/media\/24335"}],"wp:attachment":[{"href":"https:\/\/culturesconnection.com\/pt-br\/wp-json\/wp\/v2\/media?parent=9834"}],"curies":[{"name":"wp","href":"https:\/\/api.w.org\/{rel}","templated":true}]}}