{"id":9833,"date":"2018-06-18T21:25:40","date_gmt":"2018-06-18T19:25:40","guid":{"rendered":"http:\/\/culturesconnection.com\/?page_id=9833"},"modified":"2022-06-22T01:05:06","modified_gmt":"2022-06-21T23:05:06","slug":"servicos-de-traducao-de-marketing-em-frances","status":"publish","type":"page","link":"https:\/\/culturesconnection.com\/pt-br\/servicos-de-traducao-em-frances\/servicos-de-traducao-de-marketing-em-frances\/","title":{"rendered":"Nossos servi\u00e7os de tradu\u00e7\u00e3o de marketing em franc\u00eas"},"content":{"rendered":"\n<h2 class=\"wp-block-heading\">Tradu\u00e7\u00e3o de marketing portugu\u00eas-franc\u00eas<\/h2>\n\n\n\n<p>Tradu\u00e7\u00e3o de materiais de marketing para o franc\u00eas requer compet\u00eancias lingu\u00edsticas avan\u00e7adas, bem como conhecimento do vocabul\u00e1rio de neg\u00f3cios. Para certificar-se de que sua mensagem \u00e9 adequada e compreens\u00edvel para o seu p\u00fablico-alvo, esteja ele na Fran\u00e7a ou em qualquer outro pa\u00eds de l\u00edngua francesa, voc\u00ea pode contar com nossa <a href=\"https:\/\/culturesconnection.com\/pt-br\/\">ag\u00eancia de tradu\u00e7\u00e3o<\/a> em marketing. <a href=\"https:\/\/culturesconnection.com\/pt-br\/servicos-de-traducao\/\">Trabalhamos com tradutores<\/a> que n\u00e3o s\u00f3 possuem vasta experi\u00eancia na \u00e1rea de tradu\u00e7\u00e3o de marketing, mas que traduzem sempre em sua l\u00edngua nativa.<\/p>\n\n\n\n<h2 class=\"wp-block-heading\">Servi\u00e7os de tradu\u00e7\u00e3o de marketing<\/h2>\n\n\n\n<p>Nossos tradutores profissionais n\u00e3o apenas realizam tradu\u00e7\u00e3o de marketing, eles adaptam seus materiais de acordo com as nuances culturais dos mercados onde eles mais tarde ser\u00e3o publicados. Se tradu\u00e7\u00f5es comerciais n\u00e3o consideram as culturas dos pa\u00edses em que eles ser\u00e3o usados, isso pode causar grandes mal-entendidos. Deve-se levar em considera\u00e7\u00e3o os valores, as express\u00f5es, o senso de humor entre outras vari\u00e1veis. Consequentemente, um an\u00fancio na Fran\u00e7a n\u00e3o alcan\u00e7a as pessoas da mesma forma que aqueles do outro lado do Atl\u00e2ntico. Portanto, \u00e9 necess\u00e1rio adaptar a mensagem e localiz\u00e1-la.<\/p>\n\n\n\n<h2 class=\"wp-block-heading\">Tradu\u00e7\u00e3o de documentos de marketing em franc\u00eas<\/h2>\n\n\n\n<p>Nossos servi\u00e7os de <a href=\"https:\/\/culturesconnection.com\/pt-br\/servicos-de-traducao-de-marketing\/\">tradu\u00e7\u00e3o de marketing<\/a> incluem a tradu\u00e7\u00e3o e localiza\u00e7\u00e3o de v\u00e1rios tipos de materiais:<\/p>\n\n\n\n<ul class=\"wp-block-list\"><li>Brochuras<\/li><li>Materiais de publicidade<\/li><li>Boletins informativos<\/li><li>Com\u00e9rcio eletr\u00f4nico<\/li><li>Folhetos<\/li><li>Campanhas de marketing<\/li><li>An\u00fancios<\/li><li>Websites<\/li><li>Slogans<\/li><li>Logotipos<\/li><li>Apresenta\u00e7\u00f5es<\/li><li>Lan\u00e7amento de produto<\/li><li>Comunicados de imprensa<\/li><li>E-livros<\/li><\/ul>\n\n\n\n<h3 class=\"wp-block-heading\"><img decoding=\"async\" src=\"https:\/\/upload.wikimedia.org\/wikipedia\/commons\/thumb\/8\/8d\/U%2B2192.svg\/25px-U%2B2192.svg.png\" alt=\"U + 2192.svg\"> Tradu\u00e7\u00e3o comercial em todos os idiomas<\/h3>\n\n\n\n<ul class=\"wp-block-list\"><li><a href=\"https:\/\/culturesconnection.com\/pt-br\/servicos-de-traducao-de-marketing-em-espanhol\/\">Tradu\u00e7\u00e3o de marketing em espanhol<\/a><\/li><li><a href=\"https:\/\/culturesconnection.com\/pt-br\/servicos-de-traducao-de-marketing-em-alemao\/\">Tradu\u00e7\u00e3o de marketing em alem\u00e3o<\/a><\/li><li><a href=\"https:\/\/culturesconnection.com\/pt-br\/servicos-de-traducao-de-marketing-em-chines\/\">Tradu\u00e7\u00e3o de marketing em chin\u00eas<\/a><\/li><li><a href=\"https:\/\/culturesconnection.com\/pt-br\/servicos-de-traducao-de-marketing-em-arabe\/\">Tradu\u00e7\u00e3o de marketing em \u00e1rabe<\/a><\/li><li><a href=\"https:\/\/culturesconnection.com\/pt-br\/nossos-servicos-de-traducao-de-marketing-em-ingles\/\">Tradu\u00e7\u00e3o de marketing em ingl\u00eas<\/a><\/li><li><a href=\"https:\/\/culturesconnection.com\/pt-br\/servicos-de-traducao-marketing-em-italiano\/\">Tradu\u00e7\u00e3o de marketing em italiano<\/a><\/li><li><a href=\"https:\/\/culturesconnection.com\/pt-br\/servicos-de-traducao-de-marketing-em-holandes\/\">Tradu\u00e7\u00e3o de marketing em holand\u00eas<\/a><\/li><li><a href=\"https:\/\/culturesconnection.com\/pt-br\/servicos-de-traducao-de-marketing-em-turco\/\">Tradu\u00e7\u00e3o de marketing em turco<\/a><\/li><li><a href=\"https:\/\/culturesconnection.com\/pt-br\/servicos-de-traducao-de-marketing-em-japones\/\">Tradu\u00e7\u00e3o de marketing em japon\u00eas<\/a><\/li><li><a href=\"https:\/\/culturesconnection.com\/pt-br\/nossos-servicos-de-traducao-de-marketing-em-russo\/\">Tradu\u00e7\u00e3o de marketing em russo<\/a><\/li><\/ul>\n","protected":false},"excerpt":{"rendered":"<p>Tradu\u00e7\u00e3o de marketing portugu\u00eas-franc\u00eas Tradu\u00e7\u00e3o de materiais de marketing para o franc\u00eas requer compet\u00eancias lingu\u00edsticas avan\u00e7adas, bem como conhecimento do vocabul\u00e1rio de neg\u00f3cios. Para certificar-se [&#8230;]<\/p>\n<p><a class=\"btn btn-secondary understrap-read-more-link\" href=\"https:\/\/culturesconnection.com\/pt-br\/servicos-de-traducao-em-frances\/servicos-de-traducao-de-marketing-em-frances\/\">Leia mais&#8230;<span class=\"screen-reader-text\"> from Nossos servi\u00e7os de tradu\u00e7\u00e3o de marketing em franc\u00eas<\/span><\/a><\/p>\n","protected":false},"author":22,"featured_media":24335,"parent":9829,"menu_order":0,"comment_status":"closed","ping_status":"closed","template":"","meta":{"_acf_changed":false,"_editorskit_title_hidden":false,"_editorskit_reading_time":0,"_editorskit_is_block_options_detached":false,"_editorskit_block_options_position":"{}","footnotes":""},"class_list":["post-9833","page","type-page","status-publish","has-post-thumbnail","hentry"],"acf":[],"_links":{"self":[{"href":"https:\/\/culturesconnection.com\/pt-br\/wp-json\/wp\/v2\/pages\/9833","targetHints":{"allow":["GET"]}}],"collection":[{"href":"https:\/\/culturesconnection.com\/pt-br\/wp-json\/wp\/v2\/pages"}],"about":[{"href":"https:\/\/culturesconnection.com\/pt-br\/wp-json\/wp\/v2\/types\/page"}],"author":[{"embeddable":true,"href":"https:\/\/culturesconnection.com\/pt-br\/wp-json\/wp\/v2\/users\/22"}],"replies":[{"embeddable":true,"href":"https:\/\/culturesconnection.com\/pt-br\/wp-json\/wp\/v2\/comments?post=9833"}],"version-history":[{"count":0,"href":"https:\/\/culturesconnection.com\/pt-br\/wp-json\/wp\/v2\/pages\/9833\/revisions"}],"up":[{"embeddable":true,"href":"https:\/\/culturesconnection.com\/pt-br\/wp-json\/wp\/v2\/pages\/9829"}],"wp:featuredmedia":[{"embeddable":true,"href":"https:\/\/culturesconnection.com\/pt-br\/wp-json\/wp\/v2\/media\/24335"}],"wp:attachment":[{"href":"https:\/\/culturesconnection.com\/pt-br\/wp-json\/wp\/v2\/media?parent=9833"}],"curies":[{"name":"wp","href":"https:\/\/api.w.org\/{rel}","templated":true}]}}