{"id":9831,"date":"2018-06-18T21:25:42","date_gmt":"2018-06-18T19:25:42","guid":{"rendered":"http:\/\/culturesconnection.com\/?page_id=9831"},"modified":"2022-06-20T23:34:13","modified_gmt":"2022-06-20T21:34:13","slug":"servicos-de-traducao-financeira-em-frances","status":"publish","type":"page","link":"https:\/\/culturesconnection.com\/pt-br\/servicos-de-traducao-em-frances\/servicos-de-traducao-financeira-em-frances\/","title":{"rendered":"Nossos servi\u00e7os de tradu\u00e7\u00e3o financeira em franc\u00eas"},"content":{"rendered":"\n<h2 class=\"wp-block-heading\">Um servi\u00e7o especializado em tradu\u00e7\u00e3o&nbsp;financeira de portugu\u00eas-franc\u00eas<\/h2>\n\n\n\n<p>Tradu\u00e7\u00e3o financeira requer um profundo entendimento da \u00e1rea de neg\u00f3cios, bem como total conhecimento das terminologias relacionadas. No setor de finan\u00e7as, rigor e precis\u00e3o s\u00e3o essenciais. Qualquer deslize num documento financeiro pode levar a mal-entendidos que poder\u00e1 afetar a decis\u00e3o do leitor. Para evitar estes contratempos e garantir servi\u00e7os de tradu\u00e7\u00e3o de alta qualidade, n\u00f3s disponibilizamos nossa extensa rede de tradutores, especialistas em <a href=\"https:\/\/culturesconnection.com\/pt-br\/servicos-de-traducao-financeira\/\">tradu\u00e7\u00e3o financeira<\/a> francesa. Escolher <a href=\"https:\/\/culturesconnection.com\/pt-br\/\">Cultures Connection<\/a>&nbsp;para suas tradu\u00e7\u00f5es financeiras em franc\u00eas \u00e9 optar por credibilidade, pontualidade e precis\u00e3o. Nosso escrit\u00f3rio de tradu\u00e7\u00e3o tem uma vasta experi\u00eancia neste setor e oferece excepcionais&nbsp;<a href=\"https:\/\/culturesconnection.com\/pt-br\/servicos-de-traducao\/\">servi\u00e7os de tradu\u00e7\u00e3o<\/a>.<\/p>\n\n\n\n<h2 class=\"wp-block-heading\">Nossa ag\u00eancia de tradu\u00e7\u00e3o financeira<\/h2>\n\n\n\n<p>Em nossa ag\u00eancia, cada projeto \u00e9 realizado por tradutores qualificados no setor financeiro, que ir\u00e3o atender \u00e0s suas necessidades e fornecer resultados de qualidade a pre\u00e7os competitivos. Eles s\u00e3o cuidadosamente selecionados com base em suas qualifica\u00e7\u00f5es e experi\u00eancia, s\u00e3o fluentes em suas l\u00ednguas de trabalho e dominam com maestria suas \u00e1reas de especializa\u00e7\u00e3o.<\/p>\n\n\n\n<h2 class=\"wp-block-heading\">Tradu\u00e7\u00e3o de documentos financeiros em franc\u00eas<\/h2>\n\n\n\n<p>Aqui est\u00e1 uma lista de exemplos de documentos financeiros que geralmente traduzimos de e para o franc\u00eas. Esta lista est\u00e1 longe de ser exaustiva:<\/p>\n\n\n\n<ul class=\"wp-block-list\"><li>Documentos informativos para investidores<\/li><li>Folhetos<\/li><li>Relat\u00f3rios do fundo de investimento<\/li><li>Relat\u00f3rios de atividade<\/li><li>Balan\u00e7os patrimoniais<\/li><li>Bolsa de valores<\/li><li>Documentos banc\u00e1rios<\/li><li>Documentos de informa\u00e7\u00e3o financeira<\/li><li>Trabalhos de investiga\u00e7\u00e3o<\/li><li>Documentos de gest\u00e3o de risco e gest\u00e3o de ativos<\/li><li>Relat\u00f3rios de auditoria<\/li><li>Textos sobre fus\u00f5es e aquisi\u00e7\u00f5es<\/li><\/ul>\n\n\n\n<h3 class=\"wp-block-heading\"><img decoding=\"async\" src=\"https:\/\/upload.wikimedia.org\/wikipedia\/commons\/thumb\/8\/8d\/U%2B2192.svg\/25px-U%2B2192.svg.png\" alt=\"U + 2192.svg\"> Tradu\u00e7\u00e3o financeira em todos os idiomas<\/h3>\n\n\n\n<ul class=\"wp-block-list\"><li><a href=\"https:\/\/culturesconnection.com\/pt-br\/servicos-de-traducao-financeira-em-espanhol\/\">Tradu\u00e7\u00e3o financeira em espanhol<\/a><\/li><li><a href=\"https:\/\/culturesconnection.com\/pt-br\/servicos-de-traducao-financeira-em-alemao\/\">Tradu\u00e7\u00e3o financeira em alem\u00e3o<\/a><\/li><li><a href=\"https:\/\/culturesconnection.com\/pt-br\/servicos-de-traducao-financeira-chinesa\/\">Tradu\u00e7\u00e3o financeira em chin\u00eas<\/a><\/li><li><a href=\"https:\/\/culturesconnection.com\/pt-br\/servicos-de-traducao-financeira-arabe\/\">Tradu\u00e7\u00e3o financeira em \u00e1rabe<\/a><\/li><li><a href=\"https:\/\/culturesconnection.com\/pt-br\/nossos-servicos-de-traducao-financeira-em-ingles\/\">Tradu\u00e7\u00e3o financeira em ingl\u00eas<\/a><\/li><li><a href=\"https:\/\/culturesconnection.com\/pt-br\/servicos-de-traducao-financeira-em-italiano\/\">Tradu\u00e7\u00e3o financeira em italiano<\/a><\/li><li><a href=\"https:\/\/culturesconnection.com\/pt-br\/servicos-de-traducao-financeira-em-holandes\/\">Tradu\u00e7\u00e3o financeira em holand\u00eas<\/a><\/li><li><a href=\"https:\/\/culturesconnection.com\/pt-br\/servicos-de-traducao-financeira-em-turco\/\">Tradu\u00e7\u00e3o financeira em turco<\/a><\/li><li><a href=\"https:\/\/culturesconnection.com\/pt-br\/servicos-de-traducao-financeira-em-japones\/\">Tradu\u00e7\u00e3o financeira em japon\u00eas<\/a><\/li><li><a href=\"https:\/\/culturesconnection.com\/pt-br\/servicos-de-traducao-financeira-em-russo\/\">Tradu\u00e7\u00e3o financeira em russo<\/a><\/li><\/ul>\n","protected":false},"excerpt":{"rendered":"<p>Um servi\u00e7o especializado em tradu\u00e7\u00e3o&nbsp;financeira de portugu\u00eas-franc\u00eas Tradu\u00e7\u00e3o financeira requer um profundo entendimento da \u00e1rea de neg\u00f3cios, bem como total conhecimento das terminologias relacionadas. No [&#8230;]<\/p>\n<p><a class=\"btn btn-secondary understrap-read-more-link\" href=\"https:\/\/culturesconnection.com\/pt-br\/servicos-de-traducao-em-frances\/servicos-de-traducao-financeira-em-frances\/\">Leia mais&#8230;<span class=\"screen-reader-text\"> from Nossos servi\u00e7os de tradu\u00e7\u00e3o financeira em franc\u00eas<\/span><\/a><\/p>\n","protected":false},"author":22,"featured_media":24335,"parent":9829,"menu_order":0,"comment_status":"closed","ping_status":"closed","template":"","meta":{"_acf_changed":false,"_editorskit_title_hidden":false,"_editorskit_reading_time":0,"_editorskit_is_block_options_detached":false,"_editorskit_block_options_position":"{}","footnotes":""},"class_list":["post-9831","page","type-page","status-publish","has-post-thumbnail","hentry"],"acf":[],"_links":{"self":[{"href":"https:\/\/culturesconnection.com\/pt-br\/wp-json\/wp\/v2\/pages\/9831","targetHints":{"allow":["GET"]}}],"collection":[{"href":"https:\/\/culturesconnection.com\/pt-br\/wp-json\/wp\/v2\/pages"}],"about":[{"href":"https:\/\/culturesconnection.com\/pt-br\/wp-json\/wp\/v2\/types\/page"}],"author":[{"embeddable":true,"href":"https:\/\/culturesconnection.com\/pt-br\/wp-json\/wp\/v2\/users\/22"}],"replies":[{"embeddable":true,"href":"https:\/\/culturesconnection.com\/pt-br\/wp-json\/wp\/v2\/comments?post=9831"}],"version-history":[{"count":0,"href":"https:\/\/culturesconnection.com\/pt-br\/wp-json\/wp\/v2\/pages\/9831\/revisions"}],"up":[{"embeddable":true,"href":"https:\/\/culturesconnection.com\/pt-br\/wp-json\/wp\/v2\/pages\/9829"}],"wp:featuredmedia":[{"embeddable":true,"href":"https:\/\/culturesconnection.com\/pt-br\/wp-json\/wp\/v2\/media\/24335"}],"wp:attachment":[{"href":"https:\/\/culturesconnection.com\/pt-br\/wp-json\/wp\/v2\/media?parent=9831"}],"curies":[{"name":"wp","href":"https:\/\/api.w.org\/{rel}","templated":true}]}}