{"id":9830,"date":"2018-06-18T21:25:44","date_gmt":"2018-06-18T19:25:44","guid":{"rendered":"http:\/\/culturesconnection.com\/?page_id=9830"},"modified":"2022-06-21T20:47:39","modified_gmt":"2022-06-21T18:47:39","slug":"servicos-de-traducao-empresarial-em-frances","status":"publish","type":"page","link":"https:\/\/culturesconnection.com\/pt-br\/servicos-de-traducao-em-frances\/servicos-de-traducao-empresarial-em-frances\/","title":{"rendered":"Nossos servi\u00e7os de tradu\u00e7\u00e3o de neg\u00f3cios em franc\u00eas"},"content":{"rendered":"\n<h2 class=\"wp-block-heading\">Tradu\u00e7\u00e3o de neg\u00f3cios do portugu\u00eas&nbsp;ao franc\u00eas \u00e9 uma garantia de sucesso a sua expans\u00e3o internacional<\/h2>\n\n\n\n<p>No mundo de hoje, a globaliza\u00e7\u00e3o \u00e9 uma realidade, e a tradu\u00e7\u00e3o de neg\u00f3cios, portanto, constitui um grande desafio para as empresas que desejam conquistar mercados internacionais. Culturas empresariais podem apresentar varia\u00e7\u00f5es marcantes de um pa\u00eds ao outro. A assinatura de um contrato n\u00e3o funciona da mesma forma em Paris, Londres ou Nova York. Ent\u00e3o, qual \u00e9 a solu\u00e7\u00e3o para superar estas diferen\u00e7as culturais? Como voc\u00ea se comunica com seus parceiros de neg\u00f3cios de l\u00edngua francesa? Tenha seus documentos comerciais traduzidos em franc\u00eas!<\/p>\n\n\n\n<h2 class=\"wp-block-heading\">Nossa ag\u00eancia de tradu\u00e7\u00e3o empresarial<\/h2>\n\n\n\n<p>Voc\u00ea pode nos confiar seu projeto de expans\u00e3o na Fran\u00e7a se voc\u00ea est\u00e1 buscando uma <a href=\"https:\/\/culturesconnection.com\/pt-br\/\">ag\u00eancia de tradu\u00e7\u00e3o<\/a> de qualidade. N\u00f3s somos uma ag\u00eancia francesa especializada neste setor e podemos fornecer-lhe nossa rede de experientes tradutores e revisores. Todos tem comprovada experi\u00eancia na tradu\u00e7\u00e3o de documentos financeiros e s\u00e3o altamente proficientes em portugu\u00eas e em franc\u00eas. Todos traduzem em sua l\u00edngua materna e passaram por um rigoroso processo de testes antes de se juntar a nossa equipe.<\/p>\n\n\n\n<h2 class=\"wp-block-heading\">Tradu\u00e7\u00e3o de documentos de neg\u00f3cios em franc\u00eas<\/h2>\n\n\n\n<p>Nossa empresa de tradu\u00e7\u00e3o pode auxilia-lo em seu desenvolvimento internacional, traduzindo todos seus <a href=\"https:\/\/culturesconnection.com\/pt-br\/servicos-de-traducao-de-negocios\/\">documentos de neg\u00f3cios<\/a>. Aqui est\u00e3o alguns exemplos de <a href=\"https:\/\/culturesconnection.com\/pt-br\/servicos-de-traducao\/\">servi\u00e7os de tradu\u00e7\u00e3o<\/a> em franc\u00eas que trabalhamos com mais frequ\u00eancia:<\/p>\n\n\n\n<ul class=\"wp-block-list\"><li>Brochuras<\/li><li>Livretos<\/li><li>Cart\u00f5es de visita<\/li><li>Lan\u00e7amentos<\/li><li>Campanhas<\/li><li>Websites<\/li><li>Cat\u00e1logos<\/li><li>Apresenta\u00e7\u00f5es<\/li><li>Suportes publicit\u00e1rios<\/li><li>Estudos de mercado<\/li><li>Boletins de neg\u00f3cios<\/li><li>White papers<\/li><li>Publicidade<\/li><\/ul>\n\n\n\n<h3 class=\"wp-block-heading\"><img decoding=\"async\" src=\"https:\/\/upload.wikimedia.org\/wikipedia\/commons\/thumb\/8\/8d\/U%2B2192.svg\/25px-U%2B2192.svg.png\" alt=\"U + 2192.svg\"> Tradu\u00e7\u00e3o empresarial em todos os idiomas<\/h3>\n\n\n\n<ul class=\"wp-block-list\"><li><a href=\"https:\/\/culturesconnection.com\/pt-br\/servicos-de-traducao-empresarial-em-espanhol\/\">Tradu\u00e7\u00e3o empresarial em espanhol<\/a><\/li><li><a href=\"https:\/\/culturesconnection.com\/pt-br\/servicos-de-traducao-empresarial-em-alemao\/\">Tradu\u00e7\u00e3o empresarial em alem\u00e3o<\/a><\/li><li><a href=\"https:\/\/culturesconnection.com\/pt-br\/servicos-de-traducao-negocios-em-chines\/\">Tradu\u00e7\u00e3o empresarial em chin\u00eas<\/a><\/li><li><a href=\"https:\/\/culturesconnection.com\/pt-br\/servicos-de-traducao-de-negocios-em-arabe\/\">Tradu\u00e7\u00e3o empresarial em \u00e1rabe<\/a><\/li><li><a href=\"https:\/\/culturesconnection.com\/pt-br\/servicos-de-traducao-empresarial-em-italiano\/\">Tradu\u00e7\u00e3o empresarial em italiano<\/a><\/li><li><a href=\"https:\/\/culturesconnection.com\/pt-br\/servicos-de-traducao-de-negocios-em-holandes\/\">Tradu\u00e7\u00e3o empresarial em holand\u00eas<\/a><\/li><li><a href=\"https:\/\/culturesconnection.com\/pt-br\/servicos-de-traducao-empresarial-em-turco\/\">Tradu\u00e7\u00e3o empresarial em turco<\/a><\/li><li><a href=\"https:\/\/culturesconnection.com\/pt-br\/servicos-de-traducao-empresarial-em-japones\/\">Tradu\u00e7\u00e3o empresarial em japon\u00eas<\/a><\/li><li><a href=\"https:\/\/culturesconnection.com\/pt-br\/servicos-de-traducao-empresarial-em-russo\/\">Tradu\u00e7\u00e3o empresarial em russo<\/a><\/li><\/ul>\n","protected":false},"excerpt":{"rendered":"<p>Tradu\u00e7\u00e3o de neg\u00f3cios do portugu\u00eas&nbsp;ao franc\u00eas \u00e9 uma garantia de sucesso a sua expans\u00e3o internacional No mundo de hoje, a globaliza\u00e7\u00e3o \u00e9 uma realidade, e [&#8230;]<\/p>\n<p><a class=\"btn btn-secondary understrap-read-more-link\" href=\"https:\/\/culturesconnection.com\/pt-br\/servicos-de-traducao-em-frances\/servicos-de-traducao-empresarial-em-frances\/\">Leia mais&#8230;<span class=\"screen-reader-text\"> from Nossos servi\u00e7os de tradu\u00e7\u00e3o de neg\u00f3cios em franc\u00eas<\/span><\/a><\/p>\n","protected":false},"author":22,"featured_media":24335,"parent":9829,"menu_order":0,"comment_status":"closed","ping_status":"closed","template":"","meta":{"_acf_changed":false,"_editorskit_title_hidden":false,"_editorskit_reading_time":0,"_editorskit_is_block_options_detached":false,"_editorskit_block_options_position":"{}","footnotes":""},"class_list":["post-9830","page","type-page","status-publish","has-post-thumbnail","hentry"],"acf":[],"_links":{"self":[{"href":"https:\/\/culturesconnection.com\/pt-br\/wp-json\/wp\/v2\/pages\/9830","targetHints":{"allow":["GET"]}}],"collection":[{"href":"https:\/\/culturesconnection.com\/pt-br\/wp-json\/wp\/v2\/pages"}],"about":[{"href":"https:\/\/culturesconnection.com\/pt-br\/wp-json\/wp\/v2\/types\/page"}],"author":[{"embeddable":true,"href":"https:\/\/culturesconnection.com\/pt-br\/wp-json\/wp\/v2\/users\/22"}],"replies":[{"embeddable":true,"href":"https:\/\/culturesconnection.com\/pt-br\/wp-json\/wp\/v2\/comments?post=9830"}],"version-history":[{"count":0,"href":"https:\/\/culturesconnection.com\/pt-br\/wp-json\/wp\/v2\/pages\/9830\/revisions"}],"up":[{"embeddable":true,"href":"https:\/\/culturesconnection.com\/pt-br\/wp-json\/wp\/v2\/pages\/9829"}],"wp:featuredmedia":[{"embeddable":true,"href":"https:\/\/culturesconnection.com\/pt-br\/wp-json\/wp\/v2\/media\/24335"}],"wp:attachment":[{"href":"https:\/\/culturesconnection.com\/pt-br\/wp-json\/wp\/v2\/media?parent=9830"}],"curies":[{"name":"wp","href":"https:\/\/api.w.org\/{rel}","templated":true}]}}