{"id":9826,"date":"2018-06-18T21:25:49","date_gmt":"2018-06-18T19:25:49","guid":{"rendered":"http:\/\/culturesconnection.com\/?page_id=9826"},"modified":"2022-06-14T01:09:24","modified_gmt":"2022-06-13T23:09:24","slug":"servicos-de-traducao-em-holandes","status":"publish","type":"page","link":"https:\/\/culturesconnection.com\/pt-br\/servicos-de-traducao-em-holandes\/","title":{"rendered":"Nossos servi\u00e7os de tradu\u00e7\u00e3o em holand\u00eas"},"content":{"rendered":"\n<h2 class=\"wp-block-heading\">Servi\u00e7os de tradu\u00e7\u00e3o profissional em holand\u00eas<\/h2>\n\n\n\n<p>Ao traduzir seus documentos para o holand\u00eas, voc\u00ea poderia alcan\u00e7ar os 28 milh\u00f5es de falantes deste idioma. Embora a maioria dos falantes do holand\u00eas sejam fluentes em ingl\u00eas, eles ir\u00e3o apreciar ter acesso ao seu conte\u00fado em sua l\u00edngua nativa. Os Pa\u00edses Baixos tem h\u00e1 muitos anos sua economia em plena ascend\u00eancia e s\u00e3o o maior fornecedor de transporte mar\u00edtimo na Europa. N\u00e3o se deve portanto subestimar seu potencial e se configura sem d\u00favida como um bom parceiro comercial.<\/p>\n\n\n\n<p>Traduzir seus documentos em holand\u00eas \u00e9 um passo necess\u00e1rio para facilitar negocia\u00e7\u00f5es, troca de informa\u00e7\u00f5es e di\u00e1logo com os seus contatos em holand\u00eas. <a href=\"https:\/\/culturesconnection.com\/pt-br\/\">Cultures Connection<\/a> oferece <a href=\"https:\/\/culturesconnection.com\/pt-br\/servicos-de-traducao\/\">servi\u00e7os de tradu\u00e7\u00e3o<\/a> de ou para o holand\u00eas n\u00e3o importando a natureza do seu projeto ou o setor de neg\u00f3cios da sua empresa.<\/p>\n\n\n\n<h2 class=\"wp-block-heading\">Procurando um tradutor de holand\u00eas?<\/h2>\n\n\n\n<p>Cultures Connection gere seus projetos de tradu\u00e7\u00e3o de holand\u00eas desde a recep\u00e7\u00e3o dos documentos at\u00e9 a sua entrega. Nossa ag\u00eancia tem desenvolvido uma extensa rede de tradutores de nacionalidade holandesa. Se voc\u00ea precisa de uma tradu\u00e7\u00e3o de ou para o holand\u00eas, nossos gestores ir\u00e3o selecionar o profissional mais adaptado ao seu projeto, que ser\u00e1 capaz de se adaptar \u00e0s suas necessidades e prazos.<\/p>\n\n\n\n<p>Ciente da import\u00e2ncia de ter um material bem traduzido, Cultures Connection <a href=\"https:\/\/culturesconnection.com\/pt-br\/tradutor-profissional\/\">seleciona seus tradutores<\/a> com base em sua forma\u00e7\u00e3o e experi\u00eancia. Eles contam com pelo menos cinco anos de experi\u00eancia bem sucedida em suas respectivas \u00e1reas e passam regularmente por testes a fim de permanecer em nosso banco de dados.<\/p>\n\n\n\n<h2 class=\"wp-block-heading\">Todos nossos servi\u00e7os de tradu\u00e7\u00e3o em holand\u00eas<\/h2>\n\n\n\n<ul class=\"wp-block-list\"><li><a href=\"https:\/\/culturesconnection.com\/pt-br\/servicos-de-traducao-financeira-em-holandes\/\">Servi\u00e7os de tradu\u00e7\u00e3o financeira em holand\u00eas<\/a><\/li><li><a href=\"https:\/\/culturesconnection.com\/pt-br\/servicos-de-traducao-de-negocios-em-holandes\/\">Servi\u00e7os de tradu\u00e7\u00e3o empresarial em holand\u00eas<\/a><\/li><li><a href=\"https:\/\/culturesconnection.com\/pt-br\/servicos-de-traducao-cientifica-em-holandes\/\">Servi\u00e7os de tradu\u00e7\u00e3o cient\u00edfica em holand\u00eas<\/a><\/li><li><a href=\"https:\/\/culturesconnection.com\/pt-br\/servicos-de-traducao-medica-em-holandes\/\">Servi\u00e7os de tradu\u00e7\u00e3o m\u00e9dica em holand\u00eas<\/a><\/li><li><a href=\"https:\/\/culturesconnection.com\/pt-br\/servicos-de-traducao-tecnica-em-holandes\/\">Servi\u00e7os de tradu\u00e7\u00e3o t\u00e9cnica em holand\u00eas<\/a><\/li><li><a href=\"https:\/\/culturesconnection.com\/pt-br\/servicos-de-traducao-juridica-em-holandes\/\">Servi\u00e7os de tradu\u00e7\u00e3o jur\u00eddica em holand\u00eas<\/a><\/li><li><a href=\"https:\/\/culturesconnection.com\/pt-br\/servicos-de-traducao-de-marketing-em-holandes\/\">Servi\u00e7os de tradu\u00e7\u00e3o de marketing em holand\u00eas<\/a><\/li><li><a href=\"https:\/\/culturesconnection.com\/pt-br\/servicos-de-traducao-de-site-em-holandes\/\">Servi\u00e7os de tradu\u00e7\u00e3o de site em holand\u00eas<\/a><\/li><li><a href=\"https:\/\/culturesconnection.com\/pt-br\/servicos-de-legendagem-em-holandes\/\">Servi\u00e7os de legendagem em holand\u00eas<\/a><\/li><li><a href=\"https:\/\/culturesconnection.com\/pt-br\/servicos-de-traducao-de-video-game-em-holandes\/\">Servi\u00e7os de tradu\u00e7\u00e3o de video game em holand\u00eas<\/a><\/li><\/ul>\n","protected":false},"excerpt":{"rendered":"<p>Servi\u00e7os de tradu\u00e7\u00e3o profissional em holand\u00eas Ao traduzir seus documentos para o holand\u00eas, voc\u00ea poderia alcan\u00e7ar os 28 milh\u00f5es de falantes deste idioma. Embora a [&#8230;]<\/p>\n<p><a class=\"btn btn-secondary understrap-read-more-link\" href=\"https:\/\/culturesconnection.com\/pt-br\/servicos-de-traducao-em-holandes\/\">Leia mais&#8230;<span class=\"screen-reader-text\"> from Nossos servi\u00e7os de tradu\u00e7\u00e3o em holand\u00eas<\/span><\/a><\/p>\n","protected":false},"author":22,"featured_media":23257,"parent":0,"menu_order":0,"comment_status":"closed","ping_status":"closed","template":"","meta":{"_acf_changed":false,"_editorskit_title_hidden":false,"_editorskit_reading_time":0,"_editorskit_is_block_options_detached":false,"_editorskit_block_options_position":"{}","footnotes":""},"class_list":["post-9826","page","type-page","status-publish","has-post-thumbnail","hentry"],"acf":[],"_links":{"self":[{"href":"https:\/\/culturesconnection.com\/pt-br\/wp-json\/wp\/v2\/pages\/9826","targetHints":{"allow":["GET"]}}],"collection":[{"href":"https:\/\/culturesconnection.com\/pt-br\/wp-json\/wp\/v2\/pages"}],"about":[{"href":"https:\/\/culturesconnection.com\/pt-br\/wp-json\/wp\/v2\/types\/page"}],"author":[{"embeddable":true,"href":"https:\/\/culturesconnection.com\/pt-br\/wp-json\/wp\/v2\/users\/22"}],"replies":[{"embeddable":true,"href":"https:\/\/culturesconnection.com\/pt-br\/wp-json\/wp\/v2\/comments?post=9826"}],"version-history":[{"count":0,"href":"https:\/\/culturesconnection.com\/pt-br\/wp-json\/wp\/v2\/pages\/9826\/revisions"}],"wp:featuredmedia":[{"embeddable":true,"href":"https:\/\/culturesconnection.com\/pt-br\/wp-json\/wp\/v2\/media\/23257"}],"wp:attachment":[{"href":"https:\/\/culturesconnection.com\/pt-br\/wp-json\/wp\/v2\/media?parent=9826"}],"curies":[{"name":"wp","href":"https:\/\/api.w.org\/{rel}","templated":true}]}}