{"id":9825,"date":"2018-06-18T21:17:20","date_gmt":"2018-06-18T19:17:20","guid":{"rendered":"http:\/\/culturesconnection.com\/?page_id=9825"},"modified":"2022-06-21T18:38:25","modified_gmt":"2022-06-21T16:38:25","slug":"servicos-de-legendagem-em-holandes","status":"publish","type":"page","link":"https:\/\/culturesconnection.com\/pt-br\/servicos-de-traducao-em-holandes\/servicos-de-legendagem-em-holandes\/","title":{"rendered":"Nossos servi\u00e7os de legendagem em holand\u00eas"},"content":{"rendered":"\n<h2 class=\"wp-block-heading\">Servi\u00e7os de legendagem portugu\u00eas-holand\u00eas<\/h2>\n\n\n\n<p>Cada vez mais as empresas trabalham com tradutores audiovisuais especializados para transcrever seus materiais. Eles s\u00e3o adaptados para uma nova linguagem e uma nova cultura a fim de atingir um p\u00fablico mais amplo. Estes materiais v\u00eam em muitas formas; podem ser filmes, document\u00e1rios ou mesmo an\u00fancios. O processo para traduzir esses documentos n\u00e3o \u00e9 sempre o mesmo e pode variar de um documento para outro. Legendagem \u00e9 uma tarefa que deve ser feita por profissionais altamente qualificados.<\/p>\n\n\n\n<h2 class=\"wp-block-heading\">Procurando uma empresa de legendagem?<\/h2>\n\n\n\n<p>Gra\u00e7as a sua vasta experi\u00eancia na ind\u00fastria, <a href=\"https:\/\/culturesconnection.com\/pt-br\/\">Cultures Connection <\/a>especializa-se, entre outras tarefas, na legendagem, locu\u00e7\u00e3o e dublagem em holand\u00eas, bem como em outros <a href=\"https:\/\/culturesconnection.com\/pt-br\/servicos-de-traducao\/\">servi\u00e7os de tradu\u00e7\u00e3o<\/a>. Estas f\u00f3rmulas d\u00e3o resultados diferentes e n\u00e3o s\u00e3o compat\u00edveis com todos os materiais audiovisuais. Com <a href=\"https:\/\/culturesconnection.com\/pt-br\/servicos-de-legendagem\/\">legendagem<\/a>, voc\u00ea pode manter a vers\u00e3o original e economizar tempo e dinheiro. A dublagem \u00e9 mais trabalhosa pois consiste em substituir a faixa de \u00e1udio por outra faixa no idioma de destino. Tradutores de audiovisuais devem, portanto, devem harmonizar o di\u00e1logo traduzido com o movimento dos l\u00e1bios do protagonista. Por todas estas raz\u00f5es, \u00e9 importante confiar este trabalho a um tradutor holand\u00eas-portugu\u00eas o portugu\u00eas-holand\u00eas especializado em legendagem.<\/p>\n\n\n\n<h2 class=\"wp-block-heading\">Seus materiais audiovisuais em holand\u00eas<\/h2>\n\n\n\n<p>Nossa ag\u00eancia de tradu\u00e7\u00e3o oferece servi\u00e7os de legendagem em holand\u00eas em uma ampla gama de materiais de \u00e1udio e v\u00eddeo. Voc\u00ea encontrar\u00e1 uma lista de alguns destes materiais abaixo:<\/p>\n\n\n\n<ul class=\"wp-block-list\"><li>V\u00eddeos de publicidade e comercial<\/li><li>Filmes corporativos<\/li><li>V\u00eddeos institucionais<\/li><li>Textos de \u00e1udio<\/li><li>Document\u00e1rios<\/li><li>V\u00eddeo games<\/li><\/ul>\n\n\n\n<h3 class=\"wp-block-heading\"><img decoding=\"async\" src=\"https:\/\/upload.wikimedia.org\/wikipedia\/commons\/thumb\/8\/8d\/U%2B2192.svg\/25px-U%2B2192.svg.png\" alt=\"U + 2192.svg\"> Servi\u00e7os de legendagem em todos os idiomas<\/h3>\n\n\n\n<ul class=\"wp-block-list\"><li><a href=\"https:\/\/culturesconnection.com\/pt-br\/servicos-de-legendagem-em-frances\/\">Servi\u00e7os de legendagem em franc\u00eas<\/a><\/li><li><a href=\"https:\/\/culturesconnection.com\/pt-br\/servicos-de-legendagem-em-espanhol\/\">Servi\u00e7os de legendagem em espanhol<\/a><\/li><li><a href=\"https:\/\/culturesconnection.com\/pt-br\/servicos-de-legendagem-em-alemao\/\">Servi\u00e7os de legendagem em alem\u00e3o<\/a><\/li><li><a href=\"https:\/\/culturesconnection.com\/pt-br\/servicos-de-legendagem-em-chines\/\">Servi\u00e7os de legendagem em chin\u00eas<\/a><\/li><li><a href=\"https:\/\/culturesconnection.com\/pt-br\/servicos-de-legendagem-em-arabe\/\">Servi\u00e7os de legendagem em \u00e1rabe<\/a><\/li><li><a href=\"https:\/\/culturesconnection.com\/pt-br\/servicos-de-legendagem-em-italiano\/\">Servi\u00e7os de legendagem em italiano<\/a><\/li><li><a href=\"https:\/\/culturesconnection.com\/pt-br\/servicos-de-legendagem-em-turco\/\">Servi\u00e7os de legendagem em turco<\/a><\/li><li><a href=\"https:\/\/culturesconnection.com\/pt-br\/servicos-de-legendagem-em-japones\/\">Servi\u00e7os de legendagem em japon\u00eas<\/a><\/li><li><a href=\"https:\/\/culturesconnection.com\/pt-br\/servicos-de-legendagem-em-russo\/\">Servi\u00e7os de legendagem em russo<\/a><\/li><\/ul>\n","protected":false},"excerpt":{"rendered":"<p>Servi\u00e7os de legendagem portugu\u00eas-holand\u00eas Cada vez mais as empresas trabalham com tradutores audiovisuais especializados para transcrever seus materiais. Eles s\u00e3o adaptados para uma nova linguagem [&#8230;]<\/p>\n<p><a class=\"btn btn-secondary understrap-read-more-link\" href=\"https:\/\/culturesconnection.com\/pt-br\/servicos-de-traducao-em-holandes\/servicos-de-legendagem-em-holandes\/\">Leia mais&#8230;<span class=\"screen-reader-text\"> from Nossos servi\u00e7os de legendagem em holand\u00eas<\/span><\/a><\/p>\n","protected":false},"author":22,"featured_media":24335,"parent":9826,"menu_order":0,"comment_status":"closed","ping_status":"closed","template":"","meta":{"_acf_changed":false,"_editorskit_title_hidden":false,"_editorskit_reading_time":0,"_editorskit_is_block_options_detached":false,"_editorskit_block_options_position":"{}","footnotes":""},"class_list":["post-9825","page","type-page","status-publish","has-post-thumbnail","hentry"],"acf":[],"_links":{"self":[{"href":"https:\/\/culturesconnection.com\/pt-br\/wp-json\/wp\/v2\/pages\/9825","targetHints":{"allow":["GET"]}}],"collection":[{"href":"https:\/\/culturesconnection.com\/pt-br\/wp-json\/wp\/v2\/pages"}],"about":[{"href":"https:\/\/culturesconnection.com\/pt-br\/wp-json\/wp\/v2\/types\/page"}],"author":[{"embeddable":true,"href":"https:\/\/culturesconnection.com\/pt-br\/wp-json\/wp\/v2\/users\/22"}],"replies":[{"embeddable":true,"href":"https:\/\/culturesconnection.com\/pt-br\/wp-json\/wp\/v2\/comments?post=9825"}],"version-history":[{"count":0,"href":"https:\/\/culturesconnection.com\/pt-br\/wp-json\/wp\/v2\/pages\/9825\/revisions"}],"up":[{"embeddable":true,"href":"https:\/\/culturesconnection.com\/pt-br\/wp-json\/wp\/v2\/pages\/9826"}],"wp:featuredmedia":[{"embeddable":true,"href":"https:\/\/culturesconnection.com\/pt-br\/wp-json\/wp\/v2\/media\/24335"}],"wp:attachment":[{"href":"https:\/\/culturesconnection.com\/pt-br\/wp-json\/wp\/v2\/media?parent=9825"}],"curies":[{"name":"wp","href":"https:\/\/api.w.org\/{rel}","templated":true}]}}