{"id":9824,"date":"2018-06-18T21:25:50","date_gmt":"2018-06-18T19:25:50","guid":{"rendered":"http:\/\/culturesconnection.com\/?page_id=9824"},"modified":"2022-06-19T00:23:08","modified_gmt":"2022-06-18T22:23:08","slug":"servicos-de-traducao-medica-em-holandes","status":"publish","type":"page","link":"https:\/\/culturesconnection.com\/pt-br\/servicos-de-traducao-em-holandes\/servicos-de-traducao-medica-em-holandes\/","title":{"rendered":"Nossos servi\u00e7os de tradu\u00e7\u00e3o m\u00e9dica em holand\u00eas"},"content":{"rendered":"\n<h2 class=\"wp-block-heading\">Especialistas em tradu\u00e7\u00e3o de neg\u00f3cios em portugu\u00eas-holand\u00eas ao seu servi\u00e7o<\/h2>\n\n\n\n<p>Na \u00e1rea m\u00e9dica, a internacionaliza\u00e7\u00e3o do conhecimento \u00e9 sem d\u00favida uma tend\u00eancia a n\u00e3o se negligenciar nos dias de hoje. Os recursos, t\u00e9cnicas e procedimentos devem ser traduzidos para o maior n\u00famero de idiomas de forma que todo o mundo tamb\u00e9m possa ter acesso a eles. Tradu\u00e7\u00e3o m\u00e9dica \u00e9 um campo especializado onde n\u00e3o h\u00e1 espa\u00e7o para falhas. Um erro pode ter consequ\u00eancias dram\u00e1ticas e, portanto, \u00e9 essencial que seja feita por especialistas. A tradu\u00e7\u00e3o deve ser t\u00e3o precisa e rigorosa quanto poss\u00edvel.<\/p>\n\n\n\n<h2 class=\"wp-block-heading\">Voc\u00ea est\u00e1 procurando por uma ag\u00eancia de tradu\u00e7\u00e3o m\u00e9dica?<\/h2>\n\n\n\n<p>A medicina tem muitos subdom\u00ednios. <a href=\"https:\/\/culturesconnection.com\/pt-br\/\">Cultures Connection<\/a> trabalha com tradutores profissionais especializados em medicina geral, neurologia, psiquiatria, reumatologia, urologia, para citar apenas alguns. Juntamente com seus conhecimentos t\u00e9cnicos, eles tamb\u00e9m oferecem conhecimentos lingu\u00edsticos de alta qualidade. Eles t\u00eam um comando perfeito da terminologia do campo em quest\u00e3o em holand\u00eas e em portugu\u00eas em conjunto com v\u00e1rios anos de experi\u00eancia. Nossa empresa de tradu\u00e7\u00e3o, portanto, pode traduzir seus documentos m\u00e9dicos em holand\u00eas com pertin\u00eancia e precis\u00e3o. Entre em contato conosco e voc\u00ea ter\u00e1 o mais alto padr\u00e3o de qualidade nos seus <a href=\"https:\/\/culturesconnection.com\/pt-br\/servicos-de-traducao\/\">servi\u00e7os de tradu\u00e7\u00e3o<\/a>.<\/p>\n\n\n\n<h2 class=\"wp-block-heading\">Tradu\u00e7\u00e3o de documentos m\u00e9dicos em holand\u00eas<\/h2>\n\n\n\n<p>Abaixo voc\u00ea encontrar\u00e1 alguns exemplos de tradu\u00e7\u00f5es de <a href=\"https:\/\/culturesconnection.com\/pt-br\/servicos-de-traducao-medica\/\">documentos m\u00e9dicos<\/a> que foram confiadas a n\u00f3s no passado:<\/p>\n\n\n\n<ul class=\"wp-block-list\"><li>Revistas<\/li><li>Relat\u00f3rios de confer\u00eancia<\/li><li>Publica\u00e7\u00f5es<\/li><li>Relat\u00f3rios de projeto e pesquisa<\/li><li>Resultados de estudos e relat\u00f3rios de nova pesquisa<\/li><li>Obras de interesse geral<\/li><li>Relat\u00f3rios de auditoria<\/li><li>Question\u00e1rios<\/li><li>Folhetos<\/li><li>Dosagens para novos produtos<\/li><li>Resultados de ensaios cl\u00ednicos<\/li><li>Regulamenta\u00e7\u00e3o farmac\u00eautica<\/li><li>Relat\u00f3rios m\u00e9dicos<\/li><\/ul>\n\n\n\n<h3 class=\"wp-block-heading\"><img decoding=\"async\" src=\"https:\/\/upload.wikimedia.org\/wikipedia\/commons\/thumb\/8\/8d\/U%2B2192.svg\/25px-U%2B2192.svg.png\" alt=\"U + 2192.svg\"> Tradu\u00e7\u00e3o m\u00e9dica em todos os idiomas<\/h3>\n\n\n\n<ul class=\"wp-block-list\"><li><a href=\"https:\/\/culturesconnection.com\/pt-br\/servicos-de-traducao-medica-em-frances\/\">Tradu\u00e7\u00e3o m\u00e9dica em franc\u00eas<\/a><\/li><li><a href=\"https:\/\/culturesconnection.com\/pt-br\/servicos-de-traducao-medica-em-espanhol\/\">Tradu\u00e7\u00e3o m\u00e9dica em espanhol<\/a><\/li><li><a href=\"https:\/\/culturesconnection.com\/pt-br\/servicos-de-traducao-medica-em-alemao\/\">Tradu\u00e7\u00e3o m\u00e9dica em alem\u00e3o<\/a><\/li><li><a href=\"https:\/\/culturesconnection.com\/pt-br\/servicos-de-traducao-de-medicina-em-chines\/\">Tradu\u00e7\u00e3o m\u00e9dica em chin\u00eas<\/a><\/li><li><a href=\"https:\/\/culturesconnection.com\/pt-br\/servicos-de-traducao-medica-em-arabe\/\">Tradu\u00e7\u00e3o m\u00e9dica em \u00e1rabe<\/a><\/li><li><a href=\"https:\/\/culturesconnection.com\/pt-br\/servicos-de-traducao-medica-em-italiano\/\">Tradu\u00e7\u00e3o m\u00e9dica em italiano<\/a><\/li><li><a href=\"https:\/\/culturesconnection.com\/pt-br\/servicos-de-traducao-medica-em-turco\/\">Tradu\u00e7\u00e3o m\u00e9dica em turco<\/a><\/li><li><a href=\"https:\/\/culturesconnection.com\/pt-br\/servicos-de-traducao-medica-em-japones\/\">Tradu\u00e7\u00e3o m\u00e9dica em japon\u00eas<\/a><\/li><li><a href=\"https:\/\/culturesconnection.com\/pt-br\/servicos-de-traducao-medica-em-russo\/\">Tradu\u00e7\u00e3o m\u00e9dica em russo<\/a><\/li><\/ul>\n","protected":false},"excerpt":{"rendered":"<p>Especialistas em tradu\u00e7\u00e3o de neg\u00f3cios em portugu\u00eas-holand\u00eas ao seu servi\u00e7o Na \u00e1rea m\u00e9dica, a internacionaliza\u00e7\u00e3o do conhecimento \u00e9 sem d\u00favida uma tend\u00eancia a n\u00e3o se [&#8230;]<\/p>\n<p><a class=\"btn btn-secondary understrap-read-more-link\" href=\"https:\/\/culturesconnection.com\/pt-br\/servicos-de-traducao-em-holandes\/servicos-de-traducao-medica-em-holandes\/\">Leia mais&#8230;<span class=\"screen-reader-text\"> from Nossos servi\u00e7os de tradu\u00e7\u00e3o m\u00e9dica em holand\u00eas<\/span><\/a><\/p>\n","protected":false},"author":22,"featured_media":24335,"parent":9826,"menu_order":0,"comment_status":"closed","ping_status":"closed","template":"","meta":{"_acf_changed":false,"_editorskit_title_hidden":false,"_editorskit_reading_time":0,"_editorskit_is_block_options_detached":false,"_editorskit_block_options_position":"{}","footnotes":""},"class_list":["post-9824","page","type-page","status-publish","has-post-thumbnail","hentry"],"acf":[],"_links":{"self":[{"href":"https:\/\/culturesconnection.com\/pt-br\/wp-json\/wp\/v2\/pages\/9824","targetHints":{"allow":["GET"]}}],"collection":[{"href":"https:\/\/culturesconnection.com\/pt-br\/wp-json\/wp\/v2\/pages"}],"about":[{"href":"https:\/\/culturesconnection.com\/pt-br\/wp-json\/wp\/v2\/types\/page"}],"author":[{"embeddable":true,"href":"https:\/\/culturesconnection.com\/pt-br\/wp-json\/wp\/v2\/users\/22"}],"replies":[{"embeddable":true,"href":"https:\/\/culturesconnection.com\/pt-br\/wp-json\/wp\/v2\/comments?post=9824"}],"version-history":[{"count":0,"href":"https:\/\/culturesconnection.com\/pt-br\/wp-json\/wp\/v2\/pages\/9824\/revisions"}],"up":[{"embeddable":true,"href":"https:\/\/culturesconnection.com\/pt-br\/wp-json\/wp\/v2\/pages\/9826"}],"wp:featuredmedia":[{"embeddable":true,"href":"https:\/\/culturesconnection.com\/pt-br\/wp-json\/wp\/v2\/media\/24335"}],"wp:attachment":[{"href":"https:\/\/culturesconnection.com\/pt-br\/wp-json\/wp\/v2\/media?parent=9824"}],"curies":[{"name":"wp","href":"https:\/\/api.w.org\/{rel}","templated":true}]}}