{"id":9821,"date":"2018-06-18T21:25:54","date_gmt":"2018-06-18T19:25:54","guid":{"rendered":"http:\/\/culturesconnection.com\/?page_id=9821"},"modified":"2022-06-19T04:05:07","modified_gmt":"2022-06-19T02:05:07","slug":"servicos-de-traducao-juridica-em-holandes","status":"publish","type":"page","link":"https:\/\/culturesconnection.com\/pt-br\/servicos-de-traducao-em-holandes\/servicos-de-traducao-juridica-em-holandes\/","title":{"rendered":"Nossos servi\u00e7os de tradu\u00e7\u00e3o jur\u00eddica em holand\u00eas"},"content":{"rendered":"\n<h2 class=\"wp-block-heading\">Trabalho realizado por especialistas de tradu\u00e7\u00e3o jur\u00eddica de portugu\u00eas&nbsp;ao holand\u00eas<\/h2>\n\n\n\n<p>Longe de ser um exerc\u00edcio f\u00e1cil, tradu\u00e7\u00e3o jur\u00eddica requer muitas habilidades. Dependendo quais pa\u00edses e suas jurisdi\u00e7\u00f5es, os conceitos s\u00e3o muito d\u00edspares e muitas vezes, simplesmente n\u00e3o h\u00e1 nenhum equivalente. Falhas de tradu\u00e7\u00e3o nesta \u00e1rea podem ser muito problem\u00e1ticos para a empresa, especialmente no campo de direito corporativo. Essa \u00e9 uma \u00e1rea em que os erros s\u00e3o inadmiss\u00edveis e a precis\u00e3o \u00e9 essencial. Nossos tradutores jur\u00eddicos est\u00e3o plenamente conscientes das quest\u00f5es legais envolvidas no texto fonte e no texto de destino.<\/p>\n\n\n\n<h2 class=\"wp-block-heading\">Nossa ag\u00eancia de tradu\u00e7\u00e3o jur\u00eddica<\/h2>\n\n\n\n<p><a href=\"https:\/\/culturesconnection.com\/pt-br\/\">Cultures Connection<\/a> combina credibilidade, precis\u00e3o e pontualidade. Ao escolher nossa empresa para seu projeto de tradu\u00e7\u00e3o jur\u00eddica em holand\u00eas, voc\u00ea est\u00e1 fazendo a escolha certa. Temos vasta experi\u00eancia nesse campo e traduzimos uma grande variedade de documentos jur\u00eddicos para o holand\u00eas. Nossa equipe de tradutores e revisores, especializada em tradu\u00e7\u00e3o jur\u00eddica, lida com os projetos que voc\u00ea nos confia. Para eles, n\u00e3o h\u00e1 segredos entre o portugu\u00eas e holand\u00eas, eles entendem todas as sutilezas. Eles tamb\u00e9m s\u00e3o especializados nesta \u00e1rea por terem trabalhado como advogados, peritos judiciais ou outras profiss\u00f5es relacionadas com o tema. O pre\u00e7o para este tipo de servi\u00e7o n\u00e3o \u00e9 o mesmo que um <a href=\"https:\/\/culturesconnection.com\/pt-br\/servicos-de-traducao\/\">servi\u00e7o de tradu\u00e7\u00e3o<\/a> normal, pois pressup\u00f5e a contrata\u00e7\u00e3o de verdadeiros peritos, com alto grau de conhecimento no assunto.<\/p>\n\n\n\n<h2 class=\"wp-block-heading\">Tradu\u00e7\u00e3o de documentos jur\u00eddicos em holand\u00eas<\/h2>\n\n\n\n<p>Voc\u00ea encontrar\u00e1 abaixo alguns exemplos de <a href=\"https:\/\/culturesconnection.com\/pt-br\/servicos-de-traducao-juridica\/\">tradu\u00e7\u00f5es jur\u00eddicas<\/a> que nossa ag\u00eancia j\u00e1 trabalhou:<\/p>\n\n\n\n<ul class=\"wp-block-list\"><li>Contratos de distribui\u00e7\u00e3o, vendas e emprego<\/li><li>Apresenta\u00e7\u00e3o de queixa<\/li><li>Procedimentos legais<\/li><li>Termos e condi\u00e7\u00f5es<\/li><li>Relat\u00f3rios de peritos<\/li><li>Regulamentos<\/li><li>Registros de heran\u00e7a<\/li><li>Pedidos de div\u00f3rcio<\/li><li>Cl\u00e1usulas de n\u00e3o concorr\u00eancia e n\u00e3o-confidencialidade<\/li><li>Cartas de inten\u00e7\u00e3o<\/li><li>Procura\u00e7\u00f5es<\/li><li>Libera\u00e7\u00e3o judicial<\/li><li>Estatutos<\/li><\/ul>\n\n\n\n<h2 class=\"wp-block-heading\">Tradu\u00e7\u00e3o jur\u00eddica em todos os idiomas<\/h2>\n\n\n\n<ul class=\"wp-block-list\"><li><a href=\"https:\/\/culturesconnection.com\/pt-br\/servicos-de-traducao-juridica-em-frances\/\">Tradu\u00e7\u00e3o jur\u00eddica em franc\u00eas<\/a><\/li><li><a href=\"https:\/\/culturesconnection.com\/pt-br\/servicos-de-traducao-juridica-em-espanhol\/\">Tradu\u00e7\u00e3o jur\u00eddica em espanhol<\/a><\/li><li><a href=\"https:\/\/culturesconnection.com\/pt-br\/servicos-de-traducao-juridica-em-alemao\/\">Tradu\u00e7\u00e3o jur\u00eddica em alem\u00e3o<\/a><\/li><li><a href=\"https:\/\/culturesconnection.com\/pt-br\/servicos-de-traducao-juridica-em-chines\/\">Tradu\u00e7\u00e3o jur\u00eddica em chin\u00eas<\/a><\/li><li><a href=\"https:\/\/culturesconnection.com\/pt-br\/servicos-de-traducao-juridica-em-arabe\/\">Tradu\u00e7\u00e3o jur\u00eddica em \u00e1rabe<\/a><\/li><li><a href=\"https:\/\/culturesconnection.com\/pt-br\/servicos-de-traducao-juridica-em-italiano\/\">Tradu\u00e7\u00e3o jur\u00eddica em italiano<\/a><\/li><li><a href=\"https:\/\/culturesconnection.com\/pt-br\/servicos-de-traducao-juridica-em-turco\/\">Tradu\u00e7\u00e3o jur\u00eddica em turco<\/a><\/li><li><a href=\"https:\/\/culturesconnection.com\/pt-br\/servicos-de-traducao-juridica-em-japones\/\">Tradu\u00e7\u00e3o jur\u00eddica em japon\u00eas<\/a><\/li><li><a href=\"https:\/\/culturesconnection.com\/pt-br\/servicos-de-traducao-juridica-em-russo\/\">Tradu\u00e7\u00e3o jur\u00eddica em russo<\/a><\/li><\/ul>\n","protected":false},"excerpt":{"rendered":"<p>Trabalho realizado por especialistas de tradu\u00e7\u00e3o jur\u00eddica de portugu\u00eas&nbsp;ao holand\u00eas Longe de ser um exerc\u00edcio f\u00e1cil, tradu\u00e7\u00e3o jur\u00eddica requer muitas habilidades. Dependendo quais pa\u00edses e [&#8230;]<\/p>\n<p><a class=\"btn btn-secondary understrap-read-more-link\" href=\"https:\/\/culturesconnection.com\/pt-br\/servicos-de-traducao-em-holandes\/servicos-de-traducao-juridica-em-holandes\/\">Leia mais&#8230;<span class=\"screen-reader-text\"> from Nossos servi\u00e7os de tradu\u00e7\u00e3o jur\u00eddica em holand\u00eas<\/span><\/a><\/p>\n","protected":false},"author":22,"featured_media":24335,"parent":9826,"menu_order":0,"comment_status":"closed","ping_status":"closed","template":"","meta":{"_acf_changed":false,"_editorskit_title_hidden":false,"_editorskit_reading_time":0,"_editorskit_is_block_options_detached":false,"_editorskit_block_options_position":"{}","footnotes":""},"class_list":["post-9821","page","type-page","status-publish","has-post-thumbnail","hentry"],"acf":[],"_links":{"self":[{"href":"https:\/\/culturesconnection.com\/pt-br\/wp-json\/wp\/v2\/pages\/9821","targetHints":{"allow":["GET"]}}],"collection":[{"href":"https:\/\/culturesconnection.com\/pt-br\/wp-json\/wp\/v2\/pages"}],"about":[{"href":"https:\/\/culturesconnection.com\/pt-br\/wp-json\/wp\/v2\/types\/page"}],"author":[{"embeddable":true,"href":"https:\/\/culturesconnection.com\/pt-br\/wp-json\/wp\/v2\/users\/22"}],"replies":[{"embeddable":true,"href":"https:\/\/culturesconnection.com\/pt-br\/wp-json\/wp\/v2\/comments?post=9821"}],"version-history":[{"count":0,"href":"https:\/\/culturesconnection.com\/pt-br\/wp-json\/wp\/v2\/pages\/9821\/revisions"}],"up":[{"embeddable":true,"href":"https:\/\/culturesconnection.com\/pt-br\/wp-json\/wp\/v2\/pages\/9826"}],"wp:featuredmedia":[{"embeddable":true,"href":"https:\/\/culturesconnection.com\/pt-br\/wp-json\/wp\/v2\/media\/24335"}],"wp:attachment":[{"href":"https:\/\/culturesconnection.com\/pt-br\/wp-json\/wp\/v2\/media?parent=9821"}],"curies":[{"name":"wp","href":"https:\/\/api.w.org\/{rel}","templated":true}]}}