{"id":9820,"date":"2018-06-18T21:25:55","date_gmt":"2018-06-18T19:25:55","guid":{"rendered":"http:\/\/culturesconnection.com\/?page_id=9820"},"modified":"2022-06-21T00:47:49","modified_gmt":"2022-06-20T22:47:49","slug":"servicos-de-traducao-financeira-em-holandes","status":"publish","type":"page","link":"https:\/\/culturesconnection.com\/pt-br\/servicos-de-traducao-em-holandes\/servicos-de-traducao-financeira-em-holandes\/","title":{"rendered":"Nossos servi\u00e7os de tradu\u00e7\u00e3o financeira em holand\u00eas"},"content":{"rendered":"\n<h2 class=\"wp-block-heading\">Profissionais de tradu\u00e7\u00e3o financeira portugu\u00eas-holand\u00eas ao seu servi\u00e7o<\/h2>\n\n\n\n<p>Tradu\u00e7\u00e3o de documentos financeiros requer precis\u00e3o e rigor. O tradutor deve ser especializado na \u00e1rea de finan\u00e7as, bem como dominar a terminologia e regulamentos adjuntos. O menor erro pode ter consequ\u00eancias graves, especialmente a partir de uma perspectiva econ\u00f4mica. Escolher uma boa <a href=\"https:\/\/culturesconnection.com\/pt-br\/\">empresa de tradu\u00e7\u00e3o<\/a> para a tradu\u00e7\u00e3o dos seus documentos financeiros em holand\u00eas \u00e9 portanto essencial.<\/p>\n\n\n\n<h2 class=\"wp-block-heading\">Nossa ag\u00eancia de tradu\u00e7\u00e3o financeira<\/h2>\n\n\n\n<p>Cultures Connection trabalha com os melhores tradutores e revisores no campo das finan\u00e7as. O recrutamento \u00e9 baseado em suas credenciais e experi\u00eancia. Eles ganharam experi\u00eancia atrav\u00e9s de seus curriculum acad\u00eamico e profissional do setor financeiro ou por meio de treinamento intensivo, t\u00eam um alto n\u00edvel de profici\u00eancia em portugu\u00eas e holand\u00eas e traduzem somente em sua l\u00edngua nativa, a fim de respeitar as regras impostas na tradu\u00e7\u00e3o. Escolher a nossa ag\u00eancia para a tradu\u00e7\u00e3o de um documento financeiro, do portugu\u00eas para o holand\u00eas ou do holand\u00eas para o portugu\u00eas voc\u00ea est\u00e1 optando pela qualidade. Cultures Connection garante alta qualidade em seus <a href=\"https:\/\/culturesconnection.com\/pt-br\/servicos-de-traducao\/\">servi\u00e7os de tradu\u00e7\u00e3o<\/a>.<\/p>\n\n\n\n<h2 class=\"wp-block-heading\">Tradu\u00e7\u00e3o de documentos de neg\u00f3cios em holand\u00eas<\/h2>\n\n\n\n<p>Aqui est\u00e1 uma lista n\u00e3o-exaustiva de documentos financeiros e <a href=\"https:\/\/culturesconnection.com\/pt-br\/servicos-de-traducao-financeira\/\">econ\u00f4micos documentos<\/a> que j\u00e1 traduzimos para o holand\u00eas:<\/p>\n\n\n\n<ul class=\"wp-block-list\"><li>Documentos informativos para investidores<\/li><li>Folhetos<\/li><li>Relat\u00f3rios do fundo de investimento<\/li><li>Relat\u00f3rios de atividade<\/li><li>Balan\u00e7os patrimoniais<\/li><li>Bolsa de valores<\/li><li>Documentos banc\u00e1rios<\/li><li>Documentos de informa\u00e7\u00e3o financeira<\/li><li>Trabalhos de investiga\u00e7\u00e3o<\/li><li>Documentos de gest\u00e3o de risco e gest\u00e3o de ativos<\/li><li>Relat\u00f3rios de auditoria<\/li><li>Textos sobre fus\u00f5es e aquisi\u00e7\u00f5es<\/li><\/ul>\n\n\n\n<h3 class=\"wp-block-heading\"><img decoding=\"async\" src=\"https:\/\/upload.wikimedia.org\/wikipedia\/commons\/thumb\/8\/8d\/U%2B2192.svg\/25px-U%2B2192.svg.png\" alt=\"U + 2192.svg\"> Tradu\u00e7\u00e3o financeira em todos os idiomas<\/h3>\n\n\n\n<ul class=\"wp-block-list\"><li><a href=\"https:\/\/culturesconnection.com\/pt-br\/servicos-de-traducao-financeira-em-frances\/\">Tradu\u00e7\u00e3o financeira em franc\u00eas<\/a><\/li><li><a href=\"https:\/\/culturesconnection.com\/pt-br\/servicos-de-traducao-financeira-em-espanhol\/\">Tradu\u00e7\u00e3o financeira em espanhol<\/a><\/li><li><a href=\"https:\/\/culturesconnection.com\/pt-br\/servicos-de-traducao-financeira-em-alemao\/\">Tradu\u00e7\u00e3o financeira em alem\u00e3o<\/a><\/li><li><a href=\"https:\/\/culturesconnection.com\/pt-br\/servicos-de-traducao-financeira-chinesa\/\">Tradu\u00e7\u00e3o financeira em chin\u00eas<\/a><\/li><li><a href=\"https:\/\/culturesconnection.com\/pt-br\/servicos-de-traducao-financeira-arabe\/\">Tradu\u00e7\u00e3o financeira em \u00e1rabe<\/a><\/li><li><a href=\"https:\/\/culturesconnection.com\/pt-br\/nossos-servicos-de-traducao-financeira-em-ingles\/\">Tradu\u00e7\u00e3o financeira em ingl\u00eas<\/a><\/li><li><a href=\"https:\/\/culturesconnection.com\/pt-br\/servicos-de-traducao-financeira-em-italiano\/\">Tradu\u00e7\u00e3o financeira em italiano<\/a><\/li><li><a href=\"https:\/\/culturesconnection.com\/pt-br\/servicos-de-traducao-financeira-em-turco\/\">Tradu\u00e7\u00e3o financeira em turco<\/a><\/li><li><a href=\"https:\/\/culturesconnection.com\/pt-br\/servicos-de-traducao-financeira-em-japones\/\">Tradu\u00e7\u00e3o financeira em japon\u00eas<\/a><\/li><li><a href=\"https:\/\/culturesconnection.com\/pt-br\/servicos-de-traducao-financeira-em-russo\/\">Tradu\u00e7\u00e3o financeira em russo<\/a><\/li><\/ul>\n","protected":false},"excerpt":{"rendered":"<p>Profissionais de tradu\u00e7\u00e3o financeira portugu\u00eas-holand\u00eas ao seu servi\u00e7o Tradu\u00e7\u00e3o de documentos financeiros requer precis\u00e3o e rigor. O tradutor deve ser especializado na \u00e1rea de finan\u00e7as, [&#8230;]<\/p>\n<p><a class=\"btn btn-secondary understrap-read-more-link\" href=\"https:\/\/culturesconnection.com\/pt-br\/servicos-de-traducao-em-holandes\/servicos-de-traducao-financeira-em-holandes\/\">Leia mais&#8230;<span class=\"screen-reader-text\"> from Nossos servi\u00e7os de tradu\u00e7\u00e3o financeira em holand\u00eas<\/span><\/a><\/p>\n","protected":false},"author":22,"featured_media":24335,"parent":9826,"menu_order":0,"comment_status":"closed","ping_status":"closed","template":"","meta":{"_acf_changed":false,"_editorskit_title_hidden":false,"_editorskit_reading_time":0,"_editorskit_is_block_options_detached":false,"_editorskit_block_options_position":"{}","footnotes":""},"class_list":["post-9820","page","type-page","status-publish","has-post-thumbnail","hentry"],"acf":[],"_links":{"self":[{"href":"https:\/\/culturesconnection.com\/pt-br\/wp-json\/wp\/v2\/pages\/9820","targetHints":{"allow":["GET"]}}],"collection":[{"href":"https:\/\/culturesconnection.com\/pt-br\/wp-json\/wp\/v2\/pages"}],"about":[{"href":"https:\/\/culturesconnection.com\/pt-br\/wp-json\/wp\/v2\/types\/page"}],"author":[{"embeddable":true,"href":"https:\/\/culturesconnection.com\/pt-br\/wp-json\/wp\/v2\/users\/22"}],"replies":[{"embeddable":true,"href":"https:\/\/culturesconnection.com\/pt-br\/wp-json\/wp\/v2\/comments?post=9820"}],"version-history":[{"count":0,"href":"https:\/\/culturesconnection.com\/pt-br\/wp-json\/wp\/v2\/pages\/9820\/revisions"}],"up":[{"embeddable":true,"href":"https:\/\/culturesconnection.com\/pt-br\/wp-json\/wp\/v2\/pages\/9826"}],"wp:featuredmedia":[{"embeddable":true,"href":"https:\/\/culturesconnection.com\/pt-br\/wp-json\/wp\/v2\/media\/24335"}],"wp:attachment":[{"href":"https:\/\/culturesconnection.com\/pt-br\/wp-json\/wp\/v2\/media?parent=9820"}],"curies":[{"name":"wp","href":"https:\/\/api.w.org\/{rel}","templated":true}]}}