{"id":9767,"date":"2018-06-18T21:26:00","date_gmt":"2018-06-18T19:26:00","guid":{"rendered":"http:\/\/culturesconnection.com\/?page_id=9767"},"modified":"2022-06-22T03:10:07","modified_gmt":"2022-06-22T01:10:07","slug":"servicos-de-traducao-de-marketing-em-turco","status":"publish","type":"page","link":"https:\/\/culturesconnection.com\/pt-br\/servicos-de-traducao-em-turco\/servicos-de-traducao-de-marketing-em-turco\/","title":{"rendered":"Nossos servi\u00e7os de tradu\u00e7\u00e3o de marketing em turco"},"content":{"rendered":"\n<h2 class=\"wp-block-heading\">Nossos servi\u00e7os de tradu\u00e7\u00e3o de marketing em turco<\/h2>\n\n\n\n<p>Na tradu\u00e7\u00e3o de marketing \u00e9 mais importante considerar a ideia contida na mensagem do texto fonte do que uma correspond\u00eancia literal de palavras. O tradutor que realiza este tipo de trabalho entre o portugu\u00eas e o turco deve n\u00e3o somente ter um dom\u00ednio de ambos idiomas mas tamb\u00e9m conhecer as nuances culturais, valores e express\u00f5es do p\u00fablico-alvo. \u00c9 por estas raz\u00f5es que \u00e9 mais apropriado falar em localiza\u00e7\u00e3o do que em tradu\u00e7\u00e3o quando se trata de material de publicidade. O objetivo destes textos \u00e9 despertar o interesse do mercado-alvo e deve-se ter cuidado, pois um deslize de tradu\u00e7\u00e3o pode surtir um efeito negativo e prejudicar a imagem da empresa.<\/p>\n\n\n\n<h2 class=\"wp-block-heading\">Nossa ag\u00eancia de tradu\u00e7\u00e3o<\/h2>\n\n\n\n<p>A <a href=\"https:\/\/culturesconnection.com\/pt-br\/\">Cultures Connection<\/a> oferece uma vasta gama de <a href=\"https:\/\/culturesconnection.com\/pt-br\/servicos-de-traducao\/\">servi\u00e7os de tradu\u00e7\u00e3o<\/a> e conta com uma extensa rede de especialistas em mais de 80 pares de l\u00ednguas. N\u00f3s designaremos um tradutor turco especializado em <a href=\"https:\/\/culturesconnection.com\/pt-br\/servicos-de-traducao-de-marketing\/\">tradu\u00e7\u00e3o de marketing<\/a> especialmente para o seu projeto. Para a localiza\u00e7\u00e3o de seus materiais de marketing para o turco, escolher a nossa ag\u00eancia de tradu\u00e7\u00e3o ir\u00e1 garantir a voc\u00ea um trabalho de qualidade.<\/p>\n\n\n\n<h2 class=\"wp-block-heading\">Tradu\u00e7\u00e3o de documentos de marketing em turco<\/h2>\n\n\n\n<p>Abaixo, apresentamos uma lista de exemplos de documentos de marketing que nossa ag\u00eancia de tradu\u00e7\u00e3o j\u00e1 traduziu:<\/p>\n\n\n\n<ul class=\"wp-block-list\"><li>Brochuras<\/li><li>Materiais de publicidade<\/li><li>Boletins informativos<\/li><li>Sites de com\u00e9rcio eletr\u00f4nico<\/li><li>Folhetos<\/li><li>Campanhas de marketing<\/li><li>An\u00fancios<\/li><li>Web sites<\/li><li>Slogans<\/li><li>Logotipos<\/li><li>Apresenta\u00e7\u00f5es<\/li><li>Lan\u00e7amento de produto<\/li><li>Comunicados de imprensa<\/li><li>Livros eletr\u00f4nicos<\/li><\/ul>\n\n\n\n<h3 class=\"wp-block-heading\"><img decoding=\"async\" src=\"https:\/\/upload.wikimedia.org\/wikipedia\/commons\/thumb\/8\/8d\/U%2B2192.svg\/25px-U%2B2192.svg.png\" alt=\"U + 2192.svg\"> Tradu\u00e7\u00e3o de marketing em todos os idiomas<\/h3>\n\n\n\n<ul class=\"wp-block-list\"><li><a href=\"https:\/\/culturesconnection.com\/pt-br\/servicos-de-traducao-de-marketing-em-frances\/\">Tradu\u00e7\u00e3o de marketing em franc\u00eas<\/a><\/li><li><a href=\"https:\/\/culturesconnection.com\/pt-br\/servicos-de-traducao-de-marketing-em-espanhol\/\">Tradu\u00e7\u00e3o de marketing em espanhol<\/a><\/li><li><a href=\"https:\/\/culturesconnection.com\/pt-br\/servicos-de-traducao-de-marketing-em-alemao\/\">Tradu\u00e7\u00e3o de marketing em alem\u00e3o<\/a><\/li><li><a href=\"https:\/\/culturesconnection.com\/pt-br\/servicos-de-traducao-de-marketing-em-chines\/\">Tradu\u00e7\u00e3o de marketing em chin\u00eas<\/a><\/li><li><a href=\"https:\/\/culturesconnection.com\/pt-br\/servicos-de-traducao-de-marketing-em-arabe\/\">Tradu\u00e7\u00e3o de marketing em \u00e1rabe<\/a><\/li><li><a href=\"https:\/\/culturesconnection.com\/pt-br\/nossos-servicos-de-traducao-de-marketing-em-ingles\/\">Tradu\u00e7\u00e3o de marketing em ingl\u00eas<\/a><\/li><li><a href=\"https:\/\/culturesconnection.com\/pt-br\/servicos-de-traducao-marketing-em-italiano\/\">Tradu\u00e7\u00e3o de marketing em italiano<\/a><\/li><li><a href=\"https:\/\/culturesconnection.com\/pt-br\/servicos-de-traducao-de-marketing-em-holandes\/\">Tradu\u00e7\u00e3o de marketing em holand\u00eas<\/a><\/li><li><a href=\"https:\/\/culturesconnection.com\/pt-br\/servicos-de-traducao-de-marketing-em-japones\/\">Tradu\u00e7\u00e3o de marketing em japon\u00eas<\/a><\/li><li><a href=\"https:\/\/culturesconnection.com\/pt-br\/nossos-servicos-de-traducao-de-marketing-em-russo\/\">Tradu\u00e7\u00e3o de marketing em russo<\/a><\/li><\/ul>\n","protected":false},"excerpt":{"rendered":"<p>Nossos servi\u00e7os de tradu\u00e7\u00e3o de marketing em turco Na tradu\u00e7\u00e3o de marketing \u00e9 mais importante considerar a ideia contida na mensagem do texto fonte do [&#8230;]<\/p>\n<p><a class=\"btn btn-secondary understrap-read-more-link\" href=\"https:\/\/culturesconnection.com\/pt-br\/servicos-de-traducao-em-turco\/servicos-de-traducao-de-marketing-em-turco\/\">Leia mais&#8230;<span class=\"screen-reader-text\"> from Nossos servi\u00e7os de tradu\u00e7\u00e3o de marketing em turco<\/span><\/a><\/p>\n","protected":false},"author":22,"featured_media":24335,"parent":9751,"menu_order":0,"comment_status":"closed","ping_status":"closed","template":"","meta":{"_acf_changed":false,"_editorskit_title_hidden":false,"_editorskit_reading_time":0,"_editorskit_is_block_options_detached":false,"_editorskit_block_options_position":"{}","footnotes":""},"class_list":["post-9767","page","type-page","status-publish","has-post-thumbnail","hentry"],"acf":[],"_links":{"self":[{"href":"https:\/\/culturesconnection.com\/pt-br\/wp-json\/wp\/v2\/pages\/9767","targetHints":{"allow":["GET"]}}],"collection":[{"href":"https:\/\/culturesconnection.com\/pt-br\/wp-json\/wp\/v2\/pages"}],"about":[{"href":"https:\/\/culturesconnection.com\/pt-br\/wp-json\/wp\/v2\/types\/page"}],"author":[{"embeddable":true,"href":"https:\/\/culturesconnection.com\/pt-br\/wp-json\/wp\/v2\/users\/22"}],"replies":[{"embeddable":true,"href":"https:\/\/culturesconnection.com\/pt-br\/wp-json\/wp\/v2\/comments?post=9767"}],"version-history":[{"count":0,"href":"https:\/\/culturesconnection.com\/pt-br\/wp-json\/wp\/v2\/pages\/9767\/revisions"}],"up":[{"embeddable":true,"href":"https:\/\/culturesconnection.com\/pt-br\/wp-json\/wp\/v2\/pages\/9751"}],"wp:featuredmedia":[{"embeddable":true,"href":"https:\/\/culturesconnection.com\/pt-br\/wp-json\/wp\/v2\/media\/24335"}],"wp:attachment":[{"href":"https:\/\/culturesconnection.com\/pt-br\/wp-json\/wp\/v2\/media?parent=9767"}],"curies":[{"name":"wp","href":"https:\/\/api.w.org\/{rel}","templated":true}]}}