{"id":9765,"date":"2018-06-18T21:26:51","date_gmt":"2018-06-18T19:26:51","guid":{"rendered":"http:\/\/culturesconnection.com\/?page_id=9765"},"modified":"2022-06-22T21:57:57","modified_gmt":"2022-06-22T19:57:57","slug":"servicos-de-traducao-de-video-game-em-espanhol","status":"publish","type":"page","link":"https:\/\/culturesconnection.com\/pt-br\/servicos-de-traducao-em-espanhol\/servicos-de-traducao-de-video-game-em-espanhol\/","title":{"rendered":"Nossos servi\u00e7os de tradu\u00e7\u00e3o de videogame em espanhol"},"content":{"rendered":"\n<h2 class=\"wp-block-heading\">Tradu\u00e7\u00e3o de videogames: a mesma experi\u00eancia para todos<\/h2>\n\n\n\n<p>Para garantir que seu videogame n\u00e3o fique confinado ao mercado local e possa ser distribu\u00eddo para o resto do mundo, nossa ag\u00eancia de tradu\u00e7\u00e3o se prop\u00f5e a localiz\u00e1-lo para voc\u00ea. Falamos de localiza\u00e7\u00e3o de videogame ao inv\u00e9s de tradu\u00e7\u00e3o, devido ao trabalho envolvido neste processo. Por tr\u00e1s da tradu\u00e7\u00e3o, h\u00e1 tamb\u00e9m o trabalho de adapta\u00e7\u00e3o do conte\u00fado \u00e0 dimens\u00e3o cultural do mercado-alvo. Al\u00e9m do roteiro, a interface tamb\u00e9m deve ser traduzida, assim como todo o material utilizado para comercializar o videogame. N\u00e3o hesite em recorrer aos nossos servi\u00e7os de tradu\u00e7\u00e3o!<\/p>\n\n\n\n<h2 class=\"wp-block-heading\">A localiza\u00e7\u00e3o dos seus videogames em espanhol<\/h2>\n\n\n\n<p>Muito mais que um simples trabalho, \u00e9 uma paix\u00e3o para nossos tradutores de videogames. Entusiastas dos jogos, eles fazem seu trabalho com paix\u00e3o, a fim de lhe proporcionar uma tradu\u00e7\u00e3o de qualidade que ir\u00e1 atender \u00e0s suas expectativas. <a href=\"https:\/\/culturesconnection.com\/pt-br\/\">Cultures Connection<\/a> se orgulha em trabalhar somente com especialistas nesta \u00e1rea. Nossos tradutores de espanhol-portugu\u00eas e portugu\u00eas-espanhol s\u00e3o todos altamente qualificados e possuem vasta experi\u00eancia. Eles s\u00e3o assistidos em seu trabalho pelos testadores a fim de obter resultados otimizados. No final do processo, h\u00e1 tamb\u00e9m uma fase de controle de qualidade. Confiando em nossos <a href=\"https:\/\/culturesconnection.com\/pt-br\/servicos-de-traducao\/\">servi\u00e7os de tradu\u00e7\u00e3o<\/a>, voc\u00ea garante a mesma experi\u00eancia de jogo para todos os seus jogadores, seja na Espanha, Inglaterra ou nos Estados Unidos.<\/p>\n\n\n\n<h2 class=\"wp-block-heading\">Nossos servi\u00e7os de tradu\u00e7\u00e3o de videogame em espanhol<\/h2>\n\n\n\n<p>Cultures Connection oferece <a href=\"https:\/\/culturesconnection.com\/pt-br\/servicos-de-traducao-e-localizacao-de-videogame\/\">servi\u00e7os de tradu\u00e7\u00e3o e localiza\u00e7\u00e3o de videogame<\/a> para os seguintes:<\/p>\n\n\n\n<ul class=\"wp-block-list\"><li>Tradu\u00e7\u00e3o de videogames<\/li><li>Localiza\u00e7\u00e3o de videogames<\/li><li>Gerenciamento de projetos<\/li><li>Legendas<\/li><li>Grava\u00e7\u00e3o e dublagem<\/li><li>Controle de qualidade<\/li><\/ul>\n\n\n\n<h3 class=\"wp-block-heading\"><img decoding=\"async\" src=\"https:\/\/upload.wikimedia.org\/wikipedia\/commons\/thumb\/8\/8d\/U%2B2192.svg\/25px-U%2B2192.svg.png\" alt=\"U + 2192.svg\"> Tradu\u00e7\u00e3o de videogames em todos os idiomas<\/h3>\n\n\n\n<ul class=\"wp-block-list\"><li><a href=\"https:\/\/culturesconnection.com\/pt-br\/servicos-de-traducao-de-video-game-em-frances\/\">Tradu\u00e7\u00e3o de videogame em franc\u00eas<\/a><\/li><li><a href=\"https:\/\/culturesconnection.com\/pt-br\/nossos-servicos-de-traducao-de-videogames-em-alemao\/\">Tradu\u00e7\u00e3o de videogame em alem\u00e3o<\/a><\/li><li><a href=\"https:\/\/culturesconnection.com\/pt-br\/servicos-de-traducao-de-video-game-em-chines\/\">Tradu\u00e7\u00e3o de videogame em chin\u00eas<\/a><\/li><li><a href=\"https:\/\/culturesconnection.com\/pt-br\/servicos-de-traducao-de-video-game-em-arabe\/\">Tradu\u00e7\u00e3o de videogame em \u00e1rabe<\/a><\/li><li><a href=\"https:\/\/culturesconnection.com\/pt-br\/nossa-traducao-de-videogames-em-ingles\/\">Tradu\u00e7\u00e3o de videogame em ingl\u00eas<\/a><\/li><li><a href=\"https:\/\/culturesconnection.com\/pt-br\/servicos-de-traducao-de-video-game-em-italiano\/\">Tradu\u00e7\u00e3o de videogame em italiano<\/a><\/li><li><a href=\"https:\/\/culturesconnection.com\/pt-br\/servicos-de-traducao-de-video-game-em-holandes\/\">Tradu\u00e7\u00e3o de videogame em holand\u00eas<\/a><\/li><li><a href=\"https:\/\/culturesconnection.com\/pt-br\/servicos-de-traducao-de-video-game-em-turco\/\">Tradu\u00e7\u00e3o de videogame em turco<\/a><\/li><li><a href=\"https:\/\/culturesconnection.com\/pt-br\/servicos-de-traducao-de-video-game-em-japones\/\">Tradu\u00e7\u00e3o de videogame em japon\u00eas<\/a><\/li><li><a href=\"https:\/\/culturesconnection.com\/pt-br\/servicos-de-traducao-de-video-game-em-russo\/\">Tradu\u00e7\u00e3o de videogame em russo<\/a><\/li><\/ul>\n","protected":false},"excerpt":{"rendered":"<p>Tradu\u00e7\u00e3o de videogames: a mesma experi\u00eancia para todos Para garantir que seu videogame n\u00e3o fique confinado ao mercado local e possa ser distribu\u00eddo para o [&#8230;]<\/p>\n<p><a class=\"btn btn-secondary understrap-read-more-link\" href=\"https:\/\/culturesconnection.com\/pt-br\/servicos-de-traducao-em-espanhol\/servicos-de-traducao-de-video-game-em-espanhol\/\">Leia mais&#8230;<span class=\"screen-reader-text\"> from Nossos servi\u00e7os de tradu\u00e7\u00e3o de videogame em espanhol<\/span><\/a><\/p>\n","protected":false},"author":22,"featured_media":24335,"parent":9742,"menu_order":0,"comment_status":"closed","ping_status":"closed","template":"","meta":{"_acf_changed":false,"_editorskit_title_hidden":false,"_editorskit_reading_time":0,"_editorskit_is_block_options_detached":false,"_editorskit_block_options_position":"{}","footnotes":""},"class_list":["post-9765","page","type-page","status-publish","has-post-thumbnail","hentry"],"acf":[],"_links":{"self":[{"href":"https:\/\/culturesconnection.com\/pt-br\/wp-json\/wp\/v2\/pages\/9765","targetHints":{"allow":["GET"]}}],"collection":[{"href":"https:\/\/culturesconnection.com\/pt-br\/wp-json\/wp\/v2\/pages"}],"about":[{"href":"https:\/\/culturesconnection.com\/pt-br\/wp-json\/wp\/v2\/types\/page"}],"author":[{"embeddable":true,"href":"https:\/\/culturesconnection.com\/pt-br\/wp-json\/wp\/v2\/users\/22"}],"replies":[{"embeddable":true,"href":"https:\/\/culturesconnection.com\/pt-br\/wp-json\/wp\/v2\/comments?post=9765"}],"version-history":[{"count":0,"href":"https:\/\/culturesconnection.com\/pt-br\/wp-json\/wp\/v2\/pages\/9765\/revisions"}],"up":[{"embeddable":true,"href":"https:\/\/culturesconnection.com\/pt-br\/wp-json\/wp\/v2\/pages\/9742"}],"wp:featuredmedia":[{"embeddable":true,"href":"https:\/\/culturesconnection.com\/pt-br\/wp-json\/wp\/v2\/media\/24335"}],"wp:attachment":[{"href":"https:\/\/culturesconnection.com\/pt-br\/wp-json\/wp\/v2\/media?parent=9765"}],"curies":[{"name":"wp","href":"https:\/\/api.w.org\/{rel}","templated":true}]}}