{"id":9762,"date":"2018-06-18T21:26:55","date_gmt":"2018-06-18T19:26:55","guid":{"rendered":"http:\/\/culturesconnection.com\/?page_id=9762"},"modified":"2022-06-08T00:32:28","modified_gmt":"2022-06-07T22:32:28","slug":"servicos-de-traducao-e-localizacao-de-videogame","status":"publish","type":"page","link":"https:\/\/culturesconnection.com\/pt-br\/servicos-de-traducao-e-localizacao-de-videogame\/","title":{"rendered":"Nossos Servi\u00e7os de Tradu\u00e7\u00e3o e Localiza\u00e7\u00e3o de Videogame"},"content":{"rendered":"\n<h2 class=\"wp-block-heading\">Videogame multil\u00edngue: tradu\u00e7\u00e3o e localiza\u00e7\u00e3o<\/h2>\n\n\n\n<p>Hoje estamos orgulhosos de oferecer uma experi\u00eancia de usu\u00e1rio incompar\u00e1vel, seja para um jogador japon\u00eas ou um portugu\u00eas, gra\u00e7as aos nossos <strong>servi\u00e7os de localiza\u00e7\u00e3o de videogame<\/strong>. H\u00e1 muitas pessoas que erroneamente acreditam que tudo isso somente requer uma tradu\u00e7\u00e3o simples, mas nada poderia estar mais longe da verdade! O processo envolve cuidadosamente adaptar um produto para o idioma e suas refer\u00eancias culturais para um mercado espec\u00edfico, respeitando o significado original, o comprimento do texto e o contexto. No mundo dos videogames, os elementos visuais de uma interface (di\u00e1logos, legendas, menus, indicadores, invent\u00e1rios, instru\u00e7\u00f5es, etc.) s\u00e3o geralmente transcritas e adaptadas juntamente com os materiais de comunica\u00e7\u00f5es (cr\u00e9ditos, manual do usu\u00e1rio, comunicados de imprensa&#8230;).<\/p>\n\n\n\n<p>Localizar o conte\u00fado de um videogame, seja num jogo de a\u00e7\u00e3o, ou em um jogo educativo, \u00e9, sem d\u00favida, uma tarefa meticulosamente detalhada. A tarefa do tradutor de videogame envolve transmitir as informa\u00e7\u00f5es necess\u00e1rias para o jogador, em tempo para ele ou ela se mover sem problema. Traduzir um videogame tamb\u00e9m ajuda a aumentar a base de usu\u00e1rio espalhando-se aos diferentes pa\u00edses ao redor do mundo.<\/p>\n\n\n\n<h2 class=\"wp-block-heading\">Nossa empresa de tradu\u00e7\u00e3o<\/h2>\n\n\n\n<p>Gra\u00e7as \u00e0 nossa vasta experi\u00eancia nas <a href=\"https:\/\/culturesconnection.com\/pt-br\/servicos-de-traducao\/\">\u00e1reas de tradu\u00e7\u00e3o<\/a>, interpreta\u00e7\u00e3o e legendagem, <a href=\"https:\/\/culturesconnection.com\/pt-br\/\">Cultures Connection<\/a> agora expandiu seus servi\u00e7os com a incorpora\u00e7\u00e3o de localiza\u00e7\u00e3o de videogame. Nosso longo hor\u00e1rio de funcionamento e presen\u00e7a na Fran\u00e7a (Paris e Nice) e Argentina (Buenos Aires) significa que podemos contar com uma <a href=\"https:\/\/culturesconnection.com\/pt-br\/tradutor-profissional\/\">rede mundial de tradutores<\/a> com amplo conhecimento no dom\u00ednio da tradu\u00e7\u00e3o de videogames. N\u00f3s selecionamos nossos membros da equipe com base em suas qualifica\u00e7\u00f5es e experi\u00eancia, bem como por seu conhecimento em jogos. Todos eles t\u00eam trabalham com empresas l\u00edderes na ind\u00fastria de videogames, se reciclam regularmente por meio de cursos e forma\u00e7\u00f5es e est\u00e3o atualizados com as \u00faltimas t\u00e9cnicas de tradu\u00e7\u00e3o utilizadas neste setor.<\/p>\n\n\n\n<p>Como uma <strong>ag\u00eancia de tradu\u00e7\u00e3o de videogames<\/strong>, nosso papel \u00e9 o de estabelecer um elo entre desenvolvedores e tradutores. Durante todo o processo, nossos gerentes de projeto e testadores auxiliam os tradutores a fim de facilitar o seu trabalho e ajudar-lhes a cumprir prazos de entrega. Uma vez conclu\u00edda a tradu\u00e7\u00e3o do jogo, nos certificamos que o texto final \u00e9 consistente com a vers\u00e3o original, usando nossos processos de revis\u00e3o e controle de qualidade.<\/p>\n\n\n\n<h2 class=\"wp-block-heading\">Servi\u00e7os de tradu\u00e7\u00e3o profissional de videogame<\/h2>\n\n\n\n<p>Cultures Connection oferece a oportunidade de otimizar a experi\u00eancia dos jogadores. Al\u00e9m dos servi\u00e7os de localiza\u00e7\u00e3o e tradu\u00e7\u00e3o de videogames propomos tamb\u00e9m os seguintes servi\u00e7os:<\/p>\n\n\n\n<ul class=\"wp-block-list\"><li>Gerenciamento de projetos<\/li><li>Tradu\u00e7\u00e3o de videogames<\/li><li>Localiza\u00e7\u00e3o de videogames<\/li><li>Legendagem<\/li><li>Grava\u00e7\u00e3o e dublagem<\/li><li>Controle de qualidade<\/li><\/ul>\n\n\n\n<h2 class=\"wp-block-heading\">Tradu\u00e7\u00e3o de videogames em todos os idiomas<\/h2>\n\n\n\n<ul class=\"wp-block-list\"><li><a href=\"https:\/\/culturesconnection.com\/pt-br\/servicos-de-traducao-de-video-game-em-frances\/\">Tradu\u00e7\u00e3o de videogame em franc\u00eas<\/a><\/li><li><a href=\"https:\/\/culturesconnection.com\/pt-br\/servicos-de-traducao-de-video-game-em-espanhol\/\">Tradu\u00e7\u00e3o de videogame em espanhol<\/a><\/li><li><a href=\"https:\/\/culturesconnection.com\/pt-br\/nossos-servicos-de-traducao-de-videogames-em-alemao\/\">Tradu\u00e7\u00e3o de videogame em alem\u00e3o<\/a><\/li><li><a href=\"https:\/\/culturesconnection.com\/pt-br\/servicos-de-traducao-de-video-game-em-chines\/\">Tradu\u00e7\u00e3o de videogame em chin\u00eas<\/a><\/li><li><a href=\"https:\/\/culturesconnection.com\/pt-br\/servicos-de-traducao-de-video-game-em-arabe\/\">Tradu\u00e7\u00e3o de videogame em \u00e1rabe<\/a><\/li><li><a href=\"https:\/\/culturesconnection.com\/pt-br\/nossa-traducao-de-videogames-em-ingles\/\">Tradu\u00e7\u00e3o de videogame em ingl\u00eas<\/a><\/li><li><a href=\"https:\/\/culturesconnection.com\/pt-br\/servicos-de-traducao-de-video-game-em-italiano\/\">Tradu\u00e7\u00e3o de videogame em italiano<\/a><\/li><li><a href=\"https:\/\/culturesconnection.com\/pt-br\/servicos-de-traducao-de-video-game-em-holandes\/\">Tradu\u00e7\u00e3o de videogame em holand\u00eas<\/a><\/li><li><a href=\"https:\/\/culturesconnection.com\/pt-br\/servicos-de-traducao-de-video-game-em-turco\/\">Tradu\u00e7\u00e3o de videogame em turco<\/a><\/li><li><a href=\"https:\/\/culturesconnection.com\/pt-br\/servicos-de-traducao-de-video-game-em-japones\/\">Tradu\u00e7\u00e3o de videogame em japon\u00eas<\/a><\/li><li><a href=\"https:\/\/culturesconnection.com\/pt-br\/servicos-de-traducao-de-video-game-em-russo\/\">Tradu\u00e7\u00e3o de videogame em russo<\/a><\/li><\/ul>\n","protected":false},"excerpt":{"rendered":"<p>Videogame multil\u00edngue: tradu\u00e7\u00e3o e localiza\u00e7\u00e3o Hoje estamos orgulhosos de oferecer uma experi\u00eancia de usu\u00e1rio incompar\u00e1vel, seja para um jogador japon\u00eas ou um portugu\u00eas, gra\u00e7as aos [&#8230;]<\/p>\n<p><a class=\"btn btn-secondary understrap-read-more-link\" href=\"https:\/\/culturesconnection.com\/pt-br\/servicos-de-traducao-e-localizacao-de-videogame\/\">Leia mais&#8230;<span class=\"screen-reader-text\"> from Nossos Servi\u00e7os de Tradu\u00e7\u00e3o e Localiza\u00e7\u00e3o de Videogame<\/span><\/a><\/p>\n","protected":false},"author":22,"featured_media":26039,"parent":0,"menu_order":0,"comment_status":"closed","ping_status":"closed","template":"","meta":{"_acf_changed":false,"_editorskit_title_hidden":false,"_editorskit_reading_time":0,"_editorskit_is_block_options_detached":false,"_editorskit_block_options_position":"{}","footnotes":""},"class_list":["post-9762","page","type-page","status-publish","has-post-thumbnail","hentry"],"acf":[],"yoast_head":"<!-- This site is optimized with the Yoast SEO Premium plugin v23.4 (Yoast SEO v27.3) - https:\/\/yoast.com\/product\/yoast-seo-premium-wordpress\/ -->\n<title>Servi\u00e7os de tradu\u00e7\u00e3o e localiza\u00e7\u00e3o de videogames<\/title>\n<meta name=\"description\" content=\"Cultures Connection oferece a melhor experi\u00eancia de jogo multilingue. Descubra os nossos servi\u00e7os de tradu\u00e7\u00e3o de videogames e localiza\u00e7\u00e3o de videogames!\" \/>\n<meta name=\"robots\" content=\"index, follow, max-snippet:-1, max-image-preview:large, max-video-preview:-1\" \/>\n<link rel=\"canonical\" href=\"https:\/\/culturesconnection.com\/pt-br\/servicos-de-traducao-e-localizacao-de-videogame\/\" \/>\n<meta property=\"og:locale\" content=\"pt_BR\" \/>\n<meta property=\"og:type\" content=\"article\" \/>\n<meta property=\"og:title\" content=\"Nossos Servi\u00e7os de Tradu\u00e7\u00e3o e Localiza\u00e7\u00e3o de Videogame\" \/>\n<meta property=\"og:description\" content=\"Cultures Connection oferece a melhor experi\u00eancia de jogo multilingue. Descubra os nossos servi\u00e7os de tradu\u00e7\u00e3o de videogames e localiza\u00e7\u00e3o de videogames!\" \/>\n<meta property=\"og:url\" content=\"https:\/\/culturesconnection.com\/pt-br\/servicos-de-traducao-e-localizacao-de-videogame\/\" \/>\n<meta property=\"og:site_name\" content=\"Cultures Connection\" \/>\n<meta property=\"article:publisher\" content=\"https:\/\/www.facebook.com\/CulturesConnection\" \/>\n<meta property=\"article:modified_time\" content=\"2022-06-07T22:32:28+00:00\" \/>\n<meta property=\"og:image\" content=\"https:\/\/culturesconnection.com\/wp-content\/uploads\/2015\/12\/background_traduction-localisation-jeux-video.jpg\" \/>\n\t<meta property=\"og:image:width\" content=\"1440\" \/>\n\t<meta property=\"og:image:height\" content=\"570\" \/>\n\t<meta property=\"og:image:type\" content=\"image\/jpeg\" \/>\n<meta name=\"twitter:card\" content=\"summary_large_image\" \/>\n<meta name=\"twitter:site\" content=\"@CulturesCo_\" \/>\n<meta name=\"twitter:label1\" content=\"Est. tempo de leitura\" \/>\n\t<meta name=\"twitter:data1\" content=\"3 minutos\" \/>\n<script type=\"application\/ld+json\" class=\"yoast-schema-graph\">{\"@context\":\"https:\\\/\\\/schema.org\",\"@graph\":[{\"@type\":\"WebPage\",\"@id\":\"https:\\\/\\\/culturesconnection.com\\\/pt-br\\\/servicos-de-traducao-e-localizacao-de-videogame\\\/\",\"url\":\"https:\\\/\\\/culturesconnection.com\\\/pt-br\\\/servicos-de-traducao-e-localizacao-de-videogame\\\/\",\"name\":\"Servi\u00e7os de tradu\u00e7\u00e3o e localiza\u00e7\u00e3o de videogames\",\"isPartOf\":{\"@id\":\"https:\\\/\\\/culturesconnection.com\\\/fr\\\/#website\"},\"primaryImageOfPage\":{\"@id\":\"https:\\\/\\\/culturesconnection.com\\\/pt-br\\\/servicos-de-traducao-e-localizacao-de-videogame\\\/#primaryimage\"},\"image\":{\"@id\":\"https:\\\/\\\/culturesconnection.com\\\/pt-br\\\/servicos-de-traducao-e-localizacao-de-videogame\\\/#primaryimage\"},\"thumbnailUrl\":\"https:\\\/\\\/culturesconnection.com\\\/wp-content\\\/uploads\\\/2015\\\/12\\\/background_traduction-localisation-jeux-video.jpg\",\"datePublished\":\"2018-06-18T19:26:55+00:00\",\"dateModified\":\"2022-06-07T22:32:28+00:00\",\"description\":\"Cultures Connection oferece a melhor experi\u00eancia de jogo multilingue. Descubra os nossos servi\u00e7os de tradu\u00e7\u00e3o de videogames e localiza\u00e7\u00e3o de videogames!\",\"breadcrumb\":{\"@id\":\"https:\\\/\\\/culturesconnection.com\\\/pt-br\\\/servicos-de-traducao-e-localizacao-de-videogame\\\/#breadcrumb\"},\"inLanguage\":\"pt-BR\",\"potentialAction\":[{\"@type\":\"ReadAction\",\"target\":[\"https:\\\/\\\/culturesconnection.com\\\/pt-br\\\/servicos-de-traducao-e-localizacao-de-videogame\\\/\"]}]},{\"@type\":\"ImageObject\",\"inLanguage\":\"pt-BR\",\"@id\":\"https:\\\/\\\/culturesconnection.com\\\/pt-br\\\/servicos-de-traducao-e-localizacao-de-videogame\\\/#primaryimage\",\"url\":\"https:\\\/\\\/culturesconnection.com\\\/wp-content\\\/uploads\\\/2015\\\/12\\\/background_traduction-localisation-jeux-video.jpg\",\"contentUrl\":\"https:\\\/\\\/culturesconnection.com\\\/wp-content\\\/uploads\\\/2015\\\/12\\\/background_traduction-localisation-jeux-video.jpg\",\"width\":1440,\"height\":570},{\"@type\":\"BreadcrumbList\",\"@id\":\"https:\\\/\\\/culturesconnection.com\\\/pt-br\\\/servicos-de-traducao-e-localizacao-de-videogame\\\/#breadcrumb\",\"itemListElement\":[{\"@type\":\"ListItem\",\"position\":1,\"name\":\"Home\",\"item\":\"https:\\\/\\\/culturesconnection.com\\\/pt-br\\\/\"},{\"@type\":\"ListItem\",\"position\":2,\"name\":\"Nossos Servi\u00e7os de Tradu\u00e7\u00e3o e Localiza\u00e7\u00e3o de Videogame\"}]},{\"@type\":\"WebSite\",\"@id\":\"https:\\\/\\\/culturesconnection.com\\\/fr\\\/#website\",\"url\":\"https:\\\/\\\/culturesconnection.com\\\/fr\\\/\",\"name\":\"Cultures Connection\",\"description\":\"Cultures Connection is a translation agency dedicated to the success of its international clients.\",\"publisher\":{\"@id\":\"https:\\\/\\\/culturesconnection.com\\\/fr\\\/#organization\"},\"potentialAction\":[{\"@type\":\"SearchAction\",\"target\":{\"@type\":\"EntryPoint\",\"urlTemplate\":\"https:\\\/\\\/culturesconnection.com\\\/fr\\\/?s={search_term_string}\"},\"query-input\":{\"@type\":\"PropertyValueSpecification\",\"valueRequired\":true,\"valueName\":\"search_term_string\"}}],\"inLanguage\":\"pt-BR\"},{\"@type\":\"Organization\",\"@id\":\"https:\\\/\\\/culturesconnection.com\\\/fr\\\/#organization\",\"name\":\"Cultures Connection\",\"url\":\"https:\\\/\\\/culturesconnection.com\\\/fr\\\/\",\"logo\":{\"@type\":\"ImageObject\",\"inLanguage\":\"pt-BR\",\"@id\":\"https:\\\/\\\/culturesconnection.com\\\/fr\\\/#\\\/schema\\\/logo\\\/image\\\/\",\"url\":\"https:\\\/\\\/culturesconnection.com\\\/wp-content\\\/uploads\\\/2022\\\/06\\\/cropped-favicon512x512.png\",\"contentUrl\":\"https:\\\/\\\/culturesconnection.com\\\/wp-content\\\/uploads\\\/2022\\\/06\\\/cropped-favicon512x512.png\",\"width\":512,\"height\":512,\"caption\":\"Cultures Connection\"},\"image\":{\"@id\":\"https:\\\/\\\/culturesconnection.com\\\/fr\\\/#\\\/schema\\\/logo\\\/image\\\/\"},\"sameAs\":[\"https:\\\/\\\/www.facebook.com\\\/CulturesConnection\",\"https:\\\/\\\/x.com\\\/CulturesCo_\"]}]}<\/script>\n<!-- \/ Yoast SEO Premium plugin. -->","yoast_head_json":{"title":"Servi\u00e7os de tradu\u00e7\u00e3o e localiza\u00e7\u00e3o de videogames","description":"Cultures Connection oferece a melhor experi\u00eancia de jogo multilingue. Descubra os nossos servi\u00e7os de tradu\u00e7\u00e3o de videogames e localiza\u00e7\u00e3o de videogames!","robots":{"index":"index","follow":"follow","max-snippet":"max-snippet:-1","max-image-preview":"max-image-preview:large","max-video-preview":"max-video-preview:-1"},"canonical":"https:\/\/culturesconnection.com\/pt-br\/servicos-de-traducao-e-localizacao-de-videogame\/","og_locale":"pt_BR","og_type":"article","og_title":"Nossos Servi\u00e7os de Tradu\u00e7\u00e3o e Localiza\u00e7\u00e3o de Videogame","og_description":"Cultures Connection oferece a melhor experi\u00eancia de jogo multilingue. Descubra os nossos servi\u00e7os de tradu\u00e7\u00e3o de videogames e localiza\u00e7\u00e3o de videogames!","og_url":"https:\/\/culturesconnection.com\/pt-br\/servicos-de-traducao-e-localizacao-de-videogame\/","og_site_name":"Cultures Connection","article_publisher":"https:\/\/www.facebook.com\/CulturesConnection","article_modified_time":"2022-06-07T22:32:28+00:00","og_image":[{"width":1440,"height":570,"url":"https:\/\/culturesconnection.com\/wp-content\/uploads\/2015\/12\/background_traduction-localisation-jeux-video.jpg","type":"image\/jpeg"}],"twitter_card":"summary_large_image","twitter_site":"@CulturesCo_","twitter_misc":{"Est. tempo de leitura":"3 minutos"},"schema":{"@context":"https:\/\/schema.org","@graph":[{"@type":"WebPage","@id":"https:\/\/culturesconnection.com\/pt-br\/servicos-de-traducao-e-localizacao-de-videogame\/","url":"https:\/\/culturesconnection.com\/pt-br\/servicos-de-traducao-e-localizacao-de-videogame\/","name":"Servi\u00e7os de tradu\u00e7\u00e3o e localiza\u00e7\u00e3o de videogames","isPartOf":{"@id":"https:\/\/culturesconnection.com\/fr\/#website"},"primaryImageOfPage":{"@id":"https:\/\/culturesconnection.com\/pt-br\/servicos-de-traducao-e-localizacao-de-videogame\/#primaryimage"},"image":{"@id":"https:\/\/culturesconnection.com\/pt-br\/servicos-de-traducao-e-localizacao-de-videogame\/#primaryimage"},"thumbnailUrl":"https:\/\/culturesconnection.com\/wp-content\/uploads\/2015\/12\/background_traduction-localisation-jeux-video.jpg","datePublished":"2018-06-18T19:26:55+00:00","dateModified":"2022-06-07T22:32:28+00:00","description":"Cultures Connection oferece a melhor experi\u00eancia de jogo multilingue. Descubra os nossos servi\u00e7os de tradu\u00e7\u00e3o de videogames e localiza\u00e7\u00e3o de videogames!","breadcrumb":{"@id":"https:\/\/culturesconnection.com\/pt-br\/servicos-de-traducao-e-localizacao-de-videogame\/#breadcrumb"},"inLanguage":"pt-BR","potentialAction":[{"@type":"ReadAction","target":["https:\/\/culturesconnection.com\/pt-br\/servicos-de-traducao-e-localizacao-de-videogame\/"]}]},{"@type":"ImageObject","inLanguage":"pt-BR","@id":"https:\/\/culturesconnection.com\/pt-br\/servicos-de-traducao-e-localizacao-de-videogame\/#primaryimage","url":"https:\/\/culturesconnection.com\/wp-content\/uploads\/2015\/12\/background_traduction-localisation-jeux-video.jpg","contentUrl":"https:\/\/culturesconnection.com\/wp-content\/uploads\/2015\/12\/background_traduction-localisation-jeux-video.jpg","width":1440,"height":570},{"@type":"BreadcrumbList","@id":"https:\/\/culturesconnection.com\/pt-br\/servicos-de-traducao-e-localizacao-de-videogame\/#breadcrumb","itemListElement":[{"@type":"ListItem","position":1,"name":"Home","item":"https:\/\/culturesconnection.com\/pt-br\/"},{"@type":"ListItem","position":2,"name":"Nossos Servi\u00e7os de Tradu\u00e7\u00e3o e Localiza\u00e7\u00e3o de Videogame"}]},{"@type":"WebSite","@id":"https:\/\/culturesconnection.com\/fr\/#website","url":"https:\/\/culturesconnection.com\/fr\/","name":"Cultures Connection","description":"Cultures Connection is a translation agency dedicated to the success of its international clients.","publisher":{"@id":"https:\/\/culturesconnection.com\/fr\/#organization"},"potentialAction":[{"@type":"SearchAction","target":{"@type":"EntryPoint","urlTemplate":"https:\/\/culturesconnection.com\/fr\/?s={search_term_string}"},"query-input":{"@type":"PropertyValueSpecification","valueRequired":true,"valueName":"search_term_string"}}],"inLanguage":"pt-BR"},{"@type":"Organization","@id":"https:\/\/culturesconnection.com\/fr\/#organization","name":"Cultures Connection","url":"https:\/\/culturesconnection.com\/fr\/","logo":{"@type":"ImageObject","inLanguage":"pt-BR","@id":"https:\/\/culturesconnection.com\/fr\/#\/schema\/logo\/image\/","url":"https:\/\/culturesconnection.com\/wp-content\/uploads\/2022\/06\/cropped-favicon512x512.png","contentUrl":"https:\/\/culturesconnection.com\/wp-content\/uploads\/2022\/06\/cropped-favicon512x512.png","width":512,"height":512,"caption":"Cultures Connection"},"image":{"@id":"https:\/\/culturesconnection.com\/fr\/#\/schema\/logo\/image\/"},"sameAs":["https:\/\/www.facebook.com\/CulturesConnection","https:\/\/x.com\/CulturesCo_"]}]}},"_links":{"self":[{"href":"https:\/\/culturesconnection.com\/pt-br\/wp-json\/wp\/v2\/pages\/9762","targetHints":{"allow":["GET"]}}],"collection":[{"href":"https:\/\/culturesconnection.com\/pt-br\/wp-json\/wp\/v2\/pages"}],"about":[{"href":"https:\/\/culturesconnection.com\/pt-br\/wp-json\/wp\/v2\/types\/page"}],"author":[{"embeddable":true,"href":"https:\/\/culturesconnection.com\/pt-br\/wp-json\/wp\/v2\/users\/22"}],"replies":[{"embeddable":true,"href":"https:\/\/culturesconnection.com\/pt-br\/wp-json\/wp\/v2\/comments?post=9762"}],"version-history":[{"count":0,"href":"https:\/\/culturesconnection.com\/pt-br\/wp-json\/wp\/v2\/pages\/9762\/revisions"}],"wp:featuredmedia":[{"embeddable":true,"href":"https:\/\/culturesconnection.com\/pt-br\/wp-json\/wp\/v2\/media\/26039"}],"wp:attachment":[{"href":"https:\/\/culturesconnection.com\/pt-br\/wp-json\/wp\/v2\/media?parent=9762"}],"curies":[{"name":"wp","href":"https:\/\/api.w.org\/{rel}","templated":true}]}}