{"id":9760,"date":"2018-06-18T21:26:58","date_gmt":"2018-06-18T19:26:58","guid":{"rendered":"http:\/\/culturesconnection.com\/?page_id=9760"},"modified":"2022-06-02T23:19:28","modified_gmt":"2022-06-02T21:19:28","slug":"servicos-de-traducao-tecnica","status":"publish","type":"page","link":"https:\/\/culturesconnection.com\/pt-br\/servicos-de-traducao-tecnica\/","title":{"rendered":"Nossos servi\u00e7os de tradu\u00e7\u00e3o t\u00e9cnica"},"content":{"rendered":"\n<h2 class=\"wp-block-heading\">Tradu\u00e7\u00e3o t\u00e9cnica<\/h2>\n\n\n\n<p>Ao traduzir seus documentos t\u00e9cnicos, certifique-se de que seus clientes entendem como usar o seu produto. A presen\u00e7a da ci\u00eancia e da tecnologia \u00e9 tal&nbsp;nas sociedades atuais que a <strong>tradu\u00e7\u00e3o t\u00e9cnica tornou-se um elemento essencial<\/strong> \u00e0s empresas. A tradu\u00e7\u00e3o de documentos t\u00e9cnicos (guia do usu\u00e1rio, manual de instru\u00e7\u00f5es, manual do usu\u00e1rio, relat\u00f3rio, patente&#8230;) \u00e9 hoje uma quest\u00e3o crucial para as empresas, especialmente para aquelas que buscam conquistar participa\u00e7\u00e3o no mercado internacional. A dificuldade \u00e9 dupla para o tradutor: eles t\u00eam de traduzir com precis\u00e3o os termos t\u00e9cnicos, mas tamb\u00e9m adapt\u00e1-los \u00e0 cultura local.<\/p>\n\n\n\n<h2 class=\"wp-block-heading\">Nossa ag\u00eancia de tradu\u00e7\u00e3o t\u00e9cnica<\/h2>\n\n\n\n<p>Porque a qualidade \u00e9 sempre da mais alta prioridade, <a href=\"https:\/\/culturesconnection.com\/pt-br\/\">Cultures Connection<\/a> escolhe especialistas que combinam s\u00f3lidas habilidades em idiomas com conhecimento aprofundado em suas respectivas \u00e1reas de especializa\u00e7\u00e3o.<\/p>\n\n\n\n<p>Nosso <strong>tradutores t\u00e9cnicos<\/strong> s\u00e3o qualificados em uma ampla gama de disciplinas, incluindo engenharia, engenharia mec\u00e2nica, fabrica\u00e7\u00e3o industrial, ind\u00fastria de programas gr\u00e1ficos, ind\u00fastria automobil\u00edstica, aeron\u00e1utica, aeroespacial, qu\u00edmica, petrol\u00edfera, eletr\u00f4nica, inform\u00e1tica, sider\u00fargica, energias renov\u00e1veis, tecnologia solare e controles digitais avan\u00e7ados.<\/p>\n\n\n\n<p>A qualidade dos nossos <a href=\"https:\/\/culturesconnection.com\/pt-br\/servicos-de-traducao\/\">servi\u00e7os de tradu\u00e7\u00e3o<\/a> \u00e9 assegurada por uma <a href=\"https:\/\/culturesconnection.com\/pt-br\/tradutor-profissional\/\">sele\u00e7\u00e3o de tradutores<\/a> com base em suas qualifica\u00e7\u00f5es e experi\u00eancia profissional. Nossos linguistas sempre trabalham em sua l\u00edngua materna.<\/p>\n\n\n\n<h2 class=\"wp-block-heading\">Servi\u00e7os de tradu\u00e7\u00e3o t\u00e9cnica<\/h2>\n\n\n\n<p>Precis\u00e3o \u00e9 fundamental ao nosso trabalho, j\u00e1 que na tradu\u00e7\u00e3o t\u00e9cnica o menor erro pode ter consequ\u00eancias graves. O mundo da tecnologia se baseia em documentos t\u00e9cnicos claros e concisos. Mesmo assim, quantas vezes j\u00e1 lemos instru\u00e7\u00f5es t\u00e9cnicas para um aparelho dom\u00e9stico e n\u00e3o entendemos o que estava escrito? Ou pior ainda, encontramos erros de ortografia, mostrando o quanto o trabalho de tradu\u00e7\u00e3o foi mal produzido? A tradu\u00e7\u00e3o das instru\u00e7\u00f5es t\u00e9cnicas n\u00e3o pode ser improvisada!<\/p>\n\n\n\n<p>Finalmente, \u00e9 importante notar que <strong>tradu\u00e7\u00e3o t\u00e9cnica requer dupla compet\u00eancia<\/strong>: t\u00e9cnica e lingu\u00edstica. Por esta raz\u00e3o, e porque essas habilidades precisam ser constantemente atualizadas, este tipo de servi\u00e7o de tradu\u00e7\u00e3o tem geralmente um valor mais elevado que o de um texto menos complexo.<\/p>\n\n\n\n<h2 class=\"wp-block-heading\">Tradu\u00e7\u00e3o de documento t\u00e9cnico<\/h2>\n\n\n\n<p>A seguir est\u00e3o exemplos de documentos t\u00e9cnicos que frequentemente traduzimos:<\/p>\n\n\n\n<ul class=\"wp-block-list\"><li>Manuais de usu\u00e1rio, operador, instala\u00e7\u00e3o e manuten\u00e7\u00e3o<\/li><li>Fichas de dados materiais de seguran\u00e7a (MSDS)<\/li><li>Procedimentos operacionais padr\u00e3o (Pon)<\/li><li>Desenhos t\u00e9cnicos<\/li><li>Processos<\/li><li>Patentes<\/li><li>Textos de engenharia<\/li><li>Manuais para maquinaria (ou outros tipos de m\u00e1quinas)<\/li><li>Descri\u00e7\u00f5es e fichas de dados t\u00e9cnicas<\/li><li>Normas<\/li><li>Patentes<\/li><li>Especifica\u00e7\u00f5es<\/li><li>Cota\u00e7\u00f5es<\/li><li>Guias do usu\u00e1rio<\/li><li>Instru\u00e7\u00f5es t\u00e9cnicas<\/li><li>Livros de instru\u00e7\u00e3o<\/li><\/ul>\n\n\n\n<h2 class=\"wp-block-heading\">Nossas \u00faltimas tradu\u00e7\u00f5es t\u00e9cnicas<\/h2>\n\n\n\n<ul class=\"wp-block-list\"><li>Tradu\u00e7\u00e3o do franc\u00eas ao Ingl\u00eas, documento interno<\/li><li>Tradu\u00e7\u00e3o do franc\u00eas ao ingl\u00eas, manual de opera\u00e7\u00f5es de equipamentos aeron\u00e1uticos<\/li><li>Tradu\u00e7\u00e3o do franc\u00eas ao ingl\u00eas, manual t\u00e9cnico<\/li><\/ul>\n\n\n\n<h2 class=\"wp-block-heading\">Tradu\u00e7\u00e3o t\u00e9cnica em todos os idiomas<\/h2>\n\n\n\n<ul class=\"wp-block-list\"><li><a href=\"https:\/\/culturesconnection.com\/pt-br\/servicos-de-traducao-tecnica-em-frances\/\">Tradu\u00e7\u00e3o t\u00e9cnica em franc\u00eas<\/a><\/li><li><a href=\"https:\/\/culturesconnection.com\/pt-br\/servicos-de-traducao-tecnica-em-espanhol\/\">Tradu\u00e7\u00e3o t\u00e9cnica em espanhol<\/a><\/li><li><a href=\"https:\/\/culturesconnection.com\/pt-br\/servicos-de-traducao-tecnica-alema\/\">Tradu\u00e7\u00e3o t\u00e9cnica em alem\u00e3o<\/a><\/li><li><a href=\"https:\/\/culturesconnection.com\/pt-br\/servicos-de-traducao-tecnica-em-chines\/\">Tradu\u00e7\u00e3o t\u00e9cnica em chin\u00eas<\/a><\/li><li><a href=\"https:\/\/culturesconnection.com\/pt-br\/servicos-de-traducao-tecnica-arabe\/\">Tradu\u00e7\u00e3o t\u00e9cnica em \u00e1rabe<\/a><\/li><li><a href=\"https:\/\/culturesconnection.com\/pt-br\/servicos-de-traducao-tecnica-em-italiano\/\">Tradu\u00e7\u00e3o t\u00e9cnica em italiano<\/a><\/li><li><a href=\"https:\/\/culturesconnection.com\/pt-br\/servicos-de-traducao-tecnica-em-holandes\/\">Tradu\u00e7\u00e3o t\u00e9cnica em holand\u00eas<\/a><\/li><li><a href=\"https:\/\/culturesconnection.com\/pt-br\/servicos-de-traducao-tecnica-em-turco\/\">Tradu\u00e7\u00e3o t\u00e9cnica em turco<\/a><\/li><li><a href=\"https:\/\/culturesconnection.com\/pt-br\/servicos-de-traducao-tecnica-em-japones\/\">Tradu\u00e7\u00e3o t\u00e9cnica em japon\u00eas<\/a><\/li><li><a href=\"https:\/\/culturesconnection.com\/pt-br\/servicos-de-traducao-em-russo\/\">Tradu\u00e7\u00e3o t\u00e9cnica em russo<\/a><\/li><\/ul>\n","protected":false},"excerpt":{"rendered":"<p>Tradu\u00e7\u00e3o t\u00e9cnica Ao traduzir seus documentos t\u00e9cnicos, certifique-se de que seus clientes entendem como usar o seu produto. A presen\u00e7a da ci\u00eancia e da tecnologia [&#8230;]<\/p>\n<p><a class=\"btn btn-secondary understrap-read-more-link\" href=\"https:\/\/culturesconnection.com\/pt-br\/servicos-de-traducao-tecnica\/\">Leia mais&#8230;<span class=\"screen-reader-text\"> from Nossos servi\u00e7os de tradu\u00e7\u00e3o t\u00e9cnica<\/span><\/a><\/p>\n","protected":false},"author":22,"featured_media":14988,"parent":0,"menu_order":0,"comment_status":"closed","ping_status":"closed","template":"","meta":{"_acf_changed":false,"_editorskit_title_hidden":false,"_editorskit_reading_time":0,"_editorskit_is_block_options_detached":false,"_editorskit_block_options_position":"{}","footnotes":""},"class_list":["post-9760","page","type-page","status-publish","has-post-thumbnail","hentry"],"acf":[],"_links":{"self":[{"href":"https:\/\/culturesconnection.com\/pt-br\/wp-json\/wp\/v2\/pages\/9760","targetHints":{"allow":["GET"]}}],"collection":[{"href":"https:\/\/culturesconnection.com\/pt-br\/wp-json\/wp\/v2\/pages"}],"about":[{"href":"https:\/\/culturesconnection.com\/pt-br\/wp-json\/wp\/v2\/types\/page"}],"author":[{"embeddable":true,"href":"https:\/\/culturesconnection.com\/pt-br\/wp-json\/wp\/v2\/users\/22"}],"replies":[{"embeddable":true,"href":"https:\/\/culturesconnection.com\/pt-br\/wp-json\/wp\/v2\/comments?post=9760"}],"version-history":[{"count":0,"href":"https:\/\/culturesconnection.com\/pt-br\/wp-json\/wp\/v2\/pages\/9760\/revisions"}],"wp:featuredmedia":[{"embeddable":true,"href":"https:\/\/culturesconnection.com\/pt-br\/wp-json\/wp\/v2\/media\/14988"}],"wp:attachment":[{"href":"https:\/\/culturesconnection.com\/pt-br\/wp-json\/wp\/v2\/media?parent=9760"}],"curies":[{"name":"wp","href":"https:\/\/api.w.org\/{rel}","templated":true}]}}